{"id":73,"date":"2014-09-18T14:01:51","date_gmt":"2014-09-18T13:01:51","guid":{"rendered":"http:\/\/agora.xtec.cat\/escola-aloc-pineda\/?page_id=73"},"modified":"2026-05-03T12:46:30","modified_gmt":"2026-05-03T10:46:30","slug":"menjador-escolar","status":"publish","type":"page","link":"https:\/\/agora.xtec.cat\/escola-aloc-pineda\/serveis\/menjador-escolar\/","title":{"rendered":"Menjador escolar"},"content":{"rendered":"\n<figure class=\"wp-block-image aligncenter size-full is-resized is-style-default\"><a href=\"https:\/\/agora.xtec.cat\/escola-aloc-pineda\/wp-content\/uploads\/usu2125\/2026\/02\/MENJADOR-ESCOLAR.png\"><img loading=\"lazy\" decoding=\"async\" width=\"700\" height=\"500\" src=\"https:\/\/agora.xtec.cat\/escola-aloc-pineda\/wp-content\/uploads\/usu2125\/2026\/02\/MENJADOR-ESCOLAR.png\" alt=\"\" class=\"wp-image-795\" style=\"width:400px\" srcset=\"https:\/\/agora.xtec.cat\/escola-aloc-pineda\/wp-content\/uploads\/usu2125\/2026\/02\/MENJADOR-ESCOLAR.png 700w, https:\/\/agora.xtec.cat\/escola-aloc-pineda\/wp-content\/uploads\/usu2125\/2026\/02\/MENJADOR-ESCOLAR-300x214.png 300w\" sizes=\"auto, (max-width: 700px) 100vw, 700px\" \/><\/a><\/figure>\n\n\n<p>L&#8217;horari del servei de menjador \u00e9s de dilluns a divendres de 12:15 a 15:00h tant amb l&#8217;alumnat d&#8217;Ed. Infantil com amb el de Prim\u00e0ria. Hi ha tamb\u00e9 un servei d&#8217;acollida al mat\u00ed (abans de comen\u00e7ar l&#8217;escola) i al migdia (sense dinar).<\/p>\n<p>Quan un\/a alumne\/a es quedi al menjador algun dia de manera espor\u00e0dica, caldr\u00e0 que la fam\u00edlia, a m\u00e9s d&#8217;informar a la coordinadora de menjador, ho comuniqui per escrit a l&#8217;agenda (per al tutor\/a).<\/p>\n<p>Quan un alumne\/a no ha assistit a l&#8217;escola durant el mat\u00ed, no podr\u00e0 accedir al menjador si no porta un justificant de l&#8217;abs\u00e8ncia.<\/p>\n<p>Els men\u00fas de dieta ocasional (generalment astringent) s&#8217;han de sol\u00b7licitar abans de les 9:30 del mat\u00ed.<\/p>\n<p>La dieta especial durant tot el curs o durant un per\u00edode llarg de temps, aix\u00ed com pels nens al\u00b7l\u00e8rgics a algun aliment o per altres circumst\u00e0ncies, han d&#8217;estar avalats per un informe m\u00e8dic que ho justifiqui.<\/p>\n<p>Es podr\u00e0 administrar un medicament a l&#8217;hora de menjador sempre que es presenti la prescripci\u00f3 m\u00e8dica on consti nom i cognoms del nen\/a, dosi que ha de prendre i hora de la medicaci\u00f3. S&#8217;exclou l&#8217;\u00fas d&#8217;agulles hipod\u00e8rmiques, en aquests casos haur\u00e0 de venir el pare, mare o tutor legal per administrar la injecci\u00f3 corresponent.<\/p>\n<p>La coordinadora disposa d&#8217;un tel\u00e8fon: 652.691.651 per atendre les fam\u00edlies.\u00a0<\/p>\n<p><a href=\"https:\/\/drive.google.com\/file\/d\/1Rb2QsaaDmQJgzX3lCk1H4OKeUSbY0pjw\/view?usp=sharing\">MEN\u00da MAIG 2026<\/a><\/p>\n<p><a href=\"https:\/\/drive.google.com\/file\/d\/1J6yku1Uq2WYvCsUBBVJD7QrUyFG2G3IQ\/view?usp=sharing\">MEN\u00da ABRIL 2026<\/a><\/p>\n<p><a href=\"https:\/\/drive.google.com\/file\/d\/1K8G7VGipn0F-0mIe4qN78UIC8I8cE3Rj\/view?usp=sharing\">MEN\u00da MAR\u00c7 2026<\/a><\/p>\n<p><a href=\"https:\/\/drive.google.com\/file\/d\/14RuN8hUabfLrqFs_-IT4xqjXmEvL3H8g\/view?usp=drive_link\">MEN\u00da FEBRER 2026<\/a><\/p>\n<p><a href=\"https:\/\/drive.google.com\/file\/d\/1YpRrRd2OWfMio4QNo_wKAHQbB0i2ju3_\/view?usp=drive_link\">MEN\u00da GENER 2026<\/a><\/p>\n<p><a href=\"https:\/\/drive.google.com\/file\/d\/1jktGF0fDItLTt1klJwA-84WJya5lXM_N\/view?usp=drive_link\">MEN\u00da DESEMBRE 2025<\/a><\/p>\n<p><a href=\"https:\/\/drive.google.com\/file\/d\/1vEz40oMzAyj47BkQLu1A9OHW_X-d6i9L\/view?usp=sharing\">MEN\u00da NOVEMBRE 2025<\/a><\/p>\n<p><a href=\"https:\/\/drive.google.com\/file\/d\/1fwdmjaqL63z2nQJDX6kwAtM8fxcF0uX3\/view?usp=drive_link\">MEN\u00da OCTUBRE 2025<\/a><\/p>\n<p><a href=\"https:\/\/drive.google.com\/file\/d\/1cwBCzBP3KP2Uaicz9MLWVaAkgWZPr3Rm\/view?usp=drive_link\">MEN\u00da SETEMBRE 2025<\/a><\/p>","protected":false},"excerpt":{"rendered":"<p>L&#8217;horari del servei de menjador \u00e9s de dilluns a divendres de 12:15 a 15:00h tant amb l&#8217;alumnat d&#8217;Ed. Infantil com [&hellip;]<\/p>\n","protected":false},"author":1,"featured_media":0,"parent":66,"menu_order":30,"comment_status":"closed","ping_status":"closed","template":"","meta":{"_bbp_topic_count":0,"_bbp_reply_count":0,"_bbp_total_topic_count":0,"_bbp_total_reply_count":0,"_bbp_voice_count":0,"_bbp_anonymous_reply_count":0,"_bbp_topic_count_hidden":0,"_bbp_reply_count_hidden":0,"_bbp_forum_subforum_count":0,"site-sidebar-layout":"default","site-content-layout":"","ast-site-content-layout":"default","site-content-style":"default","site-sidebar-style":"default","ast-global-header-display":"","ast-banner-title-visibility":"","ast-main-header-display":"","ast-hfb-above-header-display":"","ast-hfb-below-header-display":"","ast-hfb-mobile-header-display":"","site-post-title":"","ast-breadcrumbs-content":"","ast-featured-img":"","footer-sml-layout":"","theme-transparent-header-meta":"","adv-header-id-meta":"","stick-header-meta":"","header-above-stick-meta":"","header-main-stick-meta":"","header-below-stick-meta":"","astra-migrate-meta-layouts":"set","ast-page-background-enabled":"default","ast-page-background-meta":{"desktop":{"background-color":"var(--ast-global-color-4)","background-image":"","background-repeat":"repeat","background-position":"center center","background-size":"auto","background-attachment":"scroll","background-type":"","background-media":"","overlay-type":"","overlay-color":"","overlay-opacity":"","overlay-gradient":""},"tablet":{"background-color":"","background-image":"","background-repeat":"repeat","background-position":"center center","background-size":"auto","background-attachment":"scroll","background-type":"","background-media":"","overlay-type":"","overlay-color":"","overlay-opacity":"","overlay-gradient":""},"mobile":{"background-color":"","background-image":"","background-repeat":"repeat","background-position":"center center","background-size":"auto","background-attachment":"scroll","background-type":"","background-media":"","overlay-type":"","overlay-color":"","overlay-opacity":"","overlay-gradient":""}},"ast-content-background-meta":{"desktop":{"background-color":"var(--ast-global-color-5)","background-image":"","background-repeat":"repeat","background-position":"center center","background-size":"auto","background-attachment":"scroll","background-type":"","background-media":"","overlay-type":"","overlay-color":"","overlay-opacity":"","overlay-gradient":""},"tablet":{"background-color":"var(--ast-global-color-5)","background-image":"","background-repeat":"repeat","background-position":"center center","background-size":"auto","background-attachment":"scroll","background-type":"","background-media":"","overlay-type":"","overlay-color":"","overlay-opacity":"","overlay-gradient":""},"mobile":{"background-color":"var(--ast-global-color-5)","background-image":"","background-repeat":"repeat","background-position":"center center","background-size":"auto","background-attachment":"scroll","background-type":"","background-media":"","overlay-type":"","overlay-color":"","overlay-opacity":"","overlay-gradient":""}},"footnotes":""},"class_list":["post-73","page","type-page","status-publish","hentry"],"post_mailing_queue_ids":[],"_links":{"self":[{"href":"https:\/\/agora.xtec.cat\/escola-aloc-pineda\/wp-json\/wp\/v2\/pages\/73","targetHints":{"allow":["GET"]}}],"collection":[{"href":"https:\/\/agora.xtec.cat\/escola-aloc-pineda\/wp-json\/wp\/v2\/pages"}],"about":[{"href":"https:\/\/agora.xtec.cat\/escola-aloc-pineda\/wp-json\/wp\/v2\/types\/page"}],"author":[{"embeddable":true,"href":"https:\/\/agora.xtec.cat\/escola-aloc-pineda\/wp-json\/wp\/v2\/users\/1"}],"replies":[{"embeddable":true,"href":"https:\/\/agora.xtec.cat\/escola-aloc-pineda\/wp-json\/wp\/v2\/comments?post=73"}],"version-history":[{"count":6,"href":"https:\/\/agora.xtec.cat\/escola-aloc-pineda\/wp-json\/wp\/v2\/pages\/73\/revisions"}],"predecessor-version":[{"id":971,"href":"https:\/\/agora.xtec.cat\/escola-aloc-pineda\/wp-json\/wp\/v2\/pages\/73\/revisions\/971"}],"up":[{"embeddable":true,"href":"https:\/\/agora.xtec.cat\/escola-aloc-pineda\/wp-json\/wp\/v2\/pages\/66"}],"wp:attachment":[{"href":"https:\/\/agora.xtec.cat\/escola-aloc-pineda\/wp-json\/wp\/v2\/media?parent=73"}],"curies":[{"name":"wp","href":"https:\/\/api.w.org\/{rel}","templated":true}]}}