{"id":606,"date":"2025-07-01T13:01:26","date_gmt":"2025-07-01T11:01:26","guid":{"rendered":"https:\/\/agora.xtec.cat\/escola-aloc-pineda\/?page_id=606"},"modified":"2025-07-01T13:01:26","modified_gmt":"2025-07-01T11:01:26","slug":"com-accedir-al-google-classroom","status":"publish","type":"page","link":"https:\/\/agora.xtec.cat\/escola-aloc-pineda\/com-accedir-al-google-classroom\/","title":{"rendered":"Com accedir al Google Classroom?"},"content":{"rendered":"\n<p>Els alumnes o els familiars heu d&#8217;entrar amb el vostre correu electr\u00f2nic de l&#8217;escola (xxxx.xxxx@escolaaloc.cat), clicar sobre el quadrat per veure les aplicacions i clicar sobre Google Classroom (veure imatge de sota).<\/p>\n\n\n\n<figure class=\"wp-block-image aligncenter size-large is-resized\"><a href=\"https:\/\/agora.xtec.cat\/escola-aloc-pineda\/wp-content\/uploads\/usu2125\/2025\/07\/1.png\"><img loading=\"lazy\" decoding=\"async\" width=\"1024\" height=\"468\" src=\"https:\/\/agora.xtec.cat\/escola-aloc-pineda\/wp-content\/uploads\/usu2125\/2025\/07\/1-1024x468.png\" alt=\"\" class=\"wp-image-607\" style=\"width:500px\" srcset=\"https:\/\/agora.xtec.cat\/escola-aloc-pineda\/wp-content\/uploads\/usu2125\/2025\/07\/1-1024x468.png 1024w, https:\/\/agora.xtec.cat\/escola-aloc-pineda\/wp-content\/uploads\/usu2125\/2025\/07\/1-300x137.png 300w, https:\/\/agora.xtec.cat\/escola-aloc-pineda\/wp-content\/uploads\/usu2125\/2025\/07\/1-768x351.png 768w, https:\/\/agora.xtec.cat\/escola-aloc-pineda\/wp-content\/uploads\/usu2125\/2025\/07\/1-1536x702.png 1536w, https:\/\/agora.xtec.cat\/escola-aloc-pineda\/wp-content\/uploads\/usu2125\/2025\/07\/1.png 1793w\" sizes=\"auto, (max-width: 1024px) 100vw, 1024px\" \/><\/a><\/figure>\n\n\n\n<p>El primer cop que obriu Classroom, se us obre aquesta finestra. Heu de clicar a &#8220;continua&#8221;.<\/p>\n\n\n\n<figure class=\"wp-block-image aligncenter size-large is-resized\"><a href=\"https:\/\/agora.xtec.cat\/escola-aloc-pineda\/wp-content\/uploads\/usu2125\/2025\/07\/2-2.png\"><img loading=\"lazy\" decoding=\"async\" width=\"1024\" height=\"810\" src=\"https:\/\/agora.xtec.cat\/escola-aloc-pineda\/wp-content\/uploads\/usu2125\/2025\/07\/2-2-1024x810.png\" alt=\"\" class=\"wp-image-610\" style=\"width:500px\" srcset=\"https:\/\/agora.xtec.cat\/escola-aloc-pineda\/wp-content\/uploads\/usu2125\/2025\/07\/2-2-1024x810.png 1024w, https:\/\/agora.xtec.cat\/escola-aloc-pineda\/wp-content\/uploads\/usu2125\/2025\/07\/2-2-300x237.png 300w, https:\/\/agora.xtec.cat\/escola-aloc-pineda\/wp-content\/uploads\/usu2125\/2025\/07\/2-2-768x607.png 768w, https:\/\/agora.xtec.cat\/escola-aloc-pineda\/wp-content\/uploads\/usu2125\/2025\/07\/2-2.png 1070w\" sizes=\"auto, (max-width: 1024px) 100vw, 1024px\" \/><\/a><\/figure>\n\n\n\n<p>Aquesta finestra nom\u00e9s se us obrir\u00e0 la primera vegada que entreu a l&#8217;aplicaci\u00f3. Cliqueu damunt de &#8220;Soc\u00a0<strong>alumne&#8221;<\/strong>.<\/p>\n\n\n\n<figure class=\"wp-block-image aligncenter size-large is-resized\"><a href=\"https:\/\/agora.xtec.cat\/escola-aloc-pineda\/wp-content\/uploads\/usu2125\/2025\/07\/3.png\"><img loading=\"lazy\" decoding=\"async\" width=\"1024\" height=\"802\" src=\"https:\/\/agora.xtec.cat\/escola-aloc-pineda\/wp-content\/uploads\/usu2125\/2025\/07\/3-1024x802.png\" alt=\"\" class=\"wp-image-611\" style=\"width:500px\" srcset=\"https:\/\/agora.xtec.cat\/escola-aloc-pineda\/wp-content\/uploads\/usu2125\/2025\/07\/3-1024x802.png 1024w, https:\/\/agora.xtec.cat\/escola-aloc-pineda\/wp-content\/uploads\/usu2125\/2025\/07\/3-300x235.png 300w, https:\/\/agora.xtec.cat\/escola-aloc-pineda\/wp-content\/uploads\/usu2125\/2025\/07\/3-768x601.png 768w, https:\/\/agora.xtec.cat\/escola-aloc-pineda\/wp-content\/uploads\/usu2125\/2025\/07\/3.png 1036w\" sizes=\"auto, (max-width: 1024px) 100vw, 1024px\" \/><\/a><\/figure>\n\n\n\n<p>En aquesta finestra veieu totes les classes a les quals participeu. Quan es tracta d&#8217;una classe nova podeu triar si entreu a la classe o la rebutgeu:<\/p>\n\n\n\n<figure class=\"wp-block-image aligncenter size-large is-resized\"><a href=\"https:\/\/agora.xtec.cat\/escola-aloc-pineda\/wp-content\/uploads\/usu2125\/2025\/07\/5.png\"><img loading=\"lazy\" decoding=\"async\" width=\"1024\" height=\"394\" src=\"https:\/\/agora.xtec.cat\/escola-aloc-pineda\/wp-content\/uploads\/usu2125\/2025\/07\/5-1024x394.png\" alt=\"\" class=\"wp-image-612\" style=\"width:500px\" srcset=\"https:\/\/agora.xtec.cat\/escola-aloc-pineda\/wp-content\/uploads\/usu2125\/2025\/07\/5-1024x394.png 1024w, https:\/\/agora.xtec.cat\/escola-aloc-pineda\/wp-content\/uploads\/usu2125\/2025\/07\/5-300x115.png 300w, https:\/\/agora.xtec.cat\/escola-aloc-pineda\/wp-content\/uploads\/usu2125\/2025\/07\/5-768x295.png 768w, https:\/\/agora.xtec.cat\/escola-aloc-pineda\/wp-content\/uploads\/usu2125\/2025\/07\/5-1536x591.png 1536w, https:\/\/agora.xtec.cat\/escola-aloc-pineda\/wp-content\/uploads\/usu2125\/2025\/07\/5.png 1883w\" sizes=\"auto, (max-width: 1024px) 100vw, 1024px\" \/><\/a><\/figure>\n\n\n\n<p>Clicant &#8220;Uneix-me&#8221; ja sou dins la classe!<\/p>\n\n\n\n<figure class=\"wp-block-image aligncenter size-large is-resized\"><a href=\"https:\/\/agora.xtec.cat\/escola-aloc-pineda\/wp-content\/uploads\/usu2125\/2025\/07\/6.png\"><img loading=\"lazy\" decoding=\"async\" width=\"1024\" height=\"469\" src=\"https:\/\/agora.xtec.cat\/escola-aloc-pineda\/wp-content\/uploads\/usu2125\/2025\/07\/6-1024x469.png\" alt=\"\" class=\"wp-image-613\" style=\"width:500px\" srcset=\"https:\/\/agora.xtec.cat\/escola-aloc-pineda\/wp-content\/uploads\/usu2125\/2025\/07\/6-1024x469.png 1024w, https:\/\/agora.xtec.cat\/escola-aloc-pineda\/wp-content\/uploads\/usu2125\/2025\/07\/6-300x137.png 300w, https:\/\/agora.xtec.cat\/escola-aloc-pineda\/wp-content\/uploads\/usu2125\/2025\/07\/6-768x352.png 768w, https:\/\/agora.xtec.cat\/escola-aloc-pineda\/wp-content\/uploads\/usu2125\/2025\/07\/6-1536x704.png 1536w, https:\/\/agora.xtec.cat\/escola-aloc-pineda\/wp-content\/uploads\/usu2125\/2025\/07\/6.png 1883w\" sizes=\"auto, (max-width: 1024px) 100vw, 1024px\" \/><\/a><\/figure>\n","protected":false},"excerpt":{"rendered":"<p>Els alumnes o els familiars heu d&#8217;entrar amb el vostre correu electr\u00f2nic de l&#8217;escola (xxxx.xxxx@escolaaloc.cat), clicar sobre el quadrat per [&hellip;]<\/p>\n","protected":false},"author":1,"featured_media":610,"parent":0,"menu_order":0,"comment_status":"closed","ping_status":"close","template":"","meta":{"_bbp_topic_count":0,"_bbp_reply_count":0,"_bbp_total_topic_count":0,"_bbp_total_reply_count":0,"_bbp_voice_count":0,"_bbp_anonymous_reply_count":0,"_bbp_topic_count_hidden":0,"_bbp_reply_count_hidden":0,"_bbp_forum_subforum_count":0,"site-sidebar-layout":"default","site-content-layout":"","ast-site-content-layout":"default","site-content-style":"default","site-sidebar-style":"default","ast-global-header-display":"","ast-banner-title-visibility":"","ast-main-header-display":"","ast-hfb-above-header-display":"","ast-hfb-below-header-display":"","ast-hfb-mobile-header-display":"","site-post-title":"","ast-breadcrumbs-content":"","ast-featured-img":"disabled","footer-sml-layout":"","theme-transparent-header-meta":"","adv-header-id-meta":"","stick-header-meta":"","header-above-stick-meta":"","header-main-stick-meta":"","header-below-stick-meta":"","astra-migrate-meta-layouts":"set","ast-page-background-enabled":"default","ast-page-background-meta":{"desktop":{"background-color":"var(--ast-global-color-4)","background-image":"","background-repeat":"repeat","background-position":"center center","background-size":"auto","background-attachment":"scroll","background-type":"","background-media":"","overlay-type":"","overlay-color":"","overlay-opacity":"","overlay-gradient":""},"tablet":{"background-color":"","background-image":"","background-repeat":"repeat","background-position":"center center","background-size":"auto","background-attachment":"scroll","background-type":"","background-media":"","overlay-type":"","overlay-color":"","overlay-opacity":"","overlay-gradient":""},"mobile":{"background-color":"","background-image":"","background-repeat":"repeat","background-position":"center center","background-size":"auto","background-attachment":"scroll","background-type":"","background-media":"","overlay-type":"","overlay-color":"","overlay-opacity":"","overlay-gradient":""}},"ast-content-background-meta":{"desktop":{"background-color":"var(--ast-global-color-5)","background-image":"","background-repeat":"repeat","background-position":"center center","background-size":"auto","background-attachment":"scroll","background-type":"","background-media":"","overlay-type":"","overlay-color":"","overlay-opacity":"","overlay-gradient":""},"tablet":{"background-color":"var(--ast-global-color-5)","background-image":"","background-repeat":"repeat","background-position":"center center","background-size":"auto","background-attachment":"scroll","background-type":"","background-media":"","overlay-type":"","overlay-color":"","overlay-opacity":"","overlay-gradient":""},"mobile":{"background-color":"var(--ast-global-color-5)","background-image":"","background-repeat":"repeat","background-position":"center center","background-size":"auto","background-attachment":"scroll","background-type":"","background-media":"","overlay-type":"","overlay-color":"","overlay-opacity":"","overlay-gradient":""}},"footnotes":""},"class_list":["post-606","page","type-page","status-publish","has-post-thumbnail","hentry"],"post_mailing_queue_ids":[],"_links":{"self":[{"href":"https:\/\/agora.xtec.cat\/escola-aloc-pineda\/wp-json\/wp\/v2\/pages\/606","targetHints":{"allow":["GET"]}}],"collection":[{"href":"https:\/\/agora.xtec.cat\/escola-aloc-pineda\/wp-json\/wp\/v2\/pages"}],"about":[{"href":"https:\/\/agora.xtec.cat\/escola-aloc-pineda\/wp-json\/wp\/v2\/types\/page"}],"author":[{"embeddable":true,"href":"https:\/\/agora.xtec.cat\/escola-aloc-pineda\/wp-json\/wp\/v2\/users\/1"}],"replies":[{"embeddable":true,"href":"https:\/\/agora.xtec.cat\/escola-aloc-pineda\/wp-json\/wp\/v2\/comments?post=606"}],"version-history":[{"count":3,"href":"https:\/\/agora.xtec.cat\/escola-aloc-pineda\/wp-json\/wp\/v2\/pages\/606\/revisions"}],"predecessor-version":[{"id":616,"href":"https:\/\/agora.xtec.cat\/escola-aloc-pineda\/wp-json\/wp\/v2\/pages\/606\/revisions\/616"}],"wp:featuredmedia":[{"embeddable":true,"href":"https:\/\/agora.xtec.cat\/escola-aloc-pineda\/wp-json\/wp\/v2\/media\/610"}],"wp:attachment":[{"href":"https:\/\/agora.xtec.cat\/escola-aloc-pineda\/wp-json\/wp\/v2\/media?parent=606"}],"curies":[{"name":"wp","href":"https:\/\/api.w.org\/{rel}","templated":true}]}}