{"id":36,"date":"2014-09-18T12:33:11","date_gmt":"2014-09-18T11:33:11","guid":{"rendered":"http:\/\/agora.xtec.cat\/escola-aloc-pineda\/?page_id=36"},"modified":"2026-02-17T13:16:58","modified_gmt":"2026-02-17T12:16:58","slug":"material-escolar","status":"publish","type":"page","link":"https:\/\/agora.xtec.cat\/escola-aloc-pineda\/lescola\/material-escolar\/","title":{"rendered":"Guia del curs"},"content":{"rendered":"<p align=\"justify\"><span style=\"font-family: Arial, sans-serif;\"><u><b>ACC\u00c9S AL CENTRE:<\/b><\/u><\/span><\/p>\n<p align=\"justify\"><span style=\"color: #000000;\"><span style=\"font-family: Arial, sans-serif;\">Els alumnes entraran i sortiran per les portes que estan situades als patis. Els pares i les mares no han d\u2019entrar al recinte escolar, a no ser que hagin estat convocats per algun mestre del centre o b\u00e9 per la direcci\u00f3, en tots els casos hauran <\/span><\/span><span style=\"color: #000000;\"><span style=\"font-family: Arial, sans-serif;\"><b>d\u2019esperar que els<\/b><\/span><\/span> <span style=\"color: #000000;\"><span style=\"font-family: Arial, sans-serif;\"><b>alumnes hagin entrat a les classes.<\/b><\/span><\/span><\/p>\n<p align=\"justify\"><span style=\"font-family: Arial, sans-serif;\">Les portes del centre s\u2019obriran a les hores d\u2019inici de les sessions del mat\u00ed i de la tarda, per tal que els\/les alumnes puguin accedir al recinte escolar i es tancaran fins a 5 minuts m\u00e9s tard. <\/span><span style=\"color: #000000;\"><span style=\"font-family: Arial, sans-serif;\">No s\u2019obrir\u00e0 la porta principal abans de les 9:00 hores als\/les nens\/es que arribin amb retard al mat\u00ed.<\/span><\/span><\/p>\n<p align=\"justify\"><span style=\"font-family: Arial, sans-serif;\">Per una bona organitzaci\u00f3 de l\u2019escola i en benefici de tots, us demanem <\/span><span style=\"font-family: Arial, sans-serif;\"><b>puntualitat<\/b><\/span><span style=\"font-family: Arial, sans-serif;\">, tant a les hores d\u2019entrar com a les de recollir els\/les alumnes.<\/span><\/p>\n<p align=\"justify\"><span style=\"font-family: Arial, sans-serif;\">Les entrades i les sortides dels\/les alumnes un cop iniciades les classes s\u2019hauran de justificar per escrit a consergeria. Quan els retards i\/o les abs\u00e8ncies no estiguin justificats\/des s\u2019iniciar\u00e0 el protocol del pla d\u2019absentisme de les escoles de Pineda.<\/span><\/p>\n<p align=\"justify\"><span style=\"font-family: Arial, sans-serif;\">Sempre que un alumne hagi de sortir en horari lectiu, amb un\/a acompanyant que no sigui pare, mare o tutor\/a legal \u00e9s imprescindible que pr\u00e8viament porti una comunicaci\u00f3 signada pels pares indicant el nom i el n\u00famero de DNI de la persona que passar\u00e0 a recollir el\/la nen\/a i se\u2019n far\u00e0 responsable.<\/span><\/p>\n<p align=\"justify\"><span style=\"font-family: Arial, sans-serif;\"><u><b>LLIURAMENT D\u2019INFORMES I ENTREVISTES<\/b><\/u><\/span><\/p>\n<p align=\"justify\"><span style=\"font-family: Arial, sans-serif;\">A <\/span><span style=\"font-family: Arial, sans-serif;\"><b>l\u2019Educaci\u00f3 Prim\u00e0ria<\/b><\/span><span style=\"font-family: Arial, sans-serif;\"> se\u2019n lliuraran quatre, <\/span><span style=\"font-family: Arial, sans-serif;\"><b>un a final de cada trimestre i l\u2019informe final. <\/b><\/span><span style=\"font-family: Arial, sans-serif;\">Les entrevistes seran presencial, per\u00f2 tamb\u00e9 hi haur\u00e0 l\u2019opci\u00f3 de fer-les telem\u00e0tiques o per tel\u00e8fon.<\/span><\/p>\n<p align=\"justify\"><span style=\"font-family: Arial, sans-serif;\"><u><b>MATERIAL ESCOLAR, RECURSOS DIGITALS I LLIBRES DE TEXT<\/b><\/u><\/span><\/p>\n<p align=\"justify\"><span style=\"font-family: Arial, sans-serif;\">Tot el material fungible, de compra col\u00b7lectiva, que utilitzen els alumnes (folis, llapis, pintures, tisores, fang, plastilina, papers de colors&#8230;), aix\u00ed com llibres de text, llibres de lectura, contes&#8230; es paga amb la \u00fanica quota anual per alumne que fan efectiva les fam\u00edlies en iniciar cada curs escolar. <\/span><\/p>\n<p align=\"justify\"><span style=\"font-family: Arial, sans-serif;\"><u><b>\u00daS DE L\u2019AGENDA<\/b><\/u><\/span><\/p>\n<p align=\"justify\"><span style=\"font-family: Arial, sans-serif;\">\u00c9s important que qualsevol incid\u00e8ncia o canvi referent a l\u2019alumne\/a es notifiqui per escrit al\/la tutor\/a. Aix\u00ed mateix els\/les tutors\/es comunicaran les incid\u00e8ncies als\/les pares\/mares.<\/span><\/p>\n<p align=\"justify\"><span style=\"font-family: Arial, sans-serif;\">Donada la import\u00e0ncia de l\u2019agenda, us aconsellem que tingueu en compte de <\/span><span style=\"font-family: Arial, sans-serif;\"><b>revisar-la di\u00e0riament.<\/b><\/span><\/p>\n<p align=\"justify\"><span style=\"font-family: Arial, sans-serif;\">Qualsevol canvi de tel\u00e8fon, domicili, situaci\u00f3 familiar&#8230; cal comunicar-lo a secretaria a trav\u00e9s de l\u2019agenda.<\/span><\/p>\n<p align=\"justify\"><span style=\"font-family: Arial, sans-serif;\"><u><b>ORDRE I HIGIENE PERSONAL<\/b><\/u><\/span><\/p>\n<p align=\"justify\"><span style=\"font-family: Arial, sans-serif;\">Els\/les nens\/es de l\u2019escola han de tenir cura del seu aspecte personal, anar nets i convenientment vestits.<\/span><\/p>\n<p align=\"justify\"><span style=\"color: #000000;\"><span style=\"font-family: Arial, sans-serif;\">Per a les classes de psicomotricitat i educaci\u00f3 f\u00edsica, \u00e9s imprescindible portar <\/span><\/span><span style=\"color: #000000;\"><span style=\"font-family: Arial, sans-serif;\"><b>la samarreta de l\u2019escola<\/b><\/span><\/span><span style=\"color: #000000;\"><span style=\"font-family: Arial, sans-serif;\">, xandall o pantalons d\u2019esport, cal\u00e7at esportiu i tot el necessari per fer l\u2019activitat. Cal que el cal\u00e7at sigui cordat amb velcro, sobretot el dels m\u00e9s petits.<\/span><\/span><\/p>\n<p align=\"justify\"><span style=\"font-family: Arial, sans-serif;\"><u><b>ESMORZARS I P\u00cdCNICS<\/b><\/u><\/span><\/p>\n<p align=\"justify\"><span style=\"font-family: Arial, sans-serif;\">L\u2019esmorzar principal l\u2019han de fer a casa. A l\u2019escola poden portar un petit esmorzar per menjar a mig mat\u00ed. Cal fer servir una carmanyola per posar l\u2019esmorzar evitant les bosses de pl\u00e0stic i el paper d\u2019alumini. <\/span><span style=\"color: #000000;\"><span style=\"font-family: Arial, sans-serif;\">Els dies de sortida s\u2019aconsella portar entrepans per dinar, no carmanyoles.<\/span><\/span><\/p>\n<p align=\"justify\"><span style=\"font-family: Arial, sans-serif;\">No podran portar: ampolles de vidre, sucs, l\u00e0ctics, llaunes, brioxeria industrial, llaminadures, etc.<\/span><\/p>\n<p align=\"justify\"><span style=\"color: #000000;\"><span style=\"font-family: Arial, sans-serif;\">Els <\/span><\/span><span style=\"color: #000000;\"><span style=\"font-family: Arial, sans-serif;\"><b>dimecres<\/b><\/span><\/span><span style=\"color: #000000;\"><span style=\"font-family: Arial, sans-serif;\"> hauran de portar <\/span><\/span><span style=\"color: #000000;\"><span style=\"font-family: Arial, sans-serif;\"><b>fruita <\/b><\/span><\/span><span style=\"color: #000000;\"><span style=\"font-family: Arial, sans-serif;\">per esmorzar.<\/span><\/span><\/p>\n<p align=\"justify\"><span style=\"font-family: Arial, sans-serif;\"><u><b>MEDICAMENTS<\/b><\/u><\/span><\/p>\n<p align=\"justify\"><span style=\"font-family: Arial, sans-serif;\">El professorat del centre <\/span><span style=\"font-family: Arial, sans-serif;\"><b>no administra medicaments<\/b><\/span><span style=\"font-family: Arial, sans-serif;\"> llevat dels casos de malaltia cr\u00f2nica i sota prescripci\u00f3 m\u00e8dica. En cas de diarrees, febre, polls&#8230; caldr\u00e0 que el\/la nen\/a es quedi a casa fins que s\u2019hagi solucionat del tot el problema.<\/span><\/p>\n<p align=\"justify\"><span style=\"font-family: Arial, sans-serif;\"><u><b>ACTIVITATS COMPLEMENT\u00c0RIES<\/b><\/u><\/span><\/p>\n<p align=\"justify\"><span style=\"color: #000000;\"><span style=\"font-family: Arial, sans-serif;\">Les sortides que es fan al llarg del curs, siguin excursions o b\u00e9 les sessions de teatre estan relacionades amb el <\/span><\/span><span style=\"color: #000000;\"><span style=\"font-family: Arial, sans-serif;\"><b>curr\u00edculum escolar<\/b><\/span><\/span><span style=\"color: #000000;\"><span style=\"font-family: Arial, sans-serif;\"> i per tant, \u00e9s molt aconsellable la participaci\u00f3 de tots\/es els\/les alumnes.<\/span><\/span><\/p>\n<p align=\"justify\"><span style=\"color: #000000;\"><span style=\"font-family: Arial, sans-serif;\">Per raons evidents les activitats han de ser aprofitades pel m\u00e0xim nombre d\u2019alumnes possible, no es podran realitzar sortides o excursions en les quals no <\/span><\/span><span style=\"color: #000000;\"><span style=\"font-family: Arial, sans-serif;\"><b>hi participi la majoria dels\/les nens\/es.<\/b><\/span><\/span><\/p>\n<p align=\"justify\"><span style=\"color: #000000;\"><span style=\"font-family: Arial, sans-serif;\">Totes les sortides o activitats realitzades fora de l\u2019escola requereixen necess\u00e0riament <\/span><\/span><span style=\"color: #000000;\"><span style=\"font-family: Arial, sans-serif;\"><b>l\u2019autoritzaci\u00f3 escrita dels\/les pares\/mares o tutors legals.<\/b><\/span><\/span><\/p>\n<p align=\"justify\"><span style=\"font-family: Arial, sans-serif;\">El\/la tutor\/a del seu grup t\u00e9 la potestat d\u2019excloure la participaci\u00f3 d\u2019algun alumne en les sortides que s\u2019organitzen, per creure amb raons motivades que la participaci\u00f3 de l\u2019alumne en l\u2019activitat pot repercutir negativament en el desenvolupament d\u2019aquesta o en el control necessari que ha d\u2019existir en les sortides sobre el grup.<\/span><\/p>\n<p align=\"justify\"><span style=\"font-family: Arial, sans-serif;\">Les excursions impliquen un canvi en l\u2019horari habitual del centre i poden tenir tamb\u00e9 hores de sortida o arribada anteriors o posteriors a l\u2019habitual.<\/span><\/p>\n<p align=\"justify\"><span style=\"color: #000000;\"><span style=\"font-family: Arial, sans-serif;\">Hi ha un termini de pagament per totes les activitats, <\/span><\/span><span style=\"color: #000000;\"><span style=\"font-family: Arial, sans-serif;\"><u><b>fora d\u2019aquest termini no s\u2019admetr\u00e0 cap pagament.<\/b><\/u><\/span><\/span><span style=\"color: #000000;\"><span style=\"font-family: Arial, sans-serif;\"><b> \u00c9s imprescindible la utilitzaci\u00f3 del TPV per a fer el pagament de les mateixes.<\/b><\/span><\/span><\/p>\n<p>El pagament del material escolar es fa a trav\u00e9s de l&#8217;aplicaci\u00f3 TPVescola amb bizum o targeta de cr\u00e8dit, a excepci\u00f3 de les fam\u00edlies que disposen de l&#8217;ajut de la &#8220;motxilla escolar&#8221; que tenen el material gratu\u00eft. Les fam\u00edlies que disposen d&#8217;alguna beca de material (de l&#8217;Ajuntament de Pineda) tindran a l&#8217;aplicaci\u00f3 TPVescola la part no becada que hauran d&#8217;abonar a inici de curs.<\/p>\n<p>Algunes fam\u00edlies tamb\u00e9 cedeixen el &#8220;Val escolar&#8221; al centre, tot i que els recomanem que l&#8217;utilitzin per a la compra de llibres o material per al seu \u00fas propi (motxilla, estoig, etc.)<\/p>\n","protected":false},"excerpt":{"rendered":"<p>ACC\u00c9S AL CENTRE: Els alumnes entraran i sortiran per les portes que estan situades als patis. Els pares i les [&hellip;]<\/p>\n","protected":false},"author":1,"featured_media":0,"parent":22,"menu_order":70,"comment_status":"closed","ping_status":"closed","template":"","meta":{"_bbp_topic_count":0,"_bbp_reply_count":0,"_bbp_total_topic_count":0,"_bbp_total_reply_count":0,"_bbp_voice_count":0,"_bbp_anonymous_reply_count":0,"_bbp_topic_count_hidden":0,"_bbp_reply_count_hidden":0,"_bbp_forum_subforum_count":0,"site-sidebar-layout":"default","site-content-layout":"","ast-site-content-layout":"default","site-content-style":"default","site-sidebar-style":"default","ast-global-header-display":"","ast-banner-title-visibility":"","ast-main-header-display":"","ast-hfb-above-header-display":"","ast-hfb-below-header-display":"","ast-hfb-mobile-header-display":"","site-post-title":"","ast-breadcrumbs-content":"","ast-featured-img":"","footer-sml-layout":"","theme-transparent-header-meta":"","adv-header-id-meta":"","stick-header-meta":"","header-above-stick-meta":"","header-main-stick-meta":"","header-below-stick-meta":"","astra-migrate-meta-layouts":"set","ast-page-background-enabled":"default","ast-page-background-meta":{"desktop":{"background-color":"var(--ast-global-color-4)","background-image":"","background-repeat":"repeat","background-position":"center center","background-size":"auto","background-attachment":"scroll","background-type":"","background-media":"","overlay-type":"","overlay-color":"","overlay-opacity":"","overlay-gradient":""},"tablet":{"background-color":"","background-image":"","background-repeat":"repeat","background-position":"center center","background-size":"auto","background-attachment":"scroll","background-type":"","background-media":"","overlay-type":"","overlay-color":"","overlay-opacity":"","overlay-gradient":""},"mobile":{"background-color":"","background-image":"","background-repeat":"repeat","background-position":"center center","background-size":"auto","background-attachment":"scroll","background-type":"","background-media":"","overlay-type":"","overlay-color":"","overlay-opacity":"","overlay-gradient":""}},"ast-content-background-meta":{"desktop":{"background-color":"var(--ast-global-color-5)","background-image":"","background-repeat":"repeat","background-position":"center center","background-size":"auto","background-attachment":"scroll","background-type":"","background-media":"","overlay-type":"","overlay-color":"","overlay-opacity":"","overlay-gradient":""},"tablet":{"background-color":"var(--ast-global-color-5)","background-image":"","background-repeat":"repeat","background-position":"center center","background-size":"auto","background-attachment":"scroll","background-type":"","background-media":"","overlay-type":"","overlay-color":"","overlay-opacity":"","overlay-gradient":""},"mobile":{"background-color":"var(--ast-global-color-5)","background-image":"","background-repeat":"repeat","background-position":"center center","background-size":"auto","background-attachment":"scroll","background-type":"","background-media":"","overlay-type":"","overlay-color":"","overlay-opacity":"","overlay-gradient":""}},"footnotes":""},"class_list":["post-36","page","type-page","status-publish","hentry"],"post_mailing_queue_ids":[],"_links":{"self":[{"href":"https:\/\/agora.xtec.cat\/escola-aloc-pineda\/wp-json\/wp\/v2\/pages\/36","targetHints":{"allow":["GET"]}}],"collection":[{"href":"https:\/\/agora.xtec.cat\/escola-aloc-pineda\/wp-json\/wp\/v2\/pages"}],"about":[{"href":"https:\/\/agora.xtec.cat\/escola-aloc-pineda\/wp-json\/wp\/v2\/types\/page"}],"author":[{"embeddable":true,"href":"https:\/\/agora.xtec.cat\/escola-aloc-pineda\/wp-json\/wp\/v2\/users\/1"}],"replies":[{"embeddable":true,"href":"https:\/\/agora.xtec.cat\/escola-aloc-pineda\/wp-json\/wp\/v2\/comments?post=36"}],"version-history":[{"count":2,"href":"https:\/\/agora.xtec.cat\/escola-aloc-pineda\/wp-json\/wp\/v2\/pages\/36\/revisions"}],"predecessor-version":[{"id":878,"href":"https:\/\/agora.xtec.cat\/escola-aloc-pineda\/wp-json\/wp\/v2\/pages\/36\/revisions\/878"}],"up":[{"embeddable":true,"href":"https:\/\/agora.xtec.cat\/escola-aloc-pineda\/wp-json\/wp\/v2\/pages\/22"}],"wp:attachment":[{"href":"https:\/\/agora.xtec.cat\/escola-aloc-pineda\/wp-json\/wp\/v2\/media?parent=36"}],"curies":[{"name":"wp","href":"https:\/\/api.w.org\/{rel}","templated":true}]}}