{"id":34,"date":"2014-09-18T12:32:18","date_gmt":"2014-09-18T11:32:18","guid":{"rendered":"http:\/\/agora.xtec.cat\/escola-aloc-pineda\/?page_id=34"},"modified":"2026-02-17T18:13:22","modified_gmt":"2026-02-17T17:13:22","slug":"oferta-educativa","status":"publish","type":"page","link":"https:\/\/agora.xtec.cat\/escola-aloc-pineda\/lescola\/oferta-educativa\/","title":{"rendered":"Equip hum\u00e0"},"content":{"rendered":"\n<figure class=\"wp-block-image aligncenter size-full is-resized is-style-rounded\"><a href=\"https:\/\/agora.xtec.cat\/escola-aloc-pineda\/wp-content\/uploads\/usu2125\/2026\/02\/ALOC.png\"><img loading=\"lazy\" decoding=\"async\" width=\"500\" height=\"500\" src=\"https:\/\/agora.xtec.cat\/escola-aloc-pineda\/wp-content\/uploads\/usu2125\/2026\/02\/ALOC.png\" alt=\"\" class=\"wp-image-789\" style=\"width:400px\" srcset=\"https:\/\/agora.xtec.cat\/escola-aloc-pineda\/wp-content\/uploads\/usu2125\/2026\/02\/ALOC.png 500w, https:\/\/agora.xtec.cat\/escola-aloc-pineda\/wp-content\/uploads\/usu2125\/2026\/02\/ALOC-300x300.png 300w, https:\/\/agora.xtec.cat\/escola-aloc-pineda\/wp-content\/uploads\/usu2125\/2026\/02\/ALOC-150x150.png 150w\" sizes=\"auto, (max-width: 500px) 100vw, 500px\" \/><\/a><\/figure>\n\n\n<p style=\"color: #444444;\">El nostre \u00e9s un centre de doble l\u00ednia que inclou les dues etapes d&#8217;educaci\u00f3 infantil i educaci\u00f3 prim\u00e0ria. Per tant, ofereix cursos a partir d&#8217;EI 3 fins a sis\u00e8 de prim\u00e0ria.<\/p>\n<p><b>TUTORIES INFANTIL:<\/b><\/p>\n<ul>\n<li style=\"font-weight: 400;\" aria-level=\"1\"><b>EI3A:\u00a0 <\/b><span style=\"font-weight: 400;\">Mireia Serra\/Sheila Oliva<\/span><\/li>\n<li style=\"font-weight: 400;\" aria-level=\"1\"><b>EI3B: <\/b><span style=\"font-weight: 400;\">\u00a0<\/span><span style=\"font-weight: 400;\">M. \u00c0ngels Espinosa<\/span><\/li>\n<li style=\"font-weight: 400;\" aria-level=\"1\"><b>EI4A: <\/b><span style=\"font-weight: 400;\">\u00a0Esther Mu\u00f1oz\/Francesc Montero<\/span><\/li>\n<li style=\"font-weight: 400;\" aria-level=\"1\"><b>EI4B<\/b><span style=\"font-weight: 400;\">:\u00a0 M\u00f2nica Herrera<\/span><\/li>\n<li aria-level=\"1\"><strong>EI5A<\/strong>:\u00a0 Eva M. Pulido<\/li>\n<li aria-level=\"1\"><strong>EI5B:\u00a0 <\/strong>M\u00edriam Villaret\/Anna Xaman\u00ed<\/li>\n<\/ul>\n<p><b>TUTORIES PRIM\u00c0RIA:<\/b><span style=\"font-weight: 400;\">\u00a0<\/span><\/p>\n<ul>\n<li>1r A:\u00a0 Mireia Castell\u00e0\/Marta Marlet<\/li>\n<li>1r B:\u00a0 Bel Bieto\/Nassera Taouil<\/li>\n<li>2n:\u00a0 Eva M. Salado<\/li>\n<li>3r A:\u00a0 Elisa Zamora<\/li>\n<li>3r B:\u00a0 To\u00f1i Zabaco<\/li>\n<li>4t A:\u00a0 Elena P\u00e9rez\/Paula Ma\u00f1as<\/li>\n<li>4t B:\u00a0 Sara Fust\u00e9<\/li>\n<li>5\u00e8 A:\u00a0 Dani S\u00e1nchez<\/li>\n<li>5\u00e8 B:\u00a0 Anna Manzanares\/ Pol Riera<\/li>\n<li>6\u00e8 A:\u00a0 Mar Capdevila\/Laia Llu\u00eds<\/li>\n<li>6\u00e8 B:\u00a0 S\u00edlvia Jord\u00e1n<\/li>\n<\/ul>\n<p><b>ESPECIALISTES<\/b><span style=\"font-weight: 400;\">:<\/span><\/p>\n<table>\n<tbody>\n<tr>\n<td>\n<ul>\n<li style=\"font-weight: 400;\" aria-level=\"1\"><b>Educaci\u00f3 F\u00edsica:<\/b><span style=\"font-weight: 400;\"> \u00c8rika Guti\u00e9rrez i Joan Robert Pag\u00e8s<\/span><\/li>\n<li style=\"font-weight: 400;\" aria-level=\"1\"><b>Llengua Anglesa:<\/b><span style=\"font-weight: 400;\"> Antoni Borrell,\u00a0 Gemma F\u00e0bregas i Eva Callejas<\/span><\/li>\n<li style=\"font-weight: 400;\" aria-level=\"1\"><b>Educaci\u00f3 Musical:<\/b><span style=\"font-weight: 400;\">\u00a0 Rodolfo Silva<\/span><\/li>\n<li style=\"font-weight: 400;\" aria-level=\"1\"><b>Educaci\u00f3 Especial:<\/b><span style=\"font-weight: 400;\"> M\u00f2nica Artigas\/Isabel L\u00f3pez i\u00a0 Griselda Abril<\/span><\/li>\n<li style=\"font-weight: 400;\" aria-level=\"1\"><b>Aula d\u2019Acollida:<\/b><span style=\"font-weight: 400;\"> C\u00e8lia Sierra, N\u00faria Manzanares i Flor Costa<\/span><\/li>\n<li style=\"font-weight: 400;\" aria-level=\"1\"><b>Suport:<\/b><span style=\"font-weight: 400;\"> Mariona Colomer, Laia Bofill i Equip directiu<\/span><\/li>\n<\/ul>\n<\/td>\n<\/tr>\n<\/tbody>\n<\/table>\n<p><b>EQUIP DIRECTIU<\/b><b>:<\/b><\/p>\n<ul>\n<li style=\"font-weight: 400;\" aria-level=\"1\"><b>Direcci\u00f3: <\/b><span style=\"font-weight: 400;\">\u00a0Neus Basart<\/span><\/li>\n<li style=\"font-weight: 400;\" aria-level=\"1\"><b>Cap d\u2019Estudis: <\/b><span style=\"font-weight: 400;\">Andr\u00e9s Barranco<\/span><\/li>\n<li style=\"font-weight: 400;\" aria-level=\"1\"><b>Secret\u00e0ria: <\/b><span style=\"font-weight: 400;\">Cristina Noguerol<\/span><\/li>\n<\/ul>\n<p><b>PERSONAL NO DOCENT:<\/b><\/p>\n<ul>\n<li style=\"font-weight: 400;\" aria-level=\"1\"><b>Administrativa:\u00a0 <\/b><span style=\"font-weight: 400;\">Lourdes Toro<\/span><\/li>\n<li style=\"font-weight: 400;\" aria-level=\"1\"><b>Conserge: <\/b><span style=\"font-weight: 400;\">\u00a0<\/span><span style=\"font-weight: 400;\">Marta<\/span><\/li>\n<li style=\"font-weight: 400;\" aria-level=\"1\"><b>T\u00e8cnica Educaci\u00f3 Infantil: <\/b><span style=\"font-weight: 400;\">\u00a0Aurora Pacheco<\/span><\/li>\n<li style=\"font-weight: 400;\" aria-level=\"1\"><b>T\u00e8cnica en Integraci\u00f3 Social<\/b><span style=\"font-weight: 400;\">: Sara S\u00e1nchez<\/span><\/li>\n<\/ul>\n<p><b>Vetlladora:<\/b><span style=\"font-weight: 400;\"> Anna Doncel i Eva Batista<\/span><\/p>\n\n\n<p><\/p>\n","protected":false},"excerpt":{"rendered":"<p>El nostre \u00e9s un centre de doble l\u00ednia que inclou les dues etapes d&#8217;educaci\u00f3 infantil i educaci\u00f3 prim\u00e0ria. Per tant, [&hellip;]<\/p>\n","protected":false},"author":1,"featured_media":0,"parent":22,"menu_order":60,"comment_status":"closed","ping_status":"closed","template":"","meta":{"_bbp_topic_count":0,"_bbp_reply_count":0,"_bbp_total_topic_count":0,"_bbp_total_reply_count":0,"_bbp_voice_count":0,"_bbp_anonymous_reply_count":0,"_bbp_topic_count_hidden":0,"_bbp_reply_count_hidden":0,"_bbp_forum_subforum_count":0,"site-sidebar-layout":"default","site-content-layout":"","ast-site-content-layout":"default","site-content-style":"default","site-sidebar-style":"default","ast-global-header-display":"","ast-banner-title-visibility":"","ast-main-header-display":"","ast-hfb-above-header-display":"","ast-hfb-below-header-display":"","ast-hfb-mobile-header-display":"","site-post-title":"","ast-breadcrumbs-content":"","ast-featured-img":"","footer-sml-layout":"","theme-transparent-header-meta":"","adv-header-id-meta":"","stick-header-meta":"","header-above-stick-meta":"","header-main-stick-meta":"","header-below-stick-meta":"","astra-migrate-meta-layouts":"set","ast-page-background-enabled":"default","ast-page-background-meta":{"desktop":{"background-color":"var(--ast-global-color-4)","background-image":"","background-repeat":"repeat","background-position":"center center","background-size":"auto","background-attachment":"scroll","background-type":"","background-media":"","overlay-type":"","overlay-color":"","overlay-opacity":"","overlay-gradient":""},"tablet":{"background-color":"","background-image":"","background-repeat":"repeat","background-position":"center center","background-size":"auto","background-attachment":"scroll","background-type":"","background-media":"","overlay-type":"","overlay-color":"","overlay-opacity":"","overlay-gradient":""},"mobile":{"background-color":"","background-image":"","background-repeat":"repeat","background-position":"center center","background-size":"auto","background-attachment":"scroll","background-type":"","background-media":"","overlay-type":"","overlay-color":"","overlay-opacity":"","overlay-gradient":""}},"ast-content-background-meta":{"desktop":{"background-color":"var(--ast-global-color-5)","background-image":"","background-repeat":"repeat","background-position":"center center","background-size":"auto","background-attachment":"scroll","background-type":"","background-media":"","overlay-type":"","overlay-color":"","overlay-opacity":"","overlay-gradient":""},"tablet":{"background-color":"var(--ast-global-color-5)","background-image":"","background-repeat":"repeat","background-position":"center center","background-size":"auto","background-attachment":"scroll","background-type":"","background-media":"","overlay-type":"","overlay-color":"","overlay-opacity":"","overlay-gradient":""},"mobile":{"background-color":"var(--ast-global-color-5)","background-image":"","background-repeat":"repeat","background-position":"center center","background-size":"auto","background-attachment":"scroll","background-type":"","background-media":"","overlay-type":"","overlay-color":"","overlay-opacity":"","overlay-gradient":""}},"footnotes":""},"class_list":["post-34","page","type-page","status-publish","hentry"],"post_mailing_queue_ids":[],"_links":{"self":[{"href":"https:\/\/agora.xtec.cat\/escola-aloc-pineda\/wp-json\/wp\/v2\/pages\/34","targetHints":{"allow":["GET"]}}],"collection":[{"href":"https:\/\/agora.xtec.cat\/escola-aloc-pineda\/wp-json\/wp\/v2\/pages"}],"about":[{"href":"https:\/\/agora.xtec.cat\/escola-aloc-pineda\/wp-json\/wp\/v2\/types\/page"}],"author":[{"embeddable":true,"href":"https:\/\/agora.xtec.cat\/escola-aloc-pineda\/wp-json\/wp\/v2\/users\/1"}],"replies":[{"embeddable":true,"href":"https:\/\/agora.xtec.cat\/escola-aloc-pineda\/wp-json\/wp\/v2\/comments?post=34"}],"version-history":[{"count":6,"href":"https:\/\/agora.xtec.cat\/escola-aloc-pineda\/wp-json\/wp\/v2\/pages\/34\/revisions"}],"predecessor-version":[{"id":888,"href":"https:\/\/agora.xtec.cat\/escola-aloc-pineda\/wp-json\/wp\/v2\/pages\/34\/revisions\/888"}],"up":[{"embeddable":true,"href":"https:\/\/agora.xtec.cat\/escola-aloc-pineda\/wp-json\/wp\/v2\/pages\/22"}],"wp:attachment":[{"href":"https:\/\/agora.xtec.cat\/escola-aloc-pineda\/wp-json\/wp\/v2\/media?parent=34"}],"curies":[{"name":"wp","href":"https:\/\/api.w.org\/{rel}","templated":true}]}}