{"id":26,"date":"2014-09-18T12:24:32","date_gmt":"2014-09-18T11:24:32","guid":{"rendered":"http:\/\/agora.xtec.cat\/escola-aloc-pineda\/?page_id=26"},"modified":"2026-02-09T12:08:32","modified_gmt":"2026-02-09T11:08:32","slug":"historia","status":"publish","type":"page","link":"https:\/\/agora.xtec.cat\/escola-aloc-pineda\/lescola\/historia\/","title":{"rendered":"Hist\u00f2ria"},"content":{"rendered":"\n<figure class=\"wp-block-image aligncenter size-large\"><a href=\"https:\/\/agora.xtec.cat\/escola-aloc-pineda\/wp-content\/uploads\/usu2125\/2026\/02\/Captura-de-pantalla-2026-02-09-120048.jpg\"><img loading=\"lazy\" decoding=\"async\" width=\"1024\" height=\"572\" src=\"https:\/\/agora.xtec.cat\/escola-aloc-pineda\/wp-content\/uploads\/usu2125\/2026\/02\/Captura-de-pantalla-2026-02-09-120048-1024x572.jpg\" alt=\"\" class=\"wp-image-842\" srcset=\"https:\/\/agora.xtec.cat\/escola-aloc-pineda\/wp-content\/uploads\/usu2125\/2026\/02\/Captura-de-pantalla-2026-02-09-120048-1024x572.jpg 1024w, https:\/\/agora.xtec.cat\/escola-aloc-pineda\/wp-content\/uploads\/usu2125\/2026\/02\/Captura-de-pantalla-2026-02-09-120048-300x168.jpg 300w, https:\/\/agora.xtec.cat\/escola-aloc-pineda\/wp-content\/uploads\/usu2125\/2026\/02\/Captura-de-pantalla-2026-02-09-120048-768x429.jpg 768w, https:\/\/agora.xtec.cat\/escola-aloc-pineda\/wp-content\/uploads\/usu2125\/2026\/02\/Captura-de-pantalla-2026-02-09-120048-1536x859.jpg 1536w, https:\/\/agora.xtec.cat\/escola-aloc-pineda\/wp-content\/uploads\/usu2125\/2026\/02\/Captura-de-pantalla-2026-02-09-120048.jpg 1542w\" sizes=\"auto, (max-width: 1024px) 100vw, 1024px\" \/><\/a><\/figure>\n\n\n<p><strong>L&#8217;escola Aloc<\/strong> \u00e9s un centre p\u00fablic de doble l\u00ednia, situat en un extrem de la poblaci\u00f3 de Pineda, molt vinculat al poble i molt integrat al barri.<\/p>\n<p><strong>Creaci\u00f3 de l&#8217;escola<\/strong><\/p>\n<p>L&#8217;escola Aloc \u00e9s una escola p\u00fablica de recent creaci\u00f3 que va comen\u00e7ar la seva tasca educativa el curs escolar 2002-2003 amb una \u00fanica aula de P3 i una plantilla formada per la directora i tutora del curs, que tamb\u00e9 va assumir altres funcions. L&#8217;any seg\u00fcent, \u00e9s a dir, el curs 2003-2004 el centre ja disposava d&#8217;una aula de P4 i dues de P3, mantenint-se la plantilla que hi havia incorporant dues noves mestres. Durant els tres cursos escolars seg\u00fcents, \u00e9s a dir, del 2004 al 2007, l&#8217;escola va completar el cicle d&#8217;infantil, amb dues aules per nivell, i va ampliar el cicle d&#8217;inicial amb dues aules de primer i una de segon. Durant tot aquest temps l&#8217;escola va estar situada en un edifici provisional (antiga llar d&#8217;infants del poble) que va necessitar ampliacions progressives a mesura que el nombre d&#8217;alumnes creixia. No va ser fins al curs escolar 2008-2009 en quan finalment es va poder inaugurar el nou equipament on actualment es troba situada l&#8217;escola.<\/p>\n<p><strong>La nostra proposta pedag\u00f2gica<\/strong><\/p>\n<p>La l\u00ednia pedag\u00f2gica del nostre centre fomenta els valors de la conviv\u00e8ncia, solidaritat i toler\u00e0ncia. Treballem d&#8217;una forma que permet a tots els\/les nens\/es aprendre en funci\u00f3 de les seves necessitats, interaccionant amb el m\u00f3n proper i donant-los les eines necess\u00e0ries per a desenvolupar-se de forma aut\u00f2noma a la societat canviant que els tocar\u00e0 viure.<\/p>\n<p>La nostra acci\u00f3 educativa compta amb la voluntat d&#8217;implicar a les fam\u00edlies en aquest proc\u00e9s i amb l&#8217;acompanyament d&#8217;un claustre professional que els servir\u00e0 de guia.<\/p>\n<p>En definitiva: Una educaci\u00f3 que permeti que l&#8217;alumne\/a desenvolupi capacitats per enfrontar-se als reptes del m\u00f3n actual.<\/p>\n\n\n<figure class=\"wp-block-image aligncenter size-full is-resized is-style-rounded\"><a href=\"https:\/\/agora.xtec.cat\/escola-aloc-pineda\/wp-content\/uploads\/usu2125\/2026\/01\/Captura-de-pantalla-2026-01-26-113949.jpg\"><img loading=\"lazy\" decoding=\"async\" width=\"724\" height=\"545\" src=\"https:\/\/agora.xtec.cat\/escola-aloc-pineda\/wp-content\/uploads\/usu2125\/2026\/01\/Captura-de-pantalla-2026-01-26-113949.jpg\" alt=\"\" class=\"wp-image-755\" style=\"width:400px\" srcset=\"https:\/\/agora.xtec.cat\/escola-aloc-pineda\/wp-content\/uploads\/usu2125\/2026\/01\/Captura-de-pantalla-2026-01-26-113949.jpg 724w, https:\/\/agora.xtec.cat\/escola-aloc-pineda\/wp-content\/uploads\/usu2125\/2026\/01\/Captura-de-pantalla-2026-01-26-113949-300x226.jpg 300w\" sizes=\"auto, (max-width: 724px) 100vw, 724px\" \/><\/a><\/figure>\n","protected":false},"excerpt":{"rendered":"<p>L&#8217;escola Aloc \u00e9s un centre p\u00fablic de doble l\u00ednia, situat en un extrem de la poblaci\u00f3 de Pineda, molt vinculat [&hellip;]<\/p>\n","protected":false},"author":1,"featured_media":0,"parent":22,"menu_order":20,"comment_status":"closed","ping_status":"closed","template":"","meta":{"_bbp_topic_count":0,"_bbp_reply_count":0,"_bbp_total_topic_count":0,"_bbp_total_reply_count":0,"_bbp_voice_count":0,"_bbp_anonymous_reply_count":0,"_bbp_topic_count_hidden":0,"_bbp_reply_count_hidden":0,"_bbp_forum_subforum_count":0,"site-sidebar-layout":"default","site-content-layout":"","ast-site-content-layout":"default","site-content-style":"default","site-sidebar-style":"default","ast-global-header-display":"","ast-banner-title-visibility":"","ast-main-header-display":"","ast-hfb-above-header-display":"","ast-hfb-below-header-display":"","ast-hfb-mobile-header-display":"","site-post-title":"","ast-breadcrumbs-content":"","ast-featured-img":"","footer-sml-layout":"","theme-transparent-header-meta":"","adv-header-id-meta":"","stick-header-meta":"","header-above-stick-meta":"","header-main-stick-meta":"","header-below-stick-meta":"","astra-migrate-meta-layouts":"set","ast-page-background-enabled":"default","ast-page-background-meta":{"desktop":{"background-color":"var(--ast-global-color-4)","background-image":"","background-repeat":"repeat","background-position":"center center","background-size":"auto","background-attachment":"scroll","background-type":"","background-media":"","overlay-type":"","overlay-color":"","overlay-opacity":"","overlay-gradient":""},"tablet":{"background-color":"","background-image":"","background-repeat":"repeat","background-position":"center center","background-size":"auto","background-attachment":"scroll","background-type":"","background-media":"","overlay-type":"","overlay-color":"","overlay-opacity":"","overlay-gradient":""},"mobile":{"background-color":"","background-image":"","background-repeat":"repeat","background-position":"center center","background-size":"auto","background-attachment":"scroll","background-type":"","background-media":"","overlay-type":"","overlay-color":"","overlay-opacity":"","overlay-gradient":""}},"ast-content-background-meta":{"desktop":{"background-color":"var(--ast-global-color-5)","background-image":"","background-repeat":"repeat","background-position":"center center","background-size":"auto","background-attachment":"scroll","background-type":"","background-media":"","overlay-type":"","overlay-color":"","overlay-opacity":"","overlay-gradient":""},"tablet":{"background-color":"var(--ast-global-color-5)","background-image":"","background-repeat":"repeat","background-position":"center center","background-size":"auto","background-attachment":"scroll","background-type":"","background-media":"","overlay-type":"","overlay-color":"","overlay-opacity":"","overlay-gradient":""},"mobile":{"background-color":"var(--ast-global-color-5)","background-image":"","background-repeat":"repeat","background-position":"center center","background-size":"auto","background-attachment":"scroll","background-type":"","background-media":"","overlay-type":"","overlay-color":"","overlay-opacity":"","overlay-gradient":""}},"footnotes":""},"class_list":["post-26","page","type-page","status-publish","hentry"],"post_mailing_queue_ids":[],"_links":{"self":[{"href":"https:\/\/agora.xtec.cat\/escola-aloc-pineda\/wp-json\/wp\/v2\/pages\/26","targetHints":{"allow":["GET"]}}],"collection":[{"href":"https:\/\/agora.xtec.cat\/escola-aloc-pineda\/wp-json\/wp\/v2\/pages"}],"about":[{"href":"https:\/\/agora.xtec.cat\/escola-aloc-pineda\/wp-json\/wp\/v2\/types\/page"}],"author":[{"embeddable":true,"href":"https:\/\/agora.xtec.cat\/escola-aloc-pineda\/wp-json\/wp\/v2\/users\/1"}],"replies":[{"embeddable":true,"href":"https:\/\/agora.xtec.cat\/escola-aloc-pineda\/wp-json\/wp\/v2\/comments?post=26"}],"version-history":[{"count":5,"href":"https:\/\/agora.xtec.cat\/escola-aloc-pineda\/wp-json\/wp\/v2\/pages\/26\/revisions"}],"predecessor-version":[{"id":846,"href":"https:\/\/agora.xtec.cat\/escola-aloc-pineda\/wp-json\/wp\/v2\/pages\/26\/revisions\/846"}],"up":[{"embeddable":true,"href":"https:\/\/agora.xtec.cat\/escola-aloc-pineda\/wp-json\/wp\/v2\/pages\/22"}],"wp:attachment":[{"href":"https:\/\/agora.xtec.cat\/escola-aloc-pineda\/wp-json\/wp\/v2\/media?parent=26"}],"curies":[{"name":"wp","href":"https:\/\/api.w.org\/{rel}","templated":true}]}}