{"id":22,"date":"2014-09-18T12:19:57","date_gmt":"2014-09-18T11:19:57","guid":{"rendered":"http:\/\/agora.xtec.cat\/escola-aloc-pineda\/?page_id=22"},"modified":"2026-02-13T12:13:18","modified_gmt":"2026-02-13T11:13:18","slug":"lescola","status":"publish","type":"page","link":"https:\/\/agora.xtec.cat\/escola-aloc-pineda\/lescola\/","title":{"rendered":"L&#8217;escola"},"content":{"rendered":"<p><a href=\"https:\/\/agora.xtec.cat\/escola-aloc-pineda\/wp-content\/uploads\/usu2125\/2020\/03\/Logo1-1.jpg\"><img loading=\"lazy\" decoding=\"async\" class=\"wp-image-480 aligncenter\" src=\"https:\/\/agora.xtec.cat\/escola-aloc-pineda\/wp-content\/uploads\/usu2125\/2020\/03\/Logo1-1.jpg\" alt=\"\" width=\"271\" height=\"242\" srcset=\"https:\/\/agora.xtec.cat\/escola-aloc-pineda\/wp-content\/uploads\/usu2125\/2020\/03\/Logo1-1.jpg 379w, https:\/\/agora.xtec.cat\/escola-aloc-pineda\/wp-content\/uploads\/usu2125\/2020\/03\/Logo1-1-300x268.jpg 300w\" sizes=\"auto, (max-width: 271px) 100vw, 271px\" \/><\/a><\/p>\n<p><strong>L&#8217;escola Aloc<\/strong> \u00e9s un centre p\u00fablic de doble l\u00ednia, situat en un extrem de la poblaci\u00f3 de Pineda, molt vinculat al poble i molt integrat al barri.<\/p>\n<p><strong>Horari dels alumnes<\/strong><br \/>\n<span style=\"color: #0000ff;\">Educaci\u00f3 Infantil i Prim\u00e0ria:<\/span> 8:45 a 12:15 i de 15:00 a 16:30<br \/>\n<span style=\"color: #0000ff;\">Jornada intensiva<\/span>: 8:45 a 12:45 (20 de desembre i del 8 al 19 de juny)<br \/>\n<strong>Horari d\u2019atenci\u00f3 pares i mares<\/strong><\/p>\n<p><a href=\"https:\/\/agora.xtec.cat\/escola-aloc-pineda\/wp-content\/uploads\/usu2125\/2020\/03\/horari-pares.jpg\"><img loading=\"lazy\" decoding=\"async\" class=\"alignnone size-large wp-image-495\" src=\"https:\/\/agora.xtec.cat\/escola-aloc-pineda\/wp-content\/uploads\/usu2125\/2020\/03\/horari-pares-1024x190.jpg\" alt=\"\" width=\"1024\" height=\"190\" srcset=\"https:\/\/agora.xtec.cat\/escola-aloc-pineda\/wp-content\/uploads\/usu2125\/2020\/03\/horari-pares-1024x190.jpg 1024w, https:\/\/agora.xtec.cat\/escola-aloc-pineda\/wp-content\/uploads\/usu2125\/2020\/03\/horari-pares-300x56.jpg 300w, https:\/\/agora.xtec.cat\/escola-aloc-pineda\/wp-content\/uploads\/usu2125\/2020\/03\/horari-pares-768x143.jpg 768w, https:\/\/agora.xtec.cat\/escola-aloc-pineda\/wp-content\/uploads\/usu2125\/2020\/03\/horari-pares.jpg 1414w\" sizes=\"auto, (max-width: 1024px) 100vw, 1024px\" \/><\/a><\/p>\n<p><strong>El codi de centre<\/strong> \u00e9s 08053421<br \/>\n<strong>L\u2019adre\u00e7a<\/strong> \u00e9s C\/St. Jordi, 36 de Pineda de Mar. C.P. 08397<br \/>\n<strong>Telf:<\/strong> 937621480<br \/>\n<strong>mail:<\/strong> a8053421@xtec.cat<br \/>\n<strong>Facebook:<\/strong> Escola Aloc-Pineda de Mar<\/p>\n","protected":false},"excerpt":{"rendered":"<p>L&#8217;escola Aloc \u00e9s un centre p\u00fablic de doble l\u00ednia, situat en un extrem de la poblaci\u00f3 de Pineda, molt vinculat [&hellip;]<\/p>\n","protected":false},"author":1,"featured_media":0,"parent":0,"menu_order":0,"comment_status":"closed","ping_status":"closed","template":"","meta":{"_bbp_topic_count":0,"_bbp_reply_count":0,"_bbp_total_topic_count":0,"_bbp_total_reply_count":0,"_bbp_voice_count":0,"_bbp_anonymous_reply_count":0,"_bbp_topic_count_hidden":0,"_bbp_reply_count_hidden":0,"_bbp_forum_subforum_count":0,"site-sidebar-layout":"default","site-content-layout":"","ast-site-content-layout":"default","site-content-style":"default","site-sidebar-style":"default","ast-global-header-display":"","ast-banner-title-visibility":"","ast-main-header-display":"","ast-hfb-above-header-display":"","ast-hfb-below-header-display":"","ast-hfb-mobile-header-display":"","site-post-title":"","ast-breadcrumbs-content":"","ast-featured-img":"","footer-sml-layout":"","theme-transparent-header-meta":"","adv-header-id-meta":"","stick-header-meta":"","header-above-stick-meta":"","header-main-stick-meta":"","header-below-stick-meta":"","astra-migrate-meta-layouts":"set","ast-page-background-enabled":"default","ast-page-background-meta":{"desktop":{"background-color":"var(--ast-global-color-4)","background-image":"","background-repeat":"repeat","background-position":"center center","background-size":"auto","background-attachment":"scroll","background-type":"","background-media":"","overlay-type":"","overlay-color":"","overlay-opacity":"","overlay-gradient":""},"tablet":{"background-color":"","background-image":"","background-repeat":"repeat","background-position":"center center","background-size":"auto","background-attachment":"scroll","background-type":"","background-media":"","overlay-type":"","overlay-color":"","overlay-opacity":"","overlay-gradient":""},"mobile":{"background-color":"","background-image":"","background-repeat":"repeat","background-position":"center center","background-size":"auto","background-attachment":"scroll","background-type":"","background-media":"","overlay-type":"","overlay-color":"","overlay-opacity":"","overlay-gradient":""}},"ast-content-background-meta":{"desktop":{"background-color":"var(--ast-global-color-5)","background-image":"","background-repeat":"repeat","background-position":"center center","background-size":"auto","background-attachment":"scroll","background-type":"","background-media":"","overlay-type":"","overlay-color":"","overlay-opacity":"","overlay-gradient":""},"tablet":{"background-color":"var(--ast-global-color-5)","background-image":"","background-repeat":"repeat","background-position":"center center","background-size":"auto","background-attachment":"scroll","background-type":"","background-media":"","overlay-type":"","overlay-color":"","overlay-opacity":"","overlay-gradient":""},"mobile":{"background-color":"var(--ast-global-color-5)","background-image":"","background-repeat":"repeat","background-position":"center center","background-size":"auto","background-attachment":"scroll","background-type":"","background-media":"","overlay-type":"","overlay-color":"","overlay-opacity":"","overlay-gradient":""}},"footnotes":""},"class_list":["post-22","page","type-page","status-publish","hentry"],"post_mailing_queue_ids":[],"_links":{"self":[{"href":"https:\/\/agora.xtec.cat\/escola-aloc-pineda\/wp-json\/wp\/v2\/pages\/22","targetHints":{"allow":["GET"]}}],"collection":[{"href":"https:\/\/agora.xtec.cat\/escola-aloc-pineda\/wp-json\/wp\/v2\/pages"}],"about":[{"href":"https:\/\/agora.xtec.cat\/escola-aloc-pineda\/wp-json\/wp\/v2\/types\/page"}],"author":[{"embeddable":true,"href":"https:\/\/agora.xtec.cat\/escola-aloc-pineda\/wp-json\/wp\/v2\/users\/1"}],"replies":[{"embeddable":true,"href":"https:\/\/agora.xtec.cat\/escola-aloc-pineda\/wp-json\/wp\/v2\/comments?post=22"}],"version-history":[{"count":5,"href":"https:\/\/agora.xtec.cat\/escola-aloc-pineda\/wp-json\/wp\/v2\/pages\/22\/revisions"}],"predecessor-version":[{"id":861,"href":"https:\/\/agora.xtec.cat\/escola-aloc-pineda\/wp-json\/wp\/v2\/pages\/22\/revisions\/861"}],"wp:attachment":[{"href":"https:\/\/agora.xtec.cat\/escola-aloc-pineda\/wp-json\/wp\/v2\/media?parent=22"}],"curies":[{"name":"wp","href":"https:\/\/api.w.org\/{rel}","templated":true}]}}