{"id":8850,"date":"2024-03-14T12:28:29","date_gmt":"2024-03-14T11:28:29","guid":{"rendered":"https:\/\/agora.xtec.cat\/escola-alcoletge\/?page_id=8850"},"modified":"2026-01-13T13:58:21","modified_gmt":"2026-01-13T12:58:21","slug":"noticies-digitals","status":"publish","type":"page","link":"https:\/\/agora.xtec.cat\/escola-alcoletge\/noticies-digitals\/","title":{"rendered":"Not\u00edcies Digitals"},"content":{"rendered":"<p>En aquest espai hi trobareu diferents eines com articles, not\u00edcies, informaci\u00f3 interessant&#8230; relacionada amb la tecnologia que envolta la nostra societat i en concret els nostres fills i filles.<\/p>\n<p><a href=\"https:\/\/agora.xtec.cat\/escola-alcoletge\/portada\/brossa-digital-el-nostre-correu-electronic-contamina\/\">GENER 2026<\/a><\/p>\n<p><a href=\"https:\/\/agora.xtec.cat\/escola-alcoletge\/portada\/com-afecta-la-llum-blava-al-nostre-bioritme\/\">DESEMBRE 2025<\/a><\/p>\n<p><a style=\"color: #2795b6;\" href=\"https:\/\/agora.xtec.cat\/escola-alcoletge\/portada\/abusen-els-infants-de-les-pantalles\/\">NOVEMBRE 2025<\/a><\/p>\n<p><a href=\"https:\/\/agora.xtec.cat\/escola-alcoletge\/noticies-digitals\/prohibir-i-educar\/\">OCTUBRE 2025<\/a><\/p>\n","protected":false},"excerpt":{"rendered":"<p>En aquest espai hi trobareu diferents eines com articles, not\u00edcies, informaci\u00f3 interessant&#8230; relacionada amb la tecnologia que envolta la nostra societat i en concret els nostres fills i filles.<br \/>\n<a href=\"https:\/\/agora.xtec.cat\/escola-alcoletge\/portada\/brossa-digital-el-nostre-correu-electronic-contamina\/\">GENER 2026<\/a><br \/>\n<a href=\"https:\/\/agora.xtec.cat\/escola-alcoletge\/portada\/com-afecta-la-llum-blava-al-nostre-bioritme\/\">DESEMBRE 2025<\/a><br \/>\n<a style=\"color: #2795b6;\" href=\"https:\/\/agora.xtec.cat\/escola-alcoletge\/portada\/abusen-els-infants-de-les-pantalles\/\">NOVEMBRE 2025<\/a><br \/>\n<a href=\"https:\/\/agora.xtec.cat\/escola-alcoletge\/noticies-digitals\/prohibir-i-educar\/\">OCTUBRE 2025<\/a><\/p>\n","protected":false},"author":1,"featured_media":0,"parent":0,"menu_order":0,"comment_status":"closed","ping_status":"closed","template":"","meta":{"_bbp_topic_count":0,"_bbp_reply_count":0,"_bbp_total_topic_count":0,"_bbp_total_reply_count":0,"_bbp_voice_count":0,"_bbp_anonymous_reply_count":0,"_bbp_topic_count_hidden":0,"_bbp_reply_count_hidden":0,"_bbp_forum_subforum_count":0,"footnotes":""},"class_list":["post-8850","page","type-page","status-publish","hentry"],"post_mailing_queue_ids":[],"_links":{"self":[{"href":"https:\/\/agora.xtec.cat\/escola-alcoletge\/wp-json\/wp\/v2\/pages\/8850","targetHints":{"allow":["GET"]}}],"collection":[{"href":"https:\/\/agora.xtec.cat\/escola-alcoletge\/wp-json\/wp\/v2\/pages"}],"about":[{"href":"https:\/\/agora.xtec.cat\/escola-alcoletge\/wp-json\/wp\/v2\/types\/page"}],"author":[{"embeddable":true,"href":"https:\/\/agora.xtec.cat\/escola-alcoletge\/wp-json\/wp\/v2\/users\/1"}],"replies":[{"embeddable":true,"href":"https:\/\/agora.xtec.cat\/escola-alcoletge\/wp-json\/wp\/v2\/comments?post=8850"}],"version-history":[{"count":7,"href":"https:\/\/agora.xtec.cat\/escola-alcoletge\/wp-json\/wp\/v2\/pages\/8850\/revisions"}],"predecessor-version":[{"id":11013,"href":"https:\/\/agora.xtec.cat\/escola-alcoletge\/wp-json\/wp\/v2\/pages\/8850\/revisions\/11013"}],"wp:attachment":[{"href":"https:\/\/agora.xtec.cat\/escola-alcoletge\/wp-json\/wp\/v2\/media?parent=8850"}],"curies":[{"name":"wp","href":"https:\/\/api.w.org\/{rel}","templated":true}]}}