{"id":3420,"date":"2020-03-20T14:57:34","date_gmt":"2020-03-20T13:57:34","guid":{"rendered":"http:\/\/agora.xtec.cat\/escola-alcoletge\/?page_id=3420"},"modified":"2020-03-21T10:45:25","modified_gmt":"2020-03-21T09:45:25","slug":"educacio-infantil-i-cicle-inicial","status":"publish","type":"page","link":"https:\/\/agora.xtec.cat\/escola-alcoletge\/educacio-infantil-i-cicle-inicial\/","title":{"rendered":"Educaci\u00f3 infantil i Cicle Inicial"},"content":{"rendered":"<p>En primer lloc, informar que a la <strong><a href=\"https:\/\/agora.xtec.cat\/escola-alcoletge\/\">web de l&#8217;escola<\/a> <\/strong>anirem penjant activitats i articles que creiem que us poden interessar, aix\u00ed que us animem a que la consulteu peri\u00f2dicament.<\/p>\n<p>En segon lloc, aqu\u00ed teniu una proposta <a href=\"https:\/\/agora.xtec.cat\/escola-alcoletge\/portada\/horari-per-a-dies-de-confinament\/\"><strong>d\u2019HORARI<\/strong><\/a> que v\u00e0rem publicar fa uns dies al web. Recordeu que \u00e9s important crear rutines i diferenciar les activitats del cap de setmana. Cal compaginar temps de joc aut\u00f2nom (l\u2019infant decideix qu\u00e8 vol fer i com), amb temps i activitats compartides amb l\u2019adult.<\/p>\n<p>Per al <strong>temps de joc aut\u00f2nom<\/strong> \u00e9s suficient amb posar a l\u2019abast de l\u2019infant materials diversos: materials per fer construccions, objectes o robes que\u00a0serveixin per disfressar-se, materials inespec\u00edfics (bastons, peces de fusta,\u00a0envasos\u2026), titelles, ninos, cuinetes, contes, fulls, estris d\u2019escriptura\u2026<\/p>\n<p>Pel que fa a les <strong>activitats compartides<\/strong> amb l\u2019adult podem fer diferents propostes:<\/p>\n<h3><strong><span style=\"color: #ff6600;\">ACTIVITATS DE COMUNICACI\u00d3 I LLENGUATGES<\/span><\/strong><\/h3>\n<ul>\n<li>Mirar la p\u00e0gina web de l\u2019escola i fer algun comentari<\/li>\n<li><strong>Buscar lletres<\/strong> en contes, revistes, llibres, programes de m\u00e0, cartells,\u2026<\/li>\n<li><strong>Llegir<\/strong> cada dia una estona, demaneu als infants que ens els expliquin despr\u00e9s, que els acabin de forma diferent, fer un dibuix i escriure el t\u00edtol, els personatges\u2026. i\/o explicar-lo a la fam\u00edlia.\u2026<\/li>\n<li><strong>Realitzar un diari<\/strong> i anar-hi incorporant: les an\u00e8cdotes del dia, retalls d\u2019imatges, petites converses, dibuixos, retalls de paraules de cat\u00e0legs\u2026<\/li>\n<li><strong>Representar<\/strong> una hist\u00f2ria o conte amb titelles o escenificant-lo<\/li>\n<li><strong>Inventar<\/strong> hist\u00f2ries, dibuixar-les, escriure qu\u00e8 hi passa (com ho vulguin escriure)<\/li>\n<li>Veure curts infantils. Ex:\u00a0<a href=\"https:\/\/www.youtube.com\/channel\/UC9TQXayR8bTdtRYUigCG2cQ\">Pack M\u00e0gic<\/a><\/li>\n<li>Mirar contes: <a href=\"https:\/\/www.ccma.cat\/tv3\/super3\/una-ma-de-contes\/\">Una m\u00e0 de contes<\/a>, contes de \u201d<a href=\"https:\/\/www.instagram.com\/llibreriaelgenetblau\/\">El Genet Blau<\/a>\u201d, etc.<\/li>\n<li><strong>Jugar amb els n\u00fameros<\/strong>: mentre prepareu el dinar o el sopar, mentre endreceu les joguines o traieu els plats del rentaplats: compteu, ordeneu, classifiqueu\u2026<\/li>\n<li>Suma de n\u00fameros petits (amb material o sense)<\/li>\n<li>Podeu fer problemes de \u201cquinzet\u201d (EI3 \u2013<a href=\"https:\/\/agora.xtec.cat\/escolamestralvilanova\/wp-content\/uploads\/usu729\/2020\/03\/serie01.pdf\">s\u00e8rie 1<\/a>) (EI4-\u00a0<a href=\"https:\/\/agora.xtec.cat\/escolamestralvilanova\/wp-content\/uploads\/usu729\/2020\/03\/serie02.pdf\">s\u00e8rie 2<\/a>) (EI5-\u00a0<a href=\"https:\/\/agora.xtec.cat\/escolamestralvilanova\/wp-content\/uploads\/usu729\/2020\/03\/serie03.pdf\">s\u00e8rie 3<\/a>)<\/li>\n<li><strong>Practiqueu l\u2019escriptura<\/strong>: constru\u00efu petites b\u00fasties amb capses de sabates i decoreu-les posant-hi el vostre nom i escriviu-vos algun missatge, feu llistes de coses que caldria anar a comprar el dia que decidiu sortir a fer-ho, jugueu amb les lletres, copieu-les, decoreu-les<\/li>\n<li>Fer un diari\u00a0 on es dibuixi i\/o s\u2019escrigui alguna activitat que es dugui a terme els dies del confinament.<\/li>\n<li>Escriure missatges per la resta de companys\/es que els adults poden fer arribar a trav\u00e9s de les noves tecnologies.<\/li>\n<li>Jugueu a amagar-vos i trobar-vos per la casa, a buscar tresors amagats a trav\u00e9s d\u2019un pl\u00e0nol, a fer laberints, dibuixar i pintar, fer treballs manuals\u2026<\/li>\n<\/ul>\n<h3><span style=\"color: #ff6600;\">RECURSOS EN ANGL\u00c8S<\/span><\/h3>\n<ul>\n<li><em><a href=\"https:\/\/learnenglishkids.britishcouncil.org\/?_ga=2.182052847.990857538.1584374129-377182164.1584374129\">P\u00e0gina web del British Council<\/a> amb activitats, videos, can\u00e7ons i vocabulari per treballar l\u2019angl\u00e8s<\/em><\/li>\n<li><a href=\"http:\/\/www.english-4kids.com\">Activities for kids<\/a>, per pintar,puzzles,fitxes per als m\u00e9s petits<\/li>\n<li><a href=\"https:\/\/www.anglomaniacy.pl\">anglomaniacy<\/a> \u00e9s una p\u00e0gina amb molts jocs per aprendre vocabulari,expressions i tamb\u00e9 per pintar.\u00c9s molt divertida!<\/li>\n<li><a href=\"http:\/\/lil-fingers.com\"><em>Web amb can\u00e7ons, jocs i hist\u00f2ries molt senzilles pels m\u00e9s petits<\/em><\/a><\/li>\n<li><em><a href=\"https:\/\/www.youtube.com\/channel\/UCynLtJ9E2c34bui4ON0ovGw\"> Tumble and friends<\/a> \u00e9s un programa de CBeebies per als m\u00e9s petits, on reforcen molt el discurs amb la m\u00edmica<\/em><\/li>\n<li><a href=\"http:\/\/https\/\/www.eslgamesplus.com\/\">Games<\/a> jocs de vocabulary,grammar games,activities.<\/li>\n<li><em><a href=\"https:\/\/www.youtube.com\/user\/LittleFoxKids\">Little Fo<\/a>x t\u00e9 can\u00e7ons i contes tradicionals en angl\u00e8s, curtes i amb vocabulari senzill<\/em><\/li>\n<li><em><a href=\"https:\/\/play.google.com\/store\/apps\/details?id=com.TooFunnyArtists.LearnEnglishForKids\">APP molt senzilla<\/a> per a treballar vocabulari de transports, menjar, roba\u2026\u00a0<\/em><\/li>\n<\/ul>\n<h3><span style=\"color: #ff6600;\">ACTIVITATS D\u2019EXPERIMENTACI\u00d3<\/span><\/h3>\n<ul>\n<li><a href=\"https:\/\/www.slideshare.net\/edelinbravo29\/manual-de-experimentos-preescolar\">Manual de experimentos<\/a><\/li>\n<li><a href=\"https:\/\/www.ccma.cat\/tv3\/super3\/dinamiks\/\">Dinamiks<\/a><\/li>\n<li><a href=\"https:\/\/www.aprenentamblesmans.cat\/category\/educacio-infantil\/geometria-educacio-infantil\/\">Aprenent amb les mans<\/a><\/li>\n<\/ul>\n<h3><span style=\"color: #ff6600;\">COL\u00b7LABORAR EN TASQUES DE LA LLAR<\/span><\/h3>\n<p>Us deixem una taula amb tasques adequades a cada edat. <a href=\"https:\/\/2.bp.blogspot.com\/-HmgI__m-5xM\/VZsP0at4sKI\/AAAAAAAALgA\/HCESWa8LW-c\/s640\/responsabilitats%2Bper%2Bedats.jpg\">TAULA TASQUES<\/a>.<\/p>\n<h3><span style=\"color: #ff6600;\">JOCS DE TAULA<\/span><\/h3>\n<ul>\n<li>Parx\u00eds, sudoku, trencaclosques, jocs de cartes, etc<\/li>\n<\/ul>\n<h3><span style=\"color: #ff6600;\">MOVIMENT A CASA<\/span><\/h3>\n<ul>\n<li><a href=\"https:\/\/agora.xtec.cat\/escolamestralvilanova\/wp-content\/uploads\/usu729\/2020\/03\/Activat-a-casa.-Infantil.pdf\">Activa\u2019t a casa!<\/a><\/li>\n<li><a href=\"https:\/\/www.youtube.com\/playlist?list=PLBal9AttAE0trW71zxDCcoo4mA0Si5B_n\">Smile and learn<\/a>. Canal de youtube amb activitats de ioga per a nens<\/li>\n<li>Muntar un circuit d&#8217;obstacles per alguna habitaci\u00f3 de la casa.<\/li>\n<\/ul>\n<h3><span style=\"color: #ff6600;\">ACTIVITATS EN ENTORNS DIGITALS<\/span><\/h3>\n<ul>\n<li>Enregistrar un \u00e0udio o un v\u00eddeo amb un conte, una can\u00e7\u00f3 o un relat amb l\u2019infant com a protagonista, i escoltar-lo o veure\u2019l. Comentar amb l\u2019infant qu\u00e8 poden fer diferent, com ho poden enriquir\u2026<\/li>\n<li>Instal\u00b7lar a la tauleta alguna de les apps referenciades al portal\u00a0<a href=\"https:\/\/toolbox.mobileworldcapital.com\/\">Toolbox<\/a>\u2026 i acompanyar els infants en la tria de l\u2019app, en el funcionament i durant el joc.<\/li>\n<li><a href=\"https:\/\/natibergada.cat\/recursos-educatius-per-aprendre-des-de-casa\">80 recursos educatius<\/a><\/li>\n<li><a href=\"https:\/\/web.editorialteide.com\/ca\/ens-quedem-a-casa\/\">Editorial TEIDE \u201cEns quedem a casa\u201d<\/a><\/li>\n<li><a href=\"https:\/\/es.ixl.com\/math\/infantil\">Recursos matem\u00e0tiques Infantil<\/a><\/li>\n<li><a href=\"http:\/\/www.ceip-diputacio.com\/la%20motxilla.htm\">Espai web de l\u2019escola Diputaci\u00f3 \u201cLa Motxilla\u201d<\/a><\/li>\n<li><em><a href=\"http:\/\/www.petitaxarxa.cat\/jocs410\/index.html\">Petita xarxa.<\/a> P\u00e0gina web amb enlla\u00e7os a jocs de diferents tem\u00e0tiques per a infants de 2 a 4 anys i de 4 a 10 anys<\/em><\/li>\n<li><em><a href=\"http:\/\/www.edu365.cat\/infantil\/jocs\/index.html\">Edu 365. Jocs<\/a> P\u00e0gina web amb enlla\u00e7os a jocs de diferents tem\u00e0tiques i finalitats de 3 a 6 anys<\/em><\/li>\n<li><a href=\"http:\/\/www.edu365.cat\/infantil\/mates\/index.html\">Edu 365. Mates<\/a> <em>P\u00e0gina web amb enlla\u00e7os a\u00a0<em>activitats dedicades a treballar els n\u00fameros i els diferents conceptes matem\u00e0tics<\/em>\u00a0de 3 a 6 anys<\/em><\/li>\n<li><a href=\"http:\/\/www.edu365.cat\/infantil\/llegir\/index.html?page=1\">Edu 365. Llengua<\/a> <em>P\u00e0gina web on podem trobar un seguit d\u2019enlla\u00e7os a activitats dedicades a treballar la lectura i l\u2019escriptura de 3 a 6 anys<\/em><\/li>\n<li>Us deixem l&#8217;enlla\u00e7 a <strong><a href=\"https:\/\/agora.xtec.cat\/escola-alcoletge\/portada\/recursos-per-treballar-a-casa\/\">l&#8217;article<\/a> <\/strong>que v\u00e0rem publicar fa uns dies amb altres recursos.<\/li>\n<\/ul>\n","protected":false},"excerpt":{"rendered":"<p>En primer lloc, informar que a la <a href=\"https:\/\/agora.xtec.cat\/escola-alcoletge\/\">web de l&#8217;escola<\/a> anirem penjant activitats i articles que creiem que us poden interessar, aix\u00ed que us animem a que la consulteu peri\u00f2dicament.<br \/>\nEn segon lloc, aqu\u00ed teniu una proposta <a href=\"https:\/\/agora.xtec.cat\/escola-alcoletge\/portada\/horari-per-a-dies-de-confinament\/\">d\u2019HORARI<\/a> que v\u00e0rem publicar fa uns dies&hellip;  <a href=\"https:\/\/agora.xtec.cat\/escola-alcoletge\/educacio-infantil-i-cicle-inicial\/\" title=\"Read Educaci\u00f3 infantil i Cicle Inicial\">Llegeix m\u00e9s\u00bb<\/a><\/p>\n","protected":false},"author":1,"featured_media":0,"parent":0,"menu_order":0,"comment_status":"closed","ping_status":"closed","template":"","meta":{"_bbp_topic_count":0,"_bbp_reply_count":0,"_bbp_total_topic_count":0,"_bbp_total_reply_count":0,"_bbp_voice_count":0,"_bbp_anonymous_reply_count":0,"_bbp_topic_count_hidden":0,"_bbp_reply_count_hidden":0,"_bbp_forum_subforum_count":0,"footnotes":""},"class_list":["post-3420","page","type-page","status-publish","hentry"],"post_mailing_queue_ids":[],"_links":{"self":[{"href":"https:\/\/agora.xtec.cat\/escola-alcoletge\/wp-json\/wp\/v2\/pages\/3420","targetHints":{"allow":["GET"]}}],"collection":[{"href":"https:\/\/agora.xtec.cat\/escola-alcoletge\/wp-json\/wp\/v2\/pages"}],"about":[{"href":"https:\/\/agora.xtec.cat\/escola-alcoletge\/wp-json\/wp\/v2\/types\/page"}],"author":[{"embeddable":true,"href":"https:\/\/agora.xtec.cat\/escola-alcoletge\/wp-json\/wp\/v2\/users\/1"}],"replies":[{"embeddable":true,"href":"https:\/\/agora.xtec.cat\/escola-alcoletge\/wp-json\/wp\/v2\/comments?post=3420"}],"version-history":[{"count":4,"href":"https:\/\/agora.xtec.cat\/escola-alcoletge\/wp-json\/wp\/v2\/pages\/3420\/revisions"}],"predecessor-version":[{"id":3457,"href":"https:\/\/agora.xtec.cat\/escola-alcoletge\/wp-json\/wp\/v2\/pages\/3420\/revisions\/3457"}],"wp:attachment":[{"href":"https:\/\/agora.xtec.cat\/escola-alcoletge\/wp-json\/wp\/v2\/media?parent=3420"}],"curies":[{"name":"wp","href":"https:\/\/api.w.org\/{rel}","templated":true}]}}