{"id":10450,"date":"2025-09-14T18:29:28","date_gmt":"2025-09-14T16:29:28","guid":{"rendered":"https:\/\/agora.xtec.cat\/escola-alcoletge\/?page_id=10450"},"modified":"2025-09-14T18:29:28","modified_gmt":"2025-09-14T16:29:28","slug":"prohibir-i-educar","status":"publish","type":"page","link":"https:\/\/agora.xtec.cat\/escola-alcoletge\/noticies-digitals\/prohibir-i-educar\/","title":{"rendered":"PROHIBIR I EDUCAR?"},"content":{"rendered":"<h2 class=\"interior-header__subtitle\" style=\"text-align: center;\">Entre prohibir i educar: dia zero sense les pantalles a l&#8217;aula<\/h2>\n<p>A partir d&#8217;aquest curs, a les etapes obligat\u00f2ries no est\u00e0 perm\u00e8s l&#8217;\u00fas de m\u00f2bils i rellotges intel\u00b7ligens, mentre que a infantil s&#8217;eliminen progressivament les tauletes i les pissarres digitals.<\/p>\n<p><a href=\"http:\/\/https:\/\/www.metadata.cat\/reportatge\/5854\/entre-prohibir-educar-dia-zero-sense-pantalles-aula\"><img loading=\"lazy\" decoding=\"async\" class=\"size-medium wp-image-10451 aligncenter\" src=\"https:\/\/agora.xtec.cat\/escola-alcoletge\/wp-content\/uploads\/usu1520\/2025\/09\/Captura-300x89.png\" alt=\"\" width=\"300\" height=\"89\" srcset=\"https:\/\/agora.xtec.cat\/escola-alcoletge\/wp-content\/uploads\/usu1520\/2025\/09\/Captura-300x89.png 300w, https:\/\/agora.xtec.cat\/escola-alcoletge\/wp-content\/uploads\/usu1520\/2025\/09\/Captura-768x227.png 768w, https:\/\/agora.xtec.cat\/escola-alcoletge\/wp-content\/uploads\/usu1520\/2025\/09\/Captura.png 953w\" sizes=\"auto, (max-width: 300px) 100vw, 300px\" \/><\/a><\/p>\n<p><a href=\"https:\/\/www.metadata.cat\/reportatge\/5854\/entre-prohibir-educar-dia-zero-sense-pantalles-aula\">\u00a0Enlla\u00e7 a la not\u00edcia<\/a><\/p>\n","protected":false},"excerpt":{"rendered":"<p>Entre prohibir i educar: dia zero sense les pantalles a l&#8217;aula<br \/>\nA partir d&#8217;aquest curs, a les etapes obligat\u00f2ries no est\u00e0 perm\u00e8s l&#8217;\u00fas de m\u00f2bils i rellotges intel\u00b7ligens, mentre que a infantil s&#8217;eliminen progressivament les tauletes i les pissarres digitals.<br \/>\n<a href=\"http:\/\/https:\/\/www.metadata.cat\/reportatge\/5854\/entre-prohibir-educar-dia-zero-sense-pantalles-aula\"><\/a><br \/>\n<a href=\"https:\/\/www.metadata.cat\/reportatge\/5854\/entre-prohibir-educar-dia-zero-sense-pantalles-aula\">\u00a0Enlla\u00e7 a la not\u00edcia<\/a><\/p>\n","protected":false},"author":63,"featured_media":0,"parent":8850,"menu_order":0,"comment_status":"closed","ping_status":"closed","template":"","meta":{"_bbp_topic_count":0,"_bbp_reply_count":0,"_bbp_total_topic_count":0,"_bbp_total_reply_count":0,"_bbp_voice_count":0,"_bbp_anonymous_reply_count":0,"_bbp_topic_count_hidden":0,"_bbp_reply_count_hidden":0,"_bbp_forum_subforum_count":0,"footnotes":""},"class_list":["post-10450","page","type-page","status-publish","hentry"],"post_mailing_queue_ids":[],"_links":{"self":[{"href":"https:\/\/agora.xtec.cat\/escola-alcoletge\/wp-json\/wp\/v2\/pages\/10450","targetHints":{"allow":["GET"]}}],"collection":[{"href":"https:\/\/agora.xtec.cat\/escola-alcoletge\/wp-json\/wp\/v2\/pages"}],"about":[{"href":"https:\/\/agora.xtec.cat\/escola-alcoletge\/wp-json\/wp\/v2\/types\/page"}],"author":[{"embeddable":true,"href":"https:\/\/agora.xtec.cat\/escola-alcoletge\/wp-json\/wp\/v2\/users\/63"}],"replies":[{"embeddable":true,"href":"https:\/\/agora.xtec.cat\/escola-alcoletge\/wp-json\/wp\/v2\/comments?post=10450"}],"version-history":[{"count":2,"href":"https:\/\/agora.xtec.cat\/escola-alcoletge\/wp-json\/wp\/v2\/pages\/10450\/revisions"}],"predecessor-version":[{"id":10453,"href":"https:\/\/agora.xtec.cat\/escola-alcoletge\/wp-json\/wp\/v2\/pages\/10450\/revisions\/10453"}],"up":[{"embeddable":true,"href":"https:\/\/agora.xtec.cat\/escola-alcoletge\/wp-json\/wp\/v2\/pages\/8850"}],"wp:attachment":[{"href":"https:\/\/agora.xtec.cat\/escola-alcoletge\/wp-json\/wp\/v2\/media?parent=10450"}],"curies":[{"name":"wp","href":"https:\/\/api.w.org\/{rel}","templated":true}]}}