{"id":9360,"date":"2021-06-16T08:37:31","date_gmt":"2021-06-16T06:37:31","guid":{"rendered":"http:\/\/agora.xtec.cat\/escola-agora\/?page_id=9360"},"modified":"2021-06-16T08:47:29","modified_gmt":"2021-06-16T06:47:29","slug":"nou-projecte-de-biblioteca-de-lagora-mes-llibres-mes-lliures","status":"publish","type":"page","link":"https:\/\/agora.xtec.cat\/escola-agora\/documentacio\/nou-projecte-de-biblioteca-de-lagora-mes-llibres-mes-lliures\/","title":{"rendered":"NOU PROJECTE DE BIBLIOTECA DE L&#8217;\u00c0GORA: M\u00c9S LLIBRES, M\u00c9S LLIURES"},"content":{"rendered":"<p><a href=\"https:\/\/agora.xtec.cat\/escola-agora\/wp-content\/uploads\/usu616\/2021\/06\/projecte-biblioteca-A\u0300gora.pdf\"><img loading=\"lazy\" decoding=\"async\" class=\"alignleft wp-image-9361 size-medium\" src=\"https:\/\/agora.xtec.cat\/escola-agora\/wp-content\/uploads\/usu616\/2021\/06\/bilioteca-escolar-209x300.png\" alt=\"\" width=\"209\" height=\"300\" srcset=\"https:\/\/agora.xtec.cat\/escola-agora\/wp-content\/uploads\/usu616\/2021\/06\/bilioteca-escolar-209x300.png 209w, https:\/\/agora.xtec.cat\/escola-agora\/wp-content\/uploads\/usu616\/2021\/06\/bilioteca-escolar.png 393w\" sizes=\"auto, (max-width: 209px) 100vw, 209px\" \/><\/a>Som e\u0301ssers entreteixits de relats, brodats amb fils de veus, d&#8217;histo\u0300ria, de filosofia i de cie\u0300ncia, de lleis i de llegendes. Per aixo\u0300, la lectura ens continuara\u0300 cuidant si la cuidem. No pot desapare\u0300ixer allo\u0300 que ens salva. Els llibres ens recorden, serens i sempre disposats a desplegar-se davant dels nostres ulls, que la salut de les paraules arrela a les editorials, a les llibreries, als cercles de lectures compartides, a les biblioteques, a les escoles. E\u0301s alla\u0300 on imaginem el futur que ens uneix.<\/p>\n<p><em>Irene Vallejo<\/em><\/p>\n<p><strong>Manifest per la lectura<\/strong><\/p>\n<p><a href=\"https:\/\/agora.xtec.cat\/escola-agora\/wp-content\/uploads\/usu616\/2021\/06\/projecte-biblioteca-A\u0300gora.pdf\">LA BIBLIOTECA ESCOLAR. M\u00c9S LLIBRES. M\u00c9S LLIURES<\/a><\/p>\n","protected":false},"excerpt":{"rendered":"<p>Som e\u0301ssers entreteixits de relats, brodats amb fils de veus, d&#8217;histo\u0300ria, de filosofia i de cie\u0300ncia, de lleis i de llegendes. Per aixo\u0300, la lectura ens continuara\u0300 cuidant si la cuidem. No pot desapare\u0300ixer allo\u0300 que ens salva. Els llibres ens recorden, serens i sempre disposats a desplegar-se davant dels nostres ulls, que la salut [&hellip;]<\/p>\n","protected":false},"author":1,"featured_media":0,"parent":357,"menu_order":0,"comment_status":"closed","ping_status":"closed","template":"","meta":{"_bbp_topic_count":0,"_bbp_reply_count":0,"_bbp_total_topic_count":0,"_bbp_total_reply_count":0,"_bbp_voice_count":0,"_bbp_anonymous_reply_count":0,"_bbp_topic_count_hidden":0,"_bbp_reply_count_hidden":0,"_bbp_forum_subforum_count":0,"site-sidebar-layout":"default","site-content-layout":"","ast-site-content-layout":"","site-content-style":"default","site-sidebar-style":"default","ast-global-header-display":"","ast-banner-title-visibility":"","ast-main-header-display":"","ast-hfb-above-header-display":"","ast-hfb-below-header-display":"","ast-hfb-mobile-header-display":"","site-post-title":"","ast-breadcrumbs-content":"","ast-featured-img":"","footer-sml-layout":"","theme-transparent-header-meta":"","adv-header-id-meta":"","stick-header-meta":"","header-above-stick-meta":"","header-main-stick-meta":"","header-below-stick-meta":"","astra-migrate-meta-layouts":"default","ast-page-background-enabled":"default","ast-page-background-meta":{"desktop":{"background-color":"var(--ast-global-color-4)","background-image":"","background-repeat":"repeat","background-position":"center center","background-size":"auto","background-attachment":"scroll","background-type":"","background-media":"","overlay-type":"","overlay-color":"","overlay-opacity":"","overlay-gradient":""},"tablet":{"background-color":"","background-image":"","background-repeat":"repeat","background-position":"center center","background-size":"auto","background-attachment":"scroll","background-type":"","background-media":"","overlay-type":"","overlay-color":"","overlay-opacity":"","overlay-gradient":""},"mobile":{"background-color":"","background-image":"","background-repeat":"repeat","background-position":"center center","background-size":"auto","background-attachment":"scroll","background-type":"","background-media":"","overlay-type":"","overlay-color":"","overlay-opacity":"","overlay-gradient":""}},"ast-content-background-meta":{"desktop":{"background-color":"var(--ast-global-color-5)","background-image":"","background-repeat":"repeat","background-position":"center center","background-size":"auto","background-attachment":"scroll","background-type":"","background-media":"","overlay-type":"","overlay-color":"","overlay-opacity":"","overlay-gradient":""},"tablet":{"background-color":"var(--ast-global-color-5)","background-image":"","background-repeat":"repeat","background-position":"center center","background-size":"auto","background-attachment":"scroll","background-type":"","background-media":"","overlay-type":"","overlay-color":"","overlay-opacity":"","overlay-gradient":""},"mobile":{"background-color":"var(--ast-global-color-5)","background-image":"","background-repeat":"repeat","background-position":"center center","background-size":"auto","background-attachment":"scroll","background-type":"","background-media":"","overlay-type":"","overlay-color":"","overlay-opacity":"","overlay-gradient":""}},"footnotes":""},"class_list":["post-9360","page","type-page","status-publish","hentry"],"post_mailing_queue_ids":[],"_links":{"self":[{"href":"https:\/\/agora.xtec.cat\/escola-agora\/wp-json\/wp\/v2\/pages\/9360","targetHints":{"allow":["GET"]}}],"collection":[{"href":"https:\/\/agora.xtec.cat\/escola-agora\/wp-json\/wp\/v2\/pages"}],"about":[{"href":"https:\/\/agora.xtec.cat\/escola-agora\/wp-json\/wp\/v2\/types\/page"}],"author":[{"embeddable":true,"href":"https:\/\/agora.xtec.cat\/escola-agora\/wp-json\/wp\/v2\/users\/1"}],"replies":[{"embeddable":true,"href":"https:\/\/agora.xtec.cat\/escola-agora\/wp-json\/wp\/v2\/comments?post=9360"}],"version-history":[{"count":1,"href":"https:\/\/agora.xtec.cat\/escola-agora\/wp-json\/wp\/v2\/pages\/9360\/revisions"}],"predecessor-version":[{"id":9362,"href":"https:\/\/agora.xtec.cat\/escola-agora\/wp-json\/wp\/v2\/pages\/9360\/revisions\/9362"}],"up":[{"embeddable":true,"href":"https:\/\/agora.xtec.cat\/escola-agora\/wp-json\/wp\/v2\/pages\/357"}],"wp:attachment":[{"href":"https:\/\/agora.xtec.cat\/escola-agora\/wp-json\/wp\/v2\/media?parent=9360"}],"curies":[{"name":"wp","href":"https:\/\/api.w.org\/{rel}","templated":true}]}}