{"id":641,"date":"2017-02-23T09:53:58","date_gmt":"2017-02-23T08:53:58","guid":{"rendered":"http:\/\/agora.xtec.cat\/escola-agora\/?page_id=641"},"modified":"2025-02-27T13:40:14","modified_gmt":"2025-02-27T12:40:14","slug":"projectes-del-centre","status":"publish","type":"page","link":"https:\/\/agora.xtec.cat\/escola-agora\/lescola\/projectes-del-centre\/","title":{"rendered":"Projectes del centre"},"content":{"rendered":"<p>Els projectes de centre que afavoreixen els nostres principis pedag\u00f2gics tractats de manera transversal al llarg de totes les etapes educatives, d&#8217;I3 a 6\u00e8 i que s\u2019aglutinen en:<\/p>\n<p><strong><u>Projecte d\u2019autonomia de centre<\/u><\/strong><strong>:<\/strong><\/p>\n<p>Conviure i aprendre junts. Projecte de centre per l\u2019\u00e8xit escolar, l\u2019equitat, la cohesi\u00f3 social i una educaci\u00f3 de qualitat basat en el convenciment per aprendre de tots i de totes partint de l\u2019individu \u00e9s una font d\u2019enriquiment de la col\u00b7lectivitat.<\/p>\n<p><strong><u>Conviv\u00e8ncia:<\/u><\/strong><\/p>\n<p>Per regular la vida del centre a partir de la participaci\u00f3 de tota la comunitat educativa, recollint l\u2019esperit de di\u00e0leg com a fonament. Annex 3<\/p>\n<p><strong><u>Projecte de dinamitzaci\u00f3 de tutories i educaci\u00f3 emocional:<\/u><\/strong><\/p>\n<p><strong>\u201cEduquem des de les emocions\u201d<\/strong><\/p>\n<p>Per reflexionar sobre les actituds pr\u00f2pies, dels altres i del grup i incorporar valors i positius per la vida: reconeixement, confian\u00e7a, cura.<\/p>\n<p>Per desenvolupar en l\u2019alumnat la capacitat de pensar i el raonament, la reflexi\u00f3 individual i col\u00b7lectiva, des de les emocions. Annex 4<\/p>\n<p><strong><u>Coeducaci\u00f3:<\/u><\/strong><\/p>\n<p>Per combatre estereotips sexistes, valorar el treball dels homes i de les dones per igual i fomentar la no discriminaci\u00f3 per ra\u00f3 de g\u00e8nere: cura d\u2019un mateix i dels altres, igualtat, conviv\u00e8ncia, emocions. <em>Annex 5<\/em><\/p>\n<p><strong><u>Interculturalitat:<\/u><\/strong><\/p>\n<p>Pel coneixement i la relaci\u00f3 entre cultures incorporant la diversitat cultural de l\u2019escola, valorant la seva riquesa.<\/p>\n<p><strong><u>Reutilitzaci\u00f3 de llibres:<\/u><\/strong><\/p>\n<p>Per desenvolupar en els nens i les nenes valors de responsabilitat, cooperaci\u00f3, solidaritat i la capacitat de saber compartir: estalvi, equitat, sostenibilitat.<\/p>\n<p><strong><u>Agenda 21:<\/u><\/strong><\/p>\n<p>Per sensibilitzar la comunitat educativa envers la necessitat de treballar per la conservaci\u00f3 del medi ambient i l\u2019entorn per la sostenibilitat. <em>Annex 6<\/em><\/p>\n<p><strong><u>Pla Experimental de Lleng\u00fces Estrangeres<\/u><\/strong><strong>:<\/strong><\/p>\n<p>Per desenvolupar la compet\u00e8ncia oral en llengua anglesa. Desdoblaments en tots els grups. A partir de 1r l\u2019\u00e0rea de pl\u00e0stica es fa en angl\u00e8s. <em>Annex 7 i 8<\/em><\/p>\n<p><strong><u>Projecte biblioteca<\/u><\/strong><strong>:<\/strong><strong>\u00a0 <\/strong><\/p>\n<p>L\u2019objectiu d\u2019aquest projecte \u00e9s que la biblioteca sigui un espai impulsor i dinamitzador de la majoria d\u2019activitats que es realitzen a l\u2019escola. Volem fomentar l\u2019h\u00e0bit lector al nostre alumnat. <em>Annex 9<\/em><\/p>\n<p><strong><u>PictoEscriptura:<\/u><\/strong><\/p>\n<p>La PictoEscriptura \u00e9s un m\u00e8tode d\u2019aprenentatge que integra creativitat i pensament visual en el desenvolupament d\u2019una compet\u00e8ncia tan essencial com \u00e9s l\u2019escriptura.<\/p>\n<p>En aix\u00f2 consisteix la\u00a0<strong>PictoEscriptura<\/strong>, un m\u00e8tode d\u2019aprenentatge creatiu que combina la creaci\u00f3 de relats, el dibuix i la redacci\u00f3 d\u2019una manera curosa i meticulosament establerta.<\/p>\n<p>La PictoEscriptura\u00a0<strong>respecta el proc\u00e9s creatiu del nen<\/strong>; a partir de la hist\u00f2ria que ell vol explicar, el m\u00e8tode li proposa un itinerari de jocs i exercicis que utilitzen el dibuix i la narraci\u00f3 visual com a eina per aprendre a escriure i redactar textos de qualitat.\u00a0<strong>El nen viu en primera persona el proc\u00e9s de creaci\u00f3, edici\u00f3 i publicaci\u00f3 d\u2019un llibre, el seu llibre<\/strong>. Aquesta activitat ocupa una part del curr\u00edculum de la llengua i es complementa amb els tallers de llengua.<\/p>\n<p><strong><u>Els tallers de llengua:<\/u><\/strong><\/p>\n<p>Defineixen el tractament de la llengua al centre a partir de la tipologia textual, prioritzant la seva funcionalitat i amb un plantejament metodol\u00f2gic que faciliti la inducci\u00f3 del pensament de l\u2019alumnat per tal que sigui capa\u00e7 de treure\u2019n conclusions.<\/p>\n<p><strong>Metodologia:<\/strong><\/p>\n<p>Totes les tipologies s\u2019han de treballar a tots els nivells (Educaci\u00f3 Infantil i Prim\u00e0ria)<\/p>\n<ul>\n<li style=\"padding-left: 60px;\">L\u2019alumnat estar\u00e0 organitzat en agrupaments m\u00e9s redu\u00efts, per Cicle, per donar protagonisme als alumnes i facilitar-ne el treball deductiu.<\/li>\n<li style=\"padding-left: 60px;\">Els agrupaments seran variables segons la valoraci\u00f3 que se\u2019n faci en acabar cada tipologia textual<\/li>\n<li style=\"padding-left: 60px;\">El treball de llengua ha de recollir tres aspectes: parlar, escriure i escoltar<\/li>\n<li style=\"padding-left: 60px;\">Es far\u00e0 la mateixa activitat als diferents agrupaments de cada Cicle, amb diferent grau d\u2019aprofundiment en el treball segons caracter\u00edstiques del grup.<\/li>\n<li style=\"padding-left: 60px;\">A l\u2019\u00e0rea de castell\u00e0 es treballar\u00e0 igualment la mateixa tipologia textual, aprofitant el treball d\u2019estructura del text i gram\u00e0tica (comunes) i centrant el treball en el l\u00e8xic i trets diferencials, amb un altre g\u00e8nere de la tipologia treballada.<\/li>\n<\/ul>\n<p><strong style=\"font-family: inherit; font-size: 1em;\"><u>Treball de projectes col\u00b7laboratius:<\/u><\/strong><\/p>\n<p>L\u2019objectiu el treball per projectes \u00e9s que l\u2019alumne esdevingui el protagonista en la construcci\u00f3 del coneixement.<\/p>\n<p>Es treballa en grup de manera col\u00b7laborativa, prenent decisions, formulant hip\u00f2tesis, cercant i seleccionant informaci\u00f3 i elaborant entre tots el resultat de les conclusions i exposant-les als altres grups.<\/p>\n<p>Al Cicle Mitj\u00e0 i Superior s\u2019incorpora l\u2019entorn virtual Google for Education on l\u2019alumnat comparteix el seu projecte amb els companys i amb el professorat.<\/p>\n<p><strong><u>Els ambients d\u2019aprenentatge:<\/u><\/strong><\/p>\n<p>Aquest projecte t\u00e9 com a objectiu principal experimentar altres maneres d\u2019ensenyar i aprendre. El contingut de cadascun dels ambients estar\u00e0 amb relaci\u00f3 a cercar la motivaci\u00f3 i l\u2019experimentaci\u00f3 dels nostres alumnes. Les activitats contemplaran que el professorat i l\u2019alumnat gaudeixin, comparteixin, experimentin, observin, treballin, creixin&#8230; \u00a0Els grups de treball seran heterogenis, barrejant alumnes de diferents nivells i la flexibilitat, davant dels ritmes d&#8217;aprenentatge entre altres factors, ser\u00e0 la base principal de l\u2019organitzaci\u00f3 escolar pel que fa a espais, recursos personals i materials. Annex 10<\/p>\n<p><strong><u>Les matem\u00e0tiques a l\u2019escola:<\/u><\/strong><\/p>\n<p>Creiem que l\u2019aprenentatge de les matem\u00e0tiques ha de ser significatiu, \u00e9s a dir, aprenentatge amb sentit. El sentit ho dona la relaci\u00f3 del nou coneixement amb coneixements anteriors, amb situacions quotidianes, amb la mateixa experi\u00e8ncia, amb situacions reals&#8230;<\/p>\n<p>Sempre partirem d\u2019una situaci\u00f3 problema per crear la motivaci\u00f3 i la necessitat d\u2019aprendre. Amb aix\u00f2 tindrem en compte sempre els coneixements previs, les experi\u00e8ncies de l\u2019alumnat i, sobretot, FER PENSAR.<\/p>\n<p>Abans d\u2019arribar a escriure en el paper qualsevol concepte, els nens han hagut de manipular amb objectes, jocs, estris, etc.<\/p>\n<p><strong>Tallers matem\u00e0tics<\/strong><\/p>\n<ul>\n<li style=\"padding-left: 30px;\">L\u2019alumnat estar\u00e0 organitzat en agrupaments m\u00e9s redu\u00efts, per Cicle, per donar protagonisme als alumnes.<\/li>\n<li style=\"padding-left: 30px;\">Treballar diferents tipus d\u2019estrat\u00e8gies que els ajudar\u00e0 a anar descobrint i incorporant per enfrontar-se a la vida quotidiana.<\/li>\n<li style=\"padding-left: 30px;\">Aprendre a organitzar els recursos i a col\u00b7laborar amb els altres per aconseguir el que hem planificat.<\/li>\n<li style=\"padding-left: 30px;\">A la Prim\u00e0ria es fan tres tallers:\n<ul>\n<li style=\"padding-left: 30px;\">Geometria creativa<\/li>\n<li style=\"padding-left: 30px;\">Problemes d\u2019estrat\u00e8gia i d\u2019investigaci\u00f3<\/li>\n<li style=\"padding-left: 30px;\">Les matem\u00e0tiques mitjan\u00e7ant l\u2019\u00fas de les noves metodologies( Cicle Mitj\u00e0 i Superior)<\/li>\n<li style=\"padding-left: 30px;\">Juguem amb les matem\u00e0tiques (Cicle Inicial)<\/li>\n<\/ul>\n<\/li>\n<\/ul>\n<p><strong style=\"font-family: inherit; font-size: 1em;\"><u>Projecte tutories de fam\u00edlia<\/u><\/strong><span style=\"font-family: inherit; font-size: 1em;\">:<\/span><\/p>\n<p>El projecte de \u201ctutoria de fam\u00edlies\u201d va sorgir de la necessitat d\u2019augmentar la implicaci\u00f3 de les fam\u00edlies en el proc\u00e9s d\u2019aprenentatge dels seus fills i filles. Durant el curs 2010-11 vam iniciar el projecte, de manera que tots els mestres de Prim\u00e0ria tutoritzessin alguna fam\u00edlia. A l\u2019hora de fer el repartiment es va tenir en compte: alumnes d\u2019educaci\u00f3 especial i aula d\u2019acollida amb el seu tutor corresponent, fam\u00edlies amb problemes socials tutoritzades des de l\u2019equip directiu, i la resta amb professorat adscrit al cicle i preferentment que atengu\u00e9s a tots els germans. Aix\u00f2 va comportar per part de tot el professorat tenir un coneixement molt acurat de cada alumne i es van establir les reunions de tutoria, on assisteix tot el professorat que interv\u00e9 amb cada un dels alumnes. En aquestes reunions es marquen uns objectius molt clars per treballar tant amb la fam\u00edlia com a l\u2019escola. \u00a0\u00a0El fet de reduir el nombre d\u2019alumnes per cada tutor va permetre fer 3 entrevistes durant el curs i una comunicaci\u00f3 m\u00e9s estreta i propera entre escola i fam\u00edlia (sigui amb entrevistes, via mail, o tel\u00e8fon). A m\u00e9s tamb\u00e9 va augmentar la coordinaci\u00f3 entre el professorat per acordar les mesures a treballar amb cada un dels alumnes i con\u00e8ixer m\u00e9s les relacions dins la fam\u00edlia (ex. relacions entre germans&#8230;) <em>Annex 11<\/em><\/p>\n<p><a href=\"http:\/\/agora.xtec.cat\/escola-agora\/wp-content\/uploads\/usu616\/2017\/02\/Imagen-5.png\"><img loading=\"lazy\" decoding=\"async\" class=\"wp-image-642 aligncenter\" src=\"http:\/\/agora.xtec.cat\/escola-agora\/wp-content\/uploads\/usu616\/2017\/02\/Imagen-5.png\" alt=\"\" width=\"309\" height=\"218\" srcset=\"https:\/\/agora.xtec.cat\/escola-agora\/wp-content\/uploads\/usu616\/2017\/02\/Imagen-5.png 599w, https:\/\/agora.xtec.cat\/escola-agora\/wp-content\/uploads\/usu616\/2017\/02\/Imagen-5-300x211.png 300w\" sizes=\"auto, (max-width: 309px) 100vw, 309px\" \/><\/a><\/p>\n","protected":false},"excerpt":{"rendered":"<p>Els projectes de centre que afavoreixen els nostres principis pedag\u00f2gics tractats de manera transversal al llarg de totes les etapes educatives, d&#8217;I3 a 6\u00e8 i que s\u2019aglutinen en: Projecte d\u2019autonomia de centre: Conviure i aprendre junts. Projecte de centre per l\u2019\u00e8xit escolar, l\u2019equitat, la cohesi\u00f3 social i una educaci\u00f3 de qualitat basat en el convenciment [&hellip;]<\/p>\n","protected":false},"author":1,"featured_media":0,"parent":22,"menu_order":0,"comment_status":"closed","ping_status":"closed","template":"page-templates\/side-menu.php","meta":{"_bbp_topic_count":0,"_bbp_reply_count":0,"_bbp_total_topic_count":0,"_bbp_total_reply_count":0,"_bbp_voice_count":0,"_bbp_anonymous_reply_count":0,"_bbp_topic_count_hidden":0,"_bbp_reply_count_hidden":0,"_bbp_forum_subforum_count":0,"site-sidebar-layout":"default","site-content-layout":"","ast-site-content-layout":"","site-content-style":"default","site-sidebar-style":"default","ast-global-header-display":"","ast-banner-title-visibility":"","ast-main-header-display":"","ast-hfb-above-header-display":"","ast-hfb-below-header-display":"","ast-hfb-mobile-header-display":"","site-post-title":"","ast-breadcrumbs-content":"","ast-featured-img":"","footer-sml-layout":"","theme-transparent-header-meta":"","adv-header-id-meta":"","stick-header-meta":"","header-above-stick-meta":"","header-main-stick-meta":"","header-below-stick-meta":"","astra-migrate-meta-layouts":"default","ast-page-background-enabled":"default","ast-page-background-meta":{"desktop":{"background-color":"var(--ast-global-color-4)","background-image":"","background-repeat":"repeat","background-position":"center center","background-size":"auto","background-attachment":"scroll","background-type":"","background-media":"","overlay-type":"","overlay-color":"","overlay-opacity":"","overlay-gradient":""},"tablet":{"background-color":"","background-image":"","background-repeat":"repeat","background-position":"center center","background-size":"auto","background-attachment":"scroll","background-type":"","background-media":"","overlay-type":"","overlay-color":"","overlay-opacity":"","overlay-gradient":""},"mobile":{"background-color":"","background-image":"","background-repeat":"repeat","background-position":"center center","background-size":"auto","background-attachment":"scroll","background-type":"","background-media":"","overlay-type":"","overlay-color":"","overlay-opacity":"","overlay-gradient":""}},"ast-content-background-meta":{"desktop":{"background-color":"var(--ast-global-color-5)","background-image":"","background-repeat":"repeat","background-position":"center center","background-size":"auto","background-attachment":"scroll","background-type":"","background-media":"","overlay-type":"","overlay-color":"","overlay-opacity":"","overlay-gradient":""},"tablet":{"background-color":"var(--ast-global-color-5)","background-image":"","background-repeat":"repeat","background-position":"center center","background-size":"auto","background-attachment":"scroll","background-type":"","background-media":"","overlay-type":"","overlay-color":"","overlay-opacity":"","overlay-gradient":""},"mobile":{"background-color":"var(--ast-global-color-5)","background-image":"","background-repeat":"repeat","background-position":"center center","background-size":"auto","background-attachment":"scroll","background-type":"","background-media":"","overlay-type":"","overlay-color":"","overlay-opacity":"","overlay-gradient":""}},"footnotes":""},"class_list":["post-641","page","type-page","status-publish","hentry"],"post_mailing_queue_ids":[],"_links":{"self":[{"href":"https:\/\/agora.xtec.cat\/escola-agora\/wp-json\/wp\/v2\/pages\/641","targetHints":{"allow":["GET"]}}],"collection":[{"href":"https:\/\/agora.xtec.cat\/escola-agora\/wp-json\/wp\/v2\/pages"}],"about":[{"href":"https:\/\/agora.xtec.cat\/escola-agora\/wp-json\/wp\/v2\/types\/page"}],"author":[{"embeddable":true,"href":"https:\/\/agora.xtec.cat\/escola-agora\/wp-json\/wp\/v2\/users\/1"}],"replies":[{"embeddable":true,"href":"https:\/\/agora.xtec.cat\/escola-agora\/wp-json\/wp\/v2\/comments?post=641"}],"version-history":[{"count":3,"href":"https:\/\/agora.xtec.cat\/escola-agora\/wp-json\/wp\/v2\/pages\/641\/revisions"}],"predecessor-version":[{"id":12619,"href":"https:\/\/agora.xtec.cat\/escola-agora\/wp-json\/wp\/v2\/pages\/641\/revisions\/12619"}],"up":[{"embeddable":true,"href":"https:\/\/agora.xtec.cat\/escola-agora\/wp-json\/wp\/v2\/pages\/22"}],"wp:attachment":[{"href":"https:\/\/agora.xtec.cat\/escola-agora\/wp-json\/wp\/v2\/media?parent=641"}],"curies":[{"name":"wp","href":"https:\/\/api.w.org\/{rel}","templated":true}]}}