{"id":632,"date":"2017-02-23T09:41:39","date_gmt":"2017-02-23T08:41:39","guid":{"rendered":"http:\/\/agora.xtec.cat\/escola-agora\/?page_id=632"},"modified":"2025-02-27T13:31:32","modified_gmt":"2025-02-27T12:31:32","slug":"organitzacio-i-funcionament","status":"publish","type":"page","link":"https:\/\/agora.xtec.cat\/escola-agora\/lescola\/organitzacio-i-funcionament\/","title":{"rendered":"Organitzaci\u00f3 i funcionament"},"content":{"rendered":"<p>La manera d&#8217;organitzar a l\u2019alumnat afavoreix una determinada metodologia. A l\u2019escola en molts moments del dia treballem agrupant al nostre alumnat de diferents maneres:<\/p>\n<ul>\n<li><strong>En <\/strong><strong>tallers<\/strong><strong> intercicle<\/strong>: grups heterogenis entre els alumnes del mateix cicle.\n<ul>\n<li>de llengua<\/li>\n<li>de matem\u00e0tiques<\/li>\n<li>creatius<\/li>\n<\/ul>\n<\/li>\n<li><strong>En microespais<\/strong>: a cada aula d&#8217;Educaci\u00f3 Infantil entre el grup.<\/li>\n<li><strong>En <\/strong><strong>ambients<\/strong><strong> d&#8217;aprenentatge<\/strong>: grups heterogenis d&#8217;I3 a segon de Prim\u00e0ria.<\/li>\n<li><strong>Els <\/strong><strong>padrinatges<\/strong> de lectura entre l&#8217;alumnat d&#8217;I5 i 5\u00e8 i 1r i 6\u00e8.<\/li>\n<li><strong>Aprenentatge<\/strong><strong> entre iguals<\/strong>: entre l&#8217;alumnat de la mateixa classe o cicle.<\/li>\n<li><strong>Els <\/strong><strong>desdoblaments<\/strong> d&#8217;angl\u00e8s des d&#8217;I5 a 6\u00e8. La psicomotricitat i la m\u00fasica a Educaci\u00f3 Infantil.<\/li>\n<li><strong>Petits grups<\/strong> dins d&#8217;un gran grup amb objectius i metodologies comunes i diferents i continguts.<\/li>\n<li><strong>La <\/strong><strong>cura<\/strong><strong> dels m\u00e9s petits<\/strong>: els grans ajuden als petits en diferents moments (menjador, festes, finals de trimestre&#8230;).<\/li>\n<li><strong>Treball de l&#8217;hort i jard\u00ed<\/strong> de l&#8217;escola: grups de treball entre tot l&#8217;alumnat de Prim\u00e0ria.<\/li>\n<\/ul>\n<p><a href=\"http:\/\/agora.xtec.cat\/escola-agora\/wp-content\/uploads\/usu616\/2017\/02\/Imagen-3.png\"><img loading=\"lazy\" decoding=\"async\" class=\"size-medium wp-image-633 aligncenter\" src=\"http:\/\/agora.xtec.cat\/escola-agora\/wp-content\/uploads\/usu616\/2017\/02\/Imagen-3-300x226.png\" alt=\"\" width=\"300\" height=\"226\" srcset=\"https:\/\/agora.xtec.cat\/escola-agora\/wp-content\/uploads\/usu616\/2017\/02\/Imagen-3-300x226.png 300w, https:\/\/agora.xtec.cat\/escola-agora\/wp-content\/uploads\/usu616\/2017\/02\/Imagen-3-200x150.png 200w, https:\/\/agora.xtec.cat\/escola-agora\/wp-content\/uploads\/usu616\/2017\/02\/Imagen-3.png 432w\" sizes=\"auto, (max-width: 300px) 100vw, 300px\" \/><\/a><\/p>\n","protected":false},"excerpt":{"rendered":"<p>La manera d&#8217;organitzar a l\u2019alumnat afavoreix una determinada metodologia. A l\u2019escola en molts moments del dia treballem agrupant al nostre alumnat de diferents maneres: En tallers intercicle: grups heterogenis entre els alumnes del mateix cicle. de llengua de matem\u00e0tiques creatius En microespais: a cada aula d&#8217;Educaci\u00f3 Infantil entre el grup. En ambients d&#8217;aprenentatge: grups heterogenis [&hellip;]<\/p>\n","protected":false},"author":1,"featured_media":0,"parent":22,"menu_order":0,"comment_status":"closed","ping_status":"closed","template":"page-templates\/side-menu.php","meta":{"_bbp_topic_count":0,"_bbp_reply_count":0,"_bbp_total_topic_count":0,"_bbp_total_reply_count":0,"_bbp_voice_count":0,"_bbp_anonymous_reply_count":0,"_bbp_topic_count_hidden":0,"_bbp_reply_count_hidden":0,"_bbp_forum_subforum_count":0,"site-sidebar-layout":"default","site-content-layout":"","ast-site-content-layout":"","site-content-style":"default","site-sidebar-style":"default","ast-global-header-display":"","ast-banner-title-visibility":"","ast-main-header-display":"","ast-hfb-above-header-display":"","ast-hfb-below-header-display":"","ast-hfb-mobile-header-display":"","site-post-title":"","ast-breadcrumbs-content":"","ast-featured-img":"","footer-sml-layout":"","theme-transparent-header-meta":"","adv-header-id-meta":"","stick-header-meta":"","header-above-stick-meta":"","header-main-stick-meta":"","header-below-stick-meta":"","astra-migrate-meta-layouts":"default","ast-page-background-enabled":"default","ast-page-background-meta":{"desktop":{"background-color":"var(--ast-global-color-4)","background-image":"","background-repeat":"repeat","background-position":"center center","background-size":"auto","background-attachment":"scroll","background-type":"","background-media":"","overlay-type":"","overlay-color":"","overlay-opacity":"","overlay-gradient":""},"tablet":{"background-color":"","background-image":"","background-repeat":"repeat","background-position":"center center","background-size":"auto","background-attachment":"scroll","background-type":"","background-media":"","overlay-type":"","overlay-color":"","overlay-opacity":"","overlay-gradient":""},"mobile":{"background-color":"","background-image":"","background-repeat":"repeat","background-position":"center center","background-size":"auto","background-attachment":"scroll","background-type":"","background-media":"","overlay-type":"","overlay-color":"","overlay-opacity":"","overlay-gradient":""}},"ast-content-background-meta":{"desktop":{"background-color":"var(--ast-global-color-5)","background-image":"","background-repeat":"repeat","background-position":"center center","background-size":"auto","background-attachment":"scroll","background-type":"","background-media":"","overlay-type":"","overlay-color":"","overlay-opacity":"","overlay-gradient":""},"tablet":{"background-color":"var(--ast-global-color-5)","background-image":"","background-repeat":"repeat","background-position":"center center","background-size":"auto","background-attachment":"scroll","background-type":"","background-media":"","overlay-type":"","overlay-color":"","overlay-opacity":"","overlay-gradient":""},"mobile":{"background-color":"var(--ast-global-color-5)","background-image":"","background-repeat":"repeat","background-position":"center center","background-size":"auto","background-attachment":"scroll","background-type":"","background-media":"","overlay-type":"","overlay-color":"","overlay-opacity":"","overlay-gradient":""}},"footnotes":""},"class_list":["post-632","page","type-page","status-publish","hentry"],"post_mailing_queue_ids":[],"_links":{"self":[{"href":"https:\/\/agora.xtec.cat\/escola-agora\/wp-json\/wp\/v2\/pages\/632","targetHints":{"allow":["GET"]}}],"collection":[{"href":"https:\/\/agora.xtec.cat\/escola-agora\/wp-json\/wp\/v2\/pages"}],"about":[{"href":"https:\/\/agora.xtec.cat\/escola-agora\/wp-json\/wp\/v2\/types\/page"}],"author":[{"embeddable":true,"href":"https:\/\/agora.xtec.cat\/escola-agora\/wp-json\/wp\/v2\/users\/1"}],"replies":[{"embeddable":true,"href":"https:\/\/agora.xtec.cat\/escola-agora\/wp-json\/wp\/v2\/comments?post=632"}],"version-history":[{"count":3,"href":"https:\/\/agora.xtec.cat\/escola-agora\/wp-json\/wp\/v2\/pages\/632\/revisions"}],"predecessor-version":[{"id":12608,"href":"https:\/\/agora.xtec.cat\/escola-agora\/wp-json\/wp\/v2\/pages\/632\/revisions\/12608"}],"up":[{"embeddable":true,"href":"https:\/\/agora.xtec.cat\/escola-agora\/wp-json\/wp\/v2\/pages\/22"}],"wp:attachment":[{"href":"https:\/\/agora.xtec.cat\/escola-agora\/wp-json\/wp\/v2\/media?parent=632"}],"curies":[{"name":"wp","href":"https:\/\/api.w.org\/{rel}","templated":true}]}}