{"id":628,"date":"2017-02-23T09:36:41","date_gmt":"2017-02-23T08:36:41","guid":{"rendered":"http:\/\/agora.xtec.cat\/escola-agora\/?page_id=628"},"modified":"2017-02-23T09:36:41","modified_gmt":"2017-02-23T08:36:41","slug":"missio-visio-i-valors","status":"publish","type":"page","link":"https:\/\/agora.xtec.cat\/escola-agora\/lescola\/missio-visio-i-valors\/","title":{"rendered":"Missi\u00f3, visi\u00f3 i valors"},"content":{"rendered":"<p>L\u2019ESCOLA \u00c0GORA \u00e9s una escola viva, conscient dels canvis continuats de la societat de la que en forma part; ens adaptem a la realitat de cada moment, ajudant el nostre alumnat a ser persones \u00edntegres, homes i dones compromesos amb el seu temps.<\/p>\n<p><strong>\u00a0<\/strong><a name=\"_Toc474752783\"><\/a><strong><u>Valors<\/u><\/strong><\/p>\n<p>Integrada per un equip de professionals al servei de l\u2019educaci\u00f3 que creiem en l\u2019escola com a espai de participaci\u00f3, all\u00e0 on totes les persones que hi convivim ens expressem en llibertat i aprenem en el respecte, la toler\u00e0ncia, la solidaritat i l\u2019afecte.<\/p>\n<p>Cerquem i treballem per l\u2019educaci\u00f3 integral dels nens i les nenes en l\u2019\u00e0mbit de la coeducaci\u00f3, de la riquesa ling\u00fc\u00edstica, del sentit del respecte i la toler\u00e0ncia quant a les idees, dels valors democr\u00e0tics, de la inquietud per la renovaci\u00f3 pedag\u00f2gica i de l\u2019educaci\u00f3 personalitzada.<\/p>\n<p><strong>\u00a0<\/strong><a name=\"_Toc474752784\"><\/a><strong><u>Missi\u00f3<\/u><\/strong><\/p>\n<p>Concebem la nostra tasca en l\u2019educaci\u00f3 com l\u2019acompanyament al nostre alumnat en un proc\u00e9s de millora cont\u00ednua, en el qual pugui desenvolupar al m\u00e0xim les seves aptituds, aprengui a gestionar-les adequadament i es capaciti aix\u00ed per la vida d\u2019adult en societat; aix\u00ed com ajudar els nens i les nenes a educar-se en l\u2019esfor\u00e7, ent\u00e8s com a eina que els far\u00e0 possible assolir el seu desenvolupament integral, aconseguit com a fruit de la il\u00b7lusi\u00f3 en cadascuna de les activitats que fa, a la classe, en el joc, a casa, en la societat.<\/p>\n<p>La creaci\u00f3 i manteniment d\u2019un ambient afectu\u00f3s de relaci\u00f3 entre tots els integrants de la nostra comunitat educativa com a eina facilitadora d\u2019aquesta formaci\u00f3 integral. Creiem en relacions humanes basades en el respecte i la confian\u00e7a, la toler\u00e0ncia, l\u2019autoritat ben entesa i l\u2019estimaci\u00f3 on l\u2019afecte i la cortesia tenen un paper preponderant.<\/p>\n<p>L\u2019experi\u00e8ncia de la comunicaci\u00f3 personal i de l\u2019afecte en les relacions humanes, com a fet vivencial per\u00f2 fonamentat a cada moment i ocasi\u00f3 des de la reflexi\u00f3, ha de ser element essencial de l\u2019educaci\u00f3 del nostre alumnat, als quals cal ajudar a posar en pr\u00e0ctica el sentit profund de l\u2019amistat com a l\u00ednia fonamental del seu desenvolupament personal.<\/p>\n<p>A l\u2019escola hem de crear, mitjan\u00e7ant totes i cadascuna de les seves activitats, un entorn que estimuli en l\u2019alumnat la formaci\u00f3 del criteri propi, l\u2019exercici de la llibertat responsable, l\u2019autodomini i l\u2019esfor\u00e7 continuat per ser un mateix.<\/p>\n<p>La responsabilitat, entesa com a capacitat de donar resposta satisfact\u00f2ria als compromisos adquirits, \u00e9s una part fonamental de l\u2019exercici de la llibertat en la conducta humana.<\/p>\n<p>Compartir amb els pares i mares els objectius comuns a fi d\u2019assegurar l\u2019acci\u00f3 conjunta en l\u2019educaci\u00f3 del seu fill o la seva filla. La relaci\u00f3 que s\u2019estableix entre\u00a0 mestres i l\u2019alumnat representa una activitat essencial del proc\u00e9s educatiu en la mesura que ajuda l\u2019alumne a con\u00e8ixer-se, a acceptar-se i a desenvolupar la seva personalitat d\u2019una manera equilibrada, harm\u00f2nicament amb les aptituds i interessos que li s\u00f3n propis i necessaris per a la vida, tant a nivell individual com social i comunitari.<\/p>\n<p>L\u2019alumnat, orientat pel seu tutor o tutora i en col\u00b7laboraci\u00f3 amb les fam\u00edlies, defineix uns objectius de millora personal en tots i cadascun dels \u00e0mbits de la personalitat \u2013 acad\u00e8mics, personals, de relaci\u00f3, familiar&#8230;-.<\/p>\n<p><a name=\"_Toc474752785\"><\/a><strong><u>Visi\u00f3<\/u><\/strong><\/p>\n<p>Basada en els \u201cPILARS DE L\u2019EDUCACI\u00d3\u201d de l\u2019informe Delors<\/p>\n<ul>\n<li><strong>Aprendre a con\u00e8ixer<\/strong>. L\u2019educaci\u00f3 ha de garantir que el nostre alumnat tingui la curiositat i d\u2019inter\u00e8s per aprendre i tamb\u00e9 les eines i l\u2019actitud necess\u00e0ries per poder aprofitar les possibilitats d\u2019aprendre que tindr\u00e0 en el decurs de la seva vida.<\/li>\n<\/ul>\n<ul>\n<li><strong>Aprendre a fer<\/strong>. Formar els homes i dones del dem\u00e0 per adquirir unes compet\u00e8ncies que els capacitin per treballar en equip i fer front a gran nombre de situacions.<\/li>\n<\/ul>\n<ul>\n<li><strong>Aprendre a viure junts<\/strong>. Desenvolupar en\u00a0 el nostre alumnat compet\u00e8ncies socials, per saber realitzar projectes en com\u00fa, resoldre de forma adient els conflictes, amb actituds de comprensi\u00f3, toler\u00e0ncia i respectant sempre els valors de pluralisme, comprensi\u00f3 m\u00fatua i pau.<\/li>\n<li><strong>Aprendre a ser<\/strong>. A partir de la consolidaci\u00f3 i millora de tots els \u00e0mbits de la pr\u00f2pia personalitat, sabran actuar amb autonomia, responsabilitat personal i criteri propi<\/li>\n<\/ul>\n<p>&nbsp;<\/p>\n<p><a href=\"http:\/\/agora.xtec.cat\/escola-agora\/wp-content\/uploads\/usu616\/2017\/02\/Imagen-2.png\"><img loading=\"lazy\" decoding=\"async\" class=\" wp-image-629 aligncenter\" src=\"http:\/\/agora.xtec.cat\/escola-agora\/wp-content\/uploads\/usu616\/2017\/02\/Imagen-2-300x196.png\" alt=\"\" width=\"366\" height=\"239\" srcset=\"https:\/\/agora.xtec.cat\/escola-agora\/wp-content\/uploads\/usu616\/2017\/02\/Imagen-2-300x196.png 300w, https:\/\/agora.xtec.cat\/escola-agora\/wp-content\/uploads\/usu616\/2017\/02\/Imagen-2.png 647w\" sizes=\"auto, (max-width: 366px) 100vw, 366px\" \/><\/a><\/p>\n","protected":false},"excerpt":{"rendered":"<p>L\u2019ESCOLA \u00c0GORA \u00e9s una escola viva, conscient dels canvis continuats de la societat de la que en forma part; ens adaptem a la realitat de cada moment, ajudant el nostre alumnat a ser persones \u00edntegres, homes i dones compromesos amb el seu temps. \u00a0Valors Integrada per un equip de professionals al servei de l\u2019educaci\u00f3 que [&hellip;]<\/p>\n","protected":false},"author":1,"featured_media":0,"parent":22,"menu_order":0,"comment_status":"closed","ping_status":"closed","template":"page-templates\/side-menu.php","meta":{"_bbp_topic_count":0,"_bbp_reply_count":0,"_bbp_total_topic_count":0,"_bbp_total_reply_count":0,"_bbp_voice_count":0,"_bbp_anonymous_reply_count":0,"_bbp_topic_count_hidden":0,"_bbp_reply_count_hidden":0,"_bbp_forum_subforum_count":0,"site-sidebar-layout":"default","site-content-layout":"","ast-site-content-layout":"","site-content-style":"default","site-sidebar-style":"default","ast-global-header-display":"","ast-banner-title-visibility":"","ast-main-header-display":"","ast-hfb-above-header-display":"","ast-hfb-below-header-display":"","ast-hfb-mobile-header-display":"","site-post-title":"","ast-breadcrumbs-content":"","ast-featured-img":"","footer-sml-layout":"","theme-transparent-header-meta":"","adv-header-id-meta":"","stick-header-meta":"","header-above-stick-meta":"","header-main-stick-meta":"","header-below-stick-meta":"","astra-migrate-meta-layouts":"default","ast-page-background-enabled":"default","ast-page-background-meta":{"desktop":{"background-color":"var(--ast-global-color-4)","background-image":"","background-repeat":"repeat","background-position":"center center","background-size":"auto","background-attachment":"scroll","background-type":"","background-media":"","overlay-type":"","overlay-color":"","overlay-opacity":"","overlay-gradient":""},"tablet":{"background-color":"","background-image":"","background-repeat":"repeat","background-position":"center center","background-size":"auto","background-attachment":"scroll","background-type":"","background-media":"","overlay-type":"","overlay-color":"","overlay-opacity":"","overlay-gradient":""},"mobile":{"background-color":"","background-image":"","background-repeat":"repeat","background-position":"center center","background-size":"auto","background-attachment":"scroll","background-type":"","background-media":"","overlay-type":"","overlay-color":"","overlay-opacity":"","overlay-gradient":""}},"ast-content-background-meta":{"desktop":{"background-color":"var(--ast-global-color-5)","background-image":"","background-repeat":"repeat","background-position":"center center","background-size":"auto","background-attachment":"scroll","background-type":"","background-media":"","overlay-type":"","overlay-color":"","overlay-opacity":"","overlay-gradient":""},"tablet":{"background-color":"var(--ast-global-color-5)","background-image":"","background-repeat":"repeat","background-position":"center center","background-size":"auto","background-attachment":"scroll","background-type":"","background-media":"","overlay-type":"","overlay-color":"","overlay-opacity":"","overlay-gradient":""},"mobile":{"background-color":"var(--ast-global-color-5)","background-image":"","background-repeat":"repeat","background-position":"center center","background-size":"auto","background-attachment":"scroll","background-type":"","background-media":"","overlay-type":"","overlay-color":"","overlay-opacity":"","overlay-gradient":""}},"footnotes":""},"class_list":["post-628","page","type-page","status-publish","hentry"],"post_mailing_queue_ids":[],"_links":{"self":[{"href":"https:\/\/agora.xtec.cat\/escola-agora\/wp-json\/wp\/v2\/pages\/628","targetHints":{"allow":["GET"]}}],"collection":[{"href":"https:\/\/agora.xtec.cat\/escola-agora\/wp-json\/wp\/v2\/pages"}],"about":[{"href":"https:\/\/agora.xtec.cat\/escola-agora\/wp-json\/wp\/v2\/types\/page"}],"author":[{"embeddable":true,"href":"https:\/\/agora.xtec.cat\/escola-agora\/wp-json\/wp\/v2\/users\/1"}],"replies":[{"embeddable":true,"href":"https:\/\/agora.xtec.cat\/escola-agora\/wp-json\/wp\/v2\/comments?post=628"}],"version-history":[{"count":1,"href":"https:\/\/agora.xtec.cat\/escola-agora\/wp-json\/wp\/v2\/pages\/628\/revisions"}],"predecessor-version":[{"id":630,"href":"https:\/\/agora.xtec.cat\/escola-agora\/wp-json\/wp\/v2\/pages\/628\/revisions\/630"}],"up":[{"embeddable":true,"href":"https:\/\/agora.xtec.cat\/escola-agora\/wp-json\/wp\/v2\/pages\/22"}],"wp:attachment":[{"href":"https:\/\/agora.xtec.cat\/escola-agora\/wp-json\/wp\/v2\/media?parent=628"}],"curies":[{"name":"wp","href":"https:\/\/api.w.org\/{rel}","templated":true}]}}