{"id":431,"date":"2016-11-16T09:29:25","date_gmt":"2016-11-16T08:29:25","guid":{"rendered":"http:\/\/agora.xtec.cat\/escola-agora\/?page_id=431"},"modified":"2024-11-18T10:18:27","modified_gmt":"2024-11-18T09:18:27","slug":"matematiques","status":"publish","type":"page","link":"https:\/\/agora.xtec.cat\/escola-agora\/lescola\/com-ho-fem\/tallers\/matematiques\/","title":{"rendered":"Matem\u00e0tics"},"content":{"rendered":"<p><strong><u>Les matem\u00e0tiques a l\u2019escola:<\/u><\/strong><\/p>\n<p>Creiem que l\u2019aprenentatge de les matem\u00e0tiques ha de ser significatiu, \u00e9s a dir, aprenentatge amb sentit. El sentit el dona la relaci\u00f3 del nou coneixement amb coneixements anteriors, amb situacions quotidianes, amb la mateixa experi\u00e8ncia, amb situacions reals\u2026<\/p>\n<p>Sempre partirem d\u2019una situaci\u00f3 problema per crear la motivaci\u00f3 i la necessitat d\u2019aprendre. Amb aix\u00f2 tindrem en compte sempre els coneixements previs, les experi\u00e8ncies de l\u2019alumnat i, sobretot, FER PENSAR.<\/p>\n<p>Abans d\u2019arribar a escriure en el paper qualsevol concepte, els nens han hagut de manipular amb objectes, jocs, estris, etc.<\/p>\n<p><strong>Tallers matem\u00e0tics<\/strong><\/p>\n<ul>\n<li>L\u2019alumnat estar\u00e0 organitzat en agrupaments m\u00e9s redu\u00efts, per cicle, per donar protagonisme als alumnes.<\/li>\n<li>Treballar diferents tipus d\u2019estrat\u00e8gies que els ajudar\u00e0 a anar descobrint i incorporant per enfrontar-se a la vida quotidiana.<\/li>\n<li>Aprendre a organitzar els recursos i a col\u00b7laborar amb els altres per aconseguir el que hem planificat.<\/li>\n<li>A la prim\u00e0ria es fan els seg\u00fcents tallers:\n<ul>\n<li>Geometria creativa<\/li>\n<li>Problemes d\u2019estrat\u00e8gia i d\u2019investigaci\u00f3<\/li>\n<li>Les matem\u00e0tiques mitjan\u00e7ant l\u2019\u00fas de les noves metodologies (cicle Mitj\u00e0 i superior)<\/li>\n<li>Juguem amb les matem\u00e0tiques (cicle Inicial)<\/li>\n<\/ul>\n<\/li>\n<\/ul>\n","protected":false},"excerpt":{"rendered":"<p>Les matem\u00e0tiques a l\u2019escola: Creiem que l\u2019aprenentatge de les matem\u00e0tiques ha de ser significatiu, \u00e9s a dir, aprenentatge amb sentit. El sentit el dona la relaci\u00f3 del nou coneixement amb coneixements anteriors, amb situacions quotidianes, amb la mateixa experi\u00e8ncia, amb situacions reals\u2026 Sempre partirem d\u2019una situaci\u00f3 problema per crear la motivaci\u00f3 i la necessitat d\u2019aprendre. [&hellip;]<\/p>\n","protected":false},"author":1,"featured_media":0,"parent":345,"menu_order":0,"comment_status":"closed","ping_status":"closed","template":"page-templates\/side-menu.php","meta":{"_bbp_topic_count":0,"_bbp_reply_count":0,"_bbp_total_topic_count":0,"_bbp_total_reply_count":0,"_bbp_voice_count":0,"_bbp_anonymous_reply_count":0,"_bbp_topic_count_hidden":0,"_bbp_reply_count_hidden":0,"_bbp_forum_subforum_count":0,"site-sidebar-layout":"default","site-content-layout":"","ast-site-content-layout":"","site-content-style":"default","site-sidebar-style":"default","ast-global-header-display":"","ast-banner-title-visibility":"","ast-main-header-display":"","ast-hfb-above-header-display":"","ast-hfb-below-header-display":"","ast-hfb-mobile-header-display":"","site-post-title":"","ast-breadcrumbs-content":"","ast-featured-img":"","footer-sml-layout":"","theme-transparent-header-meta":"","adv-header-id-meta":"","stick-header-meta":"","header-above-stick-meta":"","header-main-stick-meta":"","header-below-stick-meta":"","astra-migrate-meta-layouts":"default","ast-page-background-enabled":"default","ast-page-background-meta":{"desktop":{"background-color":"var(--ast-global-color-4)","background-image":"","background-repeat":"repeat","background-position":"center center","background-size":"auto","background-attachment":"scroll","background-type":"","background-media":"","overlay-type":"","overlay-color":"","overlay-opacity":"","overlay-gradient":""},"tablet":{"background-color":"","background-image":"","background-repeat":"repeat","background-position":"center center","background-size":"auto","background-attachment":"scroll","background-type":"","background-media":"","overlay-type":"","overlay-color":"","overlay-opacity":"","overlay-gradient":""},"mobile":{"background-color":"","background-image":"","background-repeat":"repeat","background-position":"center center","background-size":"auto","background-attachment":"scroll","background-type":"","background-media":"","overlay-type":"","overlay-color":"","overlay-opacity":"","overlay-gradient":""}},"ast-content-background-meta":{"desktop":{"background-color":"var(--ast-global-color-5)","background-image":"","background-repeat":"repeat","background-position":"center center","background-size":"auto","background-attachment":"scroll","background-type":"","background-media":"","overlay-type":"","overlay-color":"","overlay-opacity":"","overlay-gradient":""},"tablet":{"background-color":"var(--ast-global-color-5)","background-image":"","background-repeat":"repeat","background-position":"center center","background-size":"auto","background-attachment":"scroll","background-type":"","background-media":"","overlay-type":"","overlay-color":"","overlay-opacity":"","overlay-gradient":""},"mobile":{"background-color":"var(--ast-global-color-5)","background-image":"","background-repeat":"repeat","background-position":"center center","background-size":"auto","background-attachment":"scroll","background-type":"","background-media":"","overlay-type":"","overlay-color":"","overlay-opacity":"","overlay-gradient":""}},"footnotes":""},"class_list":["post-431","page","type-page","status-publish","hentry"],"post_mailing_queue_ids":[],"_links":{"self":[{"href":"https:\/\/agora.xtec.cat\/escola-agora\/wp-json\/wp\/v2\/pages\/431","targetHints":{"allow":["GET"]}}],"collection":[{"href":"https:\/\/agora.xtec.cat\/escola-agora\/wp-json\/wp\/v2\/pages"}],"about":[{"href":"https:\/\/agora.xtec.cat\/escola-agora\/wp-json\/wp\/v2\/types\/page"}],"author":[{"embeddable":true,"href":"https:\/\/agora.xtec.cat\/escola-agora\/wp-json\/wp\/v2\/users\/1"}],"replies":[{"embeddable":true,"href":"https:\/\/agora.xtec.cat\/escola-agora\/wp-json\/wp\/v2\/comments?post=431"}],"version-history":[{"count":3,"href":"https:\/\/agora.xtec.cat\/escola-agora\/wp-json\/wp\/v2\/pages\/431\/revisions"}],"predecessor-version":[{"id":12255,"href":"https:\/\/agora.xtec.cat\/escola-agora\/wp-json\/wp\/v2\/pages\/431\/revisions\/12255"}],"up":[{"embeddable":true,"href":"https:\/\/agora.xtec.cat\/escola-agora\/wp-json\/wp\/v2\/pages\/345"}],"wp:attachment":[{"href":"https:\/\/agora.xtec.cat\/escola-agora\/wp-json\/wp\/v2\/media?parent=431"}],"curies":[{"name":"wp","href":"https:\/\/api.w.org\/{rel}","templated":true}]}}