{"id":391,"date":"2016-11-11T17:10:17","date_gmt":"2016-11-11T16:10:17","guid":{"rendered":"http:\/\/agora.xtec.cat\/escola-agora\/?page_id=391"},"modified":"2025-09-10T09:22:08","modified_gmt":"2025-09-10T07:22:08","slug":"mestres","status":"publish","type":"page","link":"https:\/\/agora.xtec.cat\/escola-agora\/lescola\/qui-som\/mestres\/","title":{"rendered":"Mestres"},"content":{"rendered":"<p><strong>COMPOSICI\u00d3 DE L\u2019EQUIP DOCENT\u00a0<\/strong><\/p>\n<p><strong>Equip Directiu <\/strong><\/p>\n<p><span style=\"font-weight: 400;\">Judit Garc\u00eda Pastor (directora)<\/span><\/p>\n<p><span style=\"font-weight: 400;\">Manel Vidal Portillo (cap d\u2019estudis)\u00a0<\/span><\/p>\n<p><span style=\"font-weight: 400;\">Xavier Nacenta Garc\u00eda (secretari)\u00a0<\/span><\/p>\n<hr \/>\n<p><span style=\"font-weight: 400;\">\u00a0<\/span><b>&gt; <\/b><b><i>Educaci\u00f3 Infantil\u00a0<\/i><\/b><\/p>\n<p><span style=\"font-weight: 400;\">I3 &#8211; Sara Ram\u00edrez\u00a0<\/span><\/p>\n<p><span style=\"font-weight: 400;\">TEI &#8211; Gl\u00f2ria Rodr\u00edguez\u00a0<\/span><\/p>\n<p><span style=\"font-weight: 400;\">I4 &#8211; Xavi V<\/span><\/p>\n<p><span style=\"font-weight: 400;\">I5 &#8211; J\u00falia Vendrell\u00a0<\/span><\/p>\n<p><span style=\"font-weight: 400;\">Suport &#8211; Sara Constantino<\/span><\/p>\n<hr \/>\n<p><b><i>&gt; Educaci\u00f3 Prim\u00e0ria\u00a0<\/i><\/b><\/p>\n<p><span style=\"font-weight: 400;\">1r &#8211; Su de la Jara\u00a0<\/span><\/p>\n<p><span style=\"font-weight: 400;\">2n &#8211; Sandra Vives i Laura Vert<\/span><\/p>\n<p><span style=\"font-weight: 400;\">3r &#8211; Marta Rodr\u00edguez\u00a0<\/span><\/p>\n<p><span style=\"font-weight: 400;\">4t &#8211; Susana Echevarr\u00eda\u00a0<\/span><\/p>\n<p><span style=\"font-weight: 400;\">5\u00e8 &#8211; Marina Moya i Anna Perales<\/span><\/p>\n<p><span style=\"font-weight: 400;\">6\u00e8 &#8211; Jordi Baldrich\u00a0\u00a0<\/span><\/p>\n<hr \/>\n<p><strong>Especialistes\u00a0<\/strong><\/p>\n<p><span style=\"font-weight: 400;\">Angl\u00e8s &#8211; M\u00f2nica Mart\u00ednez, Peter Estela i Anna Perales\u00a0<\/span><\/p>\n<p><span style=\"font-weight: 400;\">Educaci\u00f3 musical &#8211; Jaume Ortega\u00a0<\/span><\/p>\n<p><span style=\"font-weight: 400;\">Educaci\u00f3 f\u00edsica i psicomotricitat &#8211; Peter Estela i Xavier Nacenta\u00a0<\/span><\/p>\n<p><span style=\"font-weight: 400;\">SIEI i Educaci\u00f3 Especial &#8211; Anna G\u00f3mez, Alba Garc\u00eda i S\u00edlvia Mengual\u00a0<\/span><\/p>\n<p><span style=\"font-weight: 400;\">Monitora de suport &#8211; Eli Roig\u00a0<\/span><\/p>\n<p>&nbsp;<\/p>\n<p><strong>Personal del centre\u00a0<\/strong><\/p>\n<p><span style=\"font-weight: 400;\">Administrativa &#8211; Eva Tallada\u00a0<\/span><\/p>\n<p><span style=\"font-weight: 400;\">Conserge &#8211; Javi Mart\u00edn\u00a0<\/span><\/p>\n<p><span style=\"font-weight: 400;\">Personal de cuina &#8211; Pili Mayo i Yolanda Chamorro\u00a0<\/span><\/p>\n<p><span style=\"font-weight: 400;\">Coordinaci\u00f3 del menjador &#8211; Laura Besc\u00f3s i Eli Roig<\/span><\/p>\n<p>&nbsp;<\/p>\n","protected":false},"excerpt":{"rendered":"<p>COMPOSICI\u00d3 DE L\u2019EQUIP DOCENT\u00a0 Equip Directiu Judit Garc\u00eda Pastor (directora) Manel Vidal Portillo (cap d\u2019estudis)\u00a0 Xavier Nacenta Garc\u00eda (secretari)\u00a0 \u00a0&gt; Educaci\u00f3 Infantil\u00a0 I3 &#8211; Sara Ram\u00edrez\u00a0 TEI &#8211; Gl\u00f2ria Rodr\u00edguez\u00a0 I4 &#8211; Xavi V I5 &#8211; J\u00falia Vendrell\u00a0 Suport &#8211; Sara Constantino &gt; Educaci\u00f3 Prim\u00e0ria\u00a0 1r &#8211; Su de la Jara\u00a0 2n &#8211; Sandra Vives [&hellip;]<\/p>\n","protected":false},"author":1,"featured_media":0,"parent":320,"menu_order":0,"comment_status":"closed","ping_status":"closed","template":"page-templates\/side-menu.php","meta":{"_bbp_topic_count":0,"_bbp_reply_count":0,"_bbp_total_topic_count":0,"_bbp_total_reply_count":0,"_bbp_voice_count":0,"_bbp_anonymous_reply_count":0,"_bbp_topic_count_hidden":0,"_bbp_reply_count_hidden":0,"_bbp_forum_subforum_count":0,"site-sidebar-layout":"default","site-content-layout":"","ast-site-content-layout":"","site-content-style":"default","site-sidebar-style":"default","ast-global-header-display":"","ast-banner-title-visibility":"","ast-main-header-display":"","ast-hfb-above-header-display":"","ast-hfb-below-header-display":"","ast-hfb-mobile-header-display":"","site-post-title":"","ast-breadcrumbs-content":"","ast-featured-img":"","footer-sml-layout":"","theme-transparent-header-meta":"","adv-header-id-meta":"","stick-header-meta":"","header-above-stick-meta":"","header-main-stick-meta":"","header-below-stick-meta":"","astra-migrate-meta-layouts":"default","ast-page-background-enabled":"default","ast-page-background-meta":{"desktop":{"background-color":"var(--ast-global-color-4)","background-image":"","background-repeat":"repeat","background-position":"center center","background-size":"auto","background-attachment":"scroll","background-type":"","background-media":"","overlay-type":"","overlay-color":"","overlay-opacity":"","overlay-gradient":""},"tablet":{"background-color":"","background-image":"","background-repeat":"repeat","background-position":"center center","background-size":"auto","background-attachment":"scroll","background-type":"","background-media":"","overlay-type":"","overlay-color":"","overlay-opacity":"","overlay-gradient":""},"mobile":{"background-color":"","background-image":"","background-repeat":"repeat","background-position":"center center","background-size":"auto","background-attachment":"scroll","background-type":"","background-media":"","overlay-type":"","overlay-color":"","overlay-opacity":"","overlay-gradient":""}},"ast-content-background-meta":{"desktop":{"background-color":"var(--ast-global-color-5)","background-image":"","background-repeat":"repeat","background-position":"center center","background-size":"auto","background-attachment":"scroll","background-type":"","background-media":"","overlay-type":"","overlay-color":"","overlay-opacity":"","overlay-gradient":""},"tablet":{"background-color":"var(--ast-global-color-5)","background-image":"","background-repeat":"repeat","background-position":"center center","background-size":"auto","background-attachment":"scroll","background-type":"","background-media":"","overlay-type":"","overlay-color":"","overlay-opacity":"","overlay-gradient":""},"mobile":{"background-color":"var(--ast-global-color-5)","background-image":"","background-repeat":"repeat","background-position":"center center","background-size":"auto","background-attachment":"scroll","background-type":"","background-media":"","overlay-type":"","overlay-color":"","overlay-opacity":"","overlay-gradient":""}},"footnotes":""},"class_list":["post-391","page","type-page","status-publish","hentry"],"post_mailing_queue_ids":[],"_links":{"self":[{"href":"https:\/\/agora.xtec.cat\/escola-agora\/wp-json\/wp\/v2\/pages\/391","targetHints":{"allow":["GET"]}}],"collection":[{"href":"https:\/\/agora.xtec.cat\/escola-agora\/wp-json\/wp\/v2\/pages"}],"about":[{"href":"https:\/\/agora.xtec.cat\/escola-agora\/wp-json\/wp\/v2\/types\/page"}],"author":[{"embeddable":true,"href":"https:\/\/agora.xtec.cat\/escola-agora\/wp-json\/wp\/v2\/users\/1"}],"replies":[{"embeddable":true,"href":"https:\/\/agora.xtec.cat\/escola-agora\/wp-json\/wp\/v2\/comments?post=391"}],"version-history":[{"count":6,"href":"https:\/\/agora.xtec.cat\/escola-agora\/wp-json\/wp\/v2\/pages\/391\/revisions"}],"predecessor-version":[{"id":12712,"href":"https:\/\/agora.xtec.cat\/escola-agora\/wp-json\/wp\/v2\/pages\/391\/revisions\/12712"}],"up":[{"embeddable":true,"href":"https:\/\/agora.xtec.cat\/escola-agora\/wp-json\/wp\/v2\/pages\/320"}],"wp:attachment":[{"href":"https:\/\/agora.xtec.cat\/escola-agora\/wp-json\/wp\/v2\/media?parent=391"}],"curies":[{"name":"wp","href":"https:\/\/api.w.org\/{rel}","templated":true}]}}