{"id":355,"date":"2016-11-11T16:57:14","date_gmt":"2016-11-11T15:57:14","guid":{"rendered":"http:\/\/agora.xtec.cat\/escola-agora\/?page_id=355"},"modified":"2025-01-12T22:44:00","modified_gmt":"2025-01-12T21:44:00","slug":"padrinatge-de-grans-a-petits","status":"publish","type":"page","link":"https:\/\/agora.xtec.cat\/escola-agora\/lescola\/com-ho-fem\/padrinatge-de-grans-a-petits\/","title":{"rendered":"Apadrinament lector"},"content":{"rendered":"<p>A l&#8217;escola realitzem els <strong>apadrinaments lectors<\/strong>.<\/p>\n<p>Aquests s\u00f3n una activitat cooperativa que es realitza en parelles formades per alumnes m\u00e9s grans que fan de padrins de lectura als alumnes m\u00e9s petits, que fan de fillols i filloles.<br \/>\nEl fet de ser padr\u00ed de lectura representa que l&#8217;alumne adquireix el comprom\u00eds principal de vetllar per l&#8217;aprenentatge lector del seu fillol\/a L\u2019ajuda a aprendre a llegir, alhora que mira d&#8217;encomanar-li el gust per la lectura tot engrescant-lo a llegir.<\/p>\n<p>Aquests apadrinaments els fem des d&#8217;I3 fins a 6\u00e8 de prim\u00e0ria, d&#8217;aquesta manera cada any i tots els cursos s&#8217;enriqueixen de l&#8217;aprenentatge entre iguals.<\/p>\n<p>Durant aquestes trobades generem una experi\u00e8ncia positiva i plaent de lectura, aix\u00ed com establim vincles afectius entre alumnes de diferents edats.<\/p>\n","protected":false},"excerpt":{"rendered":"<p>A l&#8217;escola realitzem els apadrinaments lectors. Aquests s\u00f3n una activitat cooperativa que es realitza en parelles formades per alumnes m\u00e9s grans que fan de padrins de lectura als alumnes m\u00e9s petits, que fan de fillols i filloles. El fet de ser padr\u00ed de lectura representa que l&#8217;alumne adquireix el comprom\u00eds principal de vetllar per l&#8217;aprenentatge [&hellip;]<\/p>\n","protected":false},"author":1,"featured_media":0,"parent":324,"menu_order":0,"comment_status":"closed","ping_status":"closed","template":"page-templates\/side-menu.php","meta":{"_bbp_topic_count":0,"_bbp_reply_count":0,"_bbp_total_topic_count":0,"_bbp_total_reply_count":0,"_bbp_voice_count":0,"_bbp_anonymous_reply_count":0,"_bbp_topic_count_hidden":0,"_bbp_reply_count_hidden":0,"_bbp_forum_subforum_count":0,"site-sidebar-layout":"default","site-content-layout":"","ast-site-content-layout":"","site-content-style":"default","site-sidebar-style":"default","ast-global-header-display":"","ast-banner-title-visibility":"","ast-main-header-display":"","ast-hfb-above-header-display":"","ast-hfb-below-header-display":"","ast-hfb-mobile-header-display":"","site-post-title":"","ast-breadcrumbs-content":"","ast-featured-img":"","footer-sml-layout":"","theme-transparent-header-meta":"","adv-header-id-meta":"","stick-header-meta":"","header-above-stick-meta":"","header-main-stick-meta":"","header-below-stick-meta":"","astra-migrate-meta-layouts":"default","ast-page-background-enabled":"default","ast-page-background-meta":{"desktop":{"background-color":"var(--ast-global-color-4)","background-image":"","background-repeat":"repeat","background-position":"center center","background-size":"auto","background-attachment":"scroll","background-type":"","background-media":"","overlay-type":"","overlay-color":"","overlay-opacity":"","overlay-gradient":""},"tablet":{"background-color":"","background-image":"","background-repeat":"repeat","background-position":"center center","background-size":"auto","background-attachment":"scroll","background-type":"","background-media":"","overlay-type":"","overlay-color":"","overlay-opacity":"","overlay-gradient":""},"mobile":{"background-color":"","background-image":"","background-repeat":"repeat","background-position":"center center","background-size":"auto","background-attachment":"scroll","background-type":"","background-media":"","overlay-type":"","overlay-color":"","overlay-opacity":"","overlay-gradient":""}},"ast-content-background-meta":{"desktop":{"background-color":"var(--ast-global-color-5)","background-image":"","background-repeat":"repeat","background-position":"center center","background-size":"auto","background-attachment":"scroll","background-type":"","background-media":"","overlay-type":"","overlay-color":"","overlay-opacity":"","overlay-gradient":""},"tablet":{"background-color":"var(--ast-global-color-5)","background-image":"","background-repeat":"repeat","background-position":"center center","background-size":"auto","background-attachment":"scroll","background-type":"","background-media":"","overlay-type":"","overlay-color":"","overlay-opacity":"","overlay-gradient":""},"mobile":{"background-color":"var(--ast-global-color-5)","background-image":"","background-repeat":"repeat","background-position":"center center","background-size":"auto","background-attachment":"scroll","background-type":"","background-media":"","overlay-type":"","overlay-color":"","overlay-opacity":"","overlay-gradient":""}},"footnotes":""},"class_list":["post-355","page","type-page","status-publish","hentry"],"post_mailing_queue_ids":[],"_links":{"self":[{"href":"https:\/\/agora.xtec.cat\/escola-agora\/wp-json\/wp\/v2\/pages\/355","targetHints":{"allow":["GET"]}}],"collection":[{"href":"https:\/\/agora.xtec.cat\/escola-agora\/wp-json\/wp\/v2\/pages"}],"about":[{"href":"https:\/\/agora.xtec.cat\/escola-agora\/wp-json\/wp\/v2\/types\/page"}],"author":[{"embeddable":true,"href":"https:\/\/agora.xtec.cat\/escola-agora\/wp-json\/wp\/v2\/users\/1"}],"replies":[{"embeddable":true,"href":"https:\/\/agora.xtec.cat\/escola-agora\/wp-json\/wp\/v2\/comments?post=355"}],"version-history":[{"count":4,"href":"https:\/\/agora.xtec.cat\/escola-agora\/wp-json\/wp\/v2\/pages\/355\/revisions"}],"predecessor-version":[{"id":12424,"href":"https:\/\/agora.xtec.cat\/escola-agora\/wp-json\/wp\/v2\/pages\/355\/revisions\/12424"}],"up":[{"embeddable":true,"href":"https:\/\/agora.xtec.cat\/escola-agora\/wp-json\/wp\/v2\/pages\/324"}],"wp:attachment":[{"href":"https:\/\/agora.xtec.cat\/escola-agora\/wp-json\/wp\/v2\/media?parent=355"}],"curies":[{"name":"wp","href":"https:\/\/api.w.org\/{rel}","templated":true}]}}