{"id":351,"date":"2016-11-11T16:56:20","date_gmt":"2016-11-11T15:56:20","guid":{"rendered":"http:\/\/agora.xtec.cat\/escola-agora\/?page_id=351"},"modified":"2024-11-18T09:52:56","modified_gmt":"2024-11-18T08:52:56","slug":"pictoescriptura","status":"publish","type":"page","link":"https:\/\/agora.xtec.cat\/escola-agora\/lescola\/com-ho-fem\/pictoescriptura\/","title":{"rendered":"Pictoescriptura"},"content":{"rendered":"<p>La <strong>PictoEscriptura<\/strong> \u00e9s un m\u00e8tode d\u2019aprenentatge que integra creativitat i pensament visual en el desenvolupament d\u2019una compet\u00e8ncia tan essencial com \u00e9s l\u2019escriptura.<\/p>\n<p>\u00c9s un m\u00e8tode d\u2019aprenentatge creatiu que combina la creaci\u00f3 de relats, el dibuix i la redacci\u00f3 d\u2019una manera curosa i meticulosament establerta.<\/p>\n<p>La PictoEscriptura\u00a0<strong>respecta el proc\u00e9s creatiu del nen<\/strong>; a partir de la hist\u00f2ria que ell vol explicar, el m\u00e8tode li proposa un itinerari de jocs i exercicis que utilitzen el dibuix i la narraci\u00f3 visual com a eina per aprendre a escriure i redactar textos de qualitat.\u00a0<strong>El nen viu en primera persona el proc\u00e9s de creaci\u00f3, edici\u00f3 i publicaci\u00f3 d\u2019un llibre, el seu llibre<\/strong>. Aquesta activitat ocupa una part del curr\u00edculum de la llengua i es complementa amb els tallers de llengua.<\/p>\n<p><a href=\"http:\/\/agora.xtec.cat\/escola-agora\/wp-content\/uploads\/usu616\/2017\/05\/PictoEscriptura.pdf\">Continua llegint&#8230;<\/a><\/p>\n","protected":false},"excerpt":{"rendered":"<p>La PictoEscriptura \u00e9s un m\u00e8tode d\u2019aprenentatge que integra creativitat i pensament visual en el desenvolupament d\u2019una compet\u00e8ncia tan essencial com \u00e9s l\u2019escriptura. \u00c9s un m\u00e8tode d\u2019aprenentatge creatiu que combina la creaci\u00f3 de relats, el dibuix i la redacci\u00f3 d\u2019una manera curosa i meticulosament establerta. La PictoEscriptura\u00a0respecta el proc\u00e9s creatiu del nen; a partir de la [&hellip;]<\/p>\n","protected":false},"author":1,"featured_media":0,"parent":324,"menu_order":0,"comment_status":"closed","ping_status":"closed","template":"page-templates\/side-menu.php","meta":{"_bbp_topic_count":0,"_bbp_reply_count":0,"_bbp_total_topic_count":0,"_bbp_total_reply_count":0,"_bbp_voice_count":0,"_bbp_anonymous_reply_count":0,"_bbp_topic_count_hidden":0,"_bbp_reply_count_hidden":0,"_bbp_forum_subforum_count":0,"site-sidebar-layout":"default","site-content-layout":"","ast-site-content-layout":"","site-content-style":"default","site-sidebar-style":"default","ast-global-header-display":"","ast-banner-title-visibility":"","ast-main-header-display":"","ast-hfb-above-header-display":"","ast-hfb-below-header-display":"","ast-hfb-mobile-header-display":"","site-post-title":"","ast-breadcrumbs-content":"","ast-featured-img":"","footer-sml-layout":"","theme-transparent-header-meta":"","adv-header-id-meta":"","stick-header-meta":"","header-above-stick-meta":"","header-main-stick-meta":"","header-below-stick-meta":"","astra-migrate-meta-layouts":"default","ast-page-background-enabled":"default","ast-page-background-meta":{"desktop":{"background-color":"var(--ast-global-color-4)","background-image":"","background-repeat":"repeat","background-position":"center center","background-size":"auto","background-attachment":"scroll","background-type":"","background-media":"","overlay-type":"","overlay-color":"","overlay-opacity":"","overlay-gradient":""},"tablet":{"background-color":"","background-image":"","background-repeat":"repeat","background-position":"center center","background-size":"auto","background-attachment":"scroll","background-type":"","background-media":"","overlay-type":"","overlay-color":"","overlay-opacity":"","overlay-gradient":""},"mobile":{"background-color":"","background-image":"","background-repeat":"repeat","background-position":"center center","background-size":"auto","background-attachment":"scroll","background-type":"","background-media":"","overlay-type":"","overlay-color":"","overlay-opacity":"","overlay-gradient":""}},"ast-content-background-meta":{"desktop":{"background-color":"var(--ast-global-color-5)","background-image":"","background-repeat":"repeat","background-position":"center center","background-size":"auto","background-attachment":"scroll","background-type":"","background-media":"","overlay-type":"","overlay-color":"","overlay-opacity":"","overlay-gradient":""},"tablet":{"background-color":"var(--ast-global-color-5)","background-image":"","background-repeat":"repeat","background-position":"center center","background-size":"auto","background-attachment":"scroll","background-type":"","background-media":"","overlay-type":"","overlay-color":"","overlay-opacity":"","overlay-gradient":""},"mobile":{"background-color":"var(--ast-global-color-5)","background-image":"","background-repeat":"repeat","background-position":"center center","background-size":"auto","background-attachment":"scroll","background-type":"","background-media":"","overlay-type":"","overlay-color":"","overlay-opacity":"","overlay-gradient":""}},"footnotes":""},"class_list":["post-351","page","type-page","status-publish","hentry"],"post_mailing_queue_ids":[],"_links":{"self":[{"href":"https:\/\/agora.xtec.cat\/escola-agora\/wp-json\/wp\/v2\/pages\/351","targetHints":{"allow":["GET"]}}],"collection":[{"href":"https:\/\/agora.xtec.cat\/escola-agora\/wp-json\/wp\/v2\/pages"}],"about":[{"href":"https:\/\/agora.xtec.cat\/escola-agora\/wp-json\/wp\/v2\/types\/page"}],"author":[{"embeddable":true,"href":"https:\/\/agora.xtec.cat\/escola-agora\/wp-json\/wp\/v2\/users\/1"}],"replies":[{"embeddable":true,"href":"https:\/\/agora.xtec.cat\/escola-agora\/wp-json\/wp\/v2\/comments?post=351"}],"version-history":[{"count":4,"href":"https:\/\/agora.xtec.cat\/escola-agora\/wp-json\/wp\/v2\/pages\/351\/revisions"}],"predecessor-version":[{"id":12247,"href":"https:\/\/agora.xtec.cat\/escola-agora\/wp-json\/wp\/v2\/pages\/351\/revisions\/12247"}],"up":[{"embeddable":true,"href":"https:\/\/agora.xtec.cat\/escola-agora\/wp-json\/wp\/v2\/pages\/324"}],"wp:attachment":[{"href":"https:\/\/agora.xtec.cat\/escola-agora\/wp-json\/wp\/v2\/media?parent=351"}],"curies":[{"name":"wp","href":"https:\/\/api.w.org\/{rel}","templated":true}]}}