{"id":349,"date":"2016-11-11T16:55:56","date_gmt":"2016-11-11T15:55:56","guid":{"rendered":"http:\/\/agora.xtec.cat\/escola-agora\/?page_id=349"},"modified":"2025-01-12T22:30:41","modified_gmt":"2025-01-12T21:30:41","slug":"entorn-virtual-google-for-education","status":"publish","type":"page","link":"https:\/\/agora.xtec.cat\/escola-agora\/lescola\/com-ho-fem\/entorn-virtual-google-for-education\/","title":{"rendered":"MUS-e"},"content":{"rendered":"<h2><span>La inclusi\u00f3 educativa i social des de l&#8217;art<\/span><\/h2>\n<p><a href=\"https:\/\/fundacionyehudimenuhin.org\/wp-content\/uploads\/2013\/06\/mus-e.jpg\"><img loading=\"lazy\" decoding=\"async\" class=\"alignleft  wp-image-2044\" src=\"https:\/\/fundacionyehudimenuhin.org\/wp-content\/uploads\/2013\/06\/mus-e.jpg\" sizes=\"auto, (max-width: 175px) 100vw, 175px\" srcset=\"https:\/\/fundacionyehudimenuhin.org\/wp-content\/uploads\/2013\/06\/mus-e.jpg 175w, https:\/\/fundacionyehudimenuhin.org\/wp-content\/uploads\/2013\/06\/mus-e-150x150.jpg 150w, https:\/\/fundacionyehudimenuhin.org\/wp-content\/uploads\/2013\/06\/mus-e-390x390.jpg 390w, https:\/\/fundacionyehudimenuhin.org\/wp-content\/uploads\/2013\/06\/mus-e-266x266.jpg 266w\" alt=\"mus-e\" width=\"123\" height=\"123\" \/><\/a><\/p>\n<p><span>El Programa MUS-E\u00ae s&#8217;inicia a Espanya el febrer de 1996, quan se subscriu el conveni entre el Ministeri d&#8217;Educaci\u00f3 i Ci\u00e8ncia, la Fundaci\u00f3 Internacional Yehudi Menuhin i el mateix Mestre Menuhin, iniciant-se la col\u00b7laboraci\u00f3 per a l&#8217;aprenentatge i la pr\u00e0ctica art\u00edstica com font d&#8217;equilibri i toler\u00e0ncia \u00e9s un projecte d&#8217;intervenci\u00f3 educativa a trav\u00e9s de l&#8217;Art, que parteix de la utilitzaci\u00f3 de les arts com a eina per al treball als centres educatius i contempla el desenvolupament de la intel\u00b7lig\u00e8ncia emocional, com a font que pret\u00e9n fomentar la cohesi\u00f3 social, i lluitar contra la possible exclusi\u00f3 de nens i nenes que viuen en ambients desafavorits.<\/span><\/p>\n<p><span> \u00c9s un Programa a trav\u00e9s de l&#8217;Art que uneix diferents facetes de treball: art\u00edstica, social, cultural i educatiu, i resulta una eina \u00fatil segons avala l&#8217;avaluaci\u00f3 externa realitzada.<\/span><\/p>\n<p><span>El MUS-E\u00ae posa \u00e8mfasi en la import\u00e0ncia del <strong>di\u00e0leg<\/strong> i la <strong>interacci\u00f3<\/strong> aix\u00ed com el desenvolupament de la <strong>creativitat<\/strong> i la <strong>imaginaci\u00f3<\/strong> en la pr\u00e0ctica educativa per a la millora dels aprenentatges, l&#8217;autoafirmaci\u00f3 dels menors, la millora de la seva <strong>autoestima<\/strong> i el foment als usuaris de l&#8217;emprenedoria i la iniciativa a trav\u00e9s de la creativitat.\u00a0<\/span><\/p>\n<p>A l&#8217;escola realitzem una sessi\u00f3 d&#8217;una hora de MUS-e a la setmana amb una de les artistes.<\/p>\n<p><img loading=\"lazy\" decoding=\"async\" class=\"\" src=\"https:\/\/fundacionyehudimenuhin.org\/wp-content\/uploads\/2022\/03\/default-logo-1.jpg\" width=\"246\" height=\"71\" \/><\/p>\n","protected":false},"excerpt":{"rendered":"<p>La inclusi\u00f3 educativa i social des de l&#8217;art El Programa MUS-E\u00ae s&#8217;inicia a Espanya el febrer de 1996, quan se subscriu el conveni entre el Ministeri d&#8217;Educaci\u00f3 i Ci\u00e8ncia, la Fundaci\u00f3 Internacional Yehudi Menuhin i el mateix Mestre Menuhin, iniciant-se la col\u00b7laboraci\u00f3 per a l&#8217;aprenentatge i la pr\u00e0ctica art\u00edstica com font d&#8217;equilibri i toler\u00e0ncia \u00e9s [&hellip;]<\/p>\n","protected":false},"author":1,"featured_media":0,"parent":324,"menu_order":0,"comment_status":"closed","ping_status":"closed","template":"page-templates\/side-menu.php","meta":{"_bbp_topic_count":0,"_bbp_reply_count":0,"_bbp_total_topic_count":0,"_bbp_total_reply_count":0,"_bbp_voice_count":0,"_bbp_anonymous_reply_count":0,"_bbp_topic_count_hidden":0,"_bbp_reply_count_hidden":0,"_bbp_forum_subforum_count":0,"site-sidebar-layout":"default","site-content-layout":"","ast-site-content-layout":"","site-content-style":"default","site-sidebar-style":"default","ast-global-header-display":"","ast-banner-title-visibility":"","ast-main-header-display":"","ast-hfb-above-header-display":"","ast-hfb-below-header-display":"","ast-hfb-mobile-header-display":"","site-post-title":"","ast-breadcrumbs-content":"","ast-featured-img":"","footer-sml-layout":"","theme-transparent-header-meta":"","adv-header-id-meta":"","stick-header-meta":"","header-above-stick-meta":"","header-main-stick-meta":"","header-below-stick-meta":"","astra-migrate-meta-layouts":"default","ast-page-background-enabled":"default","ast-page-background-meta":{"desktop":{"background-color":"var(--ast-global-color-4)","background-image":"","background-repeat":"repeat","background-position":"center center","background-size":"auto","background-attachment":"scroll","background-type":"","background-media":"","overlay-type":"","overlay-color":"","overlay-opacity":"","overlay-gradient":""},"tablet":{"background-color":"","background-image":"","background-repeat":"repeat","background-position":"center center","background-size":"auto","background-attachment":"scroll","background-type":"","background-media":"","overlay-type":"","overlay-color":"","overlay-opacity":"","overlay-gradient":""},"mobile":{"background-color":"","background-image":"","background-repeat":"repeat","background-position":"center center","background-size":"auto","background-attachment":"scroll","background-type":"","background-media":"","overlay-type":"","overlay-color":"","overlay-opacity":"","overlay-gradient":""}},"ast-content-background-meta":{"desktop":{"background-color":"var(--ast-global-color-5)","background-image":"","background-repeat":"repeat","background-position":"center center","background-size":"auto","background-attachment":"scroll","background-type":"","background-media":"","overlay-type":"","overlay-color":"","overlay-opacity":"","overlay-gradient":""},"tablet":{"background-color":"var(--ast-global-color-5)","background-image":"","background-repeat":"repeat","background-position":"center center","background-size":"auto","background-attachment":"scroll","background-type":"","background-media":"","overlay-type":"","overlay-color":"","overlay-opacity":"","overlay-gradient":""},"mobile":{"background-color":"var(--ast-global-color-5)","background-image":"","background-repeat":"repeat","background-position":"center center","background-size":"auto","background-attachment":"scroll","background-type":"","background-media":"","overlay-type":"","overlay-color":"","overlay-opacity":"","overlay-gradient":""}},"footnotes":""},"class_list":["post-349","page","type-page","status-publish","hentry"],"post_mailing_queue_ids":[],"_links":{"self":[{"href":"https:\/\/agora.xtec.cat\/escola-agora\/wp-json\/wp\/v2\/pages\/349","targetHints":{"allow":["GET"]}}],"collection":[{"href":"https:\/\/agora.xtec.cat\/escola-agora\/wp-json\/wp\/v2\/pages"}],"about":[{"href":"https:\/\/agora.xtec.cat\/escola-agora\/wp-json\/wp\/v2\/types\/page"}],"author":[{"embeddable":true,"href":"https:\/\/agora.xtec.cat\/escola-agora\/wp-json\/wp\/v2\/users\/1"}],"replies":[{"embeddable":true,"href":"https:\/\/agora.xtec.cat\/escola-agora\/wp-json\/wp\/v2\/comments?post=349"}],"version-history":[{"count":3,"href":"https:\/\/agora.xtec.cat\/escola-agora\/wp-json\/wp\/v2\/pages\/349\/revisions"}],"predecessor-version":[{"id":12411,"href":"https:\/\/agora.xtec.cat\/escola-agora\/wp-json\/wp\/v2\/pages\/349\/revisions\/12411"}],"up":[{"embeddable":true,"href":"https:\/\/agora.xtec.cat\/escola-agora\/wp-json\/wp\/v2\/pages\/324"}],"wp:attachment":[{"href":"https:\/\/agora.xtec.cat\/escola-agora\/wp-json\/wp\/v2\/media?parent=349"}],"curies":[{"name":"wp","href":"https:\/\/api.w.org\/{rel}","templated":true}]}}