{"id":343,"date":"2016-11-11T16:54:40","date_gmt":"2016-11-11T15:54:40","guid":{"rendered":"http:\/\/agora.xtec.cat\/escola-agora\/?page_id=343"},"modified":"2024-11-18T10:14:51","modified_gmt":"2024-11-18T09:14:51","slug":"ambients","status":"publish","type":"page","link":"https:\/\/agora.xtec.cat\/escola-agora\/lescola\/com-ho-fem\/ambients\/","title":{"rendered":"Ambients d&#8217;aprenentatge"},"content":{"rendered":"<p><span style=\"font-weight: 400;\">El\u00a0<strong>joc<\/strong> \u00e9s el millor mitj\u00e0 educatiu per afavorir l&#8217;aprenentatge i el creixement. El joc atorga un ROL ACTIU a l&#8217;infant, ja que aquest apr\u00e8n jugant, manipulant, experimentant, provant, parlant&#8230; I tot aix\u00f2 es transfereix a altres conductes. Per tant, el joc \u00e9s una activitat que desperta la intel\u00b7lig\u00e8ncia.<\/span><\/p>\n<p><span style=\"font-weight: 400;\">Els ambients s\u00f3n diferents <\/span><b>espais d\u2019aprenentatge<\/b><span style=\"font-weight: 400;\">, de relaci\u00f3 i comunicaci\u00f3 on a partir de diferents propostes els infants poden actuar, observar, experimentar, construir, inventar, imaginar, compartir, relacionar-se, emocionar-se\u2026 i interactuar amb els altres. <\/span>El contingut de cadascun dels ambients estar\u00e0 en relaci\u00f3 amb cercar la motivaci\u00f3 i l\u2019experimentaci\u00f3 dels nostres alumnes. Les activitats contemplaran que el professorat i l\u2019alumnat gaudeixin, comparteixin, experimentin, observin, treballin, creixin\u2026<\/p>\n<p>L&#8217;organitzaci\u00f3 dels infants en els ambients \u00e9s amb grups naturals, <span style=\"font-weight: 400;\">no constitu\u00efts per edats, sin\u00f3 per interessos, que afavoreixin la interacci\u00f3, col\u00b7laboraci\u00f3 i cooperaci\u00f3 entre infants de diferents edats, on es donin relacions d\u2019ajuda.<\/span> Els espais s\u00f3n de lliure circulaci\u00f3, afavorint l&#8217;elecci\u00f3 del mateix infant en cada moment d&#8217;on vol anar i que desitja fer, aix\u00ed com l&#8217;autonomia, l&#8217;aprenentatge entre iguals, el respecte&#8230; Sempre amb l&#8217;adult al costat acompanyant les seves decisions i aprenentatges.<\/p>\n<p><span style=\"font-weight: 400;\">Els infants disposen d\u2019un temps <\/span><b>d\u2019experi\u00e8ncia activa<\/b><span style=\"font-weight: 400;\">, constru\u00efda per l\u2019adult, per\u00f2 reconstru\u00efda per ells mateixos, on nens i nenes es reuneixen per explorar diverses possibilitats de joc i dels materials.\u00a0<\/span><\/p>\n<p><span style=\"font-weight: 400;\">Amb aquesta manera de fer els infants participen d&#8217;una manera m\u00e9s activa, lliure, constructiva i creativa del seu aprenentatge escolar i de creixement com a persones.<\/span><\/p>\n<p>Els nostres ambients d&#8217;aprenentatge de l&#8217;escola s\u00f3n:<\/p>\n<ul style=\"list-style-type: square;\">\n<li><strong>Espai TESLA<\/strong>: <span style=\"font-weight: 400;\">Els infants descobreixen els efectes de la llum i la foscor.<\/span><\/li>\n<li><strong>Espai CAU<\/strong>: Els infants projecten viv\u00e8ncies, emocions i experi\u00e8ncies amb espontane\u00eftat, a trav\u00e9s de la imaginaci\u00f3 i la fantasia del joc simb\u00f2lic.<\/li>\n<li><strong>Espai HIP\u00c0TIA:<\/strong> <span style=\"font-weight: 400;\">Els infants amb els jocs de pensar, matem\u00e0tics i d&#8217;experimentaci\u00f3 estimulen el raonament inductiu i deductiu.<\/span><\/li>\n<li><strong>Espai OBRADOR<\/strong>: <span style=\"font-weight: 400;\">Els infants poden manipular amb diferents tipus de materials i experimentar amb diferents t\u00e8cniques art\u00edstiques.<\/span><\/li>\n<li><strong>Espai XALOC<\/strong>: <span style=\"font-weight: 400;\">L&#8217;objectiu d&#8217;aquest espai \u00e9s promoure l&#8217;expressi\u00f3 de totes les possibilitats motrius i relacionals de l&#8217;infant a trav\u00e9s del joc lliure, amb materials que potencien la seva creativitat, moviment i coordinaci\u00f3.\u00a0<\/span><\/li>\n<\/ul>\n","protected":false},"excerpt":{"rendered":"<p>El\u00a0joc \u00e9s el millor mitj\u00e0 educatiu per afavorir l&#8217;aprenentatge i el creixement. El joc atorga un ROL ACTIU a l&#8217;infant, ja que aquest apr\u00e8n jugant, manipulant, experimentant, provant, parlant&#8230; I tot aix\u00f2 es transfereix a altres conductes. Per tant, el joc \u00e9s una activitat que desperta la intel\u00b7lig\u00e8ncia. Els ambients s\u00f3n diferents espais d\u2019aprenentatge, de [&hellip;]<\/p>\n","protected":false},"author":1,"featured_media":0,"parent":324,"menu_order":0,"comment_status":"closed","ping_status":"closed","template":"page-templates\/side-menu.php","meta":{"_bbp_topic_count":0,"_bbp_reply_count":0,"_bbp_total_topic_count":0,"_bbp_total_reply_count":0,"_bbp_voice_count":0,"_bbp_anonymous_reply_count":0,"_bbp_topic_count_hidden":0,"_bbp_reply_count_hidden":0,"_bbp_forum_subforum_count":0,"site-sidebar-layout":"default","site-content-layout":"","ast-site-content-layout":"","site-content-style":"default","site-sidebar-style":"default","ast-global-header-display":"","ast-banner-title-visibility":"","ast-main-header-display":"","ast-hfb-above-header-display":"","ast-hfb-below-header-display":"","ast-hfb-mobile-header-display":"","site-post-title":"","ast-breadcrumbs-content":"","ast-featured-img":"","footer-sml-layout":"","theme-transparent-header-meta":"","adv-header-id-meta":"","stick-header-meta":"","header-above-stick-meta":"","header-main-stick-meta":"","header-below-stick-meta":"","astra-migrate-meta-layouts":"default","ast-page-background-enabled":"default","ast-page-background-meta":{"desktop":{"background-color":"var(--ast-global-color-4)","background-image":"","background-repeat":"repeat","background-position":"center center","background-size":"auto","background-attachment":"scroll","background-type":"","background-media":"","overlay-type":"","overlay-color":"","overlay-opacity":"","overlay-gradient":""},"tablet":{"background-color":"","background-image":"","background-repeat":"repeat","background-position":"center center","background-size":"auto","background-attachment":"scroll","background-type":"","background-media":"","overlay-type":"","overlay-color":"","overlay-opacity":"","overlay-gradient":""},"mobile":{"background-color":"","background-image":"","background-repeat":"repeat","background-position":"center center","background-size":"auto","background-attachment":"scroll","background-type":"","background-media":"","overlay-type":"","overlay-color":"","overlay-opacity":"","overlay-gradient":""}},"ast-content-background-meta":{"desktop":{"background-color":"var(--ast-global-color-5)","background-image":"","background-repeat":"repeat","background-position":"center center","background-size":"auto","background-attachment":"scroll","background-type":"","background-media":"","overlay-type":"","overlay-color":"","overlay-opacity":"","overlay-gradient":""},"tablet":{"background-color":"var(--ast-global-color-5)","background-image":"","background-repeat":"repeat","background-position":"center center","background-size":"auto","background-attachment":"scroll","background-type":"","background-media":"","overlay-type":"","overlay-color":"","overlay-opacity":"","overlay-gradient":""},"mobile":{"background-color":"var(--ast-global-color-5)","background-image":"","background-repeat":"repeat","background-position":"center center","background-size":"auto","background-attachment":"scroll","background-type":"","background-media":"","overlay-type":"","overlay-color":"","overlay-opacity":"","overlay-gradient":""}},"footnotes":""},"class_list":["post-343","page","type-page","status-publish","hentry"],"post_mailing_queue_ids":[],"_links":{"self":[{"href":"https:\/\/agora.xtec.cat\/escola-agora\/wp-json\/wp\/v2\/pages\/343","targetHints":{"allow":["GET"]}}],"collection":[{"href":"https:\/\/agora.xtec.cat\/escola-agora\/wp-json\/wp\/v2\/pages"}],"about":[{"href":"https:\/\/agora.xtec.cat\/escola-agora\/wp-json\/wp\/v2\/types\/page"}],"author":[{"embeddable":true,"href":"https:\/\/agora.xtec.cat\/escola-agora\/wp-json\/wp\/v2\/users\/1"}],"replies":[{"embeddable":true,"href":"https:\/\/agora.xtec.cat\/escola-agora\/wp-json\/wp\/v2\/comments?post=343"}],"version-history":[{"count":5,"href":"https:\/\/agora.xtec.cat\/escola-agora\/wp-json\/wp\/v2\/pages\/343\/revisions"}],"predecessor-version":[{"id":12251,"href":"https:\/\/agora.xtec.cat\/escola-agora\/wp-json\/wp\/v2\/pages\/343\/revisions\/12251"}],"up":[{"embeddable":true,"href":"https:\/\/agora.xtec.cat\/escola-agora\/wp-json\/wp\/v2\/pages\/324"}],"wp:attachment":[{"href":"https:\/\/agora.xtec.cat\/escola-agora\/wp-json\/wp\/v2\/media?parent=343"}],"curies":[{"name":"wp","href":"https:\/\/api.w.org\/{rel}","templated":true}]}}