{"id":331,"date":"2016-11-11T16:48:45","date_gmt":"2016-11-11T15:48:45","guid":{"rendered":"http:\/\/agora.xtec.cat\/escola-agora\/?page_id=331"},"modified":"2025-01-12T22:46:01","modified_gmt":"2025-01-12T21:46:01","slug":"escola-sostenible","status":"publish","type":"page","link":"https:\/\/agora.xtec.cat\/escola-agora\/lescola\/que-fem\/escola-sostenible\/","title":{"rendered":"Escola Sostenible"},"content":{"rendered":"<p>Des de l&#8217;escola impulsem la cultura de la <strong>sostenibilitat<\/strong>, una cultura en construcci\u00f3, que suposa repensar com organitzem la nostra societat i les nostres vides, de manera que trobem solucions que augmentin la nostra qualitat de vida i que minimitzin els impactes que degraden el medi i els recursos. La cultura de la sostenibilitat t\u00e9 a veure amb noves maneres de veure el futur com\u00fa i de participar en la resoluci\u00f3 de problemes (repensar, experimentar i innovar). \u00c9s important actuar i assolir uns reptes comuns de ciutat.<\/p>\n<p><span style=\"font-weight: 400;\">Comptem amb el <em>Punt Verd M\u00f2bil Escolar<\/em> que \u00e9s un servei de recollida selectiva format per uns camions que visiten les escoles, per complir totes les funcions del reciclatge, i al mateix temps ajudar-nos en l\u2019educaci\u00f3 mediambiental dels nostres alumnes.<\/span><\/p>\n","protected":false},"excerpt":{"rendered":"<p>Des de l&#8217;escola impulsem la cultura de la sostenibilitat, una cultura en construcci\u00f3, que suposa repensar com organitzem la nostra societat i les nostres vides, de manera que trobem solucions que augmentin la nostra qualitat de vida i que minimitzin els impactes que degraden el medi i els recursos. La cultura de la sostenibilitat t\u00e9 [&hellip;]<\/p>\n","protected":false},"author":1,"featured_media":0,"parent":327,"menu_order":0,"comment_status":"closed","ping_status":"closed","template":"page-templates\/side-menu.php","meta":{"_bbp_topic_count":0,"_bbp_reply_count":0,"_bbp_total_topic_count":0,"_bbp_total_reply_count":0,"_bbp_voice_count":0,"_bbp_anonymous_reply_count":0,"_bbp_topic_count_hidden":0,"_bbp_reply_count_hidden":0,"_bbp_forum_subforum_count":0,"site-sidebar-layout":"default","site-content-layout":"","ast-site-content-layout":"","site-content-style":"default","site-sidebar-style":"default","ast-global-header-display":"","ast-banner-title-visibility":"","ast-main-header-display":"","ast-hfb-above-header-display":"","ast-hfb-below-header-display":"","ast-hfb-mobile-header-display":"","site-post-title":"","ast-breadcrumbs-content":"","ast-featured-img":"","footer-sml-layout":"","theme-transparent-header-meta":"","adv-header-id-meta":"","stick-header-meta":"","header-above-stick-meta":"","header-main-stick-meta":"","header-below-stick-meta":"","astra-migrate-meta-layouts":"default","ast-page-background-enabled":"default","ast-page-background-meta":{"desktop":{"background-color":"var(--ast-global-color-4)","background-image":"","background-repeat":"repeat","background-position":"center center","background-size":"auto","background-attachment":"scroll","background-type":"","background-media":"","overlay-type":"","overlay-color":"","overlay-opacity":"","overlay-gradient":""},"tablet":{"background-color":"","background-image":"","background-repeat":"repeat","background-position":"center center","background-size":"auto","background-attachment":"scroll","background-type":"","background-media":"","overlay-type":"","overlay-color":"","overlay-opacity":"","overlay-gradient":""},"mobile":{"background-color":"","background-image":"","background-repeat":"repeat","background-position":"center center","background-size":"auto","background-attachment":"scroll","background-type":"","background-media":"","overlay-type":"","overlay-color":"","overlay-opacity":"","overlay-gradient":""}},"ast-content-background-meta":{"desktop":{"background-color":"var(--ast-global-color-5)","background-image":"","background-repeat":"repeat","background-position":"center center","background-size":"auto","background-attachment":"scroll","background-type":"","background-media":"","overlay-type":"","overlay-color":"","overlay-opacity":"","overlay-gradient":""},"tablet":{"background-color":"var(--ast-global-color-5)","background-image":"","background-repeat":"repeat","background-position":"center center","background-size":"auto","background-attachment":"scroll","background-type":"","background-media":"","overlay-type":"","overlay-color":"","overlay-opacity":"","overlay-gradient":""},"mobile":{"background-color":"var(--ast-global-color-5)","background-image":"","background-repeat":"repeat","background-position":"center center","background-size":"auto","background-attachment":"scroll","background-type":"","background-media":"","overlay-type":"","overlay-color":"","overlay-opacity":"","overlay-gradient":""}},"footnotes":""},"class_list":["post-331","page","type-page","status-publish","hentry"],"post_mailing_queue_ids":[],"_links":{"self":[{"href":"https:\/\/agora.xtec.cat\/escola-agora\/wp-json\/wp\/v2\/pages\/331","targetHints":{"allow":["GET"]}}],"collection":[{"href":"https:\/\/agora.xtec.cat\/escola-agora\/wp-json\/wp\/v2\/pages"}],"about":[{"href":"https:\/\/agora.xtec.cat\/escola-agora\/wp-json\/wp\/v2\/types\/page"}],"author":[{"embeddable":true,"href":"https:\/\/agora.xtec.cat\/escola-agora\/wp-json\/wp\/v2\/users\/1"}],"replies":[{"embeddable":true,"href":"https:\/\/agora.xtec.cat\/escola-agora\/wp-json\/wp\/v2\/comments?post=331"}],"version-history":[{"count":4,"href":"https:\/\/agora.xtec.cat\/escola-agora\/wp-json\/wp\/v2\/pages\/331\/revisions"}],"predecessor-version":[{"id":12428,"href":"https:\/\/agora.xtec.cat\/escola-agora\/wp-json\/wp\/v2\/pages\/331\/revisions\/12428"}],"up":[{"embeddable":true,"href":"https:\/\/agora.xtec.cat\/escola-agora\/wp-json\/wp\/v2\/pages\/327"}],"wp:attachment":[{"href":"https:\/\/agora.xtec.cat\/escola-agora\/wp-json\/wp\/v2\/media?parent=331"}],"curies":[{"name":"wp","href":"https:\/\/api.w.org\/{rel}","templated":true}]}}