{"id":329,"date":"2016-11-11T16:48:11","date_gmt":"2016-11-11T15:48:11","guid":{"rendered":"http:\/\/agora.xtec.cat\/escola-agora\/?page_id=329"},"modified":"2025-01-12T22:45:36","modified_gmt":"2025-01-12T21:45:36","slug":"sortides-i-colonies","status":"publish","type":"page","link":"https:\/\/agora.xtec.cat\/escola-agora\/lescola\/que-fem\/sortides-i-colonies\/","title":{"rendered":"Sortides i col\u00f2nies"},"content":{"rendered":"<ul>\n<li>A l&#8217;escola realitzem diferents <strong>sortides educatives<\/strong> des d&#8217;I3 fins a 6\u00e8 de prim\u00e0ria. Algunes s\u00f3n de tot el dia i altres de nom\u00e9s mat\u00ed o tarda. Les sortides s\u00f3n per curs o per cicle, a vegades estan relacionades amb els projectes o amb aspectes que vulguem treballar o aprofundir. Tamb\u00e9 fem sortides a espais propers del barri, com la biblioteca, el mercat o el parc tecnol\u00f2gic. Fem una sortida anual de tota l&#8217;escola a un parc o bosc per fer germanor.<\/li>\n<li>Pel que fa a les <strong>col\u00f2nies<\/strong>, anem a la mateixa casa tots\/es junts\/es des d&#8217;I4 fins a 4rt de prim\u00e0ria durant el primer trimestre de curs.<\/li>\n<li>Els nens i nenes de 5\u00e8 i 6\u00e8 van de col\u00f2nies durant una setmana a fer un seguit d&#8217;activitats durant l&#8217;\u00faltim trimestre de curs.<\/li>\n<\/ul>\n","protected":false},"excerpt":{"rendered":"<p>A l&#8217;escola realitzem diferents sortides educatives des d&#8217;I3 fins a 6\u00e8 de prim\u00e0ria. Algunes s\u00f3n de tot el dia i altres de nom\u00e9s mat\u00ed o tarda. Les sortides s\u00f3n per curs o per cicle, a vegades estan relacionades amb els projectes o amb aspectes que vulguem treballar o aprofundir. Tamb\u00e9 fem sortides a espais propers [&hellip;]<\/p>\n","protected":false},"author":1,"featured_media":0,"parent":327,"menu_order":0,"comment_status":"closed","ping_status":"closed","template":"page-templates\/side-menu.php","meta":{"_bbp_topic_count":0,"_bbp_reply_count":0,"_bbp_total_topic_count":0,"_bbp_total_reply_count":0,"_bbp_voice_count":0,"_bbp_anonymous_reply_count":0,"_bbp_topic_count_hidden":0,"_bbp_reply_count_hidden":0,"_bbp_forum_subforum_count":0,"site-sidebar-layout":"default","site-content-layout":"","ast-site-content-layout":"","site-content-style":"default","site-sidebar-style":"default","ast-global-header-display":"","ast-banner-title-visibility":"","ast-main-header-display":"","ast-hfb-above-header-display":"","ast-hfb-below-header-display":"","ast-hfb-mobile-header-display":"","site-post-title":"","ast-breadcrumbs-content":"","ast-featured-img":"","footer-sml-layout":"","theme-transparent-header-meta":"","adv-header-id-meta":"","stick-header-meta":"","header-above-stick-meta":"","header-main-stick-meta":"","header-below-stick-meta":"","astra-migrate-meta-layouts":"default","ast-page-background-enabled":"default","ast-page-background-meta":{"desktop":{"background-color":"var(--ast-global-color-4)","background-image":"","background-repeat":"repeat","background-position":"center center","background-size":"auto","background-attachment":"scroll","background-type":"","background-media":"","overlay-type":"","overlay-color":"","overlay-opacity":"","overlay-gradient":""},"tablet":{"background-color":"","background-image":"","background-repeat":"repeat","background-position":"center center","background-size":"auto","background-attachment":"scroll","background-type":"","background-media":"","overlay-type":"","overlay-color":"","overlay-opacity":"","overlay-gradient":""},"mobile":{"background-color":"","background-image":"","background-repeat":"repeat","background-position":"center center","background-size":"auto","background-attachment":"scroll","background-type":"","background-media":"","overlay-type":"","overlay-color":"","overlay-opacity":"","overlay-gradient":""}},"ast-content-background-meta":{"desktop":{"background-color":"var(--ast-global-color-5)","background-image":"","background-repeat":"repeat","background-position":"center center","background-size":"auto","background-attachment":"scroll","background-type":"","background-media":"","overlay-type":"","overlay-color":"","overlay-opacity":"","overlay-gradient":""},"tablet":{"background-color":"var(--ast-global-color-5)","background-image":"","background-repeat":"repeat","background-position":"center center","background-size":"auto","background-attachment":"scroll","background-type":"","background-media":"","overlay-type":"","overlay-color":"","overlay-opacity":"","overlay-gradient":""},"mobile":{"background-color":"var(--ast-global-color-5)","background-image":"","background-repeat":"repeat","background-position":"center center","background-size":"auto","background-attachment":"scroll","background-type":"","background-media":"","overlay-type":"","overlay-color":"","overlay-opacity":"","overlay-gradient":""}},"footnotes":""},"class_list":["post-329","page","type-page","status-publish","hentry"],"post_mailing_queue_ids":[],"_links":{"self":[{"href":"https:\/\/agora.xtec.cat\/escola-agora\/wp-json\/wp\/v2\/pages\/329","targetHints":{"allow":["GET"]}}],"collection":[{"href":"https:\/\/agora.xtec.cat\/escola-agora\/wp-json\/wp\/v2\/pages"}],"about":[{"href":"https:\/\/agora.xtec.cat\/escola-agora\/wp-json\/wp\/v2\/types\/page"}],"author":[{"embeddable":true,"href":"https:\/\/agora.xtec.cat\/escola-agora\/wp-json\/wp\/v2\/users\/1"}],"replies":[{"embeddable":true,"href":"https:\/\/agora.xtec.cat\/escola-agora\/wp-json\/wp\/v2\/comments?post=329"}],"version-history":[{"count":5,"href":"https:\/\/agora.xtec.cat\/escola-agora\/wp-json\/wp\/v2\/pages\/329\/revisions"}],"predecessor-version":[{"id":12426,"href":"https:\/\/agora.xtec.cat\/escola-agora\/wp-json\/wp\/v2\/pages\/329\/revisions\/12426"}],"up":[{"embeddable":true,"href":"https:\/\/agora.xtec.cat\/escola-agora\/wp-json\/wp\/v2\/pages\/327"}],"wp:attachment":[{"href":"https:\/\/agora.xtec.cat\/escola-agora\/wp-json\/wp\/v2\/media?parent=329"}],"curies":[{"name":"wp","href":"https:\/\/api.w.org\/{rel}","templated":true}]}}