{"id":1790,"date":"2018-01-03T12:15:15","date_gmt":"2018-01-03T11:15:15","guid":{"rendered":"http:\/\/agora.xtec.cat\/escola-agora\/?page_id=1790"},"modified":"2026-01-25T23:20:29","modified_gmt":"2026-01-25T22:20:29","slug":"ultimrellotge","status":"publish","type":"page","link":"https:\/\/agora.xtec.cat\/escola-agora\/ultimrellotge\/","title":{"rendered":"Cant\u00e0nia: L&#8217;\u00faltim rellotge"},"content":{"rendered":"<p><img loading=\"lazy\" decoding=\"async\" class=\"alignleft size-medium wp-image-12829\" src=\"https:\/\/agora.xtec.cat\/escola-agora\/wp-content\/uploads\/usu616\/2026\/01\/25-05-06-CANTANIA-REAL-46-300x200.jpg\" alt=\"\" width=\"300\" height=\"200\" srcset=\"https:\/\/agora.xtec.cat\/escola-agora\/wp-content\/uploads\/usu616\/2026\/01\/25-05-06-CANTANIA-REAL-46-300x200.jpg 300w, https:\/\/agora.xtec.cat\/escola-agora\/wp-content\/uploads\/usu616\/2026\/01\/25-05-06-CANTANIA-REAL-46-1024x682.jpg 1024w, https:\/\/agora.xtec.cat\/escola-agora\/wp-content\/uploads\/usu616\/2026\/01\/25-05-06-CANTANIA-REAL-46-768x512.jpg 768w, https:\/\/agora.xtec.cat\/escola-agora\/wp-content\/uploads\/usu616\/2026\/01\/25-05-06-CANTANIA-REAL-46-1536x1024.jpg 1536w, https:\/\/agora.xtec.cat\/escola-agora\/wp-content\/uploads\/usu616\/2026\/01\/25-05-06-CANTANIA-REAL-46-2048x1365.jpg 2048w\" sizes=\"auto, (max-width: 300px) 100vw, 300px\" \/><strong>LA HIST\u00d2RIA<\/strong><br \/>\nLa Venedora de rellotges arriba al Poble de Despr\u00e9s, i hi troba l\u2019Enigma, un personatge misteri\u00f3s. Vendre rellotges ha sigut la seva vida, i ara nom\u00e9s n\u2019hi queda un. Com s\u2019ho far\u00e0 per vendre\u2019l si en aquest poble ning\u00fa es preocupa mai pel temps?<\/p>\n<p>Ha visitat pobles de tota mena i ho explica a l\u2019Enigma,<br \/>\nque t\u00e9 tot el temps del m\u00f3n per escoltar-la. Cada vila<br \/>\ntenia la seva particularitat\u2026 I a mesura que ella<br \/>\nexplica la seva hist\u00f2ria, l\u2019Enigma es destapa, i se li veu<br \/>\nla barbeta, la boca, les galtes, les orelles, el nas&#8230;<br \/>\nPer\u00f2 la Venedora cada cop se sent m\u00e9s cansada. I encara t\u00e9 l\u2019\u00faltim rellotge<br \/>\nper vendre. Aviat ho entendr\u00e0 tot. Se li tancaran els ulls, s\u2019adormir\u00e0 ben<br \/>\nprofundament. I per fi sabr\u00e0 qu\u00e8 hi fa, aqu\u00ed, i qu\u00e8 \u00e9s el que la fa feli\u00e7.<\/p>\n","protected":false},"excerpt":{"rendered":"<p>LA HIST\u00d2RIA La Venedora de rellotges arriba al Poble de Despr\u00e9s, i hi troba l\u2019Enigma, un personatge misteri\u00f3s. Vendre rellotges ha sigut la seva vida, i ara nom\u00e9s n\u2019hi queda un. Com s\u2019ho far\u00e0 per vendre\u2019l si en aquest poble ning\u00fa es preocupa mai pel temps? Ha visitat pobles de tota mena i ho explica [&hellip;]<\/p>\n","protected":false},"author":1,"featured_media":0,"parent":0,"menu_order":0,"comment_status":"closed","ping_status":"closed","template":"","meta":{"_bbp_topic_count":0,"_bbp_reply_count":0,"_bbp_total_topic_count":0,"_bbp_total_reply_count":0,"_bbp_voice_count":0,"_bbp_anonymous_reply_count":0,"_bbp_topic_count_hidden":0,"_bbp_reply_count_hidden":0,"_bbp_forum_subforum_count":0,"site-sidebar-layout":"default","site-content-layout":"","ast-site-content-layout":"default","site-content-style":"default","site-sidebar-style":"default","ast-global-header-display":"","ast-banner-title-visibility":"","ast-main-header-display":"","ast-hfb-above-header-display":"","ast-hfb-below-header-display":"","ast-hfb-mobile-header-display":"","site-post-title":"","ast-breadcrumbs-content":"","ast-featured-img":"","footer-sml-layout":"","theme-transparent-header-meta":"default","adv-header-id-meta":"","stick-header-meta":"","header-above-stick-meta":"","header-main-stick-meta":"","header-below-stick-meta":"","astra-migrate-meta-layouts":"set","ast-page-background-enabled":"default","ast-page-background-meta":{"desktop":{"background-color":"var(--ast-global-color-4)","background-image":"","background-repeat":"repeat","background-position":"center center","background-size":"auto","background-attachment":"scroll","background-type":"","background-media":"","overlay-type":"","overlay-color":"","overlay-opacity":"","overlay-gradient":""},"tablet":{"background-color":"","background-image":"","background-repeat":"repeat","background-position":"center center","background-size":"auto","background-attachment":"scroll","background-type":"","background-media":"","overlay-type":"","overlay-color":"","overlay-opacity":"","overlay-gradient":""},"mobile":{"background-color":"","background-image":"","background-repeat":"repeat","background-position":"center center","background-size":"auto","background-attachment":"scroll","background-type":"","background-media":"","overlay-type":"","overlay-color":"","overlay-opacity":"","overlay-gradient":""}},"ast-content-background-meta":{"desktop":{"background-color":"var(--ast-global-color-5)","background-image":"","background-repeat":"repeat","background-position":"center center","background-size":"auto","background-attachment":"scroll","background-type":"","background-media":"","overlay-type":"","overlay-color":"","overlay-opacity":"","overlay-gradient":""},"tablet":{"background-color":"var(--ast-global-color-5)","background-image":"","background-repeat":"repeat","background-position":"center center","background-size":"auto","background-attachment":"scroll","background-type":"","background-media":"","overlay-type":"","overlay-color":"","overlay-opacity":"","overlay-gradient":""},"mobile":{"background-color":"var(--ast-global-color-5)","background-image":"","background-repeat":"repeat","background-position":"center center","background-size":"auto","background-attachment":"scroll","background-type":"","background-media":"","overlay-type":"","overlay-color":"","overlay-opacity":"","overlay-gradient":""}},"footnotes":""},"class_list":["post-1790","page","type-page","status-publish","hentry"],"post_mailing_queue_ids":[],"_links":{"self":[{"href":"https:\/\/agora.xtec.cat\/escola-agora\/wp-json\/wp\/v2\/pages\/1790","targetHints":{"allow":["GET"]}}],"collection":[{"href":"https:\/\/agora.xtec.cat\/escola-agora\/wp-json\/wp\/v2\/pages"}],"about":[{"href":"https:\/\/agora.xtec.cat\/escola-agora\/wp-json\/wp\/v2\/types\/page"}],"author":[{"embeddable":true,"href":"https:\/\/agora.xtec.cat\/escola-agora\/wp-json\/wp\/v2\/users\/1"}],"replies":[{"embeddable":true,"href":"https:\/\/agora.xtec.cat\/escola-agora\/wp-json\/wp\/v2\/comments?post=1790"}],"version-history":[{"count":7,"href":"https:\/\/agora.xtec.cat\/escola-agora\/wp-json\/wp\/v2\/pages\/1790\/revisions"}],"predecessor-version":[{"id":13007,"href":"https:\/\/agora.xtec.cat\/escola-agora\/wp-json\/wp\/v2\/pages\/1790\/revisions\/13007"}],"wp:attachment":[{"href":"https:\/\/agora.xtec.cat\/escola-agora\/wp-json\/wp\/v2\/media?parent=1790"}],"curies":[{"name":"wp","href":"https:\/\/api.w.org\/{rel}","templated":true}]}}