{"id":13124,"date":"2026-04-12T22:12:33","date_gmt":"2026-04-12T20:12:33","guid":{"rendered":"https:\/\/agora.xtec.cat\/escola-agora\/?page_id=13124"},"modified":"2026-04-19T22:56:02","modified_gmt":"2026-04-19T20:56:02","slug":"3-canco-dels-ocells","status":"publish","type":"page","link":"https:\/\/agora.xtec.cat\/escola-agora\/cantata-la-cua-de-la-guineueta\/3-canco-dels-ocells\/","title":{"rendered":"3. Can\u00e7\u00f3 dels ocells"},"content":{"rendered":"<p><a href=\"https:\/\/drive.google.com\/file\/d\/1o2SQ0U3toazen6CsqzlIr28oTB_rWReL\/view?usp=sharing\">3. Can\u00e7\u00f3 dels ocells<\/a><br \/>\n<a href=\"https:\/\/drive.google.com\/file\/d\/1o2SQ0U3toazen6CsqzlIr28oTB_rWReL\/view?usp=sharing\"><img loading=\"lazy\" decoding=\"async\" class=\"alignleft size-large wp-image-13123\" src=\"https:\/\/agora.xtec.cat\/escola-agora\/wp-content\/uploads\/usu616\/2026\/04\/canco-dels-ocells-1024x575.jpg\" alt=\"\" width=\"1024\" height=\"575\" srcset=\"https:\/\/agora.xtec.cat\/escola-agora\/wp-content\/uploads\/usu616\/2026\/04\/canco-dels-ocells-1024x575.jpg 1024w, https:\/\/agora.xtec.cat\/escola-agora\/wp-content\/uploads\/usu616\/2026\/04\/canco-dels-ocells-300x168.jpg 300w, https:\/\/agora.xtec.cat\/escola-agora\/wp-content\/uploads\/usu616\/2026\/04\/canco-dels-ocells-768x431.jpg 768w, https:\/\/agora.xtec.cat\/escola-agora\/wp-content\/uploads\/usu616\/2026\/04\/canco-dels-ocells-1536x862.jpg 1536w, https:\/\/agora.xtec.cat\/escola-agora\/wp-content\/uploads\/usu616\/2026\/04\/canco-dels-ocells.jpg 1918w\" sizes=\"auto, (max-width: 1024px) 100vw, 1024px\" \/><\/a><\/p>\n<p><a href=\"https:\/\/drive.google.com\/file\/d\/1pn4Iis40YvlYmtw-0Pr8_K1ferD-wvnX\/view?usp=sharing\">Can\u00e7\u00f3 dels ocells instrumental<\/a><br \/>\n<strong>3. CAN\u00c7\u00d3 DELS OCELLS<\/strong><\/p>\n<p>A l\u2019hivern com a l\u2019estiu<br \/>\nmolts ocells viuen al parc.<br \/>\nEn els arbres fan el niu<br \/>\ni no paren de garlar.<br \/>\nA l\u2019hivern com a l\u2019estiu<br \/>\nmolts ocells viuen al parc.<br \/>\nLa guineu fent la viu-viu<br \/>\nprou que se\u2019ls vol endrapar!<br \/>\nEl pins\u00e0, el rossinyol,<br \/>\nel pardal, la cotorreta,<br \/>\nla perdiu, la cadernera,<br \/>\nel pit-roig i l\u2019oriol,<br \/>\nel cucut o el colom,<br \/>\ntant la garsa com la merla.<br \/>\nA l\u2019hivern com a l\u2019estiu<br \/>\nmolts ocells hi fan el niu!<\/p>\n","protected":false},"excerpt":{"rendered":"<p>3. Can\u00e7\u00f3 dels ocells Can\u00e7\u00f3 dels ocells instrumental 3. CAN\u00c7\u00d3 DELS OCELLS A l\u2019hivern com a l\u2019estiu molts ocells viuen al parc. En els arbres fan el niu i no paren de garlar. A l\u2019hivern com a l\u2019estiu molts ocells viuen al parc. La guineu fent la viu-viu prou que se\u2019ls vol endrapar! El pins\u00e0, [&hellip;]<\/p>\n","protected":false},"author":1,"featured_media":0,"parent":12998,"menu_order":3,"comment_status":"closed","ping_status":"closed","template":"","meta":{"_bbp_topic_count":0,"_bbp_reply_count":0,"_bbp_total_topic_count":0,"_bbp_total_reply_count":0,"_bbp_voice_count":0,"_bbp_anonymous_reply_count":0,"_bbp_topic_count_hidden":0,"_bbp_reply_count_hidden":0,"_bbp_forum_subforum_count":0,"site-sidebar-layout":"default","site-content-layout":"","ast-site-content-layout":"default","site-content-style":"default","site-sidebar-style":"default","ast-global-header-display":"","ast-banner-title-visibility":"","ast-main-header-display":"","ast-hfb-above-header-display":"","ast-hfb-below-header-display":"","ast-hfb-mobile-header-display":"","site-post-title":"","ast-breadcrumbs-content":"","ast-featured-img":"","footer-sml-layout":"","theme-transparent-header-meta":"default","adv-header-id-meta":"","stick-header-meta":"","header-above-stick-meta":"","header-main-stick-meta":"","header-below-stick-meta":"","astra-migrate-meta-layouts":"set","ast-page-background-enabled":"default","ast-page-background-meta":{"desktop":{"background-color":"var(--ast-global-color-4)","background-image":"","background-repeat":"repeat","background-position":"center center","background-size":"auto","background-attachment":"scroll","background-type":"","background-media":"","overlay-type":"","overlay-color":"","overlay-opacity":"","overlay-gradient":""},"tablet":{"background-color":"","background-image":"","background-repeat":"repeat","background-position":"center center","background-size":"auto","background-attachment":"scroll","background-type":"","background-media":"","overlay-type":"","overlay-color":"","overlay-opacity":"","overlay-gradient":""},"mobile":{"background-color":"","background-image":"","background-repeat":"repeat","background-position":"center center","background-size":"auto","background-attachment":"scroll","background-type":"","background-media":"","overlay-type":"","overlay-color":"","overlay-opacity":"","overlay-gradient":""}},"ast-content-background-meta":{"desktop":{"background-color":"var(--ast-global-color-5)","background-image":"","background-repeat":"repeat","background-position":"center center","background-size":"auto","background-attachment":"scroll","background-type":"","background-media":"","overlay-type":"","overlay-color":"","overlay-opacity":"","overlay-gradient":""},"tablet":{"background-color":"var(--ast-global-color-5)","background-image":"","background-repeat":"repeat","background-position":"center center","background-size":"auto","background-attachment":"scroll","background-type":"","background-media":"","overlay-type":"","overlay-color":"","overlay-opacity":"","overlay-gradient":""},"mobile":{"background-color":"var(--ast-global-color-5)","background-image":"","background-repeat":"repeat","background-position":"center center","background-size":"auto","background-attachment":"scroll","background-type":"","background-media":"","overlay-type":"","overlay-color":"","overlay-opacity":"","overlay-gradient":""}},"footnotes":""},"class_list":["post-13124","page","type-page","status-publish","hentry"],"post_mailing_queue_ids":[],"_links":{"self":[{"href":"https:\/\/agora.xtec.cat\/escola-agora\/wp-json\/wp\/v2\/pages\/13124","targetHints":{"allow":["GET"]}}],"collection":[{"href":"https:\/\/agora.xtec.cat\/escola-agora\/wp-json\/wp\/v2\/pages"}],"about":[{"href":"https:\/\/agora.xtec.cat\/escola-agora\/wp-json\/wp\/v2\/types\/page"}],"author":[{"embeddable":true,"href":"https:\/\/agora.xtec.cat\/escola-agora\/wp-json\/wp\/v2\/users\/1"}],"replies":[{"embeddable":true,"href":"https:\/\/agora.xtec.cat\/escola-agora\/wp-json\/wp\/v2\/comments?post=13124"}],"version-history":[{"count":2,"href":"https:\/\/agora.xtec.cat\/escola-agora\/wp-json\/wp\/v2\/pages\/13124\/revisions"}],"predecessor-version":[{"id":13135,"href":"https:\/\/agora.xtec.cat\/escola-agora\/wp-json\/wp\/v2\/pages\/13124\/revisions\/13135"}],"up":[{"embeddable":true,"href":"https:\/\/agora.xtec.cat\/escola-agora\/wp-json\/wp\/v2\/pages\/12998"}],"wp:attachment":[{"href":"https:\/\/agora.xtec.cat\/escola-agora\/wp-json\/wp\/v2\/media?parent=13124"}],"curies":[{"name":"wp","href":"https:\/\/api.w.org\/{rel}","templated":true}]}}