{"id":1238,"date":"2017-05-22T10:23:48","date_gmt":"2017-05-22T08:23:48","guid":{"rendered":"http:\/\/agora.xtec.cat\/escola-agora\/?page_id=1238"},"modified":"2026-01-20T14:05:41","modified_gmt":"2026-01-20T13:05:41","slug":"els-ambients","status":"publish","type":"page","link":"https:\/\/agora.xtec.cat\/escola-agora\/documentacio\/els-ambients\/","title":{"rendered":"Els nostres ambients"},"content":{"rendered":"<p><a href=\"http:\/\/agora.xtec.cat\/escola-agora\/wp-content\/uploads\/usu616\/2017\/05\/Els-ambients.pdf\"><img loading=\"lazy\" decoding=\"async\" class=\"size-medium wp-image-1237 alignleft\" src=\"http:\/\/agora.xtec.cat\/escola-agora\/wp-content\/uploads\/usu616\/2017\/05\/ambients-300x225.jpg\" alt=\"ambients\" width=\"300\" height=\"225\" srcset=\"https:\/\/agora.xtec.cat\/escola-agora\/wp-content\/uploads\/usu616\/2017\/05\/ambients-300x225.jpg 300w, https:\/\/agora.xtec.cat\/escola-agora\/wp-content\/uploads\/usu616\/2017\/05\/ambients-200x150.jpg 200w, https:\/\/agora.xtec.cat\/escola-agora\/wp-content\/uploads\/usu616\/2017\/05\/ambients.jpg 550w\" sizes=\"auto, (max-width: 300px) 100vw, 300px\" \/><\/a><\/p>\n<p>Els ambients s\u00f3n diferents\u00a0<b>espais d\u2019aprenentatge<\/b>, de relaci\u00f3 i comunicaci\u00f3 on a partir de diferents propostes els infants poden actuar, observar, experimentar, construir, inventar, imaginar, compartir, relacionar-se, emocionar-se\u2026 i interactuar amb els altres.\u00a0El contingut de cadascun dels ambients estar\u00e0 en relaci\u00f3 amb cercar la motivaci\u00f3 i l\u2019experimentaci\u00f3 dels nostres alumnes. Les activitats contemplaran que el professorat i l\u2019alumnat gaudeixin, comparteixin, experimentin, observin, treballin, creixin\u2026<\/p>\n<p>L\u2019organitzaci\u00f3 dels infants en els ambients \u00e9s amb grups naturals,\u00a0no constitu\u00efts per edats, sin\u00f3 per interessos, que afavoreixin la interacci\u00f3, col\u00b7laboraci\u00f3 i cooperaci\u00f3 entre infants de diferents edats, on es donin relacions d\u2019ajuda.\u00a0Els espais s\u00f3n de lliure circulaci\u00f3, afavorint l\u2019elecci\u00f3 del mateix infant en cada moment d\u2019on vol anar i que desitja fer, aix\u00ed com l\u2019autonomia, l\u2019aprenentatge entre iguals, el respecte\u2026 Sempre amb l\u2019adult al costat acompanyant les seves decisions i aprenentatges.<\/p>\n<p>Els infants disposen d\u2019un temps\u00a0<b>d\u2019experi\u00e8ncia activa<\/b>, constru\u00efda per l\u2019adult, per\u00f2 reconstru\u00efda per ells mateixos, on nens i nenes es reuneixen per explorar diverses possibilitats de joc i dels materials.<\/p>\n<p>Amb aquesta manera de fer els infants participen d\u2019una manera m\u00e9s activa, lliure, constructiva i creativa del seu aprenentatge escolar i de creixement com a persones.<\/p>\n<p>Els nostres ambients d\u2019aprenentatge de l\u2019escola s\u00f3n:<\/p>\n<ul>\n<li><strong>Espai TESLA<\/strong>:\u00a0Els infants descobreixen els efectes de la llum i la foscor.<\/li>\n<li><strong>Espai CAU<\/strong>: Els infants projecten viv\u00e8ncies, emocions i experi\u00e8ncies amb espontane\u00eftat, a trav\u00e9s de la imaginaci\u00f3 i la fantasia del joc simb\u00f2lic.<\/li>\n<li><strong>Espai HIP\u00c0TIA:<\/strong>\u00a0Els infants amb els jocs de pensar, matem\u00e0tics i d\u2019experimentaci\u00f3 estimulen el raonament inductiu i deductiu.<\/li>\n<li><strong>Espai OBRADOR<\/strong>:\u00a0Els infants poden manipular amb diferents tipus de materials i experimentar amb diferents t\u00e8cniques art\u00edstiques.<\/li>\n<li><strong>Espai XALOC<\/strong>:\u00a0L\u2019objectiu d\u2019aquest espai \u00e9s promoure l\u2019expressi\u00f3 de totes les possibilitats motrius i relacionals de l\u2019infant a trav\u00e9s del joc lliure, amb materials que potencien la seva creativitat, moviment i coordinaci\u00f3.<\/li>\n<\/ul>\n<p>Si voleu llegir m\u00e9s informaci\u00f3 dels ambients cliqueu <a href=\"https:\/\/agora.xtec.cat\/escola-agora\/wp-content\/uploads\/usu616\/2026\/01\/Els-ambients-a-lagora.pdf\">AQU\u00cd<\/a><\/p>\n<p><iframe loading=\"lazy\" src=\"https:\/\/www.youtube.com\/embed\/2i-Jbbwb8sc\" width=\"560\" height=\"315\" frameborder=\"0\"><\/iframe><\/p>\n","protected":false},"excerpt":{"rendered":"<p>Els ambients s\u00f3n diferents\u00a0espais d\u2019aprenentatge, de relaci\u00f3 i comunicaci\u00f3 on a partir de diferents propostes els infants poden actuar, observar, experimentar, construir, inventar, imaginar, compartir, relacionar-se, emocionar-se\u2026 i interactuar amb els altres.\u00a0El contingut de cadascun dels ambients estar\u00e0 en relaci\u00f3 amb cercar la motivaci\u00f3 i l\u2019experimentaci\u00f3 dels nostres alumnes. Les activitats contemplaran que el professorat [&hellip;]<\/p>\n","protected":false},"author":1,"featured_media":0,"parent":357,"menu_order":0,"comment_status":"closed","ping_status":"closed","template":"","meta":{"_bbp_topic_count":0,"_bbp_reply_count":0,"_bbp_total_topic_count":0,"_bbp_total_reply_count":0,"_bbp_voice_count":0,"_bbp_anonymous_reply_count":0,"_bbp_topic_count_hidden":0,"_bbp_reply_count_hidden":0,"_bbp_forum_subforum_count":0,"site-sidebar-layout":"default","site-content-layout":"","ast-site-content-layout":"default","site-content-style":"default","site-sidebar-style":"default","ast-global-header-display":"","ast-banner-title-visibility":"","ast-main-header-display":"","ast-hfb-above-header-display":"","ast-hfb-below-header-display":"","ast-hfb-mobile-header-display":"","site-post-title":"","ast-breadcrumbs-content":"","ast-featured-img":"","footer-sml-layout":"","theme-transparent-header-meta":"default","adv-header-id-meta":"","stick-header-meta":"","header-above-stick-meta":"","header-main-stick-meta":"","header-below-stick-meta":"","astra-migrate-meta-layouts":"set","ast-page-background-enabled":"default","ast-page-background-meta":{"desktop":{"background-color":"var(--ast-global-color-4)","background-image":"","background-repeat":"repeat","background-position":"center center","background-size":"auto","background-attachment":"scroll","background-type":"","background-media":"","overlay-type":"","overlay-color":"","overlay-opacity":"","overlay-gradient":""},"tablet":{"background-color":"","background-image":"","background-repeat":"repeat","background-position":"center center","background-size":"auto","background-attachment":"scroll","background-type":"","background-media":"","overlay-type":"","overlay-color":"","overlay-opacity":"","overlay-gradient":""},"mobile":{"background-color":"","background-image":"","background-repeat":"repeat","background-position":"center center","background-size":"auto","background-attachment":"scroll","background-type":"","background-media":"","overlay-type":"","overlay-color":"","overlay-opacity":"","overlay-gradient":""}},"ast-content-background-meta":{"desktop":{"background-color":"var(--ast-global-color-5)","background-image":"","background-repeat":"repeat","background-position":"center center","background-size":"auto","background-attachment":"scroll","background-type":"","background-media":"","overlay-type":"","overlay-color":"","overlay-opacity":"","overlay-gradient":""},"tablet":{"background-color":"var(--ast-global-color-5)","background-image":"","background-repeat":"repeat","background-position":"center center","background-size":"auto","background-attachment":"scroll","background-type":"","background-media":"","overlay-type":"","overlay-color":"","overlay-opacity":"","overlay-gradient":""},"mobile":{"background-color":"var(--ast-global-color-5)","background-image":"","background-repeat":"repeat","background-position":"center center","background-size":"auto","background-attachment":"scroll","background-type":"","background-media":"","overlay-type":"","overlay-color":"","overlay-opacity":"","overlay-gradient":""}},"footnotes":""},"class_list":["post-1238","page","type-page","status-publish","hentry"],"post_mailing_queue_ids":[],"_links":{"self":[{"href":"https:\/\/agora.xtec.cat\/escola-agora\/wp-json\/wp\/v2\/pages\/1238","targetHints":{"allow":["GET"]}}],"collection":[{"href":"https:\/\/agora.xtec.cat\/escola-agora\/wp-json\/wp\/v2\/pages"}],"about":[{"href":"https:\/\/agora.xtec.cat\/escola-agora\/wp-json\/wp\/v2\/types\/page"}],"author":[{"embeddable":true,"href":"https:\/\/agora.xtec.cat\/escola-agora\/wp-json\/wp\/v2\/users\/1"}],"replies":[{"embeddable":true,"href":"https:\/\/agora.xtec.cat\/escola-agora\/wp-json\/wp\/v2\/comments?post=1238"}],"version-history":[{"count":4,"href":"https:\/\/agora.xtec.cat\/escola-agora\/wp-json\/wp\/v2\/pages\/1238\/revisions"}],"predecessor-version":[{"id":12882,"href":"https:\/\/agora.xtec.cat\/escola-agora\/wp-json\/wp\/v2\/pages\/1238\/revisions\/12882"}],"up":[{"embeddable":true,"href":"https:\/\/agora.xtec.cat\/escola-agora\/wp-json\/wp\/v2\/pages\/357"}],"wp:attachment":[{"href":"https:\/\/agora.xtec.cat\/escola-agora\/wp-json\/wp\/v2\/media?parent=1238"}],"curies":[{"name":"wp","href":"https:\/\/api.w.org\/{rel}","templated":true}]}}