{"id":1234,"date":"2017-05-22T10:17:11","date_gmt":"2017-05-22T08:17:11","guid":{"rendered":"http:\/\/agora.xtec.cat\/escola-agora\/?page_id=1234"},"modified":"2021-07-15T21:40:20","modified_gmt":"2021-07-15T19:40:20","slug":"convivencia","status":"publish","type":"page","link":"https:\/\/agora.xtec.cat\/escola-agora\/documentacio\/convivencia\/","title":{"rendered":"Pla de conviv\u00e8ncia i Equip de Mediaci\u00f3"},"content":{"rendered":"<p>L\u2019\u00e8xit educatiu del nostre alumnat \u00e9s una de les fites a aconseguir amb el comprom\u00eds de tots\/es els que hi estem involucrats. Per a aconseguir aquest objectiu cal un bon clima de conviv\u00e8ncia que garanteixi l\u2019escenari i condicions adequades i necess\u00e0ries per tal que els nens i les nenes de la nostra escola desenvolupin totes les seves capacitats per un aprenentatge que els permeti afrontar de manera competent els reptes de la societat del futur.<\/p>\n<p>Per a con\u00e8ixer la manera de treballar la conviv\u00e8ncia a l&#8217;escola podeu consultar el nostre<strong><a href=\"http:\/\/agora.xtec.cat\/escola-agora\/wp-content\/uploads\/usu616\/2017\/05\/CONVIVENCIA.pdf\"> Pla de conviv\u00e8ncia<\/a><\/strong><\/p>\n<p><a href=\"http:\/\/agora.xtec.cat\/escola-agora\/wp-content\/uploads\/usu616\/2017\/05\/CONVIVENCIA.pdf\"><br \/>\n<img loading=\"lazy\" decoding=\"async\" class=\"alignnone size-medium wp-image-1233\" src=\"http:\/\/agora.xtec.cat\/escola-agora\/wp-content\/uploads\/usu616\/2017\/05\/conviv\u00e8ncia-300x199.jpg\" alt=\"conviv\u00e8ncia\" width=\"300\" height=\"199\" srcset=\"https:\/\/agora.xtec.cat\/escola-agora\/wp-content\/uploads\/usu616\/2017\/05\/conviv\u00e8ncia-300x199.jpg 300w, https:\/\/agora.xtec.cat\/escola-agora\/wp-content\/uploads\/usu616\/2017\/05\/conviv\u00e8ncia.jpg 701w\" sizes=\"auto, (max-width: 300px) 100vw, 300px\" \/><\/a><\/p>\n<p>&nbsp;<\/p>\n","protected":false},"excerpt":{"rendered":"<p>L\u2019\u00e8xit educatiu del nostre alumnat \u00e9s una de les fites a aconseguir amb el comprom\u00eds de tots\/es els que hi estem involucrats. Per a aconseguir aquest objectiu cal un bon clima de conviv\u00e8ncia que garanteixi l\u2019escenari i condicions adequades i necess\u00e0ries per tal que els nens i les nenes de la nostra escola desenvolupin totes [&hellip;]<\/p>\n","protected":false},"author":1,"featured_media":0,"parent":357,"menu_order":0,"comment_status":"closed","ping_status":"closed","template":"page-templates\/side-menu.php","meta":{"_bbp_topic_count":0,"_bbp_reply_count":0,"_bbp_total_topic_count":0,"_bbp_total_reply_count":0,"_bbp_voice_count":0,"_bbp_anonymous_reply_count":0,"_bbp_topic_count_hidden":0,"_bbp_reply_count_hidden":0,"_bbp_forum_subforum_count":0,"site-sidebar-layout":"default","site-content-layout":"","ast-site-content-layout":"","site-content-style":"default","site-sidebar-style":"default","ast-global-header-display":"","ast-banner-title-visibility":"","ast-main-header-display":"","ast-hfb-above-header-display":"","ast-hfb-below-header-display":"","ast-hfb-mobile-header-display":"","site-post-title":"","ast-breadcrumbs-content":"","ast-featured-img":"","footer-sml-layout":"","theme-transparent-header-meta":"","adv-header-id-meta":"","stick-header-meta":"","header-above-stick-meta":"","header-main-stick-meta":"","header-below-stick-meta":"","astra-migrate-meta-layouts":"default","ast-page-background-enabled":"default","ast-page-background-meta":{"desktop":{"background-color":"var(--ast-global-color-4)","background-image":"","background-repeat":"repeat","background-position":"center center","background-size":"auto","background-attachment":"scroll","background-type":"","background-media":"","overlay-type":"","overlay-color":"","overlay-opacity":"","overlay-gradient":""},"tablet":{"background-color":"","background-image":"","background-repeat":"repeat","background-position":"center center","background-size":"auto","background-attachment":"scroll","background-type":"","background-media":"","overlay-type":"","overlay-color":"","overlay-opacity":"","overlay-gradient":""},"mobile":{"background-color":"","background-image":"","background-repeat":"repeat","background-position":"center center","background-size":"auto","background-attachment":"scroll","background-type":"","background-media":"","overlay-type":"","overlay-color":"","overlay-opacity":"","overlay-gradient":""}},"ast-content-background-meta":{"desktop":{"background-color":"var(--ast-global-color-5)","background-image":"","background-repeat":"repeat","background-position":"center center","background-size":"auto","background-attachment":"scroll","background-type":"","background-media":"","overlay-type":"","overlay-color":"","overlay-opacity":"","overlay-gradient":""},"tablet":{"background-color":"var(--ast-global-color-5)","background-image":"","background-repeat":"repeat","background-position":"center center","background-size":"auto","background-attachment":"scroll","background-type":"","background-media":"","overlay-type":"","overlay-color":"","overlay-opacity":"","overlay-gradient":""},"mobile":{"background-color":"var(--ast-global-color-5)","background-image":"","background-repeat":"repeat","background-position":"center center","background-size":"auto","background-attachment":"scroll","background-type":"","background-media":"","overlay-type":"","overlay-color":"","overlay-opacity":"","overlay-gradient":""}},"footnotes":""},"class_list":["post-1234","page","type-page","status-publish","hentry"],"post_mailing_queue_ids":[],"_links":{"self":[{"href":"https:\/\/agora.xtec.cat\/escola-agora\/wp-json\/wp\/v2\/pages\/1234","targetHints":{"allow":["GET"]}}],"collection":[{"href":"https:\/\/agora.xtec.cat\/escola-agora\/wp-json\/wp\/v2\/pages"}],"about":[{"href":"https:\/\/agora.xtec.cat\/escola-agora\/wp-json\/wp\/v2\/types\/page"}],"author":[{"embeddable":true,"href":"https:\/\/agora.xtec.cat\/escola-agora\/wp-json\/wp\/v2\/users\/1"}],"replies":[{"embeddable":true,"href":"https:\/\/agora.xtec.cat\/escola-agora\/wp-json\/wp\/v2\/comments?post=1234"}],"version-history":[{"count":3,"href":"https:\/\/agora.xtec.cat\/escola-agora\/wp-json\/wp\/v2\/pages\/1234\/revisions"}],"predecessor-version":[{"id":9425,"href":"https:\/\/agora.xtec.cat\/escola-agora\/wp-json\/wp\/v2\/pages\/1234\/revisions\/9425"}],"up":[{"embeddable":true,"href":"https:\/\/agora.xtec.cat\/escola-agora\/wp-json\/wp\/v2\/pages\/357"}],"wp:attachment":[{"href":"https:\/\/agora.xtec.cat\/escola-agora\/wp-json\/wp\/v2\/media?parent=1234"}],"curies":[{"name":"wp","href":"https:\/\/api.w.org\/{rel}","templated":true}]}}