{"id":12273,"date":"2024-11-25T09:59:46","date_gmt":"2024-11-25T08:59:46","guid":{"rendered":"https:\/\/agora.xtec.cat\/escola-agora\/?page_id=12273"},"modified":"2024-11-25T10:06:54","modified_gmt":"2024-11-25T09:06:54","slug":"microespais","status":"publish","type":"page","link":"https:\/\/agora.xtec.cat\/escola-agora\/lescola\/com-ho-fem\/microespais\/","title":{"rendered":"Microespais"},"content":{"rendered":"<p><span style=\"font-weight: 400;\">Els <\/span><b>microespais<\/b><span style=\"font-weight: 400;\">, espais on nens i nenes es converteixen en els\u00a0<\/span><b>constructors del seu propi aprenentatge<\/b><span style=\"font-weight: 400;\"> partint del joc, la investigaci\u00f3 i les relacions amb els companys i companyes.\u00a0<\/span><span style=\"font-weight: 400;\">En aquests espais\u00a0<\/span><b>s\u00f3n ells i elles qui prenen les decisions<\/b><span style=\"font-weight: 400;\">\u00a0i cerquen les seves pr\u00f2pies estrat\u00e8gies per a trobar solucions davant dels reptes i situacions que es van trobant.\u00a0<\/span><\/p>\n<p><span style=\"font-weight: 400;\">Oferim espais preparats a partir de diferents propostes i materials enfocats als interessos i necessitats de cada moment. <\/span><span style=\"font-weight: 400;\">Les sessions de microespais a l\u2019aula, segueixen 3 moments diferenciats:<\/span><\/p>\n<ul>\n<li aria-level=\"1\"><span style=\"font-weight: 400;\">En un primer moment, es presenten els materials de forma visual i est\u00e8ticament acurada per tal de captar l\u2019atenci\u00f3 i fomentar la motivaci\u00f3.\u00a0<\/span><\/li>\n<\/ul>\n<ul>\n<li aria-level=\"1\"><span style=\"font-weight: 400;\">En un segon moment, oferim l\u2019oportunitat d\u2019interactuar directament amb els materials, experimentant, generant hip\u00f2tesis i reptes i comprovant la viabilitat d\u2019aquests\/es.\u00a0<\/span><\/li>\n<\/ul>\n<ul>\n<li aria-level=\"1\"><span style=\"font-weight: 400;\">En l\u2019\u00faltim moment, fem un cercle, on ens trobem per posar en com\u00fa, i compartir les descobertes, on cada alumne\/a pot verbalitzar la seva\u00a0viv\u00e8ncia en relaci\u00f3 amb\u00a0les propostes i els materials. \u00c9s un moment per aprofundir i reflexionar sobre els conceptes derivats de l\u2019experimentaci\u00f3.\u00a0<\/span><\/li>\n<\/ul>\n<p><span style=\"font-weight: 400;\">Els microespais es porten a terme durant quatre sessions setmanals, amb una durada d\u2019hora aproximadament. Dues sessions s\u00f3n <strong>microespais matem\u00e0tics<\/strong> (numeraci\u00f3, l\u00f2gica, geometria, orientaci\u00f3 espacial i mesura) i les altres dues s\u00f3n <strong>microespais de lletres<\/strong> (consci\u00e8ncia fonol\u00f2gica, creaci\u00f3, identificaci\u00f3 de sons, grafisme&#8230;).\u00a0 \u00a0 \u00a0<\/span><\/p>\n","protected":false},"excerpt":{"rendered":"<p>Els microespais, espais on nens i nenes es converteixen en els\u00a0constructors del seu propi aprenentatge partint del joc, la investigaci\u00f3 i les relacions amb els companys i companyes.\u00a0En aquests espais\u00a0s\u00f3n ells i elles qui prenen les decisions\u00a0i cerquen les seves pr\u00f2pies estrat\u00e8gies per a trobar solucions davant dels reptes i situacions que es van trobant.\u00a0 [&hellip;]<\/p>\n","protected":false},"author":1,"featured_media":0,"parent":324,"menu_order":0,"comment_status":"closed","ping_status":"closed","template":"","meta":{"_bbp_topic_count":0,"_bbp_reply_count":0,"_bbp_total_topic_count":0,"_bbp_total_reply_count":0,"_bbp_voice_count":0,"_bbp_anonymous_reply_count":0,"_bbp_topic_count_hidden":0,"_bbp_reply_count_hidden":0,"_bbp_forum_subforum_count":0,"site-sidebar-layout":"default","site-content-layout":"","ast-site-content-layout":"","site-content-style":"default","site-sidebar-style":"default","ast-global-header-display":"","ast-banner-title-visibility":"","ast-main-header-display":"","ast-hfb-above-header-display":"","ast-hfb-below-header-display":"","ast-hfb-mobile-header-display":"","site-post-title":"","ast-breadcrumbs-content":"","ast-featured-img":"","footer-sml-layout":"","theme-transparent-header-meta":"","adv-header-id-meta":"","stick-header-meta":"","header-above-stick-meta":"","header-main-stick-meta":"","header-below-stick-meta":"","astra-migrate-meta-layouts":"default","ast-page-background-enabled":"default","ast-page-background-meta":{"desktop":{"background-color":"var(--ast-global-color-4)","background-image":"","background-repeat":"repeat","background-position":"center center","background-size":"auto","background-attachment":"scroll","background-type":"","background-media":"","overlay-type":"","overlay-color":"","overlay-opacity":"","overlay-gradient":""},"tablet":{"background-color":"","background-image":"","background-repeat":"repeat","background-position":"center center","background-size":"auto","background-attachment":"scroll","background-type":"","background-media":"","overlay-type":"","overlay-color":"","overlay-opacity":"","overlay-gradient":""},"mobile":{"background-color":"","background-image":"","background-repeat":"repeat","background-position":"center center","background-size":"auto","background-attachment":"scroll","background-type":"","background-media":"","overlay-type":"","overlay-color":"","overlay-opacity":"","overlay-gradient":""}},"ast-content-background-meta":{"desktop":{"background-color":"var(--ast-global-color-5)","background-image":"","background-repeat":"repeat","background-position":"center center","background-size":"auto","background-attachment":"scroll","background-type":"","background-media":"","overlay-type":"","overlay-color":"","overlay-opacity":"","overlay-gradient":""},"tablet":{"background-color":"var(--ast-global-color-5)","background-image":"","background-repeat":"repeat","background-position":"center center","background-size":"auto","background-attachment":"scroll","background-type":"","background-media":"","overlay-type":"","overlay-color":"","overlay-opacity":"","overlay-gradient":""},"mobile":{"background-color":"var(--ast-global-color-5)","background-image":"","background-repeat":"repeat","background-position":"center center","background-size":"auto","background-attachment":"scroll","background-type":"","background-media":"","overlay-type":"","overlay-color":"","overlay-opacity":"","overlay-gradient":""}},"footnotes":""},"class_list":["post-12273","page","type-page","status-publish","hentry"],"post_mailing_queue_ids":[],"_links":{"self":[{"href":"https:\/\/agora.xtec.cat\/escola-agora\/wp-json\/wp\/v2\/pages\/12273","targetHints":{"allow":["GET"]}}],"collection":[{"href":"https:\/\/agora.xtec.cat\/escola-agora\/wp-json\/wp\/v2\/pages"}],"about":[{"href":"https:\/\/agora.xtec.cat\/escola-agora\/wp-json\/wp\/v2\/types\/page"}],"author":[{"embeddable":true,"href":"https:\/\/agora.xtec.cat\/escola-agora\/wp-json\/wp\/v2\/users\/1"}],"replies":[{"embeddable":true,"href":"https:\/\/agora.xtec.cat\/escola-agora\/wp-json\/wp\/v2\/comments?post=12273"}],"version-history":[{"count":2,"href":"https:\/\/agora.xtec.cat\/escola-agora\/wp-json\/wp\/v2\/pages\/12273\/revisions"}],"predecessor-version":[{"id":12277,"href":"https:\/\/agora.xtec.cat\/escola-agora\/wp-json\/wp\/v2\/pages\/12273\/revisions\/12277"}],"up":[{"embeddable":true,"href":"https:\/\/agora.xtec.cat\/escola-agora\/wp-json\/wp\/v2\/pages\/324"}],"wp:attachment":[{"href":"https:\/\/agora.xtec.cat\/escola-agora\/wp-json\/wp\/v2\/media?parent=12273"}],"curies":[{"name":"wp","href":"https:\/\/api.w.org\/{rel}","templated":true}]}}