{"id":11927,"date":"2024-04-01T10:00:00","date_gmt":"2024-04-01T08:00:00","guid":{"rendered":"https:\/\/agora.xtec.cat\/escola-agora\/?page_id=11927"},"modified":"2024-04-01T10:07:56","modified_gmt":"2024-04-01T08:07:56","slug":"9-dissabte-si-reprise","status":"publish","type":"page","link":"https:\/\/agora.xtec.cat\/escola-agora\/es-dissabte\/9-dissabte-si-reprise\/","title":{"rendered":"9. Dissabte s\u00ed reprise"},"content":{"rendered":"<div class=\"ast-oembed-container \" style=\"height: 100%;\"><iframe loading=\"lazy\" title=\"9  DISSABTE S\u00cd REPRISE\" width=\"500\" height=\"281\" src=\"https:\/\/www.youtube.com\/embed\/QkfEAXcFNHc?feature=oembed\" frameborder=\"0\" allow=\"accelerometer; autoplay; clipboard-write; encrypted-media; gyroscope; picture-in-picture; web-share\" referrerpolicy=\"strict-origin-when-cross-origin\" allowfullscreen><\/iframe><\/div>\n<p>&nbsp;<\/p>\n<p><strong>CAN\u00c7\u00d3 9: \u201c\u00c9s dissabte reprise!\u201d<\/strong><\/p>\n<p>Dissabte, s\u00ed! Ai, quina alegria a dins!<br \/>\nJa \u00e9s aqu\u00ed! Ja ha arribat que b\u00e9, per fi!<br \/>\nJa \u00e9s aqu\u00ed! El millor dia per mi!<\/p>\n<p>Dissabte, s\u00ed! Cal dir-ho alt i clar!<br \/>\nJa \u00e9s aqu\u00ed! Dia per descansar!<br \/>\nQue b\u00e9 fer fi! El cap de setmana \u00e9s aqu\u00ed!<\/p>\n<p>Dissabte, s\u00ed! Dia per no fer res!<br \/>\nJa \u00e9s aqu\u00ed! S\u00ed, ja m\u2019has ben ent\u00e8s!<br \/>\nJa \u00e9s aqu\u00ed! Un dia per poder gaudir!<\/p>\n<p><span style=\"font-weight: 500;\">Dissabte, s\u00ed! Ja \u00e9s\u2026<\/span><\/p>\n<p><span style=\"font-weight: 500;\">Ja \u00e9s aqu\u00ed, ja \u00e9s aqu\u00ed, ja \u00e9s aqu\u00ed<\/span><\/p>\n<p><span style=\"font-weight: 500;\">Ja \u00e9s aqu\u00ed!!<\/span><\/p>\n","protected":false},"excerpt":{"rendered":"<p>&nbsp; CAN\u00c7\u00d3 9: \u201c\u00c9s dissabte reprise!\u201d Dissabte, s\u00ed! Ai, quina alegria a dins! Ja \u00e9s aqu\u00ed! Ja ha arribat que b\u00e9, per fi! Ja \u00e9s aqu\u00ed! El millor dia per mi! Dissabte, s\u00ed! Cal dir-ho alt i clar! Ja \u00e9s aqu\u00ed! Dia per descansar! Que b\u00e9 fer fi! El cap de setmana \u00e9s aqu\u00ed! Dissabte, [&hellip;]<\/p>\n","protected":false},"author":1,"featured_media":0,"parent":11001,"menu_order":9,"comment_status":"closed","ping_status":"closed","template":"page-templates\/side-menu.php","meta":{"_bbp_topic_count":0,"_bbp_reply_count":0,"_bbp_total_topic_count":0,"_bbp_total_reply_count":0,"_bbp_voice_count":0,"_bbp_anonymous_reply_count":0,"_bbp_topic_count_hidden":0,"_bbp_reply_count_hidden":0,"_bbp_forum_subforum_count":0,"site-sidebar-layout":"default","site-content-layout":"","ast-site-content-layout":"","site-content-style":"default","site-sidebar-style":"default","ast-global-header-display":"","ast-banner-title-visibility":"","ast-main-header-display":"","ast-hfb-above-header-display":"","ast-hfb-below-header-display":"","ast-hfb-mobile-header-display":"","site-post-title":"","ast-breadcrumbs-content":"","ast-featured-img":"","footer-sml-layout":"","theme-transparent-header-meta":"","adv-header-id-meta":"","stick-header-meta":"","header-above-stick-meta":"","header-main-stick-meta":"","header-below-stick-meta":"","astra-migrate-meta-layouts":"default","ast-page-background-enabled":"default","ast-page-background-meta":{"desktop":{"background-color":"var(--ast-global-color-4)","background-image":"","background-repeat":"repeat","background-position":"center center","background-size":"auto","background-attachment":"scroll","background-type":"","background-media":"","overlay-type":"","overlay-color":"","overlay-opacity":"","overlay-gradient":""},"tablet":{"background-color":"","background-image":"","background-repeat":"repeat","background-position":"center center","background-size":"auto","background-attachment":"scroll","background-type":"","background-media":"","overlay-type":"","overlay-color":"","overlay-opacity":"","overlay-gradient":""},"mobile":{"background-color":"","background-image":"","background-repeat":"repeat","background-position":"center center","background-size":"auto","background-attachment":"scroll","background-type":"","background-media":"","overlay-type":"","overlay-color":"","overlay-opacity":"","overlay-gradient":""}},"ast-content-background-meta":{"desktop":{"background-color":"var(--ast-global-color-5)","background-image":"","background-repeat":"repeat","background-position":"center center","background-size":"auto","background-attachment":"scroll","background-type":"","background-media":"","overlay-type":"","overlay-color":"","overlay-opacity":"","overlay-gradient":""},"tablet":{"background-color":"var(--ast-global-color-5)","background-image":"","background-repeat":"repeat","background-position":"center center","background-size":"auto","background-attachment":"scroll","background-type":"","background-media":"","overlay-type":"","overlay-color":"","overlay-opacity":"","overlay-gradient":""},"mobile":{"background-color":"var(--ast-global-color-5)","background-image":"","background-repeat":"repeat","background-position":"center center","background-size":"auto","background-attachment":"scroll","background-type":"","background-media":"","overlay-type":"","overlay-color":"","overlay-opacity":"","overlay-gradient":""}},"footnotes":""},"class_list":["post-11927","page","type-page","status-publish","hentry"],"post_mailing_queue_ids":[],"_links":{"self":[{"href":"https:\/\/agora.xtec.cat\/escola-agora\/wp-json\/wp\/v2\/pages\/11927","targetHints":{"allow":["GET"]}}],"collection":[{"href":"https:\/\/agora.xtec.cat\/escola-agora\/wp-json\/wp\/v2\/pages"}],"about":[{"href":"https:\/\/agora.xtec.cat\/escola-agora\/wp-json\/wp\/v2\/types\/page"}],"author":[{"embeddable":true,"href":"https:\/\/agora.xtec.cat\/escola-agora\/wp-json\/wp\/v2\/users\/1"}],"replies":[{"embeddable":true,"href":"https:\/\/agora.xtec.cat\/escola-agora\/wp-json\/wp\/v2\/comments?post=11927"}],"version-history":[{"count":3,"href":"https:\/\/agora.xtec.cat\/escola-agora\/wp-json\/wp\/v2\/pages\/11927\/revisions"}],"predecessor-version":[{"id":11930,"href":"https:\/\/agora.xtec.cat\/escola-agora\/wp-json\/wp\/v2\/pages\/11927\/revisions\/11930"}],"up":[{"embeddable":true,"href":"https:\/\/agora.xtec.cat\/escola-agora\/wp-json\/wp\/v2\/pages\/11001"}],"wp:attachment":[{"href":"https:\/\/agora.xtec.cat\/escola-agora\/wp-json\/wp\/v2\/media?parent=11927"}],"curies":[{"name":"wp","href":"https:\/\/api.w.org\/{rel}","templated":true}]}}