{"id":11096,"date":"2023-02-04T09:26:48","date_gmt":"2023-02-04T08:26:48","guid":{"rendered":"https:\/\/agora.xtec.cat\/escola-agora\/?page_id=11096"},"modified":"2023-03-04T09:16:12","modified_gmt":"2023-03-04T08:16:12","slug":"2-el-mon-al-reves","status":"publish","type":"page","link":"https:\/\/agora.xtec.cat\/escola-agora\/la-fabrica-de-colors\/2-el-mon-al-reves\/","title":{"rendered":"2. EL M\u00d3N AL REV\u00c9S"},"content":{"rendered":"<div class=\"ast-oembed-container \" style=\"height: 100%;\"><iframe loading=\"lazy\" title=\"KARAOKE AMB VEU - LA F\u00c0BRICA DE COLORS: 2 El m\u00f3n al rev\u00e9s\" width=\"500\" height=\"281\" src=\"https:\/\/www.youtube.com\/embed\/C-x4-2rInNk?feature=oembed\" frameborder=\"0\" allow=\"accelerometer; autoplay; clipboard-write; encrypted-media; gyroscope; picture-in-picture; web-share\" referrerpolicy=\"strict-origin-when-cross-origin\" allowfullscreen><\/iframe><\/div>\n<p>SI \u00c9S VERMELL EL MAR I \u00c9S GROC EL CEL,<br \/>\nSI EL CAVALL \u00c9S BLAU I EL GALL \u00c9S TRANSPARENT:<br \/>\nQUIQUIRIQU\u00cd QUIRIQUIQUIQU\u00cd!<\/p>\n<p><strong>\u00c9S UN EMBOLIC, EL M\u00d3N AL REV\u00c9S,<br \/>\nI NING\u00da NO S\u2019ACLAREIX.<\/strong><\/p>\n<p>SI EL FOC \u00c9S TOT BLANC I \u00c9S NEGRE EL GEL,<br \/>\nSI EL GOS \u00c9S MORAT I EL GAT DE COLOR VERD:<br \/>\nM\u00c8U, MEMEM\u00c8U, MEMEM\u00c8U, M\u00c8U, M\u00c8U!<\/p>\n<p><strong>\u00c9S UN EMBOLIC, EL M\u00d3N AL REV\u00c9S,<br \/>\nI NING\u00da NO S\u2019ACLAREIX.<\/strong><\/p>\n","protected":false},"excerpt":{"rendered":"<p>SI \u00c9S VERMELL EL MAR I \u00c9S GROC EL CEL, SI EL CAVALL \u00c9S BLAU I EL GALL \u00c9S TRANSPARENT: QUIQUIRIQU\u00cd QUIRIQUIQUIQU\u00cd! \u00c9S UN EMBOLIC, EL M\u00d3N AL REV\u00c9S, I NING\u00da NO S\u2019ACLAREIX. SI EL FOC \u00c9S TOT BLANC I \u00c9S NEGRE EL GEL, SI EL GOS \u00c9S MORAT I EL GAT DE COLOR VERD: [&hellip;]<\/p>\n","protected":false},"author":1,"featured_media":0,"parent":10962,"menu_order":2,"comment_status":"closed","ping_status":"closed","template":"page-templates\/side-menu.php","meta":{"_bbp_topic_count":0,"_bbp_reply_count":0,"_bbp_total_topic_count":0,"_bbp_total_reply_count":0,"_bbp_voice_count":0,"_bbp_anonymous_reply_count":0,"_bbp_topic_count_hidden":0,"_bbp_reply_count_hidden":0,"_bbp_forum_subforum_count":0,"site-sidebar-layout":"default","site-content-layout":"","ast-site-content-layout":"","site-content-style":"default","site-sidebar-style":"default","ast-global-header-display":"","ast-banner-title-visibility":"","ast-main-header-display":"","ast-hfb-above-header-display":"","ast-hfb-below-header-display":"","ast-hfb-mobile-header-display":"","site-post-title":"","ast-breadcrumbs-content":"","ast-featured-img":"","footer-sml-layout":"","theme-transparent-header-meta":"","adv-header-id-meta":"","stick-header-meta":"","header-above-stick-meta":"","header-main-stick-meta":"","header-below-stick-meta":"","astra-migrate-meta-layouts":"default","ast-page-background-enabled":"default","ast-page-background-meta":{"desktop":{"background-color":"var(--ast-global-color-4)","background-image":"","background-repeat":"repeat","background-position":"center center","background-size":"auto","background-attachment":"scroll","background-type":"","background-media":"","overlay-type":"","overlay-color":"","overlay-opacity":"","overlay-gradient":""},"tablet":{"background-color":"","background-image":"","background-repeat":"repeat","background-position":"center center","background-size":"auto","background-attachment":"scroll","background-type":"","background-media":"","overlay-type":"","overlay-color":"","overlay-opacity":"","overlay-gradient":""},"mobile":{"background-color":"","background-image":"","background-repeat":"repeat","background-position":"center center","background-size":"auto","background-attachment":"scroll","background-type":"","background-media":"","overlay-type":"","overlay-color":"","overlay-opacity":"","overlay-gradient":""}},"ast-content-background-meta":{"desktop":{"background-color":"var(--ast-global-color-5)","background-image":"","background-repeat":"repeat","background-position":"center center","background-size":"auto","background-attachment":"scroll","background-type":"","background-media":"","overlay-type":"","overlay-color":"","overlay-opacity":"","overlay-gradient":""},"tablet":{"background-color":"var(--ast-global-color-5)","background-image":"","background-repeat":"repeat","background-position":"center center","background-size":"auto","background-attachment":"scroll","background-type":"","background-media":"","overlay-type":"","overlay-color":"","overlay-opacity":"","overlay-gradient":""},"mobile":{"background-color":"var(--ast-global-color-5)","background-image":"","background-repeat":"repeat","background-position":"center center","background-size":"auto","background-attachment":"scroll","background-type":"","background-media":"","overlay-type":"","overlay-color":"","overlay-opacity":"","overlay-gradient":""}},"footnotes":""},"class_list":["post-11096","page","type-page","status-publish","hentry"],"post_mailing_queue_ids":[],"_links":{"self":[{"href":"https:\/\/agora.xtec.cat\/escola-agora\/wp-json\/wp\/v2\/pages\/11096","targetHints":{"allow":["GET"]}}],"collection":[{"href":"https:\/\/agora.xtec.cat\/escola-agora\/wp-json\/wp\/v2\/pages"}],"about":[{"href":"https:\/\/agora.xtec.cat\/escola-agora\/wp-json\/wp\/v2\/types\/page"}],"author":[{"embeddable":true,"href":"https:\/\/agora.xtec.cat\/escola-agora\/wp-json\/wp\/v2\/users\/1"}],"replies":[{"embeddable":true,"href":"https:\/\/agora.xtec.cat\/escola-agora\/wp-json\/wp\/v2\/comments?post=11096"}],"version-history":[{"count":2,"href":"https:\/\/agora.xtec.cat\/escola-agora\/wp-json\/wp\/v2\/pages\/11096\/revisions"}],"predecessor-version":[{"id":11179,"href":"https:\/\/agora.xtec.cat\/escola-agora\/wp-json\/wp\/v2\/pages\/11096\/revisions\/11179"}],"up":[{"embeddable":true,"href":"https:\/\/agora.xtec.cat\/escola-agora\/wp-json\/wp\/v2\/pages\/10962"}],"wp:attachment":[{"href":"https:\/\/agora.xtec.cat\/escola-agora\/wp-json\/wp\/v2\/media?parent=11096"}],"curies":[{"name":"wp","href":"https:\/\/api.w.org\/{rel}","templated":true}]}}