{"id":10959,"date":"2023-01-17T10:15:33","date_gmt":"2023-01-17T09:15:33","guid":{"rendered":"https:\/\/agora.xtec.cat\/escola-agora\/?page_id=10959"},"modified":"2023-01-17T10:21:50","modified_gmt":"2023-01-17T09:21:50","slug":"1-la-fabrica-de-colors","status":"publish","type":"page","link":"https:\/\/agora.xtec.cat\/escola-agora\/la-fabrica-de-colors\/1-la-fabrica-de-colors\/","title":{"rendered":"1 LA F\u00c0BRICA DE COLORS"},"content":{"rendered":"<div class=\"ast-oembed-container \" style=\"height: 100%;\"><iframe loading=\"lazy\" title=\"KARAOKE AMB VEU - LA F\u00c0BRICA DE COLORS: 1 La f\u00e0brica de colors\" width=\"500\" height=\"281\" src=\"https:\/\/www.youtube.com\/embed\/kb0vfxfDrgw?start=14&#038;feature=oembed\" frameborder=\"0\" allow=\"accelerometer; autoplay; clipboard-write; encrypted-media; gyroscope; picture-in-picture; web-share\" referrerpolicy=\"strict-origin-when-cross-origin\" allowfullscreen><\/iframe><\/div>\n<p><strong>1. LA F\u00c0BRICA DE COLORS<\/strong><br \/>\nLA LLIMONA TOTA GROGA, VERDA \u00c9S LA CARXOFA,<br \/>\nLA CARBASSA DE TARONJA I EL TOM\u00c0QUET VERMELL.<br \/>\nCADASC\u00da TAL COM \u00c9S!<\/p>\n<p><strong>APA I ANEM-HI TOTS A LA F\u00c0BRICA DE COLORS;<\/strong><br \/>\n<strong>SOM-HI QUE ET PINTAREM COM TU VOLS. (2 vegades)<\/strong><br \/>\n<strong>TROBAR\u00c0S MIL COLORS!<\/strong><\/p>\n<p>BEN MORADA LA VIOLETA, EL CEL BLAU, LA NIT NEGRA,<br \/>\nBLANCA NATA, GRISA PEDRA, I DE ROSA EL PORQUET.<br \/>\nCADASC\u00da TAL COM \u00c9S!<\/p>\n<p><strong>APA I ANEM-HI TOTS A LA F\u00c0BRICA DE COLORS;<\/strong><br \/>\n<strong>SOM-HI QUE ET PINTAREM COM TU VOLS. (2 vegades)<\/strong><br \/>\n<strong>TROBAR\u00c0S MIL COLORS!<\/strong><\/p>\n","protected":false},"excerpt":{"rendered":"<p>1. LA F\u00c0BRICA DE COLORS LA LLIMONA TOTA GROGA, VERDA \u00c9S LA CARXOFA, LA CARBASSA DE TARONJA I EL TOM\u00c0QUET VERMELL. CADASC\u00da TAL COM \u00c9S! APA I ANEM-HI TOTS A LA F\u00c0BRICA DE COLORS; SOM-HI QUE ET PINTAREM COM TU VOLS. (2 vegades) TROBAR\u00c0S MIL COLORS! BEN MORADA LA VIOLETA, EL CEL BLAU, LA NIT [&hellip;]<\/p>\n","protected":false},"author":1,"featured_media":0,"parent":10962,"menu_order":0,"comment_status":"closed","ping_status":"closed","template":"page-templates\/side-menu.php","meta":{"_bbp_topic_count":0,"_bbp_reply_count":0,"_bbp_total_topic_count":0,"_bbp_total_reply_count":0,"_bbp_voice_count":0,"_bbp_anonymous_reply_count":0,"_bbp_topic_count_hidden":0,"_bbp_reply_count_hidden":0,"_bbp_forum_subforum_count":0,"site-sidebar-layout":"default","site-content-layout":"","ast-site-content-layout":"","site-content-style":"default","site-sidebar-style":"default","ast-global-header-display":"","ast-banner-title-visibility":"","ast-main-header-display":"","ast-hfb-above-header-display":"","ast-hfb-below-header-display":"","ast-hfb-mobile-header-display":"","site-post-title":"","ast-breadcrumbs-content":"","ast-featured-img":"","footer-sml-layout":"","theme-transparent-header-meta":"","adv-header-id-meta":"","stick-header-meta":"","header-above-stick-meta":"","header-main-stick-meta":"","header-below-stick-meta":"","astra-migrate-meta-layouts":"default","ast-page-background-enabled":"default","ast-page-background-meta":{"desktop":{"background-color":"var(--ast-global-color-4)","background-image":"","background-repeat":"repeat","background-position":"center center","background-size":"auto","background-attachment":"scroll","background-type":"","background-media":"","overlay-type":"","overlay-color":"","overlay-opacity":"","overlay-gradient":""},"tablet":{"background-color":"","background-image":"","background-repeat":"repeat","background-position":"center center","background-size":"auto","background-attachment":"scroll","background-type":"","background-media":"","overlay-type":"","overlay-color":"","overlay-opacity":"","overlay-gradient":""},"mobile":{"background-color":"","background-image":"","background-repeat":"repeat","background-position":"center center","background-size":"auto","background-attachment":"scroll","background-type":"","background-media":"","overlay-type":"","overlay-color":"","overlay-opacity":"","overlay-gradient":""}},"ast-content-background-meta":{"desktop":{"background-color":"var(--ast-global-color-5)","background-image":"","background-repeat":"repeat","background-position":"center center","background-size":"auto","background-attachment":"scroll","background-type":"","background-media":"","overlay-type":"","overlay-color":"","overlay-opacity":"","overlay-gradient":""},"tablet":{"background-color":"var(--ast-global-color-5)","background-image":"","background-repeat":"repeat","background-position":"center center","background-size":"auto","background-attachment":"scroll","background-type":"","background-media":"","overlay-type":"","overlay-color":"","overlay-opacity":"","overlay-gradient":""},"mobile":{"background-color":"var(--ast-global-color-5)","background-image":"","background-repeat":"repeat","background-position":"center center","background-size":"auto","background-attachment":"scroll","background-type":"","background-media":"","overlay-type":"","overlay-color":"","overlay-opacity":"","overlay-gradient":""}},"footnotes":""},"class_list":["post-10959","page","type-page","status-publish","hentry"],"post_mailing_queue_ids":[],"_links":{"self":[{"href":"https:\/\/agora.xtec.cat\/escola-agora\/wp-json\/wp\/v2\/pages\/10959","targetHints":{"allow":["GET"]}}],"collection":[{"href":"https:\/\/agora.xtec.cat\/escola-agora\/wp-json\/wp\/v2\/pages"}],"about":[{"href":"https:\/\/agora.xtec.cat\/escola-agora\/wp-json\/wp\/v2\/types\/page"}],"author":[{"embeddable":true,"href":"https:\/\/agora.xtec.cat\/escola-agora\/wp-json\/wp\/v2\/users\/1"}],"replies":[{"embeddable":true,"href":"https:\/\/agora.xtec.cat\/escola-agora\/wp-json\/wp\/v2\/comments?post=10959"}],"version-history":[{"count":1,"href":"https:\/\/agora.xtec.cat\/escola-agora\/wp-json\/wp\/v2\/pages\/10959\/revisions"}],"predecessor-version":[{"id":10960,"href":"https:\/\/agora.xtec.cat\/escola-agora\/wp-json\/wp\/v2\/pages\/10959\/revisions\/10960"}],"up":[{"embeddable":true,"href":"https:\/\/agora.xtec.cat\/escola-agora\/wp-json\/wp\/v2\/pages\/10962"}],"wp:attachment":[{"href":"https:\/\/agora.xtec.cat\/escola-agora\/wp-json\/wp\/v2\/media?parent=10959"}],"curies":[{"name":"wp","href":"https:\/\/api.w.org\/{rel}","templated":true}]}}