{"id":1095,"date":"2017-03-27T13:51:10","date_gmt":"2017-03-27T11:51:10","guid":{"rendered":"http:\/\/agora.xtec.cat\/escola-agora\/?page_id=1095"},"modified":"2020-04-01T01:31:12","modified_gmt":"2020-03-31T23:31:12","slug":"fotos","status":"publish","type":"page","link":"https:\/\/agora.xtec.cat\/escola-agora\/fotos\/","title":{"rendered":"FOTOS"},"content":{"rendered":"<table>\n<tbody>\n<tr style=\"height: 31px;\">\n<td style=\"height: 31px;\"><a href=\"https:\/\/goo.gl\/photos\/u67tCEDKJWMuvVaf9\">Col\u00f2nies EI<\/a><\/td>\n<td style=\"height: 31px;\"><a href=\"https:\/\/goo.gl\/photos\/QZUpN1s6nKDARGdH9\">Col\u00f2nies CI<\/a><\/td>\n<td style=\"height: 31px;\"><a href=\"https:\/\/goo.gl\/photos\/tvCWGkxdyWkCckEa6\">Col\u00f2nies CM<\/a><\/td>\n<td style=\"height: 31px;\"><a href=\"https:\/\/photos.google.com\/share\/AF1QipPlhGhWZOFaO3ZEmlJBf2l5OjUaA4K7RvlkARXSMcwonOPLw9K3z-q2vQwqCwyRxQ?key=TUVUYmt5bU5Sb29pRUJ4NDVNN0lJdE1EcWVtOWRn\">Col\u00f2nies CS<\/a><\/td>\n<\/tr>\n<tr style=\"height: 46px;\">\n<td style=\"height: 46px;\"><a href=\"https:\/\/goo.gl\/photos\/CEMyqNytTfLsJdWM8\">Caga Ti\u00f3!<\/a><\/td>\n<td style=\"height: 46px;\"><a href=\"https:\/\/goo.gl\/photos\/szAFYT3Rvq1aXQBw7\">Festival de Nadal<\/a><\/td>\n<td style=\"height: 46px;\"><a href=\"https:\/\/goo.gl\/photos\/8vCkDP5XxjRBN2q37\">Carnaval<\/a><\/td>\n<td style=\"height: 46px;\"><a href=\"https:\/\/goo.gl\/photos\/ToruiL8o8VepsJQy9\">Sessi\u00f3 de Ioga<\/a><\/td>\n<\/tr>\n<tr style=\"height: 46px;\">\n<td style=\"height: 46px;\"><a href=\"https:\/\/goo.gl\/photos\/4YWFtpCzWvwCLg439\">Jocs Florals<\/a><\/td>\n<td style=\"height: 46px;\"><a href=\"https:\/\/goo.gl\/photos\/SGi8VLb1frVXfrNQ8\">Tallers de la Pau<\/a><\/td>\n<td style=\"height: 46px;\"><a href=\"https:\/\/goo.gl\/photos\/zYGteqY972MuSx7aA\">Tots per l&#8217;escola<\/a><\/td>\n<td style=\"height: 46px;\"><a href=\"https:\/\/goo.gl\/photos\/XMSwFqjkaKyo84Uw8\">Jornada d&#8217;avis<\/a><\/td>\n<\/tr>\n<tr style=\"height: 46px;\">\n<td style=\"height: 46px;\"><a href=\"https:\/\/goo.gl\/photos\/W7owYA8xgTjyQqQX7\">1r i 2n va al teatre<\/a><\/td>\n<td style=\"height: 46px;\"><a href=\"https:\/\/goo.gl\/photos\/tf8Qr6tfLsDwvojC6\">Treballem per projectes<\/a><\/td>\n<td style=\"height: 46px;\"><a href=\"https:\/\/goo.gl\/photos\/m8LCJG5vJAUzqHhb7\">Treballem les emocions<\/a><\/td>\n<td style=\"height: 46px;\"><a href=\"https:\/\/goo.gl\/photos\/XDFjZ7AH8R3he8ue9\">Padrinatges de lectura<\/a><\/td>\n<\/tr>\n<tr style=\"height: 31px;\">\n<td style=\"height: 31px;\"><\/td>\n<td style=\"height: 31px;\"><\/td>\n<td style=\"height: 31px;\"><\/td>\n<td style=\"height: 31px;\"><\/td>\n<\/tr>\n<tr style=\"height: 31px;\">\n<td style=\"height: 31px;\"><\/td>\n<td style=\"height: 31px;\"><\/td>\n<td style=\"height: 31px;\"><\/td>\n<td style=\"height: 31px;\"><\/td>\n<\/tr>\n<\/tbody>\n<\/table>\n<p><a href=\"https:\/\/photos.google.com\/album\/AF1QipM0IjT3WlCjgelveEb6Py0vaSF2ruhm9H5A20D-\">Col\u00f2nies<\/a><\/p>\n<p><a href=\"https:\/\/goo.gl\/photos\/uSStNRwTmHZQU3RJA\">Park G\u00fcell<\/a><\/p>\n","protected":false},"excerpt":{"rendered":"<p>Col\u00f2nies EI Col\u00f2nies CI Col\u00f2nies CM Col\u00f2nies CS Caga Ti\u00f3! Festival de Nadal Carnaval Sessi\u00f3 de Ioga Jocs Florals Tallers de la Pau Tots per l&#8217;escola Jornada d&#8217;avis 1r i 2n va al teatre Treballem per projectes Treballem les emocions Padrinatges de lectura Col\u00f2nies Park G\u00fcell<\/p>\n","protected":false},"author":1,"featured_media":0,"parent":0,"menu_order":0,"comment_status":"closed","ping_status":"closed","template":"","meta":{"_bbp_topic_count":0,"_bbp_reply_count":0,"_bbp_total_topic_count":0,"_bbp_total_reply_count":0,"_bbp_voice_count":0,"_bbp_anonymous_reply_count":0,"_bbp_topic_count_hidden":0,"_bbp_reply_count_hidden":0,"_bbp_forum_subforum_count":0,"site-sidebar-layout":"default","site-content-layout":"","ast-site-content-layout":"","site-content-style":"default","site-sidebar-style":"default","ast-global-header-display":"","ast-banner-title-visibility":"","ast-main-header-display":"","ast-hfb-above-header-display":"","ast-hfb-below-header-display":"","ast-hfb-mobile-header-display":"","site-post-title":"","ast-breadcrumbs-content":"","ast-featured-img":"","footer-sml-layout":"","theme-transparent-header-meta":"","adv-header-id-meta":"","stick-header-meta":"","header-above-stick-meta":"","header-main-stick-meta":"","header-below-stick-meta":"","astra-migrate-meta-layouts":"default","ast-page-background-enabled":"default","ast-page-background-meta":{"desktop":{"background-color":"var(--ast-global-color-4)","background-image":"","background-repeat":"repeat","background-position":"center center","background-size":"auto","background-attachment":"scroll","background-type":"","background-media":"","overlay-type":"","overlay-color":"","overlay-opacity":"","overlay-gradient":""},"tablet":{"background-color":"","background-image":"","background-repeat":"repeat","background-position":"center center","background-size":"auto","background-attachment":"scroll","background-type":"","background-media":"","overlay-type":"","overlay-color":"","overlay-opacity":"","overlay-gradient":""},"mobile":{"background-color":"","background-image":"","background-repeat":"repeat","background-position":"center center","background-size":"auto","background-attachment":"scroll","background-type":"","background-media":"","overlay-type":"","overlay-color":"","overlay-opacity":"","overlay-gradient":""}},"ast-content-background-meta":{"desktop":{"background-color":"var(--ast-global-color-5)","background-image":"","background-repeat":"repeat","background-position":"center center","background-size":"auto","background-attachment":"scroll","background-type":"","background-media":"","overlay-type":"","overlay-color":"","overlay-opacity":"","overlay-gradient":""},"tablet":{"background-color":"var(--ast-global-color-5)","background-image":"","background-repeat":"repeat","background-position":"center center","background-size":"auto","background-attachment":"scroll","background-type":"","background-media":"","overlay-type":"","overlay-color":"","overlay-opacity":"","overlay-gradient":""},"mobile":{"background-color":"var(--ast-global-color-5)","background-image":"","background-repeat":"repeat","background-position":"center center","background-size":"auto","background-attachment":"scroll","background-type":"","background-media":"","overlay-type":"","overlay-color":"","overlay-opacity":"","overlay-gradient":""}},"footnotes":""},"class_list":["post-1095","page","type-page","status-publish","hentry"],"post_mailing_queue_ids":[],"_links":{"self":[{"href":"https:\/\/agora.xtec.cat\/escola-agora\/wp-json\/wp\/v2\/pages\/1095","targetHints":{"allow":["GET"]}}],"collection":[{"href":"https:\/\/agora.xtec.cat\/escola-agora\/wp-json\/wp\/v2\/pages"}],"about":[{"href":"https:\/\/agora.xtec.cat\/escola-agora\/wp-json\/wp\/v2\/types\/page"}],"author":[{"embeddable":true,"href":"https:\/\/agora.xtec.cat\/escola-agora\/wp-json\/wp\/v2\/users\/1"}],"replies":[{"embeddable":true,"href":"https:\/\/agora.xtec.cat\/escola-agora\/wp-json\/wp\/v2\/comments?post=1095"}],"version-history":[{"count":3,"href":"https:\/\/agora.xtec.cat\/escola-agora\/wp-json\/wp\/v2\/pages\/1095\/revisions"}],"predecessor-version":[{"id":4922,"href":"https:\/\/agora.xtec.cat\/escola-agora\/wp-json\/wp\/v2\/pages\/1095\/revisions\/4922"}],"wp:attachment":[{"href":"https:\/\/agora.xtec.cat\/escola-agora\/wp-json\/wp\/v2\/media?parent=1095"}],"curies":[{"name":"wp","href":"https:\/\/api.w.org\/{rel}","templated":true}]}}