{"id":77,"date":"2014-09-18T14:05:08","date_gmt":"2014-09-18T14:05:08","guid":{"rendered":"http:\/\/agora.xtec.cat\/escola-agora-girona\/?page_id=77"},"modified":"2015-11-05T17:47:54","modified_gmt":"2015-11-05T16:47:54","slug":"acollida","status":"publish","type":"page","link":"https:\/\/agora.xtec.cat\/escola-agora-girona\/serveis\/acollida\/","title":{"rendered":"Acollida"},"content":{"rendered":"<p>SAM: SERVEI D&#8217;ACOLLIDA MATINAL<\/p>\n<p>Hi ha un servei d&#8217;acollida matinal de 8 a 9 del mat\u00ed. Si alguna fam\u00edlia est\u00e0 interessada en aquest servei haur\u00e0 d&#8217;adre\u00e7ar-se a la direcci\u00f3 de l&#8217;escola on se l&#8217;informar\u00e0 de la seva organitzaci\u00f3.<\/p>\n<p>Cada dia del mes: 24\u20ac\/mes<\/p>\n<p>3 dies per setmana: 17\u20ac\/mes<\/p>\n<p>2 dies per setmana: 12\u20ac\/mes<\/p>\n<p>Espor\u00e0dics: 3\u20ac\/dia<\/p>\n<p>*El pagament es far\u00e0 en el moment de deixar els infants.<\/p>\n","protected":false},"excerpt":{"rendered":"<p>SAM: SERVEI D&#8217;ACOLLIDA MATINAL Hi ha un servei d&#8217;acollida matinal de 8 a 9 del mat\u00ed. Si alguna fam\u00edlia est\u00e0 interessada en aquest servei haur\u00e0 d&#8217;adre\u00e7ar-se a la direcci\u00f3 de l&#8217;escola on se l&#8217;informar\u00e0 de la seva organitzaci\u00f3. Cada dia del mes: 24\u20ac\/mes 3 dies per setmana: 17\u20ac\/mes 2 dies per setmana: 12\u20ac\/mes Espor\u00e0dics: 3\u20ac\/dia [&hellip;]<\/p>\n","protected":false},"author":2,"featured_media":0,"parent":66,"menu_order":20,"comment_status":"closed","ping_status":"closed","template":"page-templates\/side-menu.php","meta":{"_bbp_topic_count":0,"_bbp_reply_count":0,"_bbp_total_topic_count":0,"_bbp_total_reply_count":0,"_bbp_voice_count":0,"_bbp_anonymous_reply_count":0,"_bbp_topic_count_hidden":0,"_bbp_reply_count_hidden":0,"_bbp_forum_subforum_count":0,"site-sidebar-layout":"default","site-content-layout":"","ast-site-content-layout":"","site-content-style":"default","site-sidebar-style":"default","ast-global-header-display":"","ast-banner-title-visibility":"","ast-main-header-display":"","ast-hfb-above-header-display":"","ast-hfb-below-header-display":"","ast-hfb-mobile-header-display":"","site-post-title":"","ast-breadcrumbs-content":"","ast-featured-img":"","footer-sml-layout":"","theme-transparent-header-meta":"","adv-header-id-meta":"","stick-header-meta":"","header-above-stick-meta":"","header-main-stick-meta":"","header-below-stick-meta":"","astra-migrate-meta-layouts":"default","ast-page-background-enabled":"default","ast-page-background-meta":{"desktop":{"background-color":"var(--ast-global-color-4)","background-image":"","background-repeat":"repeat","background-position":"center center","background-size":"auto","background-attachment":"scroll","background-type":"","background-media":"","overlay-type":"","overlay-color":"","overlay-opacity":"","overlay-gradient":""},"tablet":{"background-color":"","background-image":"","background-repeat":"repeat","background-position":"center center","background-size":"auto","background-attachment":"scroll","background-type":"","background-media":"","overlay-type":"","overlay-color":"","overlay-opacity":"","overlay-gradient":""},"mobile":{"background-color":"","background-image":"","background-repeat":"repeat","background-position":"center center","background-size":"auto","background-attachment":"scroll","background-type":"","background-media":"","overlay-type":"","overlay-color":"","overlay-opacity":"","overlay-gradient":""}},"ast-content-background-meta":{"desktop":{"background-color":"var(--ast-global-color-5)","background-image":"","background-repeat":"repeat","background-position":"center center","background-size":"auto","background-attachment":"scroll","background-type":"","background-media":"","overlay-type":"","overlay-color":"","overlay-opacity":"","overlay-gradient":""},"tablet":{"background-color":"var(--ast-global-color-5)","background-image":"","background-repeat":"repeat","background-position":"center center","background-size":"auto","background-attachment":"scroll","background-type":"","background-media":"","overlay-type":"","overlay-color":"","overlay-opacity":"","overlay-gradient":""},"mobile":{"background-color":"var(--ast-global-color-5)","background-image":"","background-repeat":"repeat","background-position":"center center","background-size":"auto","background-attachment":"scroll","background-type":"","background-media":"","overlay-type":"","overlay-color":"","overlay-opacity":"","overlay-gradient":""}},"footnotes":""},"class_list":["post-77","page","type-page","status-publish","hentry"],"post_mailing_queue_ids":[],"_links":{"self":[{"href":"https:\/\/agora.xtec.cat\/escola-agora-girona\/wp-json\/wp\/v2\/pages\/77","targetHints":{"allow":["GET"]}}],"collection":[{"href":"https:\/\/agora.xtec.cat\/escola-agora-girona\/wp-json\/wp\/v2\/pages"}],"about":[{"href":"https:\/\/agora.xtec.cat\/escola-agora-girona\/wp-json\/wp\/v2\/types\/page"}],"author":[{"embeddable":true,"href":"https:\/\/agora.xtec.cat\/escola-agora-girona\/wp-json\/wp\/v2\/users\/2"}],"replies":[{"embeddable":true,"href":"https:\/\/agora.xtec.cat\/escola-agora-girona\/wp-json\/wp\/v2\/comments?post=77"}],"version-history":[{"count":3,"href":"https:\/\/agora.xtec.cat\/escola-agora-girona\/wp-json\/wp\/v2\/pages\/77\/revisions"}],"predecessor-version":[{"id":269,"href":"https:\/\/agora.xtec.cat\/escola-agora-girona\/wp-json\/wp\/v2\/pages\/77\/revisions\/269"}],"up":[{"embeddable":true,"href":"https:\/\/agora.xtec.cat\/escola-agora-girona\/wp-json\/wp\/v2\/pages\/66"}],"wp:attachment":[{"href":"https:\/\/agora.xtec.cat\/escola-agora-girona\/wp-json\/wp\/v2\/media?parent=77"}],"curies":[{"name":"wp","href":"https:\/\/api.w.org\/{rel}","templated":true}]}}