{"id":73,"date":"2023-01-09T11:00:51","date_gmt":"2023-01-09T10:00:51","guid":{"rendered":"http:\/\/agora.xtec.cat\/escola-agora-girona\/?page_id=73"},"modified":"2025-11-10T22:52:20","modified_gmt":"2025-11-10T21:52:20","slug":"menjador-escolar","status":"publish","type":"page","link":"https:\/\/agora.xtec.cat\/escola-agora-girona\/serveis\/menjador-escolar\/","title":{"rendered":"Menjador escolar"},"content":{"rendered":"<div>\n<p><strong>Cuina ecol\u00f2gica<\/strong><\/p>\n<p>Tot adaptant-nos a les sensibilitats actuals de la societat, hem volgut fer un gran pas endavant amb la introducci\u00f3 d\u2019una cuina m\u00e9s ecol\u00f2gica en el nostre servei de menjador escolar.<\/p>\n<p>Aix\u00ed, hem estat pioners a les nostres contrades en aquesta tasca amb la corresponent inspecci\u00f3 i valoraci\u00f3 positiva de sanitat.<\/p>\n<p>La nostra escola gaudeix de productes amb certificaci\u00f3 ecol\u00f2gica que, units a la resta de productes, conformen una cuina escolar sana.<\/p>\n<p>A tall d\u2019exemple us voldr\u00edem comentar que aliments provinents de cultius biol\u00f2gics (cremes de pastanaga i de carbassa), fruites i iogurts ecol\u00f2gics, verdures, llegums (cigrons i mongeta blanca) i peix i carn amb segell de qualitat, a partir d\u2019ara han deixat de ser per als vostres fills\/es aliments estranys a l\u2019escola.<\/p>\n<\/div>\n<p>Recordem que el servei diari pels alumnes \u00e9s de <strong>12:30<\/strong> a <strong>15:00.<\/strong><\/p>\n<p><strong>PERSONAL DE MENJADOR<\/strong><\/p>\n<p>Cuinera: Yamila<\/p>\n<p>Coordinadora de menjador: Montse S.<\/p>\n<p>&nbsp;<\/p>\n<p>&nbsp;<\/p>\n<p>&nbsp;<\/p>\n<p>&nbsp;<\/p>\n<p>&nbsp;<\/p>\n<p>&nbsp;<\/p>\n<p>&nbsp;<\/p>\n<p>&nbsp;<\/p>\n<p>&nbsp;<\/p>\n<p>&nbsp;<\/p>\n<p>&nbsp;<\/p>\n<p>&nbsp;<\/p>\n<p>&nbsp;<\/p>\n","protected":false},"excerpt":{"rendered":"<p>Cuina ecol\u00f2gica Tot adaptant-nos a les sensibilitats actuals de la societat, hem volgut fer un gran pas endavant amb la introducci\u00f3 d\u2019una cuina m\u00e9s ecol\u00f2gica en el nostre servei de menjador escolar. Aix\u00ed, hem estat pioners a les nostres contrades en aquesta tasca amb la corresponent inspecci\u00f3 i valoraci\u00f3 positiva de sanitat. La nostra escola [&hellip;]<\/p>\n","protected":false},"author":2,"featured_media":0,"parent":66,"menu_order":30,"comment_status":"closed","ping_status":"closed","template":"","meta":{"_bbp_topic_count":0,"_bbp_reply_count":0,"_bbp_total_topic_count":0,"_bbp_total_reply_count":0,"_bbp_voice_count":0,"_bbp_anonymous_reply_count":0,"_bbp_topic_count_hidden":0,"_bbp_reply_count_hidden":0,"_bbp_forum_subforum_count":0,"site-sidebar-layout":"default","site-content-layout":"","ast-site-content-layout":"default","site-content-style":"default","site-sidebar-style":"default","ast-global-header-display":"","ast-banner-title-visibility":"","ast-main-header-display":"","ast-hfb-above-header-display":"","ast-hfb-below-header-display":"","ast-hfb-mobile-header-display":"","site-post-title":"","ast-breadcrumbs-content":"","ast-featured-img":"","footer-sml-layout":"","theme-transparent-header-meta":"default","adv-header-id-meta":"","stick-header-meta":"","header-above-stick-meta":"","header-main-stick-meta":"","header-below-stick-meta":"","astra-migrate-meta-layouts":"set","ast-page-background-enabled":"default","ast-page-background-meta":{"desktop":{"background-color":"var(--ast-global-color-4)","background-image":"","background-repeat":"repeat","background-position":"center center","background-size":"auto","background-attachment":"scroll","background-type":"","background-media":"","overlay-type":"","overlay-color":"","overlay-opacity":"","overlay-gradient":""},"tablet":{"background-color":"","background-image":"","background-repeat":"repeat","background-position":"center center","background-size":"auto","background-attachment":"scroll","background-type":"","background-media":"","overlay-type":"","overlay-color":"","overlay-opacity":"","overlay-gradient":""},"mobile":{"background-color":"","background-image":"","background-repeat":"repeat","background-position":"center center","background-size":"auto","background-attachment":"scroll","background-type":"","background-media":"","overlay-type":"","overlay-color":"","overlay-opacity":"","overlay-gradient":""}},"ast-content-background-meta":{"desktop":{"background-color":"var(--ast-global-color-5)","background-image":"","background-repeat":"repeat","background-position":"center center","background-size":"auto","background-attachment":"scroll","background-type":"","background-media":"","overlay-type":"","overlay-color":"","overlay-opacity":"","overlay-gradient":""},"tablet":{"background-color":"var(--ast-global-color-5)","background-image":"","background-repeat":"repeat","background-position":"center center","background-size":"auto","background-attachment":"scroll","background-type":"","background-media":"","overlay-type":"","overlay-color":"","overlay-opacity":"","overlay-gradient":""},"mobile":{"background-color":"var(--ast-global-color-5)","background-image":"","background-repeat":"repeat","background-position":"center center","background-size":"auto","background-attachment":"scroll","background-type":"","background-media":"","overlay-type":"","overlay-color":"","overlay-opacity":"","overlay-gradient":""}},"footnotes":""},"class_list":["post-73","page","type-page","status-publish","hentry"],"post_mailing_queue_ids":[],"_links":{"self":[{"href":"https:\/\/agora.xtec.cat\/escola-agora-girona\/wp-json\/wp\/v2\/pages\/73","targetHints":{"allow":["GET"]}}],"collection":[{"href":"https:\/\/agora.xtec.cat\/escola-agora-girona\/wp-json\/wp\/v2\/pages"}],"about":[{"href":"https:\/\/agora.xtec.cat\/escola-agora-girona\/wp-json\/wp\/v2\/types\/page"}],"author":[{"embeddable":true,"href":"https:\/\/agora.xtec.cat\/escola-agora-girona\/wp-json\/wp\/v2\/users\/2"}],"replies":[{"embeddable":true,"href":"https:\/\/agora.xtec.cat\/escola-agora-girona\/wp-json\/wp\/v2\/comments?post=73"}],"version-history":[{"count":7,"href":"https:\/\/agora.xtec.cat\/escola-agora-girona\/wp-json\/wp\/v2\/pages\/73\/revisions"}],"predecessor-version":[{"id":5716,"href":"https:\/\/agora.xtec.cat\/escola-agora-girona\/wp-json\/wp\/v2\/pages\/73\/revisions\/5716"}],"up":[{"embeddable":true,"href":"https:\/\/agora.xtec.cat\/escola-agora-girona\/wp-json\/wp\/v2\/pages\/66"}],"wp:attachment":[{"href":"https:\/\/agora.xtec.cat\/escola-agora-girona\/wp-json\/wp\/v2\/media?parent=73"}],"curies":[{"name":"wp","href":"https:\/\/api.w.org\/{rel}","templated":true}]}}