{"id":376,"date":"2022-10-06T12:31:36","date_gmt":"2022-10-06T10:31:36","guid":{"rendered":"http:\/\/agora.xtec.cat\/escola-agora-girona\/?page_id=376"},"modified":"2025-12-10T00:08:42","modified_gmt":"2025-12-09T23:08:42","slug":"equip-docent","status":"publish","type":"page","link":"https:\/\/agora.xtec.cat\/escola-agora-girona\/lescola\/equip-docent\/","title":{"rendered":"Equip Docent  Curs 2025-2026"},"content":{"rendered":"<table style=\"border-collapse: collapse; width: 100%;\">\n<tbody>\n<tr>\n<td style=\"width: 33.3333%;\"><b>Equip Directiu:<\/b><\/p>\n<p>&nbsp;<\/td>\n<td style=\"width: 33.3333%;\"><span style=\"font-weight: 400;\"><strong>Directora:<\/strong> Beth Riera<\/span><\/p>\n<p><span style=\"font-weight: 400;\"><strong>Cap d&#8217;estudis:<\/strong> Marta Est\u00e9vez<br \/>\n<\/span><\/p>\n<p><span style=\"font-weight: 400;\"><strong>Secret\u00e0ria:<\/strong> Laida Elizondo<\/span><\/td>\n<td style=\"width: 33.3333%;\"><\/td>\n<\/tr>\n<tr>\n<td style=\"width: 33.3333%;\"><strong>Educaci\u00f3 infantil:<\/strong><\/td>\n<td style=\"width: 33.3333%;\"><span style=\"font-weight: 400;\">I3: Vict\u00f2ria M.\u00a0<\/span><\/p>\n<p><span style=\"font-weight: 400;\">I4:\u00a0 Anna T.<br \/>\n<\/span><\/p>\n<p><span style=\"font-weight: 400;\">I5:\u00a0 Anna S.\u00a0<\/span><\/p>\n<p>Suport: Laida\/ Emma L.\/ Mart\u00ed C.<\/td>\n<td style=\"width: 33.3333%;\"><\/td>\n<\/tr>\n<tr>\n<td style=\"width: 33.3333%;\"><strong>Cicle inicial:\u00a0<\/strong><\/td>\n<td style=\"width: 33.3333%;\"><span style=\"font-weight: 400;\">1r:\u00a0 Irene C.\u00a0<\/span><\/p>\n<p><span style=\"font-weight: 400;\">2n: Anna Z.<br \/>\n<\/span><\/p>\n<p>M\u00fasica: Mart\u00ed C.<\/p>\n<p>Suport: Mart\u00ed C.<\/td>\n<td style=\"width: 33.3333%;\"><\/td>\n<\/tr>\n<tr>\n<td style=\"width: 33.3333%;\"><strong>Cicle mitj\u00e0:\u00a0<\/strong><\/td>\n<td style=\"width: 33.3333%;\"><span style=\"font-weight: 400;\">3r: Santi<\/span><\/p>\n<p><span style=\"font-weight: 400;\">4t: Alba P.<\/span><\/td>\n<td style=\"width: 33.3333%;\"><\/td>\n<\/tr>\n<tr>\n<td style=\"width: 33.3333%;\"><strong>Cicle superior:\u00a0<\/strong><\/td>\n<td style=\"width: 33.3333%;\"><span style=\"font-weight: 400;\">5\u00e8: Merc\u00e8 F.<br \/>\n<\/span><span style=\"font-weight: 400;\">6\u00e8: Mireia P.<\/span><\/td>\n<td style=\"width: 33.3333%;\"><\/td>\n<\/tr>\n<\/tbody>\n<\/table>\n<p><strong style=\"font-size: 16px;\">Vetllador\/a:<\/strong><span style=\"font-size: 16px; font-weight: 400;\"> M\u00f2nica S. i Montse S.\u00a0<\/span><\/p>\n<p><strong>Coordinacions:\u00a0<\/strong><\/p>\n<p><strong>Coordinadora TAC:<\/strong> Compet\u00e8ncia digital: Merc\u00e8 F.<\/p>\n<p><strong>Coordinadora d&#8217;infantil<\/strong>: Anna T.<\/p>\n<p><strong>Coordinadora de prim\u00e0ria:<\/strong> Ariadna P.<\/p>\n<p><strong>Coordinadora de la biblioteca:<\/strong> Santi R.<\/p>\n<p><strong>Coordinador de la r\u00e0dio de l&#8217;escola:<\/strong> Mart\u00ed C.<\/p>\n<p><strong>COCOBE ( coordinaci\u00f3, conviv\u00e8ncia i benestar de l&#8217;alaumnat):<\/strong> Mireia P.<\/p>\n<p><strong>LIC:<\/strong> Laura B.<\/p>\n<p><b>Especialitats:\u00a0<\/b><\/p>\n<p><span style=\"font-weight: 400;\"><strong>Educaci\u00f3 Musical:<\/strong> Beth R. i Mart\u00ed C.<br \/>\n<\/span><\/p>\n<p><span style=\"font-weight: 400;\"><strong>Educaci\u00f3 F\u00edsica:<\/strong> Ariadna P.\u00a0 i Imma V.\u00a0<\/span><\/p>\n<p><span style=\"font-weight: 400;\"><strong>Educaci\u00f3 Especial:<\/strong> Juli\u00e1n i Ruth\u00a0<\/span><\/p>\n<p><strong>Aula d&#8217;acollida:\u00a0<\/strong> Laura B.<\/p>\n<p><span style=\"font-weight: 400;\"><strong>Llengua Anglesa:<\/strong> Mireia C.<br \/>\n<\/span><\/p>\n<p><span style=\"font-weight: 400;\"><strong>Religi\u00f3:<\/strong> Imma\u00a0<\/span><\/p>\n<p><span style=\"font-weight: 400;\"><strong>T\u00e8cnica d&#8217;Educaci\u00f3 Infantil (TEI):<\/strong> Cl\u00e0udia R.\/ Mari<\/span><\/p>\n<p><b>Personal d&#8217;Administraci\u00f3 i Serveis (PAS)<\/b><\/p>\n<p><span style=\"font-weight: 400;\"><strong>Administrativa:<\/strong> Anna C.\u00a0<\/span><\/p>\n<p><span style=\"font-weight: 400;\"><strong>T\u00e8cnica d&#8217;Integraci\u00f3 Social (TIS):<\/strong> Fernando P.\u00a0\u00a0<\/span><\/p>\n<p><span style=\"font-weight: 400;\"><strong>Conserge:<\/strong> Xevi J.\u00a0<\/span><\/p>\n<p><b>Serveis Externs:<\/b><\/p>\n<p><span style=\"font-weight: 400;\"><strong>EAP:<\/strong> Imma O.<br \/>\n<\/span><\/p>\n<p><span style=\"font-weight: 400;\"><strong>Cad social:<\/strong> SBAS Sant Narc\u00eds i Santa Eug\u00e8nia<\/span><\/p>\n","protected":false},"excerpt":{"rendered":"<p>Equip Directiu: &nbsp; Directora: Beth Riera Cap d&#8217;estudis: Marta Est\u00e9vez Secret\u00e0ria: Laida Elizondo Educaci\u00f3 infantil: I3: Vict\u00f2ria M.\u00a0 I4:\u00a0 Anna T. I5:\u00a0 Anna S.\u00a0 Suport: Laida\/ Emma L.\/ Mart\u00ed C. Cicle inicial:\u00a0 1r:\u00a0 Irene C.\u00a0 2n: Anna Z. M\u00fasica: Mart\u00ed C. Suport: Mart\u00ed C. Cicle mitj\u00e0:\u00a0 3r: Santi 4t: Alba P. Cicle superior:\u00a0 5\u00e8: Merc\u00e8 [&hellip;]<\/p>\n","protected":false},"author":1,"featured_media":0,"parent":22,"menu_order":20,"comment_status":"closed","ping_status":"closed","template":"","meta":{"_bbp_topic_count":0,"_bbp_reply_count":0,"_bbp_total_topic_count":0,"_bbp_total_reply_count":0,"_bbp_voice_count":0,"_bbp_anonymous_reply_count":0,"_bbp_topic_count_hidden":0,"_bbp_reply_count_hidden":0,"_bbp_forum_subforum_count":0,"site-sidebar-layout":"default","site-content-layout":"","ast-site-content-layout":"default","site-content-style":"default","site-sidebar-style":"default","ast-global-header-display":"","ast-banner-title-visibility":"","ast-main-header-display":"","ast-hfb-above-header-display":"","ast-hfb-below-header-display":"","ast-hfb-mobile-header-display":"","site-post-title":"","ast-breadcrumbs-content":"","ast-featured-img":"","footer-sml-layout":"","theme-transparent-header-meta":"default","adv-header-id-meta":"","stick-header-meta":"","header-above-stick-meta":"","header-main-stick-meta":"","header-below-stick-meta":"","astra-migrate-meta-layouts":"set","ast-page-background-enabled":"default","ast-page-background-meta":{"desktop":{"background-color":"var(--ast-global-color-4)","background-image":"","background-repeat":"repeat","background-position":"center center","background-size":"auto","background-attachment":"scroll","background-type":"","background-media":"","overlay-type":"","overlay-color":"","overlay-opacity":"","overlay-gradient":""},"tablet":{"background-color":"","background-image":"","background-repeat":"repeat","background-position":"center center","background-size":"auto","background-attachment":"scroll","background-type":"","background-media":"","overlay-type":"","overlay-color":"","overlay-opacity":"","overlay-gradient":""},"mobile":{"background-color":"","background-image":"","background-repeat":"repeat","background-position":"center center","background-size":"auto","background-attachment":"scroll","background-type":"","background-media":"","overlay-type":"","overlay-color":"","overlay-opacity":"","overlay-gradient":""}},"ast-content-background-meta":{"desktop":{"background-color":"var(--ast-global-color-5)","background-image":"","background-repeat":"repeat","background-position":"center center","background-size":"auto","background-attachment":"scroll","background-type":"","background-media":"","overlay-type":"","overlay-color":"","overlay-opacity":"","overlay-gradient":""},"tablet":{"background-color":"var(--ast-global-color-5)","background-image":"","background-repeat":"repeat","background-position":"center center","background-size":"auto","background-attachment":"scroll","background-type":"","background-media":"","overlay-type":"","overlay-color":"","overlay-opacity":"","overlay-gradient":""},"mobile":{"background-color":"var(--ast-global-color-5)","background-image":"","background-repeat":"repeat","background-position":"center center","background-size":"auto","background-attachment":"scroll","background-type":"","background-media":"","overlay-type":"","overlay-color":"","overlay-opacity":"","overlay-gradient":""}},"footnotes":""},"class_list":["post-376","page","type-page","status-publish","hentry"],"post_mailing_queue_ids":[],"_links":{"self":[{"href":"https:\/\/agora.xtec.cat\/escola-agora-girona\/wp-json\/wp\/v2\/pages\/376","targetHints":{"allow":["GET"]}}],"collection":[{"href":"https:\/\/agora.xtec.cat\/escola-agora-girona\/wp-json\/wp\/v2\/pages"}],"about":[{"href":"https:\/\/agora.xtec.cat\/escola-agora-girona\/wp-json\/wp\/v2\/types\/page"}],"author":[{"embeddable":true,"href":"https:\/\/agora.xtec.cat\/escola-agora-girona\/wp-json\/wp\/v2\/users\/1"}],"replies":[{"embeddable":true,"href":"https:\/\/agora.xtec.cat\/escola-agora-girona\/wp-json\/wp\/v2\/comments?post=376"}],"version-history":[{"count":6,"href":"https:\/\/agora.xtec.cat\/escola-agora-girona\/wp-json\/wp\/v2\/pages\/376\/revisions"}],"predecessor-version":[{"id":5766,"href":"https:\/\/agora.xtec.cat\/escola-agora-girona\/wp-json\/wp\/v2\/pages\/376\/revisions\/5766"}],"up":[{"embeddable":true,"href":"https:\/\/agora.xtec.cat\/escola-agora-girona\/wp-json\/wp\/v2\/pages\/22"}],"wp:attachment":[{"href":"https:\/\/agora.xtec.cat\/escola-agora-girona\/wp-json\/wp\/v2\/media?parent=376"}],"curies":[{"name":"wp","href":"https:\/\/api.w.org\/{rel}","templated":true}]}}