{"id":3508,"date":"2020-05-10T15:28:07","date_gmt":"2020-05-10T13:28:07","guid":{"rendered":"https:\/\/agora.xtec.cat\/escola-agora-girona\/?page_id=3508"},"modified":"2022-10-18T10:00:57","modified_gmt":"2022-10-18T08:00:57","slug":"preguntes-frequents","status":"publish","type":"page","link":"https:\/\/agora.xtec.cat\/escola-agora-girona\/lescola\/preguntes-frequents\/","title":{"rendered":"Preguntes freq\u00fcents"},"content":{"rendered":"<p>Aqu\u00ed teniu preguntes i respostes que us poden ajudar a con\u00e8ixer m\u00e9s l&#8217;escola \u00c0gora.<\/p>\n<p><strong>Com us podeu posar en contacte amb l&#8217;escola?<\/strong><\/p>\n<p>A trav\u00e9s del tel\u00e8fon 972 239 942 o m\u00f2bil 640 398 006.<\/p>\n<p>Correu electr\u00f2nic:<a href=\"mailto:b7001838@xtec.cat\"> b7001838@xtec.cat<\/a><\/p>\n<p>Web: <a href=\"http:\/\/agora.xtec.cat\/escola-agora-girona\" target=\"_blank\" rel=\"noopener noreferrer\">http:\/\/agora.xtec.cat\/escola-agora-girona<\/a><\/p>\n<p>Instagram: <a href=\"https:\/\/www.instagram.com\/escola_agora\/\" target=\"_blank\" rel=\"noopener noreferrer\">escola_agora<\/a><\/p>\n<p><strong>Atenci\u00f3 equip directiu<\/strong><\/p>\n<p>De dilluns a dijous de 9h a 12.30<\/p>\n<p><strong>Atenci\u00f3 fam\u00edlies<\/strong><\/p>\n<p>De dilluns a divendres de 9h a 9.30 a la porta (TIS)<\/p>\n<p><strong>Atenci\u00f3 gesti\u00f3 econ\u00f2mica<\/strong><\/p>\n<p>Dimarts i dijous de 9h a 12:30<\/p>\n<p><strong>Atenci\u00f3 gestions de menjador<\/strong><\/p>\n<p>De dilluns a divendres de 9h a 10h a la biblioteca de l&#8217;escola<\/p>\n<p><strong>Quin horari es fa?<\/strong><\/p>\n<p>El mat\u00ed de 9h a 12:30 i a la tarda de 15h a 16:30.<\/p>\n<p><strong>Qu\u00e8 vol dir ser escola magnet?<\/strong><\/p>\n<p>Amb alian\u00e7a amb el Museu del Cinema i col\u00b7laboraci\u00f3 de la Fundaci\u00f3 Bofill, desenvolupem un projecte innovador i de qualitat basat en el treball audiovisual, per la millora de l&#8217;\u00e8xit educatiu.<\/p>\n<p><strong>Com \u00e9s el dia a dia en una classe d&#8217;educaci\u00f3 infantil?<\/strong><\/p>\n<p><span style=\"font-weight: 400;\">Les fam\u00edlies porten els seus fills\/es a l\u2019aula deixant-los amb la tutora. Seguim la metodologia de treball per espais (escriptor, pensador, artista i jocs) on es fan activitats de manipulaci\u00f3, experimentaci\u00f3, descoberta. S\u2019aprofiten totes les activitats per fer un bon treball de llenguatge verbal, matem\u00e0tic, musical, jocs, descoberta d\u2019un mateix i de l\u2019entorn.<\/span><\/p>\n<p><strong>Hi ha entrada esglaonada a P3?<\/strong><\/p>\n<p>S\u00ed, hi ha un per\u00edode m\u00e0xim de 5 dies d&#8217;adaptaci\u00f3 en grup redu\u00eft, alternant mat\u00ed i tarda.<\/p>\n<p><strong>Com i quan esmorzen els alumnes d&#8217;educaci\u00f3 infantil?<\/strong><\/p>\n<p><span style=\"font-weight: 400;\">Els alumnes d\u2019educaci\u00f3 infantil esmorzen a l\u2019aula abans de sortir al pati.<\/span><\/p>\n<p><strong>Poden portar bolquers?<\/strong><\/p>\n<p><span style=\"font-weight: 400;\">Es demana que a P3 vinguin sense bolquers. Se\u2019ls acompanya v\u00e0ries vegades al lavabo, perqu\u00e8 vagin assolint b\u00e9 aquest h\u00e0bit.<\/span><\/p>\n<p><strong>Hi ha servei d&#8217;acollida matinal?<\/strong><\/p>\n<p>S\u00ed, cada dia de 7:45h a 9h.<\/p>\n<p><strong>Hi ha servei de menjador?<\/strong><\/p>\n<p>S\u00ed, l&#8217;escola t\u00e9 menjador i cuina pr\u00f2pia.<\/p>\n<p><strong>Poden fer migdiada els alumnes de P3?<\/strong><\/p>\n<p><span style=\"font-weight: 400;\">Des del servei de menjador se\u2019ls pot oferir una hamaca per si tenen son. Servei possible segons demanda.<\/span><\/p>\n<p><strong>Hi ha contacte entre mestres i monitors de menjador?<\/strong><\/p>\n<p>S\u00ed, hi ha un contacte diari. Peri\u00f2dicament es reuneix la comissi\u00f3 de menjador, on hi ha fam\u00edlies, responsable del menjador i mestres.<\/p>\n<p><strong>Es fan activitats fora de centre?<\/strong><\/p>\n<p>S\u00ed es fan activitats fora de centre. Assisitim al teatre municipal i Auditori. Fem tallers al Museu del Cinema i diferents sortides pedag\u00f2giques al llarg del curs (tallers, festival de circ, curtmetratges,&#8230;). Al mes de maig fem la sortida fi de curs.<\/p>\n<p><strong>Les fam\u00edlies poden participar en activitats al centre?<\/strong><\/p>\n<p>S\u00ed, convidem a les fam\u00edlies a participar a diferents activitats al llarg del curs: familiars a l&#8217;aula, el protagonista de la setmana, els oficis, explicar contes,&#8230; Tamb\u00e9 organitzaci\u00f3 de les diferents festes al llarg del curs i col\u00b7laboracions especials al pati, xerrades, tallers,&#8230; Considerem fonamental aquesta relaci\u00f3 fam\u00edlia-escola.<\/p>\n<p><strong>Qu\u00e8 s\u00f3n les tardes de tallers?<\/strong><\/p>\n<p>Durant dues tardes a la setmana, es fan grups amb alumnes barrejats de les classes del cicle i participen en una roda de 4 propostes pr\u00e0ctiques de diferents \u00e0mbits (ci\u00e8ncies, audiovisuals, tecnologia, coneixement del medi, expressi\u00f3 corporal, llengua&#8230;)<\/p>\n<p><strong>Com es treballen les noves tecnologies a l&#8217;escola?<\/strong><\/p>\n<p><span style=\"font-weight: 400;\">A l\u2019escola disposem de tauletes, port\u00e0tils, pissarres digitals&#8230; Intentem potenciar la compet\u00e8ncia digital des de totes les \u00e0rees i des dels tallers de tarda.<\/span><\/p>\n<p>&nbsp;<\/p>\n<p>&nbsp;<\/p>\n<p>&nbsp;<\/p>\n<p>&nbsp;<\/p>\n<p>&nbsp;<\/p>\n<p>&nbsp;<\/p>\n<p>&nbsp;<\/p>\n<p>&nbsp;<\/p>\n<p>&nbsp;<\/p>\n<p>&nbsp;<\/p>\n<p>&nbsp;<\/p>\n<p>&nbsp;<\/p>\n<p>&nbsp;<\/p>\n","protected":false},"excerpt":{"rendered":"<p>Aqu\u00ed teniu preguntes i respostes que us poden ajudar a con\u00e8ixer m\u00e9s l&#8217;escola \u00c0gora. Com us podeu posar en contacte amb l&#8217;escola? A trav\u00e9s del tel\u00e8fon 972 239 942 o m\u00f2bil 640 398 006. Correu electr\u00f2nic: b7001838@xtec.cat Web: http:\/\/agora.xtec.cat\/escola-agora-girona Instagram: escola_agora Atenci\u00f3 equip directiu De dilluns a dijous de 9h a 12.30 Atenci\u00f3 fam\u00edlies De [&hellip;]<\/p>\n","protected":false},"author":1,"featured_media":0,"parent":22,"menu_order":8,"comment_status":"closed","ping_status":"closed","template":"","meta":{"_bbp_topic_count":0,"_bbp_reply_count":0,"_bbp_total_topic_count":0,"_bbp_total_reply_count":0,"_bbp_voice_count":0,"_bbp_anonymous_reply_count":0,"_bbp_topic_count_hidden":0,"_bbp_reply_count_hidden":0,"_bbp_forum_subforum_count":0,"site-sidebar-layout":"default","site-content-layout":"","ast-site-content-layout":"","site-content-style":"default","site-sidebar-style":"default","ast-global-header-display":"","ast-banner-title-visibility":"","ast-main-header-display":"","ast-hfb-above-header-display":"","ast-hfb-below-header-display":"","ast-hfb-mobile-header-display":"","site-post-title":"","ast-breadcrumbs-content":"","ast-featured-img":"","footer-sml-layout":"","theme-transparent-header-meta":"","adv-header-id-meta":"","stick-header-meta":"","header-above-stick-meta":"","header-main-stick-meta":"","header-below-stick-meta":"","astra-migrate-meta-layouts":"default","ast-page-background-enabled":"default","ast-page-background-meta":{"desktop":{"background-color":"var(--ast-global-color-4)","background-image":"","background-repeat":"repeat","background-position":"center center","background-size":"auto","background-attachment":"scroll","background-type":"","background-media":"","overlay-type":"","overlay-color":"","overlay-opacity":"","overlay-gradient":""},"tablet":{"background-color":"","background-image":"","background-repeat":"repeat","background-position":"center center","background-size":"auto","background-attachment":"scroll","background-type":"","background-media":"","overlay-type":"","overlay-color":"","overlay-opacity":"","overlay-gradient":""},"mobile":{"background-color":"","background-image":"","background-repeat":"repeat","background-position":"center center","background-size":"auto","background-attachment":"scroll","background-type":"","background-media":"","overlay-type":"","overlay-color":"","overlay-opacity":"","overlay-gradient":""}},"ast-content-background-meta":{"desktop":{"background-color":"var(--ast-global-color-5)","background-image":"","background-repeat":"repeat","background-position":"center center","background-size":"auto","background-attachment":"scroll","background-type":"","background-media":"","overlay-type":"","overlay-color":"","overlay-opacity":"","overlay-gradient":""},"tablet":{"background-color":"var(--ast-global-color-5)","background-image":"","background-repeat":"repeat","background-position":"center center","background-size":"auto","background-attachment":"scroll","background-type":"","background-media":"","overlay-type":"","overlay-color":"","overlay-opacity":"","overlay-gradient":""},"mobile":{"background-color":"var(--ast-global-color-5)","background-image":"","background-repeat":"repeat","background-position":"center center","background-size":"auto","background-attachment":"scroll","background-type":"","background-media":"","overlay-type":"","overlay-color":"","overlay-opacity":"","overlay-gradient":""}},"footnotes":""},"class_list":["post-3508","page","type-page","status-publish","hentry"],"post_mailing_queue_ids":[],"_links":{"self":[{"href":"https:\/\/agora.xtec.cat\/escola-agora-girona\/wp-json\/wp\/v2\/pages\/3508","targetHints":{"allow":["GET"]}}],"collection":[{"href":"https:\/\/agora.xtec.cat\/escola-agora-girona\/wp-json\/wp\/v2\/pages"}],"about":[{"href":"https:\/\/agora.xtec.cat\/escola-agora-girona\/wp-json\/wp\/v2\/types\/page"}],"author":[{"embeddable":true,"href":"https:\/\/agora.xtec.cat\/escola-agora-girona\/wp-json\/wp\/v2\/users\/1"}],"replies":[{"embeddable":true,"href":"https:\/\/agora.xtec.cat\/escola-agora-girona\/wp-json\/wp\/v2\/comments?post=3508"}],"version-history":[{"count":3,"href":"https:\/\/agora.xtec.cat\/escola-agora-girona\/wp-json\/wp\/v2\/pages\/3508\/revisions"}],"predecessor-version":[{"id":4022,"href":"https:\/\/agora.xtec.cat\/escola-agora-girona\/wp-json\/wp\/v2\/pages\/3508\/revisions\/4022"}],"up":[{"embeddable":true,"href":"https:\/\/agora.xtec.cat\/escola-agora-girona\/wp-json\/wp\/v2\/pages\/22"}],"wp:attachment":[{"href":"https:\/\/agora.xtec.cat\/escola-agora-girona\/wp-json\/wp\/v2\/media?parent=3508"}],"curies":[{"name":"wp","href":"https:\/\/api.w.org\/{rel}","templated":true}]}}