{"id":28,"date":"2014-09-18T12:29:35","date_gmt":"2014-09-18T12:29:35","guid":{"rendered":"http:\/\/agora.xtec.cat\/escola-agora-girona\/?page_id=28"},"modified":"2026-04-16T13:29:02","modified_gmt":"2026-04-16T11:29:02","slug":"consell-escolar","status":"publish","type":"page","link":"https:\/\/agora.xtec.cat\/escola-agora-girona\/lescola\/consell-escolar\/","title":{"rendered":"Consell escolar"},"content":{"rendered":"<div id=\"cc-m-7076720876\" class=\"n j-textWithImage \">\n<div>\n<div id=\"cc-m-textwithimage-7076720876\" class=\"cc-m-textwithimage-inline-rte\" data-name=\"text\" data-action=\"text\">\n<p>\u00c9s el m\u00e0xim \u00f2rgan de govern de l&#8217;escola. Es reuneix peri\u00f2dicament per tractar temes de la seva compet\u00e8ncia com ara: l&#8217;aprovaci\u00f3 de la programaci\u00f3 anual escolar, aprovaci\u00f3 del pressupost escolar, aprovaci\u00f3 del calendari i horari escolar, sortides i activitats&#8230;<\/p>\n<p>Est\u00e0 format per 15 membres: l&#8217;Equip Directiu (3), mestres (5), pares i mares (5), representant municipal (1) i representant del Personal d&#8217;Administraci\u00f3 i Serveis (2).<\/p>\n<p>Les persones que formen part del Consell Escolar de l\u2019escola s\u00f3n:<\/p>\n<\/div>\n<div class=\"cc-m-textwithimage-inline-rte\" data-name=\"text\" data-action=\"text\"><strong>Sector mestres<\/strong><\/div>\n<div data-name=\"text\" data-action=\"text\"><strong>Equip directiu:\u00a0<\/strong><\/div>\n<div class=\"cc-m-textwithimage-inline-rte\" data-name=\"text\" data-action=\"text\">Beth Riera (Presidenta)<\/div>\n<div class=\"cc-m-textwithimage-inline-rte\" data-name=\"text\" data-action=\"text\">Laida Elizondo<\/div>\n<div data-name=\"text\" data-action=\"text\">Marta Est\u00e9vez<\/div>\n<div data-name=\"text\" data-action=\"text\"><\/div>\n<div data-name=\"text\" data-action=\"text\"><strong>Mestres:\u00a0<\/strong><\/div>\n<div class=\"cc-m-textwithimage-inline-rte\" data-name=\"text\" data-action=\"text\">Merc\u00e8 Font<\/div>\n<div class=\"cc-m-textwithimage-inline-rte\" data-name=\"text\" data-action=\"text\">Anna Serrat<\/div>\n<div class=\"cc-m-textwithimage-inline-rte\" data-name=\"text\" data-action=\"text\">Anna Timonet<br \/>\nAlba Pericot<\/div>\n<div data-name=\"text\" data-action=\"text\">Mireia Cordon<\/div>\n<div data-name=\"text\" data-action=\"text\">Anna Zafra<\/div>\n<div data-name=\"text\" data-action=\"text\"><\/div>\n<div data-name=\"text\" data-action=\"text\"><strong style=\"font-family: inherit; font-size: 1em;\">Sector PAS<\/strong><\/div>\n<div class=\"cc-m-textwithimage-inline-rte\" data-name=\"text\" data-action=\"text\">\n<p>Fernando Pereyra<br \/>\nXavier Jubert<\/p>\n<\/div>\n<div class=\"cc-m-textwithimage-inline-rte\" data-name=\"text\" data-action=\"text\">\n<p><strong>Sector fam\u00edlies\u00a0<\/strong><br \/>\nRachid Es Safri<br \/>\nAzaria Barrientos<br \/>\nChamaei<br \/>\nAnna Pe\u00f1alosa<\/p>\n<p><strong>Representant de l\u2019AFA<\/strong><br \/>\nSusanna Tur\u00f3n<\/p>\n<p><strong>Representant de l\u2019Ajuntament<\/strong><br \/>\nCada dos anys es renova parcialment mitjan\u00e7ant un proc\u00e9s electoral.<\/p>\n<p>&nbsp;<\/p>\n<\/div>\n<\/div>\n<div class=\"cc-clear\"><\/div>\n<\/div>\n<div id=\"cc-m-7191350376\" class=\"n j-text \"><\/div>\n<p style=\"color: #444444;\">\n","protected":false},"excerpt":{"rendered":"<p>\u00c9s el m\u00e0xim \u00f2rgan de govern de l&#8217;escola. Es reuneix peri\u00f2dicament per tractar temes de la seva compet\u00e8ncia com ara: l&#8217;aprovaci\u00f3 de la programaci\u00f3 anual escolar, aprovaci\u00f3 del pressupost escolar, aprovaci\u00f3 del calendari i horari escolar, sortides i activitats&#8230; Est\u00e0 format per 15 membres: l&#8217;Equip Directiu (3), mestres (5), pares i mares (5), representant municipal [&hellip;]<\/p>\n","protected":false},"author":2,"featured_media":0,"parent":22,"menu_order":30,"comment_status":"closed","ping_status":"closed","template":"","meta":{"_bbp_topic_count":0,"_bbp_reply_count":0,"_bbp_total_topic_count":0,"_bbp_total_reply_count":0,"_bbp_voice_count":0,"_bbp_anonymous_reply_count":0,"_bbp_topic_count_hidden":0,"_bbp_reply_count_hidden":0,"_bbp_forum_subforum_count":0,"site-sidebar-layout":"default","site-content-layout":"","ast-site-content-layout":"default","site-content-style":"default","site-sidebar-style":"default","ast-global-header-display":"","ast-banner-title-visibility":"","ast-main-header-display":"","ast-hfb-above-header-display":"","ast-hfb-below-header-display":"","ast-hfb-mobile-header-display":"","site-post-title":"","ast-breadcrumbs-content":"","ast-featured-img":"","footer-sml-layout":"","theme-transparent-header-meta":"default","adv-header-id-meta":"","stick-header-meta":"","header-above-stick-meta":"","header-main-stick-meta":"","header-below-stick-meta":"","astra-migrate-meta-layouts":"set","ast-page-background-enabled":"default","ast-page-background-meta":{"desktop":{"background-color":"var(--ast-global-color-4)","background-image":"","background-repeat":"repeat","background-position":"center center","background-size":"auto","background-attachment":"scroll","background-type":"","background-media":"","overlay-type":"","overlay-color":"","overlay-opacity":"","overlay-gradient":""},"tablet":{"background-color":"","background-image":"","background-repeat":"repeat","background-position":"center center","background-size":"auto","background-attachment":"scroll","background-type":"","background-media":"","overlay-type":"","overlay-color":"","overlay-opacity":"","overlay-gradient":""},"mobile":{"background-color":"","background-image":"","background-repeat":"repeat","background-position":"center center","background-size":"auto","background-attachment":"scroll","background-type":"","background-media":"","overlay-type":"","overlay-color":"","overlay-opacity":"","overlay-gradient":""}},"ast-content-background-meta":{"desktop":{"background-color":"var(--ast-global-color-5)","background-image":"","background-repeat":"repeat","background-position":"center center","background-size":"auto","background-attachment":"scroll","background-type":"","background-media":"","overlay-type":"","overlay-color":"","overlay-opacity":"","overlay-gradient":""},"tablet":{"background-color":"var(--ast-global-color-5)","background-image":"","background-repeat":"repeat","background-position":"center center","background-size":"auto","background-attachment":"scroll","background-type":"","background-media":"","overlay-type":"","overlay-color":"","overlay-opacity":"","overlay-gradient":""},"mobile":{"background-color":"var(--ast-global-color-5)","background-image":"","background-repeat":"repeat","background-position":"center center","background-size":"auto","background-attachment":"scroll","background-type":"","background-media":"","overlay-type":"","overlay-color":"","overlay-opacity":"","overlay-gradient":""}},"footnotes":""},"class_list":["post-28","page","type-page","status-publish","hentry"],"post_mailing_queue_ids":[],"_links":{"self":[{"href":"https:\/\/agora.xtec.cat\/escola-agora-girona\/wp-json\/wp\/v2\/pages\/28","targetHints":{"allow":["GET"]}}],"collection":[{"href":"https:\/\/agora.xtec.cat\/escola-agora-girona\/wp-json\/wp\/v2\/pages"}],"about":[{"href":"https:\/\/agora.xtec.cat\/escola-agora-girona\/wp-json\/wp\/v2\/types\/page"}],"author":[{"embeddable":true,"href":"https:\/\/agora.xtec.cat\/escola-agora-girona\/wp-json\/wp\/v2\/users\/2"}],"replies":[{"embeddable":true,"href":"https:\/\/agora.xtec.cat\/escola-agora-girona\/wp-json\/wp\/v2\/comments?post=28"}],"version-history":[{"count":6,"href":"https:\/\/agora.xtec.cat\/escola-agora-girona\/wp-json\/wp\/v2\/pages\/28\/revisions"}],"predecessor-version":[{"id":5831,"href":"https:\/\/agora.xtec.cat\/escola-agora-girona\/wp-json\/wp\/v2\/pages\/28\/revisions\/5831"}],"up":[{"embeddable":true,"href":"https:\/\/agora.xtec.cat\/escola-agora-girona\/wp-json\/wp\/v2\/pages\/22"}],"wp:attachment":[{"href":"https:\/\/agora.xtec.cat\/escola-agora-girona\/wp-json\/wp\/v2\/media?parent=28"}],"curies":[{"name":"wp","href":"https:\/\/api.w.org\/{rel}","templated":true}]}}