{"id":26,"date":"2014-09-18T12:24:32","date_gmt":"2014-09-18T12:24:32","guid":{"rendered":"http:\/\/agora.xtec.cat\/escola-agora-girona\/?page_id=26"},"modified":"2022-11-02T19:06:03","modified_gmt":"2022-11-02T18:06:03","slug":"historia","status":"publish","type":"page","link":"https:\/\/agora.xtec.cat\/escola-agora-girona\/historia\/","title":{"rendered":"Hist\u00f2ria"},"content":{"rendered":"<p>L&#8217;Escola \u00c0gora \u00a0va ser inaugurada oficialment\u00a0amb el nom de Mare de D\u00e9u del Mont\u00a0el 15 de gener de 1972. A partir del 27 de setembre de 2016 passa a denominar-se Escola \u00c0gora.<\/p>\n<p>La nostra escola \u00e9s un centre p\u00fablic que est\u00e0 situada al <strong>barri de Sant Narc\u00eds<\/strong>. Formem part d\u2019un Pla d\u2019Entorn i conviv\u00e8ncia. Impartim els nivells d\u2019Educaci\u00f3 Infantil (P3, P4 i P5) i d\u2019Educaci\u00f3 Prim\u00e0ria (de 1r a 6\u00e8).<\/p>\n<p>&nbsp;<\/p>\n<p>Darrera el <strong><a href=\"http:\/\/agora.xtec.cat\/escola-agora-girona\/wp-content\/uploads\/usu383\/2017\/02\/La-nostra-escola....pdf\" target=\"_blank\" rel=\"noopener\">projecte<\/a><\/strong> hi ha un equip de <strong>professionals il\u00b7lusionats\/des<\/strong>, que treballem per poder-lo tirar endavant amb la <strong>col\u00b7laboraci\u00f3 i participaci\u00f3 de tota la comunitat educativa<\/strong>. Un projecte que t\u00e9 com a objectiu final educar als nens i les nenes en un marc de <strong>respecte, toler\u00e0ncia i responsabilitat<\/strong>, tot ajudant-los a cr\u00e9ixer personalment i facilitant la seva integraci\u00f3 en etapes posteriors del Sistema Educatiu.<\/p>\n","protected":false},"excerpt":{"rendered":"<p>L&#8217;Escola \u00c0gora \u00a0va ser inaugurada oficialment\u00a0amb el nom de Mare de D\u00e9u del Mont\u00a0el 15 de gener de 1972. A partir del 27 de setembre de 2016 passa a denominar-se Escola \u00c0gora. La nostra escola \u00e9s un centre p\u00fablic que est\u00e0 situada al barri de Sant Narc\u00eds. Formem part d\u2019un Pla d\u2019Entorn i conviv\u00e8ncia. Impartim [&hellip;]<\/p>\n","protected":false},"author":2,"featured_media":0,"parent":0,"menu_order":20,"comment_status":"closed","ping_status":"closed","template":"","meta":{"_bbp_topic_count":0,"_bbp_reply_count":0,"_bbp_total_topic_count":0,"_bbp_total_reply_count":0,"_bbp_voice_count":0,"_bbp_anonymous_reply_count":0,"_bbp_topic_count_hidden":0,"_bbp_reply_count_hidden":0,"_bbp_forum_subforum_count":0,"site-sidebar-layout":"default","site-content-layout":"","ast-site-content-layout":"","site-content-style":"default","site-sidebar-style":"default","ast-global-header-display":"","ast-banner-title-visibility":"","ast-main-header-display":"","ast-hfb-above-header-display":"","ast-hfb-below-header-display":"","ast-hfb-mobile-header-display":"","site-post-title":"","ast-breadcrumbs-content":"","ast-featured-img":"","footer-sml-layout":"","theme-transparent-header-meta":"","adv-header-id-meta":"","stick-header-meta":"","header-above-stick-meta":"","header-main-stick-meta":"","header-below-stick-meta":"","astra-migrate-meta-layouts":"default","ast-page-background-enabled":"default","ast-page-background-meta":{"desktop":{"background-color":"var(--ast-global-color-4)","background-image":"","background-repeat":"repeat","background-position":"center center","background-size":"auto","background-attachment":"scroll","background-type":"","background-media":"","overlay-type":"","overlay-color":"","overlay-opacity":"","overlay-gradient":""},"tablet":{"background-color":"","background-image":"","background-repeat":"repeat","background-position":"center center","background-size":"auto","background-attachment":"scroll","background-type":"","background-media":"","overlay-type":"","overlay-color":"","overlay-opacity":"","overlay-gradient":""},"mobile":{"background-color":"","background-image":"","background-repeat":"repeat","background-position":"center center","background-size":"auto","background-attachment":"scroll","background-type":"","background-media":"","overlay-type":"","overlay-color":"","overlay-opacity":"","overlay-gradient":""}},"ast-content-background-meta":{"desktop":{"background-color":"var(--ast-global-color-5)","background-image":"","background-repeat":"repeat","background-position":"center center","background-size":"auto","background-attachment":"scroll","background-type":"","background-media":"","overlay-type":"","overlay-color":"","overlay-opacity":"","overlay-gradient":""},"tablet":{"background-color":"var(--ast-global-color-5)","background-image":"","background-repeat":"repeat","background-position":"center center","background-size":"auto","background-attachment":"scroll","background-type":"","background-media":"","overlay-type":"","overlay-color":"","overlay-opacity":"","overlay-gradient":""},"mobile":{"background-color":"var(--ast-global-color-5)","background-image":"","background-repeat":"repeat","background-position":"center center","background-size":"auto","background-attachment":"scroll","background-type":"","background-media":"","overlay-type":"","overlay-color":"","overlay-opacity":"","overlay-gradient":""}},"footnotes":""},"class_list":["post-26","page","type-page","status-publish","hentry"],"post_mailing_queue_ids":[],"_links":{"self":[{"href":"https:\/\/agora.xtec.cat\/escola-agora-girona\/wp-json\/wp\/v2\/pages\/26","targetHints":{"allow":["GET"]}}],"collection":[{"href":"https:\/\/agora.xtec.cat\/escola-agora-girona\/wp-json\/wp\/v2\/pages"}],"about":[{"href":"https:\/\/agora.xtec.cat\/escola-agora-girona\/wp-json\/wp\/v2\/types\/page"}],"author":[{"embeddable":true,"href":"https:\/\/agora.xtec.cat\/escola-agora-girona\/wp-json\/wp\/v2\/users\/2"}],"replies":[{"embeddable":true,"href":"https:\/\/agora.xtec.cat\/escola-agora-girona\/wp-json\/wp\/v2\/comments?post=26"}],"version-history":[{"count":4,"href":"https:\/\/agora.xtec.cat\/escola-agora-girona\/wp-json\/wp\/v2\/pages\/26\/revisions"}],"predecessor-version":[{"id":4099,"href":"https:\/\/agora.xtec.cat\/escola-agora-girona\/wp-json\/wp\/v2\/pages\/26\/revisions\/4099"}],"wp:attachment":[{"href":"https:\/\/agora.xtec.cat\/escola-agora-girona\/wp-json\/wp\/v2\/media?parent=26"}],"curies":[{"name":"wp","href":"https:\/\/api.w.org\/{rel}","templated":true}]}}