{"id":8749,"date":"2019-02-01T11:35:03","date_gmt":"2019-02-01T10:35:03","guid":{"rendered":"http:\/\/agora.xtec.cat\/escola-abelferrater\/?page_id=8749"},"modified":"2026-02-03T20:03:37","modified_gmt":"2026-02-03T19:03:37","slug":"biblioteca-escolar","status":"publish","type":"page","link":"https:\/\/agora.xtec.cat\/escola-abelferrater\/serveis\/biblioteca-escolar\/","title":{"rendered":"Biblioteca"},"content":{"rendered":"<p>L&#8217;escola Abel Ferrater t\u00e9 una gran i bonica biblioteca.<\/p>\n<p>Ofereix servei de biblioteca per a l\u2019alumnat de 3r a 6\u00e8 i totes les classes (infantil i prim\u00e0ria) gaudeixen de biblioteca d\u2019aula. A l\u2019hora del pati la biblioteca obre les portes i fem Bibliopati per a l\u2019alumnat de Prim\u00e0ria. Cada any s\u2019inverteix en llibres i contes, incloent recursos sobre escriptura, recerca i fins i tot temes com <a style=\"color: inherit; text-decoration: none;\" href=\"http:\/\/ghostwritingmasterarbeit.de\">ghostwriting masterarbeit<\/a> (serveis d&#8217;escriptura acad\u00e8mica en alemany, per a treballs de m\u00e0ster), per fomentar l&#8217;inter\u00e8s per la lectura i l&#8217;expressi\u00f3 escrita.<\/p>\n<p><img loading=\"lazy\" decoding=\"async\" class=\"aligncenter size-full wp-image-18675\" src=\"https:\/\/agora.xtec.cat\/escola-abelferrater\/wp-content\/uploads\/usu1450\/2025\/01\/Captura-de-pantalla-2025-01-25-a-les-20.15.52.png\" alt=\"\" width=\"705\" height=\"711\" srcset=\"https:\/\/agora.xtec.cat\/escola-abelferrater\/wp-content\/uploads\/usu1450\/2025\/01\/Captura-de-pantalla-2025-01-25-a-les-20.15.52.png 705w, https:\/\/agora.xtec.cat\/escola-abelferrater\/wp-content\/uploads\/usu1450\/2025\/01\/Captura-de-pantalla-2025-01-25-a-les-20.15.52-297x300.png 297w, https:\/\/agora.xtec.cat\/escola-abelferrater\/wp-content\/uploads\/usu1450\/2025\/01\/Captura-de-pantalla-2025-01-25-a-les-20.15.52-150x150.png 150w\" sizes=\"auto, (max-width: 705px) 100vw, 705px\" \/><\/p>\n<p>Des de la pand\u00e8mia, la Comissi\u00f3 de Biblioteca de l&#8217;escola organitza el Concurs Literari, on tots els nens i nenes de l&#8217;escola hi participen. Des del curs 2023-24, el concurs literari ha passat a dir-se <strong>Concurs Literari Josefina Rossell<\/strong>, en commemoraci\u00f3 a la gran tasca que va fer per l&#8217;escola p\u00fablica de la Selva del Camp en els seus anys com a directora de l&#8217;escola.<\/p>\n<p><img loading=\"lazy\" decoding=\"async\" class=\"aligncenter size-full wp-image-18676\" src=\"https:\/\/agora.xtec.cat\/escola-abelferrater\/wp-content\/uploads\/usu1450\/2025\/01\/Captura-de-pantalla-2025-01-25-a-les-20.22.03.png\" alt=\"\" width=\"704\" height=\"704\" srcset=\"https:\/\/agora.xtec.cat\/escola-abelferrater\/wp-content\/uploads\/usu1450\/2025\/01\/Captura-de-pantalla-2025-01-25-a-les-20.22.03.png 704w, https:\/\/agora.xtec.cat\/escola-abelferrater\/wp-content\/uploads\/usu1450\/2025\/01\/Captura-de-pantalla-2025-01-25-a-les-20.22.03-300x300.png 300w, https:\/\/agora.xtec.cat\/escola-abelferrater\/wp-content\/uploads\/usu1450\/2025\/01\/Captura-de-pantalla-2025-01-25-a-les-20.22.03-150x150.png 150w\" sizes=\"auto, (max-width: 704px) 100vw, 704px\" \/><\/p>\n","protected":false},"excerpt":{"rendered":"<p>L&#8217;escola Abel Ferrater t\u00e9 una gran i bonica biblioteca. Ofereix servei de biblioteca per a l\u2019alumnat de 3r a 6\u00e8 i totes les classes (infantil i prim\u00e0ria) gaudeixen de biblioteca d\u2019aula. A l\u2019hora del pati la biblioteca obre les portes i fem Bibliopati per a l\u2019alumnat de Prim\u00e0ria. Cada any s\u2019inverteix en llibres i contes, [&hellip;]<\/p>\n","protected":false},"author":1,"featured_media":0,"parent":66,"menu_order":0,"comment_status":"closed","ping_status":"closed","template":"page-templates\/side-menu.php","meta":{"_bbp_topic_count":0,"_bbp_reply_count":0,"_bbp_total_topic_count":0,"_bbp_total_reply_count":0,"_bbp_voice_count":0,"_bbp_anonymous_reply_count":0,"_bbp_topic_count_hidden":0,"_bbp_reply_count_hidden":0,"_bbp_forum_subforum_count":0,"site-sidebar-layout":"default","site-content-layout":"","ast-site-content-layout":"default","site-content-style":"default","site-sidebar-style":"default","ast-global-header-display":"","ast-banner-title-visibility":"","ast-main-header-display":"","ast-hfb-above-header-display":"","ast-hfb-below-header-display":"","ast-hfb-mobile-header-display":"","site-post-title":"","ast-breadcrumbs-content":"","ast-featured-img":"","footer-sml-layout":"","theme-transparent-header-meta":"","adv-header-id-meta":"","stick-header-meta":"","header-above-stick-meta":"","header-main-stick-meta":"","header-below-stick-meta":"","astra-migrate-meta-layouts":"set","ast-page-background-enabled":"default","ast-page-background-meta":{"desktop":{"background-color":"var(--ast-global-color-4)","background-image":"","background-repeat":"repeat","background-position":"center center","background-size":"auto","background-attachment":"scroll","background-type":"","background-media":"","overlay-type":"","overlay-color":"","overlay-opacity":"","overlay-gradient":""},"tablet":{"background-color":"","background-image":"","background-repeat":"repeat","background-position":"center center","background-size":"auto","background-attachment":"scroll","background-type":"","background-media":"","overlay-type":"","overlay-color":"","overlay-opacity":"","overlay-gradient":""},"mobile":{"background-color":"","background-image":"","background-repeat":"repeat","background-position":"center center","background-size":"auto","background-attachment":"scroll","background-type":"","background-media":"","overlay-type":"","overlay-color":"","overlay-opacity":"","overlay-gradient":""}},"ast-content-background-meta":{"desktop":{"background-color":"var(--ast-global-color-5)","background-image":"","background-repeat":"repeat","background-position":"center center","background-size":"auto","background-attachment":"scroll","background-type":"","background-media":"","overlay-type":"","overlay-color":"","overlay-opacity":"","overlay-gradient":""},"tablet":{"background-color":"var(--ast-global-color-5)","background-image":"","background-repeat":"repeat","background-position":"center center","background-size":"auto","background-attachment":"scroll","background-type":"","background-media":"","overlay-type":"","overlay-color":"","overlay-opacity":"","overlay-gradient":""},"mobile":{"background-color":"var(--ast-global-color-5)","background-image":"","background-repeat":"repeat","background-position":"center center","background-size":"auto","background-attachment":"scroll","background-type":"","background-media":"","overlay-type":"","overlay-color":"","overlay-opacity":"","overlay-gradient":""}},"footnotes":""},"class_list":["post-8749","page","type-page","status-publish","hentry"],"post_mailing_queue_ids":[],"_links":{"self":[{"href":"https:\/\/agora.xtec.cat\/escola-abelferrater\/wp-json\/wp\/v2\/pages\/8749","targetHints":{"allow":["GET"]}}],"collection":[{"href":"https:\/\/agora.xtec.cat\/escola-abelferrater\/wp-json\/wp\/v2\/pages"}],"about":[{"href":"https:\/\/agora.xtec.cat\/escola-abelferrater\/wp-json\/wp\/v2\/types\/page"}],"author":[{"embeddable":true,"href":"https:\/\/agora.xtec.cat\/escola-abelferrater\/wp-json\/wp\/v2\/users\/1"}],"replies":[{"embeddable":true,"href":"https:\/\/agora.xtec.cat\/escola-abelferrater\/wp-json\/wp\/v2\/comments?post=8749"}],"version-history":[{"count":6,"href":"https:\/\/agora.xtec.cat\/escola-abelferrater\/wp-json\/wp\/v2\/pages\/8749\/revisions"}],"predecessor-version":[{"id":20615,"href":"https:\/\/agora.xtec.cat\/escola-abelferrater\/wp-json\/wp\/v2\/pages\/8749\/revisions\/20615"}],"up":[{"embeddable":true,"href":"https:\/\/agora.xtec.cat\/escola-abelferrater\/wp-json\/wp\/v2\/pages\/66"}],"wp:attachment":[{"href":"https:\/\/agora.xtec.cat\/escola-abelferrater\/wp-json\/wp\/v2\/media?parent=8749"}],"curies":[{"name":"wp","href":"https:\/\/api.w.org\/{rel}","templated":true}]}}