{"id":30,"date":"2014-09-18T12:30:23","date_gmt":"2014-09-18T11:30:23","guid":{"rendered":"http:\/\/agora.xtec.cat\/escola-abelferrater\/?page_id=30"},"modified":"2022-02-14T17:27:24","modified_gmt":"2022-02-14T16:27:24","slug":"premis","status":"publish","type":"page","link":"https:\/\/agora.xtec.cat\/escola-abelferrater\/lescola\/premis\/","title":{"rendered":"Premis"},"content":{"rendered":"<p><strong>mSchools &#8211; Student Awards<\/strong> &#8211; Finalistes &#8211; Modalitat Mobile History Map (Curs 2019-2020)<br \/>\nAlumnes de 4t Mestres: Albert Quer, Eila Morales, Violeta Cristi\u00e0 i Rosa Boqueras<br \/>\nS&#8217;han georeferenciat els gegants de les capitals de comarca de tot Catalunya, fruit del projecte de treball d\u2019aquest any. <a href=\"https:\/\/mhm.mobileworldcapital.com\/ca_ES\/escenari\/1928\/showedit\">ELS GEGANTS DE CATALUNYA. <\/a>Aquest va comen\u00e7ar a l\u2019aula i ha finalitzat a casa, en confinament<\/p>\n<p><strong>mSchools &#8211; Student Awards<\/strong> &#8211; Premi del Vot del p\u00fablic &#8211; Modalitat Mobile History Map (Curs 2018-2019)<br \/>\nAlumnes de 3r. Mestres: Albert Quer, Violeta Cristi\u00e0 i Rosa Boqueras<br \/>\nGeoreferenciaci\u00f3 dels carrers del nucli antic de la Selva a l&#8217;escenari <a href=\"http:\/\/mhm.mobileworldcapital.com\/%29\/escenari\/1341\/showedit\">ELS CARRERS DEL CASC ANTIC<\/a>, de la plataforma Mobile History Map.<\/p>\n<p><strong>Contes del m\u00f3n<\/strong>\u00a0&#8211; Concurs\u00a0podcast (Curs 2015-2016)<br \/>\nAlumnes de 1r. Mestres: Rosario Linares, Montse Oll\u00e9 i Rosa Boqueras<br \/>\nCreaci\u00f3 i enregistrament del conte <a href=\"https:\/\/soundcloud.com\/comsoc\/tornarem?in=comsoc\/sets\/50-contes-semifinalistes-7\">TORNAREM<\/a>, dedicat als refugiats sirians.<\/p>\n<p><strong>Fish &amp; Chips<\/strong>\u00a0&#8211; Concurs de Televisi\u00f3 de Catalunya (28\/01\/2016)<br \/>\nAlumnes de 6\u00e8. Mestres: Rosa Mari Puertas, Lola de Mar\u00eda i Conchi Garc\u00eda<br \/>\nPodeu veure el v\u00eddeo <a href=\"http:\/\/www.ccma.cat\/tv3\/super3\/fish-and-chips\/escoles-millenari-i-abel-ferrater-fish-chips\/video\/5631271\/\">aqu\u00ed<\/a>.<\/p>\n<p><strong>Concurs de Pessebres<\/strong>\u00a0&#8211; Grup de Joves Verge de Paret Delgada &#8211; La Selva del Camp &#8211; Acc\u00e8ssit al pessebre realitzat al parvulari (Nadal 2012 i 2015)<\/p>\n<p><strong>Fish &amp; Chips<\/strong>\u00a0&#8211; Concurs de Televisi\u00f3 de Catalunya (11\/2\/2012)<br \/>\nAlumnes de 6\u00e8. Mestres: Lidia Jim\u00e9nez, Lola de Mar\u00eda i Conchi Garc\u00eda<br \/>\nPodeu veure el v\u00eddeo\u00a0<a href=\"http:\/\/www.tv3.cat\/videos\/3945212\/Fish--Chips--48\" target=\"_blank\" rel=\"noopener noreferrer\">aqu\u00ed<\/a><\/p>\n<p><strong>Premio a las Actuaciones de Calidad en Educaci\u00f3n<\/strong>, amb el treball <em><strong>El mundo a trav\u00e9s de la Educaci\u00f3n Art\u00edstica<\/strong><\/em>. Atorgat pel Ministerio de Educaci\u00f3n y Ciencia. Convocat\u00f2ria 2004-2005. Coordinadores: Rosa Boqueras i Neus Gallart.<\/p>\n<p><a href=\"http:\/\/picasaweb.google.es\/neusgallartjosa\/JornadaEsportiva2004AEEE\"><strong>Premi especial AEEE-2004<\/strong><\/a>\u00a0del Consell catal\u00e0 de l\u2019esport. 2004 Coordinadora: Neus Gallart<\/p>\n<p>Coral seleccionada a la\u00a0<strong>I Trobada de Cant Coral a l&#8217;escola<\/strong>. 2003. Direcci\u00f3: Rosa Boqueras<\/p>\n<p>Premi de composici\u00f3 musical\u00a0<strong>&#8220;Superm\u00fasics &#8211; 6&#8221;<\/strong> per a la can\u00e7\u00f3 Jocs de Pati dels alumnes de segon. 2002. Mestres: Neus Estrada, S\u00edlvia Marquet i Rosa Boqueras<\/p>\n<p>Coral seleccionada del concurs\u00a0<strong>\u201cSons i can\u00e7ons\u201d de la campanya \u201cel pa\u00eds a l\u2019escola\u201d<\/strong>\u00a0del Congr\u00e9s de Cultura Catalana. 2002. Direcci\u00f3: Rosa Boqueras<\/p>\n","protected":false},"excerpt":{"rendered":"<p>mSchools &#8211; Student Awards &#8211; Finalistes &#8211; Modalitat Mobile History Map (Curs 2019-2020) Alumnes de 4t Mestres: Albert Quer, Eila Morales, Violeta Cristi\u00e0 i Rosa Boqueras S&#8217;han georeferenciat els gegants de les capitals de comarca de tot Catalunya, fruit del projecte de treball d\u2019aquest any. ELS GEGANTS DE CATALUNYA. Aquest va comen\u00e7ar a l\u2019aula i [&hellip;]<\/p>\n","protected":false},"author":1,"featured_media":0,"parent":22,"menu_order":40,"comment_status":"closed","ping_status":"closed","template":"page-templates\/side-menu.php","meta":{"_bbp_topic_count":0,"_bbp_reply_count":0,"_bbp_total_topic_count":0,"_bbp_total_reply_count":0,"_bbp_voice_count":0,"_bbp_anonymous_reply_count":0,"_bbp_topic_count_hidden":0,"_bbp_reply_count_hidden":0,"_bbp_forum_subforum_count":0,"site-sidebar-layout":"default","site-content-layout":"","ast-site-content-layout":"","site-content-style":"default","site-sidebar-style":"default","ast-global-header-display":"","ast-banner-title-visibility":"","ast-main-header-display":"","ast-hfb-above-header-display":"","ast-hfb-below-header-display":"","ast-hfb-mobile-header-display":"","site-post-title":"","ast-breadcrumbs-content":"","ast-featured-img":"","footer-sml-layout":"","theme-transparent-header-meta":"","adv-header-id-meta":"","stick-header-meta":"","header-above-stick-meta":"","header-main-stick-meta":"","header-below-stick-meta":"","astra-migrate-meta-layouts":"default","ast-page-background-enabled":"default","ast-page-background-meta":{"desktop":{"background-color":"var(--ast-global-color-4)","background-image":"","background-repeat":"repeat","background-position":"center center","background-size":"auto","background-attachment":"scroll","background-type":"","background-media":"","overlay-type":"","overlay-color":"","overlay-opacity":"","overlay-gradient":""},"tablet":{"background-color":"","background-image":"","background-repeat":"repeat","background-position":"center center","background-size":"auto","background-attachment":"scroll","background-type":"","background-media":"","overlay-type":"","overlay-color":"","overlay-opacity":"","overlay-gradient":""},"mobile":{"background-color":"","background-image":"","background-repeat":"repeat","background-position":"center center","background-size":"auto","background-attachment":"scroll","background-type":"","background-media":"","overlay-type":"","overlay-color":"","overlay-opacity":"","overlay-gradient":""}},"ast-content-background-meta":{"desktop":{"background-color":"var(--ast-global-color-5)","background-image":"","background-repeat":"repeat","background-position":"center center","background-size":"auto","background-attachment":"scroll","background-type":"","background-media":"","overlay-type":"","overlay-color":"","overlay-opacity":"","overlay-gradient":""},"tablet":{"background-color":"var(--ast-global-color-5)","background-image":"","background-repeat":"repeat","background-position":"center center","background-size":"auto","background-attachment":"scroll","background-type":"","background-media":"","overlay-type":"","overlay-color":"","overlay-opacity":"","overlay-gradient":""},"mobile":{"background-color":"var(--ast-global-color-5)","background-image":"","background-repeat":"repeat","background-position":"center center","background-size":"auto","background-attachment":"scroll","background-type":"","background-media":"","overlay-type":"","overlay-color":"","overlay-opacity":"","overlay-gradient":""}},"footnotes":""},"class_list":["post-30","page","type-page","status-publish","hentry"],"post_mailing_queue_ids":[],"_links":{"self":[{"href":"https:\/\/agora.xtec.cat\/escola-abelferrater\/wp-json\/wp\/v2\/pages\/30","targetHints":{"allow":["GET"]}}],"collection":[{"href":"https:\/\/agora.xtec.cat\/escola-abelferrater\/wp-json\/wp\/v2\/pages"}],"about":[{"href":"https:\/\/agora.xtec.cat\/escola-abelferrater\/wp-json\/wp\/v2\/types\/page"}],"author":[{"embeddable":true,"href":"https:\/\/agora.xtec.cat\/escola-abelferrater\/wp-json\/wp\/v2\/users\/1"}],"replies":[{"embeddable":true,"href":"https:\/\/agora.xtec.cat\/escola-abelferrater\/wp-json\/wp\/v2\/comments?post=30"}],"version-history":[{"count":4,"href":"https:\/\/agora.xtec.cat\/escola-abelferrater\/wp-json\/wp\/v2\/pages\/30\/revisions"}],"predecessor-version":[{"id":14547,"href":"https:\/\/agora.xtec.cat\/escola-abelferrater\/wp-json\/wp\/v2\/pages\/30\/revisions\/14547"}],"up":[{"embeddable":true,"href":"https:\/\/agora.xtec.cat\/escola-abelferrater\/wp-json\/wp\/v2\/pages\/22"}],"wp:attachment":[{"href":"https:\/\/agora.xtec.cat\/escola-abelferrater\/wp-json\/wp\/v2\/media?parent=30"}],"curies":[{"name":"wp","href":"https:\/\/api.w.org\/{rel}","templated":true}]}}