{"id":28,"date":"2014-09-18T12:29:35","date_gmt":"2014-09-18T11:29:35","guid":{"rendered":"http:\/\/agora.xtec.cat\/escola-abelferrater\/?page_id=28"},"modified":"2022-02-14T17:28:00","modified_gmt":"2022-02-14T16:28:00","slug":"baldirireixac","status":"publish","type":"page","link":"https:\/\/agora.xtec.cat\/escola-abelferrater\/lescola\/premis\/baldirireixac\/","title":{"rendered":"Baldiri Reixac"},"content":{"rendered":"<p>1987: <strong>Premi Baldiri Reixac a l&#8217;Escola per l&#8217;acci\u00f3 de dignificaci\u00f3 de l&#8217;escola p\u00fablica, a partir d&#8217;un treball rigor\u00f3s basat en la llengua i cultura del pa\u00eds.<\/strong><\/p>\n<p><strong>Premis treballs d&#8217;alumnes<\/strong><\/p>\n<p>2013: Alumnes de 5\u00e8 de Prim\u00e0ria per &#8220;<strong>Descoberta del Delta de l&#8217;Ebre<\/strong>&#8220;. Mestres coordinadores: L\u00eddia Jim\u00e9nez i Lola de Mar\u00eda<\/p>\n<p>2009: Alumnes de 4tA de Prim\u00e0ria per <strong>\u201cEn Benet i el seu roure\u201c<\/strong>. Mestre coordinador: Ton Ayll\u00f3n<\/p>\n<p>2007: Alumnes de 2n de Prim\u00e0ria per <strong>\u201c<a href=\"http:\/\/www.xtec.cat\/escola-abelferrater\/premis\/ABECEDARI.pdf\">ABECEDARI de la Selva del Camp<\/a>\u201d<\/strong>. Mestra coordinadora: Neus Estrada<\/p>\n<p>1992: Alumnes de 8\u00e8 curs d&#8217;EGB per <strong>\u201cEls nostres carrers\u201d<\/strong>. Mestre coordinador: Jaume Miralles<\/p>\n<p>1989: Alumnes de 8\u00e8 curs d&#8217;EGB per <strong>\u201cEl cens de 1986 a la Selva del Camp&#8221;<\/strong>. Mestre coordinador: Jaume Miralles<\/p>\n<p>1985: Alumnes de 8\u00e8 curs d&#8217;EGB per <strong>\u201cBusquem l&#8217;origen i la hist\u00f2ria dels nostres Escuts\u201d<\/strong> i <strong>\u201cEls menjars del nostre poble\u201d<\/strong>. Mestre coordinador: Jaume Miralles<\/p>\n<p>1984: Alumnes de 8\u00e8 curs d&#8217;EGB per <strong>\u201cInventari art\u00edstic dels carrers de la Selva del Camp\u201d<\/strong>. Mestre coordinador: Joan Vernet<\/p>\n<p>1983: Alumnes de 8\u00e8 curs d&#8217;EGB per <strong>\u201cOficis tradicionals de la Selva del Camp\u201d<\/strong>. Mestre coordinador: Jaume Miralles<\/p>\n<p>1982: Alumnes de 8\u00e8 curs d&#8217;EGB per <strong>\u201cRecull de jocs del Baix Camp\u201d<\/strong>. Mestre coordinador: Jaume Miralles<\/p>\n<p>1981: Alumnes de 7\u00e8 curs d&#8217;EGB per <strong>\u201cLa Selva popular i tradicional: refranys, endevinalles, can\u00e7ons del ti\u00f3, remeis i oracions remeieres\u201d<\/strong>. Mestre coordinador: Jaume Miralles<\/p>\n","protected":false},"excerpt":{"rendered":"<p>1987: Premi Baldiri Reixac a l&#8217;Escola per l&#8217;acci\u00f3 de dignificaci\u00f3 de l&#8217;escola p\u00fablica, a partir d&#8217;un treball rigor\u00f3s basat en la llengua i cultura del pa\u00eds. Premis treballs d&#8217;alumnes 2013: Alumnes de 5\u00e8 de Prim\u00e0ria per &#8220;Descoberta del Delta de l&#8217;Ebre&#8220;. Mestres coordinadores: L\u00eddia Jim\u00e9nez i Lola de Mar\u00eda 2009: Alumnes de 4tA de Prim\u00e0ria [&hellip;]<\/p>\n","protected":false},"author":1,"featured_media":0,"parent":30,"menu_order":41,"comment_status":"closed","ping_status":"closed","template":"page-templates\/side-menu.php","meta":{"_bbp_topic_count":0,"_bbp_reply_count":0,"_bbp_total_topic_count":0,"_bbp_total_reply_count":0,"_bbp_voice_count":0,"_bbp_anonymous_reply_count":0,"_bbp_topic_count_hidden":0,"_bbp_reply_count_hidden":0,"_bbp_forum_subforum_count":0,"site-sidebar-layout":"default","site-content-layout":"","ast-site-content-layout":"","site-content-style":"default","site-sidebar-style":"default","ast-global-header-display":"","ast-banner-title-visibility":"","ast-main-header-display":"","ast-hfb-above-header-display":"","ast-hfb-below-header-display":"","ast-hfb-mobile-header-display":"","site-post-title":"","ast-breadcrumbs-content":"","ast-featured-img":"","footer-sml-layout":"","theme-transparent-header-meta":"","adv-header-id-meta":"","stick-header-meta":"","header-above-stick-meta":"","header-main-stick-meta":"","header-below-stick-meta":"","astra-migrate-meta-layouts":"default","ast-page-background-enabled":"default","ast-page-background-meta":{"desktop":{"background-color":"var(--ast-global-color-4)","background-image":"","background-repeat":"repeat","background-position":"center center","background-size":"auto","background-attachment":"scroll","background-type":"","background-media":"","overlay-type":"","overlay-color":"","overlay-opacity":"","overlay-gradient":""},"tablet":{"background-color":"","background-image":"","background-repeat":"repeat","background-position":"center center","background-size":"auto","background-attachment":"scroll","background-type":"","background-media":"","overlay-type":"","overlay-color":"","overlay-opacity":"","overlay-gradient":""},"mobile":{"background-color":"","background-image":"","background-repeat":"repeat","background-position":"center center","background-size":"auto","background-attachment":"scroll","background-type":"","background-media":"","overlay-type":"","overlay-color":"","overlay-opacity":"","overlay-gradient":""}},"ast-content-background-meta":{"desktop":{"background-color":"var(--ast-global-color-5)","background-image":"","background-repeat":"repeat","background-position":"center center","background-size":"auto","background-attachment":"scroll","background-type":"","background-media":"","overlay-type":"","overlay-color":"","overlay-opacity":"","overlay-gradient":""},"tablet":{"background-color":"var(--ast-global-color-5)","background-image":"","background-repeat":"repeat","background-position":"center center","background-size":"auto","background-attachment":"scroll","background-type":"","background-media":"","overlay-type":"","overlay-color":"","overlay-opacity":"","overlay-gradient":""},"mobile":{"background-color":"var(--ast-global-color-5)","background-image":"","background-repeat":"repeat","background-position":"center center","background-size":"auto","background-attachment":"scroll","background-type":"","background-media":"","overlay-type":"","overlay-color":"","overlay-opacity":"","overlay-gradient":""}},"footnotes":""},"class_list":["post-28","page","type-page","status-publish","hentry"],"post_mailing_queue_ids":[],"_links":{"self":[{"href":"https:\/\/agora.xtec.cat\/escola-abelferrater\/wp-json\/wp\/v2\/pages\/28","targetHints":{"allow":["GET"]}}],"collection":[{"href":"https:\/\/agora.xtec.cat\/escola-abelferrater\/wp-json\/wp\/v2\/pages"}],"about":[{"href":"https:\/\/agora.xtec.cat\/escola-abelferrater\/wp-json\/wp\/v2\/types\/page"}],"author":[{"embeddable":true,"href":"https:\/\/agora.xtec.cat\/escola-abelferrater\/wp-json\/wp\/v2\/users\/1"}],"replies":[{"embeddable":true,"href":"https:\/\/agora.xtec.cat\/escola-abelferrater\/wp-json\/wp\/v2\/comments?post=28"}],"version-history":[{"count":3,"href":"https:\/\/agora.xtec.cat\/escola-abelferrater\/wp-json\/wp\/v2\/pages\/28\/revisions"}],"predecessor-version":[{"id":14549,"href":"https:\/\/agora.xtec.cat\/escola-abelferrater\/wp-json\/wp\/v2\/pages\/28\/revisions\/14549"}],"up":[{"embeddable":true,"href":"https:\/\/agora.xtec.cat\/escola-abelferrater\/wp-json\/wp\/v2\/pages\/30"}],"wp:attachment":[{"href":"https:\/\/agora.xtec.cat\/escola-abelferrater\/wp-json\/wp\/v2\/media?parent=28"}],"curies":[{"name":"wp","href":"https:\/\/api.w.org\/{rel}","templated":true}]}}