{"id":26,"date":"2014-09-18T12:24:32","date_gmt":"2014-09-18T11:24:32","guid":{"rendered":"http:\/\/agora.xtec.cat\/escola-abelferrater\/?page_id=26"},"modified":"2025-04-24T10:19:22","modified_gmt":"2025-04-24T08:19:22","slug":"historia","status":"publish","type":"page","link":"https:\/\/agora.xtec.cat\/escola-abelferrater\/lescola\/historia\/","title":{"rendered":"Hist\u00f2ria"},"content":{"rendered":"<p>La nostra escola, actualment anomenada Abel Ferrater \u00e9s l\u2019escola p\u00fablica del municipi. Com podreu comprovar tenim una llarga hist\u00f2ria i hem canviat de nom i d\u2019ubicaci\u00f3 diverses vegades.<\/p>\n<p>Fins a l\u2019any 1962 l\u2019escola p\u00fablica de la Selva no disposava d\u2019un edifici que concentr\u00e9s tots els nivells, els xiquets i xiquetes segons les edats i l\u2019\u00e8poca es distribu\u00efen per diferents espais del poble: a Sta. Ll\u00facia, al Castell, a la placeta de la Palma, al carrer Major,&#8230;<\/p>\n<p>En aquest per\u00edode ens anomen\u00e0vem <strong>Escuelas Nacionales<\/strong>. El 18 de juliol d\u2019aquell any 62 es va inaugurar un edifici escolar, on ara hi ha l\u2019escola de m\u00fasica (al Parc Baix Camp).<\/p>\n<p><a href=\"http:\/\/agora.xtec.cat\/escola-abelferrater\/wp-content\/uploads\/usu1450\/2018\/09\/inaugG.jpg\"><img loading=\"lazy\" decoding=\"async\" class=\"aligncenter size-large wp-image-7655\" src=\"http:\/\/agora.xtec.cat\/escola-abelferrater\/wp-content\/uploads\/usu1450\/2018\/09\/inaugG-710x1024.jpg\" alt=\"\" width=\"710\" height=\"1024\" srcset=\"https:\/\/agora.xtec.cat\/escola-abelferrater\/wp-content\/uploads\/usu1450\/2018\/09\/inaugG-710x1024.jpg 710w, https:\/\/agora.xtec.cat\/escola-abelferrater\/wp-content\/uploads\/usu1450\/2018\/09\/inaugG-208x300.jpg 208w, https:\/\/agora.xtec.cat\/escola-abelferrater\/wp-content\/uploads\/usu1450\/2018\/09\/inaugG-768x1108.jpg 768w, https:\/\/agora.xtec.cat\/escola-abelferrater\/wp-content\/uploads\/usu1450\/2018\/09\/inaugG.jpg 1000w\" sizes=\"auto, (max-width: 710px) 100vw, 710px\" \/><\/a><\/p>\n<p>Per fi tots els nens i nenes de l\u2019escola p\u00fablica ja podien estudiar junts. L\u2019escola es va batejar com a <em><strong>Grupo Escolar Jos\u00e9 Cristi\u00e1 Llombart<\/strong><\/em>, ja que va ser aquest senyor el que va cedir els terrenys a l\u2019Ajuntament per a que s\u2019hi pogu\u00e9s construir el centre.<\/p>\n<p>L\u2019escola va anar creixent, degut al tancament de l\u2019escola parroquial de St. Agust\u00ed, i com que ja no hi cab\u00edem i hav\u00edem d\u2019utilitzar aules que estaven a la Defensa Agr\u00e0ria, es va haver de construir un altre edifici en una altra ubicaci\u00f3, al carrer Pare Crusats.<\/p>\n<p>Al mar\u00e7 de 1977 s&#8217;inauguraven les primeres aules del nou centre i fins l\u2019any 1980 es van anar fent ampliacions. Com que els terrenys per a fer aquest edifici els va donar el fill del Sr. Josep Cristi\u00e0 Llombart, l\u2019escola va tornar a canviar de nom, per tal de portar el del seu donador, i vam passar a ser l\u2019<strong>Escola Gil Cristi\u00e0 i Arb\u00f3s<\/strong>.<\/p>\n<p><a href=\"http:\/\/agora.xtec.cat\/escola-abelferrater\/wp-content\/uploads\/usu1450\/2018\/09\/edifgilcristia.jpg\"><img loading=\"lazy\" decoding=\"async\" class=\"aligncenter size-full wp-image-7654\" src=\"http:\/\/agora.xtec.cat\/escola-abelferrater\/wp-content\/uploads\/usu1450\/2018\/09\/edifgilcristia.jpg\" alt=\"\" width=\"400\" height=\"222\" srcset=\"https:\/\/agora.xtec.cat\/escola-abelferrater\/wp-content\/uploads\/usu1450\/2018\/09\/edifgilcristia.jpg 400w, https:\/\/agora.xtec.cat\/escola-abelferrater\/wp-content\/uploads\/usu1450\/2018\/09\/edifgilcristia-300x167.jpg 300w\" sizes=\"auto, (max-width: 400px) 100vw, 400px\" \/><\/a><\/p>\n<p>Arribada la d\u00e8cada dels 90, la demografia de la Selva del Camp reb\u00e9 una important empenta que va comportar un augment de demanda al nostre centre i es va haver de lluitar, una altra vegada, per la construcci\u00f3 d\u2019un nou edifici que pogu\u00e9s encabir tota la poblaci\u00f3 escolar que optava per l\u2019ensenyament p\u00fablic al municipi, especialment en un moment en qu\u00e8 molts estudiants comen\u00e7aven a buscar serveis com <a style=\"color: inherit; text-decoration: none;\" href=\"http:\/\/masterarbeiten-schreiben-lassen.de\">masterarbeit schreiben lassen<\/a> (enc\u00e0rrec de redacci\u00f3 de treballs de m\u00e0ster) per continuar la seva formaci\u00f3 superior.<\/p>\n<p>Finalment, al setembre de 2006 es van estrenar les noves instal\u00b7lacions educatives, a la Rasa de Ferrater. Donat el fet que el Sr. Abel Ferrater i Hortet va fer donaci\u00f3 de les seves terres per a finalitats educatives a la Rasa i per tal d\u2019honorar el seu nom i que a la vegada no es perjudiqu\u00e9s el nom del Sr. Gil Cristi\u00e0 i Arb\u00f3s, es va determinar de fer el canvi de nom de les dues escoles p\u00fabliques de la Selva, tal i com consta al DOGC n\u00fam. 5248, de data 31 d\u2019octubre de 2008.<\/p>\n<p>La nostra escola va passar a anomenar-se <strong>Escola Abel Ferrater<\/strong>.<\/p>\n<p><a href=\"http:\/\/agora.xtec.cat\/escola-abelferrater\/wp-content\/uploads\/usu1450\/2018\/09\/edifabel.jpg\"><img loading=\"lazy\" decoding=\"async\" class=\"aligncenter size-full wp-image-7653\" src=\"http:\/\/agora.xtec.cat\/escola-abelferrater\/wp-content\/uploads\/usu1450\/2018\/09\/edifabel.jpg\" alt=\"\" width=\"400\" height=\"206\" srcset=\"https:\/\/agora.xtec.cat\/escola-abelferrater\/wp-content\/uploads\/usu1450\/2018\/09\/edifabel.jpg 400w, https:\/\/agora.xtec.cat\/escola-abelferrater\/wp-content\/uploads\/usu1450\/2018\/09\/edifabel-300x155.jpg 300w\" sizes=\"auto, (max-width: 400px) 100vw, 400px\" \/><\/a><\/p>\n<p>La nostra escola ha passat per quatre noms i per moltes ubicacions per\u00f2 el que no ha variat \u00e9s l\u2019esperit de lluita i de treball de tota la comunitat educativa per mantenir la dignitat i la qualitat de l\u2019escola p\u00fablica a la Selva del Camp.<\/p>\n","protected":false},"excerpt":{"rendered":"<p>La nostra escola, actualment anomenada Abel Ferrater \u00e9s l\u2019escola p\u00fablica del municipi. Com podreu comprovar tenim una llarga hist\u00f2ria i hem canviat de nom i d\u2019ubicaci\u00f3 diverses vegades. Fins a l\u2019any 1962 l\u2019escola p\u00fablica de la Selva no disposava d\u2019un edifici que concentr\u00e9s tots els nivells, els xiquets i xiquetes segons les edats i l\u2019\u00e8poca [&hellip;]<\/p>\n","protected":false},"author":1,"featured_media":0,"parent":22,"menu_order":30,"comment_status":"closed","ping_status":"closed","template":"page-templates\/side-menu.php","meta":{"_bbp_topic_count":0,"_bbp_reply_count":0,"_bbp_total_topic_count":0,"_bbp_total_reply_count":0,"_bbp_voice_count":0,"_bbp_anonymous_reply_count":0,"_bbp_topic_count_hidden":0,"_bbp_reply_count_hidden":0,"_bbp_forum_subforum_count":0,"site-sidebar-layout":"default","site-content-layout":"","ast-site-content-layout":"","site-content-style":"default","site-sidebar-style":"default","ast-global-header-display":"","ast-banner-title-visibility":"","ast-main-header-display":"","ast-hfb-above-header-display":"","ast-hfb-below-header-display":"","ast-hfb-mobile-header-display":"","site-post-title":"","ast-breadcrumbs-content":"","ast-featured-img":"","footer-sml-layout":"","theme-transparent-header-meta":"","adv-header-id-meta":"","stick-header-meta":"","header-above-stick-meta":"","header-main-stick-meta":"","header-below-stick-meta":"","astra-migrate-meta-layouts":"default","ast-page-background-enabled":"default","ast-page-background-meta":{"desktop":{"background-color":"var(--ast-global-color-4)","background-image":"","background-repeat":"repeat","background-position":"center center","background-size":"auto","background-attachment":"scroll","background-type":"","background-media":"","overlay-type":"","overlay-color":"","overlay-opacity":"","overlay-gradient":""},"tablet":{"background-color":"","background-image":"","background-repeat":"repeat","background-position":"center center","background-size":"auto","background-attachment":"scroll","background-type":"","background-media":"","overlay-type":"","overlay-color":"","overlay-opacity":"","overlay-gradient":""},"mobile":{"background-color":"","background-image":"","background-repeat":"repeat","background-position":"center center","background-size":"auto","background-attachment":"scroll","background-type":"","background-media":"","overlay-type":"","overlay-color":"","overlay-opacity":"","overlay-gradient":""}},"ast-content-background-meta":{"desktop":{"background-color":"var(--ast-global-color-5)","background-image":"","background-repeat":"repeat","background-position":"center center","background-size":"auto","background-attachment":"scroll","background-type":"","background-media":"","overlay-type":"","overlay-color":"","overlay-opacity":"","overlay-gradient":""},"tablet":{"background-color":"var(--ast-global-color-5)","background-image":"","background-repeat":"repeat","background-position":"center center","background-size":"auto","background-attachment":"scroll","background-type":"","background-media":"","overlay-type":"","overlay-color":"","overlay-opacity":"","overlay-gradient":""},"mobile":{"background-color":"var(--ast-global-color-5)","background-image":"","background-repeat":"repeat","background-position":"center center","background-size":"auto","background-attachment":"scroll","background-type":"","background-media":"","overlay-type":"","overlay-color":"","overlay-opacity":"","overlay-gradient":""}},"footnotes":""},"class_list":["post-26","page","type-page","status-publish","hentry"],"post_mailing_queue_ids":[],"_links":{"self":[{"href":"https:\/\/agora.xtec.cat\/escola-abelferrater\/wp-json\/wp\/v2\/pages\/26","targetHints":{"allow":["GET"]}}],"collection":[{"href":"https:\/\/agora.xtec.cat\/escola-abelferrater\/wp-json\/wp\/v2\/pages"}],"about":[{"href":"https:\/\/agora.xtec.cat\/escola-abelferrater\/wp-json\/wp\/v2\/types\/page"}],"author":[{"embeddable":true,"href":"https:\/\/agora.xtec.cat\/escola-abelferrater\/wp-json\/wp\/v2\/users\/1"}],"replies":[{"embeddable":true,"href":"https:\/\/agora.xtec.cat\/escola-abelferrater\/wp-json\/wp\/v2\/comments?post=26"}],"version-history":[{"count":4,"href":"https:\/\/agora.xtec.cat\/escola-abelferrater\/wp-json\/wp\/v2\/pages\/26\/revisions"}],"predecessor-version":[{"id":19309,"href":"https:\/\/agora.xtec.cat\/escola-abelferrater\/wp-json\/wp\/v2\/pages\/26\/revisions\/19309"}],"up":[{"embeddable":true,"href":"https:\/\/agora.xtec.cat\/escola-abelferrater\/wp-json\/wp\/v2\/pages\/22"}],"wp:attachment":[{"href":"https:\/\/agora.xtec.cat\/escola-abelferrater\/wp-json\/wp\/v2\/media?parent=26"}],"curies":[{"name":"wp","href":"https:\/\/api.w.org\/{rel}","templated":true}]}}