{"id":16825,"date":"2023-11-16T16:50:59","date_gmt":"2023-11-16T15:50:59","guid":{"rendered":"https:\/\/agora.xtec.cat\/escola-abelferrater\/?page_id=16825"},"modified":"2025-10-03T15:42:58","modified_gmt":"2025-10-03T13:42:58","slug":"autoritzacions","status":"publish","type":"page","link":"https:\/\/agora.xtec.cat\/escola-abelferrater\/documents-descola\/autoritzacions\/","title":{"rendered":"Autoritzacions"},"content":{"rendered":"<p>Clicant en els enlla\u00e7os, podreu descarregar-vos les autoritzacions seg\u00fcents:<\/p>\n<p>1.-<a href=\"https:\/\/drive.google.com\/file\/d\/1_Rb660fBo7aeH7H4jQg6FroIqBceAwIv\/view?usp=sharing\">Carta de comprom\u00eds<\/a><\/p>\n<p>2.-<a href=\"https:\/\/drive.google.com\/file\/d\/18ayEJOYakAwiSRL1j8sNmIDHKcgJYit-\/view?usp=sharing\">Recollida alumant Infantil, 1r i 2n<\/a><\/p>\n<p>3.-<a href=\"https:\/\/drive.google.com\/file\/d\/1Xu7QRu7zwoNdYuWc3gJxeoNoLUcJ-KgF\/view?usp=sharing\">Marxar sols cap a casa 3r-6\u00e8<\/a><\/p>\n<p>4.-<a href=\"https:\/\/drive.google.com\/file\/d\/1dyu8ptN6lov_o8OE800hxm9Zp_z39uvi\/view?usp=sharing\">Administraci\u00f3 de medicaments\u00a0<\/a><\/p>\n<p>5.-<a href=\"https:\/\/drive.google.com\/file\/d\/14vpRVxgm6nib0hC946zdd4c_F_zs9SPs\/view?usp=drive_link\">Drets d&#8217;imatge<\/a><\/p>\n<p>6.-<a href=\"https:\/\/drive.google.com\/file\/d\/1m67WiNxNjC1ap3K7e5Q05l_OfvpSvwce\/view?usp=sharing\">Publicaci\u00f3 de treballs i creacions<\/a><\/p>\n<p>7.-<a href=\"https:\/\/drive.google.com\/file\/d\/113VcRqKk_2OejZm0TdC-yuN6R5i0WK1V\/view?usp=sharing\">Coordinaci\u00f3 centres externs<\/a><\/p>\n<p>8.-<a href=\"https:\/\/drive.google.com\/file\/d\/1j1RCUOKihrJVa_t_5xZ1ky3wrz6dBqg5\/view?usp=sharing\">Sortides pel poble<\/a><\/p>\n<p>9.-<a href=\"https:\/\/drive.google.com\/file\/d\/1o7zFCcGJ1ip85TbSj3juyvMGhPSslhDw\/view?usp=sharing\">Sortides aqu\u00e0tiques<\/a><\/p>\n<p>10.-<a href=\"https:\/\/drive.google.com\/file\/d\/11O38kAio83IFizdJB5SHv0YB6LHh3J-b\/view?usp=sharing\">Cessi\u00f3_Vetllada po\u00e8tico musical<\/a><\/p>\n","protected":false},"excerpt":{"rendered":"<p>Clicant en els enlla\u00e7os, podreu descarregar-vos les autoritzacions seg\u00fcents: 1.-Carta de comprom\u00eds 2.-Recollida alumant Infantil, 1r i 2n 3.-Marxar sols cap a casa 3r-6\u00e8 4.-Administraci\u00f3 de medicaments\u00a0 5.-Drets d&#8217;imatge 6.-Publicaci\u00f3 de treballs i creacions 7.-Coordinaci\u00f3 centres externs 8.-Sortides pel poble 9.-Sortides aqu\u00e0tiques 10.-Cessi\u00f3_Vetllada po\u00e8tico musical<\/p>\n","protected":false},"author":1,"featured_media":0,"parent":13983,"menu_order":0,"comment_status":"closed","ping_status":"closed","template":"page-templates\/side-menu.php","meta":{"_bbp_topic_count":0,"_bbp_reply_count":0,"_bbp_total_topic_count":0,"_bbp_total_reply_count":0,"_bbp_voice_count":0,"_bbp_anonymous_reply_count":0,"_bbp_topic_count_hidden":0,"_bbp_reply_count_hidden":0,"_bbp_forum_subforum_count":0,"site-sidebar-layout":"default","site-content-layout":"","ast-site-content-layout":"","site-content-style":"default","site-sidebar-style":"default","ast-global-header-display":"","ast-banner-title-visibility":"","ast-main-header-display":"","ast-hfb-above-header-display":"","ast-hfb-below-header-display":"","ast-hfb-mobile-header-display":"","site-post-title":"","ast-breadcrumbs-content":"","ast-featured-img":"","footer-sml-layout":"","theme-transparent-header-meta":"","adv-header-id-meta":"","stick-header-meta":"","header-above-stick-meta":"","header-main-stick-meta":"","header-below-stick-meta":"","astra-migrate-meta-layouts":"default","ast-page-background-enabled":"default","ast-page-background-meta":{"desktop":{"background-color":"var(--ast-global-color-4)","background-image":"","background-repeat":"repeat","background-position":"center center","background-size":"auto","background-attachment":"scroll","background-type":"","background-media":"","overlay-type":"","overlay-color":"","overlay-opacity":"","overlay-gradient":""},"tablet":{"background-color":"","background-image":"","background-repeat":"repeat","background-position":"center center","background-size":"auto","background-attachment":"scroll","background-type":"","background-media":"","overlay-type":"","overlay-color":"","overlay-opacity":"","overlay-gradient":""},"mobile":{"background-color":"","background-image":"","background-repeat":"repeat","background-position":"center center","background-size":"auto","background-attachment":"scroll","background-type":"","background-media":"","overlay-type":"","overlay-color":"","overlay-opacity":"","overlay-gradient":""}},"ast-content-background-meta":{"desktop":{"background-color":"var(--ast-global-color-5)","background-image":"","background-repeat":"repeat","background-position":"center center","background-size":"auto","background-attachment":"scroll","background-type":"","background-media":"","overlay-type":"","overlay-color":"","overlay-opacity":"","overlay-gradient":""},"tablet":{"background-color":"var(--ast-global-color-5)","background-image":"","background-repeat":"repeat","background-position":"center center","background-size":"auto","background-attachment":"scroll","background-type":"","background-media":"","overlay-type":"","overlay-color":"","overlay-opacity":"","overlay-gradient":""},"mobile":{"background-color":"var(--ast-global-color-5)","background-image":"","background-repeat":"repeat","background-position":"center center","background-size":"auto","background-attachment":"scroll","background-type":"","background-media":"","overlay-type":"","overlay-color":"","overlay-opacity":"","overlay-gradient":""}},"footnotes":""},"class_list":["post-16825","page","type-page","status-publish","hentry"],"post_mailing_queue_ids":[],"_links":{"self":[{"href":"https:\/\/agora.xtec.cat\/escola-abelferrater\/wp-json\/wp\/v2\/pages\/16825","targetHints":{"allow":["GET"]}}],"collection":[{"href":"https:\/\/agora.xtec.cat\/escola-abelferrater\/wp-json\/wp\/v2\/pages"}],"about":[{"href":"https:\/\/agora.xtec.cat\/escola-abelferrater\/wp-json\/wp\/v2\/types\/page"}],"author":[{"embeddable":true,"href":"https:\/\/agora.xtec.cat\/escola-abelferrater\/wp-json\/wp\/v2\/users\/1"}],"replies":[{"embeddable":true,"href":"https:\/\/agora.xtec.cat\/escola-abelferrater\/wp-json\/wp\/v2\/comments?post=16825"}],"version-history":[{"count":4,"href":"https:\/\/agora.xtec.cat\/escola-abelferrater\/wp-json\/wp\/v2\/pages\/16825\/revisions"}],"predecessor-version":[{"id":19839,"href":"https:\/\/agora.xtec.cat\/escola-abelferrater\/wp-json\/wp\/v2\/pages\/16825\/revisions\/19839"}],"up":[{"embeddable":true,"href":"https:\/\/agora.xtec.cat\/escola-abelferrater\/wp-json\/wp\/v2\/pages\/13983"}],"wp:attachment":[{"href":"https:\/\/agora.xtec.cat\/escola-abelferrater\/wp-json\/wp\/v2\/media?parent=16825"}],"curies":[{"name":"wp","href":"https:\/\/api.w.org\/{rel}","templated":true}]}}