{"id":13983,"date":"2021-11-29T19:45:05","date_gmt":"2021-11-29T18:45:05","guid":{"rendered":"https:\/\/agora.xtec.cat\/escola-abelferrater\/?page_id=13983"},"modified":"2021-11-29T21:09:32","modified_gmt":"2021-11-29T20:09:32","slug":"documents-descola","status":"publish","type":"page","link":"https:\/\/agora.xtec.cat\/escola-abelferrater\/documents-descola\/","title":{"rendered":"Documents de l&#8217;escola"},"content":{"rendered":"<table style=\"border-collapse: collapse; width: 100%;\">\n<tbody>\n<tr>\n<td style=\"width: 33.3333%; text-align: center; vertical-align: middle;\">REUNI\u00d3 D&#8217;INICI DE CURS<\/p>\n<p>2021-2022<\/p>\n<p><a href=\"https:\/\/agora.xtec.cat\/escola-abelferrater\/reunio-inici-de-curs\/\"><img loading=\"lazy\" decoding=\"async\" class=\"aligncenter wp-image-13962\" src=\"https:\/\/agora.xtec.cat\/escola-abelferrater\/wp-content\/uploads\/usu1450\/2021\/11\/inici-curs-300x175.jpg\" alt=\"\" width=\"209\" height=\"122\" srcset=\"https:\/\/agora.xtec.cat\/escola-abelferrater\/wp-content\/uploads\/usu1450\/2021\/11\/inici-curs-300x175.jpg 300w, https:\/\/agora.xtec.cat\/escola-abelferrater\/wp-content\/uploads\/usu1450\/2021\/11\/inici-curs.jpg 702w\" sizes=\"auto, (max-width: 209px) 100vw, 209px\" \/><\/a><\/td>\n<td style=\"width: 33.3333%; text-align: center; vertical-align: middle;\">MEM\u00d2RIA 2020-2021<\/p>\n<p>resum<\/p>\n<p><a href=\"https:\/\/agora.xtec.cat\/escola-abelferrater\/docs\/resum-de-la-memoria-anual\/\"><img loading=\"lazy\" decoding=\"async\" class=\"aligncenter wp-image-13964\" src=\"https:\/\/agora.xtec.cat\/escola-abelferrater\/wp-content\/uploads\/usu1450\/2021\/11\/memoria-300x203.jpg\" alt=\"\" width=\"178\" height=\"121\" srcset=\"https:\/\/agora.xtec.cat\/escola-abelferrater\/wp-content\/uploads\/usu1450\/2021\/11\/memoria-300x203.jpg 300w, https:\/\/agora.xtec.cat\/escola-abelferrater\/wp-content\/uploads\/usu1450\/2021\/11\/memoria.jpg 328w\" sizes=\"auto, (max-width: 178px) 100vw, 178px\" \/><\/a><\/td>\n<td style=\"width: 33.3333%; text-align: center; vertical-align: middle;\">PROGRAMACI\u00d3 GENERAL ANUAL<\/p>\n<p>PGA<\/p>\n<p><a href=\"https:\/\/agora.xtec.cat\/escola-abelferrater\/docs\/programacio-general-anual-pga\/\"><img loading=\"lazy\" decoding=\"async\" class=\"aligncenter wp-image-13965\" src=\"https:\/\/agora.xtec.cat\/escola-abelferrater\/wp-content\/uploads\/usu1450\/2021\/11\/pga-300x205.jpg\" alt=\"\" width=\"171\" height=\"117\" srcset=\"https:\/\/agora.xtec.cat\/escola-abelferrater\/wp-content\/uploads\/usu1450\/2021\/11\/pga-300x205.jpg 300w, https:\/\/agora.xtec.cat\/escola-abelferrater\/wp-content\/uploads\/usu1450\/2021\/11\/pga.jpg 456w\" sizes=\"auto, (max-width: 171px) 100vw, 171px\" \/><\/a><\/td>\n<\/tr>\n<tr>\n<td style=\"width: 33.3333%; text-align: center; vertical-align: middle;\">PLA D&#8217;OBERTURA DE CENTRE<\/p>\n<p>POC<\/p>\n<p><a href=\"https:\/\/agora.xtec.cat\/escola-abelferrater\/poc-pla-dobertura-setembre-2020\/\"><img loading=\"lazy\" decoding=\"async\" class=\"aligncenter wp-image-13966\" src=\"https:\/\/agora.xtec.cat\/escola-abelferrater\/wp-content\/uploads\/usu1450\/2021\/11\/poc-300x219.jpg\" alt=\"\" width=\"186\" height=\"136\" srcset=\"https:\/\/agora.xtec.cat\/escola-abelferrater\/wp-content\/uploads\/usu1450\/2021\/11\/poc-300x219.jpg 300w, https:\/\/agora.xtec.cat\/escola-abelferrater\/wp-content\/uploads\/usu1450\/2021\/11\/poc.jpg 402w\" sizes=\"auto, (max-width: 186px) 100vw, 186px\" \/><\/a><\/td>\n<td style=\"width: 33.3333%; text-align: center; vertical-align: middle;\">PROJECTE EDUCATIU DE CENTRE<\/p>\n<p>PEC<\/p>\n<p><a href=\"https:\/\/agora.xtec.cat\/escola-abelferrater\/projecte-educatiu\/\"><img loading=\"lazy\" decoding=\"async\" class=\"aligncenter wp-image-13967\" src=\"https:\/\/agora.xtec.cat\/escola-abelferrater\/wp-content\/uploads\/usu1450\/2021\/11\/pec-300x242.jpg\" alt=\"\" width=\"164\" height=\"132\" srcset=\"https:\/\/agora.xtec.cat\/escola-abelferrater\/wp-content\/uploads\/usu1450\/2021\/11\/pec-300x242.jpg 300w, https:\/\/agora.xtec.cat\/escola-abelferrater\/wp-content\/uploads\/usu1450\/2021\/11\/pec.jpg 440w\" sizes=\"auto, (max-width: 164px) 100vw, 164px\" \/><\/a><\/td>\n<td style=\"width: 33.3333%; text-align: center; vertical-align: middle;\">PROJECTE LING\u00dc\u00cdSTIC DE CENTRE<\/p>\n<p>PLC<\/p>\n<p><a href=\"https:\/\/agora.xtec.cat\/escola-abelferrater\/projecte-linguistic-de-centre-plc\/\"><img loading=\"lazy\" decoding=\"async\" class=\"aligncenter wp-image-13968\" src=\"https:\/\/agora.xtec.cat\/escola-abelferrater\/wp-content\/uploads\/usu1450\/2021\/11\/plc.jpg\" alt=\"\" width=\"110\" height=\"134\" \/><\/a><\/td>\n<\/tr>\n<tr>\n<td style=\"width: 33.3333%; text-align: center; vertical-align: middle;\">PROJECTE DE CONVIV\u00c8NCIA<\/p>\n<p>PdC<\/p>\n<p><a href=\"https:\/\/agora.xtec.cat\/escola-abelferrater\/projecte-de-convivencia-pcc\/\"><img loading=\"lazy\" decoding=\"async\" class=\"aligncenter wp-image-13969\" src=\"https:\/\/agora.xtec.cat\/escola-abelferrater\/wp-content\/uploads\/usu1450\/2021\/11\/pdc-300x282.jpg\" alt=\"\" width=\"119\" height=\"112\" srcset=\"https:\/\/agora.xtec.cat\/escola-abelferrater\/wp-content\/uploads\/usu1450\/2021\/11\/pdc-300x282.jpg 300w, https:\/\/agora.xtec.cat\/escola-abelferrater\/wp-content\/uploads\/usu1450\/2021\/11\/pdc.jpg 395w\" sizes=\"auto, (max-width: 119px) 100vw, 119px\" \/><\/a><\/td>\n<td style=\"width: 33.3333%; text-align: center; vertical-align: middle;\">\n<p class=\"entry-title\">NORMES D&#8217;ORGANITZACI\u00d3 I FUNCIONAMENT<\/p>\n<p class=\"entry-title\">NOFC<\/p>\n<p><a href=\"https:\/\/agora.xtec.cat\/escola-abelferrater\/normes-dorganitzacio-i-funcionament-del-centre-nofc\/\"><img loading=\"lazy\" decoding=\"async\" class=\"aligncenter wp-image-13970\" src=\"https:\/\/agora.xtec.cat\/escola-abelferrater\/wp-content\/uploads\/usu1450\/2021\/11\/nofc-300x253.jpg\" alt=\"\" width=\"157\" height=\"132\" srcset=\"https:\/\/agora.xtec.cat\/escola-abelferrater\/wp-content\/uploads\/usu1450\/2021\/11\/nofc-300x250.jpg 300w, https:\/\/agora.xtec.cat\/escola-abelferrater\/wp-content\/uploads\/usu1450\/2021\/11\/nofc.jpg 349w\" sizes=\"auto, (max-width: 157px) 100vw, 157px\" \/><\/a><\/td>\n<td style=\"width: 33.3333%; text-align: center; vertical-align: middle;\">ACOLLIDA DE L&#8217;ALUMNAT DE P3<\/p>\n<p><a href=\"https:\/\/agora.xtec.cat\/escola-abelferrater\/acollida-alumnes-p3\/\"><img loading=\"lazy\" decoding=\"async\" class=\"aligncenter wp-image-13963\" src=\"https:\/\/agora.xtec.cat\/escola-abelferrater\/wp-content\/uploads\/usu1450\/2021\/11\/P3-Acollida-300x213.png\" alt=\"\" width=\"192\" height=\"136\" srcset=\"https:\/\/agora.xtec.cat\/escola-abelferrater\/wp-content\/uploads\/usu1450\/2021\/11\/P3-Acollida-300x213.png 300w, https:\/\/agora.xtec.cat\/escola-abelferrater\/wp-content\/uploads\/usu1450\/2021\/11\/P3-Acollida-1024x726.png 1024w, https:\/\/agora.xtec.cat\/escola-abelferrater\/wp-content\/uploads\/usu1450\/2021\/11\/P3-Acollida-768x545.png 768w, https:\/\/agora.xtec.cat\/escola-abelferrater\/wp-content\/uploads\/usu1450\/2021\/11\/P3-Acollida-1536x1090.png 1536w, https:\/\/agora.xtec.cat\/escola-abelferrater\/wp-content\/uploads\/usu1450\/2021\/11\/P3-Acollida.png 1748w\" sizes=\"auto, (max-width: 192px) 100vw, 192px\" \/><\/a><\/td>\n<\/tr>\n<\/tbody>\n<\/table>\n","protected":false},"excerpt":{"rendered":"<p>REUNI\u00d3 D&#8217;INICI DE CURS 2021-2022 MEM\u00d2RIA 2020-2021 resum PROGRAMACI\u00d3 GENERAL ANUAL PGA PLA D&#8217;OBERTURA DE CENTRE POC PROJECTE EDUCATIU DE CENTRE PEC PROJECTE LING\u00dc\u00cdSTIC DE CENTRE PLC PROJECTE DE CONVIV\u00c8NCIA PdC NORMES D&#8217;ORGANITZACI\u00d3 I FUNCIONAMENT NOFC ACOLLIDA DE L&#8217;ALUMNAT DE P3<\/p>\n","protected":false},"author":1,"featured_media":0,"parent":0,"menu_order":0,"comment_status":"closed","ping_status":"closed","template":"","meta":{"_bbp_topic_count":0,"_bbp_reply_count":0,"_bbp_total_topic_count":0,"_bbp_total_reply_count":0,"_bbp_voice_count":0,"_bbp_anonymous_reply_count":0,"_bbp_topic_count_hidden":0,"_bbp_reply_count_hidden":0,"_bbp_forum_subforum_count":0,"site-sidebar-layout":"default","site-content-layout":"","ast-site-content-layout":"","site-content-style":"default","site-sidebar-style":"default","ast-global-header-display":"","ast-banner-title-visibility":"","ast-main-header-display":"","ast-hfb-above-header-display":"","ast-hfb-below-header-display":"","ast-hfb-mobile-header-display":"","site-post-title":"","ast-breadcrumbs-content":"","ast-featured-img":"","footer-sml-layout":"","theme-transparent-header-meta":"","adv-header-id-meta":"","stick-header-meta":"","header-above-stick-meta":"","header-main-stick-meta":"","header-below-stick-meta":"","astra-migrate-meta-layouts":"default","ast-page-background-enabled":"default","ast-page-background-meta":{"desktop":{"background-color":"var(--ast-global-color-4)","background-image":"","background-repeat":"repeat","background-position":"center center","background-size":"auto","background-attachment":"scroll","background-type":"","background-media":"","overlay-type":"","overlay-color":"","overlay-opacity":"","overlay-gradient":""},"tablet":{"background-color":"","background-image":"","background-repeat":"repeat","background-position":"center center","background-size":"auto","background-attachment":"scroll","background-type":"","background-media":"","overlay-type":"","overlay-color":"","overlay-opacity":"","overlay-gradient":""},"mobile":{"background-color":"","background-image":"","background-repeat":"repeat","background-position":"center center","background-size":"auto","background-attachment":"scroll","background-type":"","background-media":"","overlay-type":"","overlay-color":"","overlay-opacity":"","overlay-gradient":""}},"ast-content-background-meta":{"desktop":{"background-color":"var(--ast-global-color-5)","background-image":"","background-repeat":"repeat","background-position":"center center","background-size":"auto","background-attachment":"scroll","background-type":"","background-media":"","overlay-type":"","overlay-color":"","overlay-opacity":"","overlay-gradient":""},"tablet":{"background-color":"var(--ast-global-color-5)","background-image":"","background-repeat":"repeat","background-position":"center center","background-size":"auto","background-attachment":"scroll","background-type":"","background-media":"","overlay-type":"","overlay-color":"","overlay-opacity":"","overlay-gradient":""},"mobile":{"background-color":"var(--ast-global-color-5)","background-image":"","background-repeat":"repeat","background-position":"center center","background-size":"auto","background-attachment":"scroll","background-type":"","background-media":"","overlay-type":"","overlay-color":"","overlay-opacity":"","overlay-gradient":""}},"footnotes":""},"class_list":["post-13983","page","type-page","status-publish","hentry"],"post_mailing_queue_ids":[],"_links":{"self":[{"href":"https:\/\/agora.xtec.cat\/escola-abelferrater\/wp-json\/wp\/v2\/pages\/13983","targetHints":{"allow":["GET"]}}],"collection":[{"href":"https:\/\/agora.xtec.cat\/escola-abelferrater\/wp-json\/wp\/v2\/pages"}],"about":[{"href":"https:\/\/agora.xtec.cat\/escola-abelferrater\/wp-json\/wp\/v2\/types\/page"}],"author":[{"embeddable":true,"href":"https:\/\/agora.xtec.cat\/escola-abelferrater\/wp-json\/wp\/v2\/users\/1"}],"replies":[{"embeddable":true,"href":"https:\/\/agora.xtec.cat\/escola-abelferrater\/wp-json\/wp\/v2\/comments?post=13983"}],"version-history":[{"count":2,"href":"https:\/\/agora.xtec.cat\/escola-abelferrater\/wp-json\/wp\/v2\/pages\/13983\/revisions"}],"predecessor-version":[{"id":14059,"href":"https:\/\/agora.xtec.cat\/escola-abelferrater\/wp-json\/wp\/v2\/pages\/13983\/revisions\/14059"}],"wp:attachment":[{"href":"https:\/\/agora.xtec.cat\/escola-abelferrater\/wp-json\/wp\/v2\/media?parent=13983"}],"curies":[{"name":"wp","href":"https:\/\/api.w.org\/{rel}","templated":true}]}}