{"id":11462,"date":"2020-10-16T13:37:29","date_gmt":"2020-10-16T11:37:29","guid":{"rendered":"http:\/\/agora.xtec.cat\/escola-abelferrater\/?page_id=11462"},"modified":"2025-10-28T21:10:49","modified_gmt":"2025-10-28T20:10:49","slug":"resum-de-la-memoria-anual","status":"publish","type":"page","link":"https:\/\/agora.xtec.cat\/escola-abelferrater\/documents-descola\/resum-de-la-memoria-anual\/","title":{"rendered":"Mem\u00f2ria anual"},"content":{"rendered":"<p>Mem\u00f2ria 24-25<\/p>\n<div style=\"text-align: center;\">\n<div style=\"margin: 8px 0px 4px;\"><a href=\"https:\/\/www.calameo.com\/books\/007417426ffd8fc2364c3\" target=\"_blank\" rel=\"noopener\">Mem\u00f2ria Anual 2024 25<\/a><\/div>\n<p><iframe loading=\"lazy\" style=\"margin: 0 auto;\" src=\"\/\/v.calameo.com\/?bkcode=007417426ffd8fc2364c3&amp;mode=mini\" width=\"480\" height=\"300\" frameborder=\"0\" scrolling=\"no\" allowfullscreen=\"allowfullscreen\"><\/iframe><\/p>\n<div style=\"margin: 4px 0px 8px;\"><a href=\"http:\/\/www.calameo.com\/\" target=\"_blank\" rel=\"noopener\">Read more publications on Calam\u00e9o<\/a><\/div>\n<\/div>\n<p>&nbsp;<\/p>\n<p>Mem\u00f2ria 23-24<\/p>\n<div style=\"text-align: center;\">\n<div style=\"margin: 8px 0px 4px;\"><a href=\"https:\/\/www.calameo.com\/books\/0074174267a27cee54975\" target=\"_blank\" rel=\"noopener\">Mem\u00f2ria Anual 2023\/24<\/a><\/div>\n<p><iframe loading=\"lazy\" style=\"margin: 0 auto;\" src=\"\/\/v.calameo.com\/?bkcode=0074174267a27cee54975&amp;mode=mini\" width=\"480\" height=\"300\" frameborder=\"0\" scrolling=\"no\" allowfullscreen=\"allowfullscreen\"><\/iframe><\/p>\n<div style=\"margin: 4px 0px 8px;\"><a href=\"http:\/\/www.calameo.com\/\" target=\"_blank\" rel=\"noopener\">Read more publications on Calam\u00e9o<\/a><\/div>\n<\/div>\n<p>&nbsp;<\/p>\n<p>Mem\u00f2ria 22-23<\/p>\n<div style=\"text-align: center;\">\n<div style=\"margin: 8px 0px 4px;\"><a href=\"https:\/\/www.calameo.com\/books\/007417426d20046a427e4\" target=\"_blank\" rel=\"noopener\">Memo\u0300ria Anual 2223<\/a><\/div>\n<p><iframe loading=\"lazy\" style=\"margin: 0 auto;\" src=\"\/\/v.calameo.com\/?bkcode=007417426d20046a427e4&amp;mode=mini\" width=\"480\" height=\"300\" frameborder=\"0\" scrolling=\"no\" allowfullscreen=\"allowfullscreen\"><\/iframe><\/p>\n<div style=\"margin: 4px 0px 8px;\"><a href=\"http:\/\/www.calameo.com\/\" target=\"_blank\" rel=\"noopener\">Read more publications on Calam\u00e9o<\/a><span style=\"font-family: inherit; font-size: 1em;\">\u00a0<\/span><\/div>\n<\/div>\n<p>Mem\u00f2ria 21-22<\/p>\n<div style=\"text-align: center;\">\n<div style=\"margin: 8px 0px 4px;\"><a href=\"https:\/\/www.calameo.com\/books\/007417426a8726081f69d\" target=\"_blank\" rel=\"noopener\">Memo\u0300ria Anual 21 22 Versio\u0301 Ce<\/a><\/div>\n<p><iframe loading=\"lazy\" style=\"margin: 0 auto;\" src=\"\/\/v.calameo.com\/?bkcode=007417426a8726081f69d&amp;mode=mini\" width=\"480\" height=\"300\" frameborder=\"0\" scrolling=\"no\" allowfullscreen=\"allowfullscreen\"><\/iframe><\/p>\n<div style=\"margin: 4px 0px 8px;\"><a href=\"http:\/\/www.calameo.com\/\" target=\"_blank\" rel=\"noopener\">Read more publications on Calam\u00e9o<\/a><span style=\"font-family: inherit; font-size: 1em;\">\u00a0<\/span><\/div>\n<\/div>\n<p>Mem\u00f2ria 20-21<\/p>\n<div style=\"text-align: center;\">\n<div style=\"margin: 8px 0px 4px;\"><a href=\"https:\/\/www.calameo.com\/books\/007417426d8514c3ffbab\" target=\"_blank\" rel=\"noopener\">Ma Versio\u0301 Curta<\/a><\/div>\n<p><iframe loading=\"lazy\" style=\"margin: 0 auto;\" src=\"\/\/v.calameo.com\/?bkcode=007417426d8514c3ffbab&amp;mode=mini\" width=\"480\" height=\"300\" frameborder=\"0\" scrolling=\"no\" allowfullscreen=\"allowfullscreen\"><\/iframe><\/p>\n<div style=\"margin: 4px 0px 8px;\"><a href=\"http:\/\/www.calameo.com\/\" target=\"_blank\" rel=\"noopener\">Read more publications on Calam\u00e9o<\/a><span style=\"font-family: inherit; font-size: 1em;\">\u00a0<\/span><\/div>\n<\/div>\n<p>Mem\u00f2ria 19-20<\/p>\n<div style=\"text-align: center;\">\n<div style=\"margin: 8px 0px 4px;\"><a href=\"https:\/\/www.calameo.com\/books\/007417426806ec1f5c444\" target=\"_blank\" rel=\"noopener\">Canva Memo\u0300ria 19 20 (1)<\/a><\/div>\n<p><iframe loading=\"lazy\" style=\"margin: 0 auto;\" src=\"\/\/v.calameo.com\/?bkcode=007417426806ec1f5c444&amp;mode=mini\" width=\"480\" height=\"300\" frameborder=\"0\" scrolling=\"no\" allowfullscreen=\"allowfullscreen\"><\/iframe><\/p>\n<div style=\"margin: 4px 0px 8px;\"><a href=\"http:\/\/www.calameo.com\/\" target=\"_blank\" rel=\"noopener\">Read more publications on Calam\u00e9o<\/a><\/div>\n<\/div>\n","protected":false},"excerpt":{"rendered":"<p>Mem\u00f2ria 24-25 Mem\u00f2ria Anual 2024 25 Read more publications on Calam\u00e9o &nbsp; Mem\u00f2ria 23-24 Mem\u00f2ria Anual 2023\/24 Read more publications on Calam\u00e9o &nbsp; Mem\u00f2ria 22-23 Memo\u0300ria Anual 2223 Read more publications on Calam\u00e9o\u00a0 Mem\u00f2ria 21-22 Memo\u0300ria Anual 21 22 Versio\u0301 Ce Read more publications on Calam\u00e9o\u00a0 Mem\u00f2ria 20-21 Ma Versio\u0301 Curta Read more publications on [&hellip;]<\/p>\n","protected":false},"author":1,"featured_media":0,"parent":13983,"menu_order":0,"comment_status":"closed","ping_status":"closed","template":"page-templates\/side-menu.php","meta":{"_bbp_topic_count":0,"_bbp_reply_count":0,"_bbp_total_topic_count":0,"_bbp_total_reply_count":0,"_bbp_voice_count":0,"_bbp_anonymous_reply_count":0,"_bbp_topic_count_hidden":0,"_bbp_reply_count_hidden":0,"_bbp_forum_subforum_count":0,"site-sidebar-layout":"default","site-content-layout":"","ast-site-content-layout":"","site-content-style":"default","site-sidebar-style":"default","ast-global-header-display":"","ast-banner-title-visibility":"","ast-main-header-display":"","ast-hfb-above-header-display":"","ast-hfb-below-header-display":"","ast-hfb-mobile-header-display":"","site-post-title":"","ast-breadcrumbs-content":"","ast-featured-img":"","footer-sml-layout":"","theme-transparent-header-meta":"","adv-header-id-meta":"","stick-header-meta":"","header-above-stick-meta":"","header-main-stick-meta":"","header-below-stick-meta":"","astra-migrate-meta-layouts":"default","ast-page-background-enabled":"default","ast-page-background-meta":{"desktop":{"background-color":"var(--ast-global-color-4)","background-image":"","background-repeat":"repeat","background-position":"center center","background-size":"auto","background-attachment":"scroll","background-type":"","background-media":"","overlay-type":"","overlay-color":"","overlay-opacity":"","overlay-gradient":""},"tablet":{"background-color":"","background-image":"","background-repeat":"repeat","background-position":"center center","background-size":"auto","background-attachment":"scroll","background-type":"","background-media":"","overlay-type":"","overlay-color":"","overlay-opacity":"","overlay-gradient":""},"mobile":{"background-color":"","background-image":"","background-repeat":"repeat","background-position":"center center","background-size":"auto","background-attachment":"scroll","background-type":"","background-media":"","overlay-type":"","overlay-color":"","overlay-opacity":"","overlay-gradient":""}},"ast-content-background-meta":{"desktop":{"background-color":"var(--ast-global-color-5)","background-image":"","background-repeat":"repeat","background-position":"center center","background-size":"auto","background-attachment":"scroll","background-type":"","background-media":"","overlay-type":"","overlay-color":"","overlay-opacity":"","overlay-gradient":""},"tablet":{"background-color":"var(--ast-global-color-5)","background-image":"","background-repeat":"repeat","background-position":"center center","background-size":"auto","background-attachment":"scroll","background-type":"","background-media":"","overlay-type":"","overlay-color":"","overlay-opacity":"","overlay-gradient":""},"mobile":{"background-color":"var(--ast-global-color-5)","background-image":"","background-repeat":"repeat","background-position":"center center","background-size":"auto","background-attachment":"scroll","background-type":"","background-media":"","overlay-type":"","overlay-color":"","overlay-opacity":"","overlay-gradient":""}},"footnotes":""},"class_list":["post-11462","page","type-page","status-publish","hentry"],"post_mailing_queue_ids":[],"_links":{"self":[{"href":"https:\/\/agora.xtec.cat\/escola-abelferrater\/wp-json\/wp\/v2\/pages\/11462","targetHints":{"allow":["GET"]}}],"collection":[{"href":"https:\/\/agora.xtec.cat\/escola-abelferrater\/wp-json\/wp\/v2\/pages"}],"about":[{"href":"https:\/\/agora.xtec.cat\/escola-abelferrater\/wp-json\/wp\/v2\/types\/page"}],"author":[{"embeddable":true,"href":"https:\/\/agora.xtec.cat\/escola-abelferrater\/wp-json\/wp\/v2\/users\/1"}],"replies":[{"embeddable":true,"href":"https:\/\/agora.xtec.cat\/escola-abelferrater\/wp-json\/wp\/v2\/comments?post=11462"}],"version-history":[{"count":6,"href":"https:\/\/agora.xtec.cat\/escola-abelferrater\/wp-json\/wp\/v2\/pages\/11462\/revisions"}],"predecessor-version":[{"id":20011,"href":"https:\/\/agora.xtec.cat\/escola-abelferrater\/wp-json\/wp\/v2\/pages\/11462\/revisions\/20011"}],"up":[{"embeddable":true,"href":"https:\/\/agora.xtec.cat\/escola-abelferrater\/wp-json\/wp\/v2\/pages\/13983"}],"wp:attachment":[{"href":"https:\/\/agora.xtec.cat\/escola-abelferrater\/wp-json\/wp\/v2\/media?parent=11462"}],"curies":[{"name":"wp","href":"https:\/\/api.w.org\/{rel}","templated":true}]}}