{"id":81,"date":"2014-09-18T10:38:05","date_gmt":"2014-09-18T10:38:05","guid":{"rendered":"http:\/\/agora.xtec.cat\/escmusicavic\/?page_id=81"},"modified":"2022-06-10T11:42:46","modified_gmt":"2022-06-10T09:42:46","slug":"secretaria","status":"publish","type":"page","link":"https:\/\/agora.xtec.cat\/escmusicavic\/serveis\/secretaria\/","title":{"rendered":"Secretaria"},"content":{"rendered":"<p><span style=\"color: #008080;\">HORARI<\/span><\/p>\n<p><b><span data-contrast=\"none\">Aquest curs l\u2019atenci\u00f3 al p\u00fablic nom\u00e9s ser\u00e0 de manera telem\u00e0tica, per correu electr\u00f2nic o per tel\u00e8fon.\u00a0<\/span><\/b><span data-ccp-props=\"{&quot;201341983&quot;:0,&quot;335551550&quot;:6,&quot;335551620&quot;:6,&quot;335559739&quot;:160,&quot;335559740&quot;:259}\">\u00a0<\/span><\/p>\n<p><span data-contrast=\"none\"><strong>Email<\/strong>\u00a0<\/span><a href=\"mailto:Secretaria@emvic.cat\"><span data-contrast=\"none\">secretaria@emvic.cat<\/span><\/a><span data-ccp-props=\"{&quot;201341983&quot;:0,&quot;335551550&quot;:6,&quot;335551620&quot;:6,&quot;335559739&quot;:160,&quot;335559740&quot;:259}\">\u00a0<\/span><br \/>\n<strong>Tel\u00e8fon:<\/strong> 937 027 267 &#8211; opci\u00f3 2 &#8211; ext.15401.<br \/>\n<strong>Horari d&#8217;atenci\u00f3 telef\u00f2nica:<\/strong> de dilluns a divendres de 9 a 15.30 h.<\/p>\n<p><span style=\"color: #008080;\">QUINS SERVEIS D&#8217;ATENCI\u00d3 PODEU TROBAR A SECRETARIA:<\/span><\/p>\n<ul>\n<li>Inscripcions i matr\u00edcules<\/li>\n<li>Modificacions i canvis de matr\u00edcula<\/li>\n<li>Baixes<\/li>\n<li>Certificats i expedients acad\u00e8mics<\/li>\n<li>Tramitaci\u00f3 de t\u00edtols<\/li>\n<li>Problemes i dubtes\u00a0 de rebuts i quotes<\/li>\n<li>Modificaci\u00f3 dades personals<\/li>\n<\/ul>\n","protected":false},"excerpt":{"rendered":"<p>HORARI<br \/>\nAquest curs l\u2019atenci\u00f3 al p\u00fablic nom\u00e9s ser\u00e0 de manera telem\u00e0tica, per correu electr\u00f2nic o per tel\u00e8fon.\u00a0\u00a0<br \/>\nEmail\u00a0<a href=\"mailto:Secretaria@emvic.cat\">secretaria@emvic.cat<\/a>\u00a0<br \/>\nTel\u00e8fon: 937 027 267 &#8211; opci\u00f3 2 &#8211; ext.15401.<br \/>\nHorari d&#8217;atenci\u00f3 telef\u00f2nica: de dilluns a divendres de 9 a 15.30 h.<br \/>\nQUINS SERVEIS D&#8217;ATENCI\u00d3 PODEU TROBAR A SECRETARIA:<\/p>\n<ul>\n<li>Inscripcions i matr\u00edcules<\/li>\n<li>Modificacions i&hellip;  <a href=\"https:\/\/agora.xtec.cat\/escmusicavic\/serveis\/secretaria\/\" title=\"Read Secretaria\">Llegeix m\u00e9s\u00bb<\/a><br \/>\n","protected":false},"author":1,"featured_media":0,"parent":63,"menu_order":10,"comment_status":"closed","ping_status":"closed","template":"page-templates\/side-menu.php","meta":{"_bbp_topic_count":0,"_bbp_reply_count":0,"_bbp_total_topic_count":0,"_bbp_total_reply_count":0,"_bbp_voice_count":0,"_bbp_anonymous_reply_count":0,"_bbp_topic_count_hidden":0,"_bbp_reply_count_hidden":0,"_bbp_forum_subforum_count":0,"footnotes":""},"class_list":["post-81","page","type-page","status-publish","hentry"],"post_mailing_queue_ids":[],"_links":{"self":[{"href":"https:\/\/agora.xtec.cat\/escmusicavic\/wp-json\/wp\/v2\/pages\/81","targetHints":{"allow":["GET"]}}],"collection":[{"href":"https:\/\/agora.xtec.cat\/escmusicavic\/wp-json\/wp\/v2\/pages"}],"about":[{"href":"https:\/\/agora.xtec.cat\/escmusicavic\/wp-json\/wp\/v2\/types\/page"}],"author":[{"embeddable":true,"href":"https:\/\/agora.xtec.cat\/escmusicavic\/wp-json\/wp\/v2\/users\/1"}],"replies":[{"embeddable":true,"href":"https:\/\/agora.xtec.cat\/escmusicavic\/wp-json\/wp\/v2\/comments?post=81"}],"version-history":[{"count":3,"href":"https:\/\/agora.xtec.cat\/escmusicavic\/wp-json\/wp\/v2\/pages\/81\/revisions"}],"predecessor-version":[{"id":5217,"href":"https:\/\/agora.xtec.cat\/escmusicavic\/wp-json\/wp\/v2\/pages\/81\/revisions\/5217"}],"up":[{"embeddable":true,"href":"https:\/\/agora.xtec.cat\/escmusicavic\/wp-json\/wp\/v2\/pages\/63"}],"wp:attachment":[{"href":"https:\/\/agora.xtec.cat\/escmusicavic\/wp-json\/wp\/v2\/media?parent=81"}],"curies":[{"name":"wp","href":"https:\/\/api.w.org\/{rel}","templated":true}]}}