{"id":7301,"date":"2025-06-27T14:31:00","date_gmt":"2025-06-27T12:31:00","guid":{"rendered":"https:\/\/agora.xtec.cat\/escmusicavic\/?page_id=7301"},"modified":"2025-10-31T23:51:32","modified_gmt":"2025-10-31T22:51:32","slug":"preinscripcions-coneix-la-musica-i-i3","status":"publish","type":"page","link":"https:\/\/agora.xtec.cat\/escmusicavic\/serveis\/preinscripcions-emvic-2025-2026\/preinscripcions-coneix-la-musica-i-i3\/","title":{"rendered":"Preinscripcions Coneix la M\u00fasica i I3"},"content":{"rendered":"<h4>Calendari de preinscripcions a Coneix la M\u00fasica (i0, i1 i i2) i i3<\/h4>\n<p><span class=\"TextRun SCXW230298647 BCX4\" lang=\"CA-ES\" xml:lang=\"CA-ES\" data-contrast=\"auto\"><span class=\"NormalTextRun SCXW230298647 BCX4\">Tots e<\/span><span class=\"NormalTextRun SCXW230298647 BCX4\">ls alumnes actuals de <\/span><span class=\"NormalTextRun SpellingErrorV2Themed SCXW230298647 BCX4\">CoNeix<\/span><span class=\"NormalTextRun SCXW230298647 BCX4\"> la M\u00fasica (i<\/span><span class=\"NormalTextRun SCXW230298647 BCX4\">0, i<\/span><span class=\"NormalTextRun SCXW230298647 BCX4\">1 i i<\/span><span class=\"NormalTextRun SCXW230298647 BCX4\">2)<\/span><span class=\"NormalTextRun SCXW230298647 BCX4\"> han de seguir el proc\u00e9s de preinscripci\u00f3 com a nous alumnes, encara que actualment ja estiguin cursant <\/span><span class=\"NormalTextRun SpellingErrorV2Themed SCXW230298647 BCX4\">CoNEIX<\/span><span class=\"NormalTextRun SCXW230298647 BCX4\"> la M\u00fasica.<\/span><\/span><span class=\"EOP SCXW230298647 BCX4\" data-ccp-props=\"{}\">\u00a0<\/span><\/p>\n<table style=\"font-weight: 400; width: 77.552498%;\" data-tablestyle=\"MsoTableGrid\" data-tablelook=\"1696\" aria-rowcount=\"7\">\n<tbody>\n<tr aria-rowindex=\"1\">\n<td style=\"width: 5.286025%;\" colspan=\"1\" rowspan=\"4\" data-celllook=\"0\"><b><span data-contrast=\"auto\">JUNY<\/span><\/b><span data-ccp-props=\"{&quot;201341983&quot;:0,&quot;335551550&quot;:2,&quot;335551620&quot;:2,&quot;335559740&quot;:259}\">\u00a0<\/span><\/td>\n<td style=\"width: 11.803041%;\" data-celllook=\"0\"><b><span data-contrast=\"none\">Del 10 <\/span><\/b><b><span data-contrast=\"auto\">al 18 de juny<\/span><\/b><span data-ccp-props=\"{&quot;201341983&quot;:0,&quot;335559740&quot;:259}\">\u00a0<\/span><\/td>\n<td style=\"width: 59.739319%;\" data-celllook=\"0\"><b><span data-contrast=\"auto\">Preinscripci\u00f3 a la web <\/span><\/b><a href=\"http:\/\/www.emvic.cat\/\"><b><span data-contrast=\"none\">www.emvic.cat<\/span><\/b><\/a><b><span data-contrast=\"auto\">\u00a0<\/span><\/b><span data-ccp-props=\"{}\">\u00a0<\/span><\/td>\n<\/tr>\n<tr aria-rowindex=\"2\">\n<td style=\"width: 11.803041%;\" data-celllook=\"0\"><b><span data-contrast=\"auto\">Fins el 20 de juny<\/span><\/b><span data-ccp-props=\"{}\">\u00a0<\/span><\/td>\n<td style=\"width: 59.739319%;\" data-celllook=\"0\"><span data-contrast=\"none\">Enviament de la <\/span><b><span data-contrast=\"none\">documentaci\u00f3 acreditativa dels criteris d\u2019acc\u00e9s per email a <\/span><\/b><a href=\"mailto:secretaria@emvic.cat\"><span data-contrast=\"none\">preinscripcions@emvic.cat<\/span><\/a><b><span data-contrast=\"none\">, <\/span><\/b><span data-contrast=\"none\">si no l\u2019heu pogut enviar durant el per\u00edode de preinscripci\u00f3. <\/span><b><span data-contrast=\"none\">Consulteu <\/span><\/b><a href=\"https:\/\/agora.xtec.cat\/escmusicavic\/serveis\/criteris-dacces-i-barems\/\"><span data-contrast=\"none\">aqu\u00ed<\/span><\/a><b><span data-contrast=\"none\"> la informaci\u00f3 dels criteris d\u2019acc\u00e9s.<\/span><\/b><span data-ccp-props=\"{}\">\u00a0<\/span><\/td>\n<\/tr>\n<tr aria-rowindex=\"3\">\n<td style=\"width: 11.803041%;\" data-celllook=\"0\"><b><span data-contrast=\"auto\">27 de juny<\/span><\/b><span data-ccp-props=\"{}\">\u00a0<\/span><\/td>\n<td style=\"width: 59.739319%;\" data-celllook=\"0\"><b><span data-contrast=\"auto\">Publicaci\u00f3 de llistes amb barem provisional <\/span><\/b><span data-contrast=\"auto\">(web <\/span><a href=\"http:\/\/www.emvic.cat\/\"><span data-contrast=\"none\">www.emvic.cat<\/span><\/a><span data-contrast=\"auto\">, amb n\u00famero de sol\u00b7licitud)<\/span><span data-ccp-props=\"{}\">\u00a0<\/span><\/td>\n<\/tr>\n<tr aria-rowindex=\"4\">\n<td style=\"width: 11.803041%;\" data-celllook=\"0\"><b><span data-contrast=\"auto\">Del 30 de juny al 2 de juliol<\/span><\/b><span data-ccp-props=\"{}\">\u00a0<\/span><\/td>\n<td style=\"width: 59.739319%;\" data-celllook=\"0\"><b><span data-contrast=\"auto\">Presentaci\u00f3 de reclamacions a la preinscripci\u00f3 <\/span><\/b><span data-contrast=\"none\">(formulari)<\/span><span data-ccp-props=\"{}\">\u00a0<\/span><\/td>\n<\/tr>\n<tr aria-rowindex=\"5\">\n<td style=\"width: 5.286025%;\" colspan=\"1\" rowspan=\"3\" data-celllook=\"0\"><b><span data-contrast=\"auto\">JULIOL<\/span><\/b><span data-ccp-props=\"{&quot;335551550&quot;:2,&quot;335551620&quot;:2}\">\u00a0<\/span><\/td>\n<td style=\"width: 11.803041%;\" data-celllook=\"0\"><b><span data-contrast=\"auto\">3 de juliol<\/span><\/b><span data-ccp-props=\"{}\">\u00a0<\/span><\/td>\n<td style=\"width: 59.739319%;\" data-celllook=\"0\"><b><span data-contrast=\"auto\">Publicaci\u00f3 de llistes amb barem definitiu <\/span><\/b><span data-contrast=\"auto\">(web <\/span><a href=\"http:\/\/www.emvic.cat\/\"><span data-contrast=\"none\">www.emvic.cat<\/span><\/a><span data-contrast=\"auto\">, amb n\u00famero de sol\u00b7licitud)<\/span><span data-ccp-props=\"{}\">\u00a0<\/span><\/td>\n<\/tr>\n<tr aria-rowindex=\"6\">\n<td style=\"width: 11.803041%;\" data-celllook=\"0\"><b><span data-contrast=\"auto\">4 de juliol a les 13 h<\/span><\/b><span data-ccp-props=\"{&quot;201341983&quot;:0,&quot;335559740&quot;:259}\">\u00a0<\/span><\/td>\n<td style=\"width: 59.739319%;\" data-celllook=\"0\"><b><span data-contrast=\"auto\">Sorteig de desempat<\/span><\/b><span data-contrast=\"auto\"> de punts en cas de ser necessari*<\/span><span data-ccp-props=\"{}\">\u00a0<\/span><\/td>\n<\/tr>\n<tr aria-rowindex=\"7\">\n<td style=\"width: 11.803041%;\" data-celllook=\"0\"><b><span data-contrast=\"auto\">Del 8 al 15 de juliol<\/span><\/b><span data-ccp-props=\"{}\">\u00a0<\/span><\/td>\n<td style=\"width: 59.739319%;\" data-celllook=\"0\"><b><span data-contrast=\"auto\">Resoluci\u00f3 de la preinscripci\u00f3<\/span><\/b><span data-contrast=\"auto\"> (web <\/span><a href=\"http:\/\/www.emvic.cat\/\"><span data-contrast=\"none\">www.emvic.cat<\/span><\/a><span data-contrast=\"auto\">, amb n\u00famero de sol\u00b7licitud)<\/span> <span data-contrast=\"auto\">i <\/span><b><span data-contrast=\"auto\">Matr\u00edcula <\/span><\/b><span data-contrast=\"none\">(telem\u00e0tica o presencial)<\/span><span data-ccp-props=\"{}\">\u00a0<\/span><\/td>\n<\/tr>\n<\/tbody>\n<\/table>\n<p><span class=\"TextRun SCXW32729640 BCX4\" lang=\"CA-ES\" xml:lang=\"CA-ES\" data-contrast=\"auto\"><span class=\"NormalTextRun SCXW32729640 BCX4\">*El\u00a0<strong>s<\/strong><\/span><span class=\"NormalTextRun SCXW32729640 BCX4\"><strong>orteig<\/strong>\u00a0servei<\/span><span class=\"NormalTextRun SCXW32729640 BCX4\">x<\/span><span class=\"NormalTextRun SCXW32729640 BCX4\">\u00a0per establir un ordre\u00a0<\/span><span class=\"NormalTextRun SCXW32729640 BCX4\">de prioritat\u00a0<\/span><span class=\"NormalTextRun SCXW32729640 BCX4\">dels inscrits que van a la mateixa escola de prim\u00e0ria\/infantil i han obtingut la mateixa puntuaci\u00f3 en els barems.\u00a0<\/span><span class=\"NormalTextRun SCXW32729640 BCX4\">Aquest ordre \u00e9s el que seguirem per assignar les places que quedin vacants una vegada cobertes\u00a0<\/span><span class=\"NormalTextRun SCXW32729640 BCX4\">les places ocupades pels nostres actuals alumnes.<\/span><\/span><span class=\"EOP SCXW32729640 BCX4\" data-ccp-props=\"{&quot;201341983&quot;:0,&quot;335559739&quot;:160,&quot;335559740&quot;:259}\">\u00a0<\/span><\/p>\n<hr \/>\n<h6>ACTUALITZACI\u00d3 D&#8217;ESTAT DE PREINSCRIPCIONS DE CONEIX LA M\u00daSICA I I3 &#8211; DINS I FORA TERMINI (30\/10\/2025)<\/h6>\n<p>Accediu als seg\u00fcents enlla\u00e7os per veure l\u2019actualitzaci\u00f3 de sol\u00b7licituds realitzades dins i fora de termini a l\u2019EMVIC (Vic):<\/p>\n<p><a href=\"https:\/\/agora.xtec.cat\/escmusicavic\/wp-content\/uploads\/usu1071\/2025\/10\/Actualitzacio-llista-despera_coneix.pdf\"><strong>Actualitzaci\u00f3 de Coneix la M\u00fasica<\/strong><\/a> (i0, i1 i i2 \u2013 inscripcions dins i fora de termini fins al 30 d&#8217;octubre)<\/p>\n<p><a href=\"https:\/\/agora.xtec.cat\/escmusicavic\/wp-content\/uploads\/usu1071\/2025\/10\/Actualitzacio-llista-despera_I3.pdf\"><strong>Actualitzaci\u00f3 de i3<\/strong><\/a> (inscripcions dins i fora de termini fins al 30 d&#8217;octubre)<\/p>\n<hr \/>\n<h6>ACTUALITZACI\u00d3 D&#8217;ESTAT DE PREINSCRIPCIONS DE CONEIX LA M\u00daSICA I I3 &#8211; DINS I FORA TERMINI (22\/07\/2025)<\/h6>\n<p>Accediu als seg\u00fcents enlla\u00e7os per veure l\u2019actualitzaci\u00f3 de sol\u00b7licituds realitzades dins i fora de termini a l\u2019EMVIC (Vic):<\/p>\n<p><strong><a href=\"https:\/\/agora.xtec.cat\/escmusicavic\/wp-content\/uploads\/usu1071\/2025\/07\/PREINSCRIPCIO-2025-2026-ACTUALITZACIO-LLISTAT-CONEIX-LA-MUSICA_DINS-I-FORA-TERMINI_V20250722.pdf\">Actualitzaci\u00f3 de Coneix la M\u00fasica<\/a><\/strong> (i0, i1 i i2 \u2013 inscripcions dins i fora de termini)<\/p>\n<p><a href=\"https:\/\/agora.xtec.cat\/escmusicavic\/wp-content\/uploads\/usu1071\/2025\/07\/PREINSCRIPCIO-2025-2026-ACTUALITZACIO-LLISTAT-I3_DINS-I-FORA-TERMINI_V20250722.pdf\"><strong>Actualitzaci\u00f3 de i3<\/strong><\/a> (inscripcions dins i fora de termini)<\/p>\n<hr \/>\n<h6><strong>RESOLUCI\u00d3 DE PREINSCRIPCIONS DE CONEIX LA M\u00daSICA I I3 REALITZADES DINS DE TERMINI (08\/07\/2025)<\/strong><\/h6>\n<p>Accediu al seg\u00fcent enlla\u00e7 per veure el llistat de preinscripcions de CoNeix la M\u00fasica que han obtingut pla\u00e7a (sol\u00b7licituds fetes entre el 10 i el 18 de juny):<\/p>\n<p><a href=\"https:\/\/agora.xtec.cat\/escmusicavic\/wp-content\/uploads\/usu1071\/2025\/07\/PREINSCRIPCIONS-2025-2026-CONEIX_ADJUDICACIO-PLACES20250708.pdf\"><strong>Adjudicacio de places a Coneix la M\u00fasica\u00a0<\/strong><\/a><\/p>\n<p>Accediu al seg\u00fcent enlla\u00e7 per veure el llistat de preinscripcions de i3 que han obtingut pla\u00e7a (sol\u00b7licituds fetes entre el 10 i el 18 de juny):<\/p>\n<p><a href=\"https:\/\/agora.xtec.cat\/escmusicavic\/wp-content\/uploads\/usu1071\/2025\/07\/PREINSCRIPCIONS-2025-2026-I3_ADJUDICACIOPLACES20250708.pdf\"><strong>Adjudicaci\u00f3 de places i3<\/strong><\/a><\/p>\n<p class=\"x_contentpasted1\"><span lang=\"ES\"><strong>ATENCI\u00d3:<\/strong> Per saber si heu obtingut pla\u00e7a\u00a0<strong>observeu el color de la\u00a0<u>casella del vostre CODI ID<\/u><\/strong>:<\/span><\/p>\n<ul type=\"disc\">\n<li class=\"x_MsoNormal\"><span lang=\"ES\">Les sol\u00b7licituds que\u00a0<strong>obtenen pla\u00e7a\u00a0<\/strong>tenen el\u00a0<span class=\"x_contentpasted11\" style=\"background-color: #99cc00;\">CODI en verd<\/span><\/span><\/li>\n<\/ul>\n<p>Les sol\u00b7licituds que heu obtingut pla\u00e7a rebreu un correu en breu per informar-vos dels horaris adjudicats i tota la informaci\u00f3 per a fer la matr\u00edcula.<\/p>\n<hr \/>\n<h6>LLISTAT DE PREINSCRITS A CONEIX LA M\u00daSICA I i3 AMB ORDRE DEFINITIU DESPR\u00c9S DEL SORTEIG (04\/07\/2025)<\/h6>\n<p>Accediu als seg\u00fcents enlla\u00e7os per veure els llistats de preinscrits a Coneix la M\u00fasica i i3 ordenats despr\u00e9s del sorteig:<\/p>\n<p><strong><a href=\"https:\/\/agora.xtec.cat\/escmusicavic\/wp-content\/uploads\/usu1071\/2025\/07\/PREINSCRIPCIONS-2025-2026-I3_BAREMSDEFINITIUSDESPRESDESORTEIG_20250704.pdf\">Llistat amb ordre definitiu i3<\/a><\/strong><\/p>\n<p><strong><a href=\"https:\/\/agora.xtec.cat\/escmusicavic\/wp-content\/uploads\/usu1071\/2025\/07\/PREINSCRIPCIONS-2025-2026-CONEIX_BAREMSDEFINITIUSDESPRESDESORTEIG_20250704.pdf\">Llistat amb ordre definitiu Coneix la M\u00fasica<\/a><\/strong><\/p>\n<p>Una vegada realitzat el sorteig per establir l&#8217;ordre definitiu de les sol\u00b7licituds realitzades dins de terminis, <strong>dimarts dia 8 de juliol publicarem l&#8217;adjucaci\u00f3 de places.<\/strong><\/p>\n<hr \/>\n<h6><strong>LLISTAT DE PREINSCRITS A CONEIX LA M\u00daSICA I i3 AMB BAREMS DEFINITIUS \u00a0(03\/07\/2025)<\/strong><\/h6>\n<p>Accediu als seg\u00fcents enlla\u00e7os per veure els llistats de preinscrits a Coneix la M\u00fasica i i3 (preinscripcions realitzades dins de termini \u2013 del 10 al 18 de juny):<\/p>\n<p><a href=\"https:\/\/agora.xtec.cat\/escmusicavic\/wp-content\/uploads\/usu1071\/2025\/07\/PREINSCRIPCIONS-2025-2026_I3_BAREMSDEFINITIUSABANSSORTEIG-I3.pdf\"><strong>Llistat barems definitius i3<\/strong><\/a><\/p>\n<p><a href=\"https:\/\/agora.xtec.cat\/escmusicavic\/wp-content\/uploads\/usu1071\/2025\/07\/PREINSCRIPCIONS-2025-2026-CONEIX_BAREMSDEFINITIUSBANSDESORTEIG.pdf\"><strong>Llistat barem definitius Coneix la M\u00fasica\u00a0<\/strong><\/a><\/p>\n<p><b data-olk-copy-source=\"MailCompose\">SORTEIG<\/b><\/p>\n<p>Una vegada revisades les puntuacions\u00a0definitives de les sol\u00b7licituds de preinscripci\u00f3 de Coneix la M\u00fasica i i3\u00a0hem vist que hi ha diversos casos d&#8217;inscripcions\u00a0amb empat de punts.<\/p>\n<p>Per tal d&#8217;establir l&#8217;ordre definitiu de puntuacions cal que fem un sorteig entre els alumnes que hagin obtingut la mateixa puntuaci\u00f3 i vagin a la mateixa escola (les escoles nom\u00e9s es tenen en compte en el cas de i3). <b>Tingueu en compte que aquest sorteig\u00a0no\u00a0implica una adjudicaci\u00f3 de places, nom\u00e9s permetr\u00e0 determinar l&#8217;ordre definitiu\u00a0de les preinscripcions.<\/b><\/p>\n<p><b>Important:<\/b>\u00a0Per veure si la vostra sol\u00b7licitud entra dins el sorteig, reviseu la columna &#8220;N\u00famero Sorteig&#8221;, si teniu assignat un n\u00famero a la vostra sol\u00b7licitud significa que entreu en el sorteig\u00a0per establir l&#8217;ordre definitiu.<\/p>\n<p>El sorteig\u00a0tindr\u00e0 lloc\u00a0<b>dem\u00e0 dia 4 de juliol a les 13 h a l&#8217;EMVIC<\/b>.<\/p>\n<hr \/>\n<h6><strong>LLISTAT DE PREINSCRITS A CONEIX LA M\u00daSICA I i3 AMB BAREMS PROVISIONALS (27\/06\/2025)<\/strong><\/h6>\n<p>Accediu als seg\u00fcents enlla\u00e7os per veure els llistats de preinscrits a Coneix la M\u00fasica i i3 (preinscripcions realitzades dins de termini):<\/p>\n<p><a href=\"https:\/\/agora.xtec.cat\/escmusicavic\/wp-content\/uploads\/usu1071\/2025\/06\/PREINSCRIPCIONS-2025-2026-I3_BAREMSPROVISIONALS20250627.pdf\"><strong>Llistat provisional i3<\/strong><\/a><\/p>\n<p><a href=\"https:\/\/agora.xtec.cat\/escmusicavic\/wp-content\/uploads\/usu1071\/2025\/06\/PREINSCRIPCIONS-2025-2026-CONEIX_BAREMSPROVISIONALS_20250627.pdf\"><strong>Llistat provisional Coneix la M\u00fasica*<\/strong><\/a><\/p>\n<p><span class=\"ContentPasted1\">En el cas que sigui necessari, per tal d\u2019<b class=\"ContentPasted1\">esmenar la puntuaci\u00f3<\/b>\u00a0cal que ompliu el seg\u00fcent\u00a0<\/span><b><a href=\"https:\/\/forms.office.com\/Pages\/ResponsePage.aspx?id=pzjJll4sq0uqIBsLhd-bQZYd1nL5fFNAhtF1fCC8u3pUM0RGSUpBVzFaSUdPSlEwRDVPOVhGRkIxUC4u\">formulari<\/a>\u00a0<\/b><span class=\"ContentPasted1\">i envieu la\u00a0<b>documentaci\u00f3 acreditativa<\/b>\u00a0a\u00a0<a href=\"mailto:preinscripcions@emvic.cat\"><b>preinscripcions@emvic.cat<\/b><\/a> fins el<strong> dimecres 2<\/strong><b class=\"ContentPasted1\">\u00a0de juliol<\/b>.<\/span><span class=\"ContentPasted1\">\u00a0<\/span><\/p>\n","protected":false},"excerpt":{"rendered":"<p>Calendari de preinscripcions a Coneix la M\u00fasica (i0, i1 i i2) i i3<br \/>\nTots els alumnes actuals de CoNeix la M\u00fasica (i0, i1 i i2) han de seguir el proc\u00e9s de preinscripci\u00f3 com a nous alumnes, encara que actualment ja estiguin cursant CoNEIX la M\u00fasica.\u00a0<\/p>\n<p>JUNY\u00a0<br \/>\nDel 10&hellip;  <a href=\"https:\/\/agora.xtec.cat\/escmusicavic\/serveis\/preinscripcions-emvic-2025-2026\/preinscripcions-coneix-la-musica-i-i3\/\" title=\"Read Preinscripcions Coneix la M\u00fasica i I3\">Llegeix m\u00e9s\u00bb<\/a><\/p>\n","protected":false},"author":11,"featured_media":0,"parent":6985,"menu_order":0,"comment_status":"closed","ping_status":"closed","template":"","meta":{"_bbp_topic_count":0,"_bbp_reply_count":0,"_bbp_total_topic_count":0,"_bbp_total_reply_count":0,"_bbp_voice_count":0,"_bbp_anonymous_reply_count":0,"_bbp_topic_count_hidden":0,"_bbp_reply_count_hidden":0,"_bbp_forum_subforum_count":0,"footnotes":""},"class_list":["post-7301","page","type-page","status-publish","hentry"],"post_mailing_queue_ids":[],"_links":{"self":[{"href":"https:\/\/agora.xtec.cat\/escmusicavic\/wp-json\/wp\/v2\/pages\/7301","targetHints":{"allow":["GET"]}}],"collection":[{"href":"https:\/\/agora.xtec.cat\/escmusicavic\/wp-json\/wp\/v2\/pages"}],"about":[{"href":"https:\/\/agora.xtec.cat\/escmusicavic\/wp-json\/wp\/v2\/types\/page"}],"author":[{"embeddable":true,"href":"https:\/\/agora.xtec.cat\/escmusicavic\/wp-json\/wp\/v2\/users\/11"}],"replies":[{"embeddable":true,"href":"https:\/\/agora.xtec.cat\/escmusicavic\/wp-json\/wp\/v2\/comments?post=7301"}],"version-history":[{"count":7,"href":"https:\/\/agora.xtec.cat\/escmusicavic\/wp-json\/wp\/v2\/pages\/7301\/revisions"}],"predecessor-version":[{"id":7438,"href":"https:\/\/agora.xtec.cat\/escmusicavic\/wp-json\/wp\/v2\/pages\/7301\/revisions\/7438"}],"up":[{"embeddable":true,"href":"https:\/\/agora.xtec.cat\/escmusicavic\/wp-json\/wp\/v2\/pages\/6985"}],"wp:attachment":[{"href":"https:\/\/agora.xtec.cat\/escmusicavic\/wp-json\/wp\/v2\/media?parent=7301"}],"curies":[{"name":"wp","href":"https:\/\/api.w.org\/{rel}","templated":true}]}}