{"id":7155,"date":"2025-05-07T13:00:05","date_gmt":"2025-05-07T11:00:05","guid":{"rendered":"https:\/\/agora.xtec.cat\/escmusicavic\/?page_id=7155"},"modified":"2025-09-18T13:18:36","modified_gmt":"2025-09-18T11:18:36","slug":"tarifacio-social-emvic-curs-2025-2026","status":"publish","type":"page","link":"https:\/\/agora.xtec.cat\/escmusicavic\/transparencia\/tarifacio-social-emvic-curs-2025-2026\/","title":{"rendered":"Tarifaci\u00f3 social EMVIC. Curs 2025 &#8211; 2026"},"content":{"rendered":"<p style=\"font-weight: 400;\">El sistema de Tarifaci\u00f3 Social es basa en els ingressos familiars i el nombre de membres de la unitat familiar. Aix\u00f2 permet establir una quota personalitzada per a cada cas.<\/p>\n<hr \/>\n<h5>CONVOCAT\u00d2RIA CURS 2025-2026<\/h5>\n<p>A partir d&#8217;aquest curs, l\u2019Ajuntament de Vic ha decidit ampliar el sistema de <strong>Tarifaci\u00f3 Social<\/strong>\u00a0a\u00a0<strong>TOTS els programes de l\u2019Escola de M\u00fasica de Vic (EMVIC), per a tots els alumnes <span style=\"text-decoration: underline;\">matriculats a Vic<\/span><\/strong>. Aquesta mesura t\u00e9 com a objectiu\u00a0<strong>garantir una major igualtat d\u2019oportunitats<\/strong>\u00a0i afavorir l\u2019acc\u00e9s a la formaci\u00f3 musical per a tots els ciutadans i ciutadanes de Vic, independentment de la seva situaci\u00f3 econ\u00f2mica.<\/p>\n<ul style=\"font-weight: 400;\">\n<li>Coneix la M\u00fasica<\/li>\n<li>Sensibilitzaci\u00f3 (i3, i4, i5)<\/li>\n<li>Nivell Elemental (prim\u00e0ria)<\/li>\n<li>Nivell Mitj\u00e0 (secund\u00e0ria)<\/li>\n<li>Conservatori<\/li>\n<li>Aula d\u2019Adults<\/li>\n<\/ul>\n<p>Per les fam\u00edlies que no s&#8217;acullin a la tarifaci\u00f3 social, podran demanar les seg\u00fcents bonificacions, que hauran de sol\u00b7licitar dins el mateix termini de la tarifaci\u00f3 social (de l&#8217;11 al 30 de juny):<\/p>\n<ul>\n<li>50% de bonificaci\u00f3 en la matricula per fam\u00edlies nombroses\/monoparentals<\/li>\n<li>10% de bonificaci\u00f3 en les quotes del segon germ\u00e0 matriculat al centre<\/li>\n<li>25% de bonificacio en les quotes del tercer germ\u00e0 matriculat al centre (bonificaci\u00f3 exclusiva per a les quotes del tercer germ\u00e0 i consecutius).<\/li>\n<\/ul>\n<p><strong>PER\u00cdODE DE SOL\u00b7LICITUD:<\/strong> de l&#8217;11 al 30 de juny<\/p>\n<hr \/>\n<hr \/>\n<h5><strong>RESOLUCI\u00d3 TARIFACI\u00d3 SOCIAL. CURS 2025-2026<\/strong><\/h5>\n<p>Accediu al seg\u00fcent enlla\u00e7 per veure la resoluci\u00f3 de la tarifaci\u00f3 social pel curs 2025-2026. Els vostres fills\/filles estan identificats amb el seu codi d&#8217;alumne\/a del Gwido:<\/p>\n<h5><strong><a href=\"https:\/\/agora.xtec.cat\/escmusicavic\/wp-content\/uploads\/usu1071\/2025\/09\/Resolucio-Tarifacio-social-25-26.pdf\">Resoluci\u00f3 tarifaci\u00f3 social 25-26<\/a><\/strong><\/h5>\n<p>&nbsp;<\/p>\n<hr \/>\n<h5>BASES I IMPRESOS DE SOL\u00b7LICITUD<\/h5>\n<p>Al seg\u00fcent enlla\u00e7 hi trobareu les bases de la convocat\u00f2ria 2025-2026 i els impresos per a fer la sol\u00b7licitud de tarifaci\u00f3 social i de les altres bonificacions (fam\u00edlia nombrosa\/monoparental, 2n germ\u00e0 al centre, etc.).<\/p>\n<p><strong><a href=\"https:\/\/agora.xtec.cat\/escmusicavic\/wp-content\/uploads\/usu1071\/2025\/06\/2025-2026_BASES-TARIFACIO-SOCIAL.pdf\">Bases<\/a><\/strong><\/p>\n<p><strong><a href=\"https:\/\/agora.xtec.cat\/escmusicavic\/wp-content\/uploads\/usu1071\/2025\/06\/2025-2026-sol.-tarifacio-social.pdf\">Impr\u00e8s de sol\u00b7licitud de tarifaci\u00f3 social i altres bonificacions<\/a>\u00a0<\/strong>(cal emplenar els dos fulls per poder optar a les bonificacions en cas que finalment no obtinguin la tarifaci\u00f3 social)<\/p>\n<p><strong><a href=\"https:\/\/agora.xtec.cat\/escmusicavic\/wp-content\/uploads\/usu1071\/2025\/06\/2025-2026-sol.-bonificacions-EMVIC-I-XARXA.pdf\">Impr\u00e8s de sol\u00b7licitud d&#8217;altres bonificacions<\/a>.<\/strong> Sol\u00b7licitud per a fam\u00edilies (tant de l&#8217;EMVIC com de la Xarxa) que \u00fanicament volen sol\u00b7licitar altres bonificacions: fam\u00edlia nombrosa\/monoparental, 2n germ\u00e0 al centre, 3r germ\u00e0 al centre, etc.<\/p>\n","protected":false},"excerpt":{"rendered":"<p>El sistema de Tarifaci\u00f3 Social es basa en els ingressos familiars i el nombre de membres de la unitat familiar. Aix\u00f2 permet establir una quota personalitzada per a cada cas.<\/p>\n<p>CONVOCAT\u00d2RIA CURS 2025-2026<br \/>\nA partir d&#8217;aquest curs, l\u2019Ajuntament de Vic ha decidit ampliar el sistema de Tarifaci\u00f3&hellip;  <a href=\"https:\/\/agora.xtec.cat\/escmusicavic\/transparencia\/tarifacio-social-emvic-curs-2025-2026\/\" title=\"Read Tarifaci\u00f3 social EMVIC. Curs 2025 &#8211; 2026\">Llegeix m\u00e9s\u00bb<\/a><\/p>\n","protected":false},"author":11,"featured_media":0,"parent":584,"menu_order":0,"comment_status":"closed","ping_status":"closed","template":"","meta":{"_bbp_topic_count":0,"_bbp_reply_count":0,"_bbp_total_topic_count":0,"_bbp_total_reply_count":0,"_bbp_voice_count":0,"_bbp_anonymous_reply_count":0,"_bbp_topic_count_hidden":0,"_bbp_reply_count_hidden":0,"_bbp_forum_subforum_count":0,"footnotes":""},"class_list":["post-7155","page","type-page","status-publish","hentry"],"post_mailing_queue_ids":[],"_links":{"self":[{"href":"https:\/\/agora.xtec.cat\/escmusicavic\/wp-json\/wp\/v2\/pages\/7155","targetHints":{"allow":["GET"]}}],"collection":[{"href":"https:\/\/agora.xtec.cat\/escmusicavic\/wp-json\/wp\/v2\/pages"}],"about":[{"href":"https:\/\/agora.xtec.cat\/escmusicavic\/wp-json\/wp\/v2\/types\/page"}],"author":[{"embeddable":true,"href":"https:\/\/agora.xtec.cat\/escmusicavic\/wp-json\/wp\/v2\/users\/11"}],"replies":[{"embeddable":true,"href":"https:\/\/agora.xtec.cat\/escmusicavic\/wp-json\/wp\/v2\/comments?post=7155"}],"version-history":[{"count":7,"href":"https:\/\/agora.xtec.cat\/escmusicavic\/wp-json\/wp\/v2\/pages\/7155\/revisions"}],"predecessor-version":[{"id":7415,"href":"https:\/\/agora.xtec.cat\/escmusicavic\/wp-json\/wp\/v2\/pages\/7155\/revisions\/7415"}],"up":[{"embeddable":true,"href":"https:\/\/agora.xtec.cat\/escmusicavic\/wp-json\/wp\/v2\/pages\/584"}],"wp:attachment":[{"href":"https:\/\/agora.xtec.cat\/escmusicavic\/wp-json\/wp\/v2\/media?parent=7155"}],"curies":[{"name":"wp","href":"https:\/\/api.w.org\/{rel}","templated":true}]}}