{"id":7008,"date":"2025-03-05T09:52:49","date_gmt":"2025-03-05T08:52:49","guid":{"rendered":"https:\/\/agora.xtec.cat\/escmusicavic\/?page_id=7008"},"modified":"2026-03-10T16:55:59","modified_gmt":"2026-03-10T15:55:59","slug":"criteris-dacces-i-barems","status":"publish","type":"page","link":"https:\/\/agora.xtec.cat\/escmusicavic\/serveis\/criteris-dacces-i-barems\/","title":{"rendered":"Criteris d&#8217;acc\u00e9s i barems"},"content":{"rendered":"<h6 style=\"font-weight: 400;\"><strong>CRITERIS D\u2019ACC\u00c9S<\/strong><\/h6>\n<p style=\"font-weight: 400;\">Quan el nombre de sol\u00b7licituds d&#8217;admissi\u00f3 \u00e9s superior a l&#8217;oferta de places s&#8217;apliquen, per ordre, els\u00a0<strong>criteris d&#8217;acc\u00e9s espec\u00edfics<\/strong>,\u00a0<strong>els criteris prioritaris\u00a0<\/strong>i els\u00a0<strong>criteris complementaris<\/strong>. El compliment d&#8217;aquests criteris s&#8217;ha d&#8217;acreditar amb la documentaci\u00f3 especificada.<\/p>\n<p style=\"font-weight: 400;\">El barem de punts que tenen associats\u00a0els criteris d&#8217;acc\u00e9s permeten ordenar totes les sol\u00b7licituds. En les situacions d&#8217;empat que es produeixin despr\u00e9s d&#8217;aplicar els criteris, l&#8217;ordenaci\u00f3 de les sol\u00b7licituds afectades es fa per sorteig.<\/p>\n<p style=\"font-weight: 400;\">Aquests barem s\u00f3n v\u00e0lids per accedir a l&#8217;<strong>Escola de m\u00fasica de Vic<\/strong>.<\/p>\n<h6 style=\"font-weight: 400;\"><strong>DOCUMENTACI\u00d3 ACREDITATIVA DELS CRITERIS D&#8217;ACC\u00c9S<\/strong><\/h6>\n<p style=\"font-weight: 400;\">Les persones que al\u00b7leguin el compliment d&#8217;un o m\u00e9s criteris d\u2019acc\u00e9s (espec\u00edfic, prioritari \u00f3 complementari) hauran de presentar la <strong>documentaci\u00f3<\/strong>\u00a0que s&#8217;indica per a cada criteri en el termini establert dins el proc\u00e9s de preinscripci\u00f3. No s&#8217;acceptar\u00e0 documentaci\u00f3 fora de termini.\u00a0La\u00a0no aportaci\u00f3 de\u00a0la documentaci\u00f3 pertinent els punts que hagin al\u00b7legat per aquest criteri no comptaran pel barem.<\/p>\n<p style=\"font-weight: 400;\">La falsedat o el frau en les dades al\u00b7legades o en la documentaci\u00f3 aportada comporta la invalidaci\u00f3 dels drets de prioritat i fins i tot, si escau, la p\u00e8rdua de la pla\u00e7a assignada.<\/p>\n<p style=\"font-weight: 400;\">La documentaci\u00f3 podr\u00e0 ser lliurada enviant\u00a0un correu electr\u00f2nic a\u00a0<a href=\"mailto:preinscripcions@emvic.cat\">preinscripcions@emvic.cat<\/a>\u00a0adjuntant la documentaci\u00f3 acreditativa\u00a0corresponent al\/s\u00a0criteri\/s al\u00b7legat\/s.<\/p>\n<h6 style=\"font-weight: 400;\"><strong>PLACES OFERTADES PER CADA CENTRE ESCOLAR INFANTIL I PRIM\u00c0RIA<\/strong><\/h6>\n<p>Al llistat de places ofertades s&#8217;inclouen les places ja cobertes per alumnes que en el curs actual estan fent m\u00fasica a l&#8217;EMVIC i que continuaran el curs seg\u00fcent.<\/p>\n<p style=\"font-weight: 400;\"><a href=\"https:\/\/agora.xtec.cat\/escmusicavic\/wp-content\/uploads\/usu1071\/2025\/05\/CLAUSUS-SENSI-I-PRIMER-NE.pdf\"><strong><u>Places per centres i cursos<\/u><\/strong><\/a><\/p>\n<hr \/>\n<h6><\/h6>\n<h6><strong>CRITERIS ESPEC\u00cdFICS<\/strong><\/h6>\n<p>Tenen prefer\u00e8ncia els alumnes que procedeixen de centres i ensenyaments adscrits\u00a0al centre sol\u00b7licitat .<br \/>\nPrefer\u00e8ncia d\u2019acc\u00e9s a Nivell Mitj\u00e0 als alumnes provinents de la Xarxa emvic.<\/p>\n<ul>\n<li style=\"list-style-type: none;\">\n<ul>\n<li style=\"list-style-type: none;\">\n<ul style=\"font-weight: 400;\">\n<li><strong>Documentaci\u00f3:\u00a0<\/strong>No\u00a0\u00e9s necess\u00e0ria, es far\u00e0 la comprovaci\u00f3\u00a0administrativa interna.<\/li>\n<\/ul>\n<\/li>\n<\/ul>\n<\/li>\n<\/ul>\n<hr \/>\n<h6><\/h6>\n<h6><strong>CRITERIS PRIORITARIS<\/strong><\/h6>\n<p><span style=\"color: #800000;\"><strong>P1. Germans al centre (Excepte si el germ\u00e0 est\u00e0 matriculat a CoNeix la M\u00fasica, Adults, iM\u00fasica o Si toquem junts). <\/strong><\/span><strong>Barem: 50 punts<\/strong><\/p>\n<ul>\n<li style=\"list-style-type: none;\">\n<ul>\n<li><strong>Documentaci\u00f3:\u00a0<\/strong>No \u00e9s necess\u00e0ria, es far\u00e0 la comprovaci\u00f3 administrativa interna.<\/li>\n<\/ul>\n<\/li>\n<\/ul>\n<p><span style=\"color: #800000;\"><strong>P2. Domicili o lloc de treball del pare, mare o el tutor a Vic*<\/strong><\/span><\/p>\n<p><span style=\"color: #800000;\"><strong>\u00a0 \u00a0 \u00a0 \u00a0 \u00a0P2A. Domicili a Vic<\/strong><strong>. <\/strong><\/span><strong>Barem: 30 punts\u00a0<\/strong><\/p>\n<ul>\n<li style=\"list-style-type: none;\">\n<ul>\n<li><strong>Documentaci\u00f3: <\/strong>Certificat o volant municipal de conviv\u00e8ncia de l&#8217;alumne\/a, on ha de constar que conviu amb la persona sol\u00b7licitant.<\/li>\n<\/ul>\n<\/li>\n<\/ul>\n<p><span style=\"color: #800000;\"><strong>\u00a0 \u00a0 \u00a0 \u00a0 \u00a0P2B. Lloc de treball del pare, la mare o el tutor a Vic. <span style=\"color: #000000;\"> Barem: 20 punts\u00a0<\/span><\/strong><\/span><\/p>\n<ul>\n<li style=\"list-style-type: none;\">\n<ul>\n<li><strong>Documentaci\u00f3:\u00a0<\/strong>En el cas del lloc de treball a Vic, cal presentar la c\u00f2pia del contracte laboral o d&#8217;un certificat em\u00e8s a aquest efecte per l&#8217;empresa. En el cas de treballadors en el r\u00e8gim d&#8217;aut\u00f2noms es t\u00e9 en compte el domicili acreditat a l&#8217;Ag\u00e8ncia Tribut\u00e0ria i s&#8217;acredita amb una c\u00f2pia del formulari de la declaraci\u00f3 censal d&#8217;alta, modificaci\u00f3 i baixa en el cens d&#8217;obligats tributaris (model 036 i 037).<\/li>\n<\/ul>\n<\/li>\n<\/ul>\n<p style=\"font-weight: 400;\">*Encara que es donin els dos sup\u00f2sits (P2A i P2B), no es pot acumular m\u00e9s d&#8217;una puntuaci\u00f3 per aquest criteri.<\/p>\n<p><span style=\"color: #993300;\"><span style=\"color: #800000;\"><strong>P3.<\/strong> Si la fam\u00edlia percep la <strong>renda garantida de ciutadania<\/strong>. \u00c9s a dir, si un membre de la unitat familiar rep l&#8217;ajut de la renda garantida de ciutadania.<\/span>\u00a0<\/span><strong><span style=\"font-family: inherit; font-size: 1em;\">Barem:<\/span><span style=\"font-family: inherit; font-size: 1em;\">\u00a0<\/span><span style=\"font-family: inherit; font-size: 1em;\">15 punts<\/span><\/strong><\/p>\n<ul>\n<li style=\"list-style-type: none;\">\n<ul>\n<li><strong>Documentaci\u00f3:\u00a0<\/strong>Aportaci\u00f3 de documents com la certificaci\u00f3 o la resoluci\u00f3 emesa pel Departament de Treball, Afers Socials i Fam\u00edlia.<\/li>\n<\/ul>\n<\/li>\n<\/ul>\n<p><span style=\"color: #800000;\"><strong>P4. Antiguitat en llista d\u2019espera<\/strong>: Quan l&#8217;infant que opta a la pla\u00e7a havia fet la preinscripci\u00f3 pel curs autom\u00e0ticament anterior i restava en llista d&#8217;espera (aquesta puntuaci\u00f3 no \u00e9s v\u00e0lida per aquells qui han rebutjat la pla\u00e7a durant el curs o han causat baixa). <\/span><strong>Barem: 15 punts<\/strong><\/p>\n<ul>\n<li style=\"list-style-type: none;\">\n<ul>\n<li><strong>Documentaci\u00f3:\u00a0<\/strong>No \u00e9s necess\u00e0ria, es far\u00e0 la comprovaci\u00f3 administrativa interna.<\/li>\n<\/ul>\n<\/li>\n<\/ul>\n<hr \/>\n<h6><\/h6>\n<h6><strong>CRITERIS COMPLEMENTARIS<\/strong><\/h6>\n<p><span style=\"color: #800000;\"><strong>C1. Fills\/es de professors, PAS i treballadors de la Fundaci\u00f3 L&#8217;Atl\u00e0ntida amb dedicaci\u00f3 igual o superior a mitja jornada. <\/strong><\/span><strong>Barem: 10 punts<\/strong><\/p>\n<ul>\n<li style=\"list-style-type: none;\">\n<ul>\n<li><strong>Documentaci\u00f3:\u00a0<\/strong>No \u00e9s necess\u00e0ria, es far\u00e0 la comprovaci\u00f3 administrativa interna.<\/li>\n<\/ul>\n<\/li>\n<\/ul>\n<p><span style=\"color: #800000;\"><strong>C2. L&#8217;alumne o alumna forma part d&#8217;una fam\u00edlia nombrosa o monoparental. <\/strong><\/span><strong>Barem: 10 punts<\/strong><\/p>\n<ul>\n<li style=\"list-style-type: none;\">\n<ul>\n<li><strong>Documentaci\u00f3:\u00a0<\/strong>Fotoc\u00f2pia del carnet de fam\u00edlia nombrosa o monoparental vigent.<\/li>\n<\/ul>\n<\/li>\n<\/ul>\n<p><span style=\"color: #800000;\"><strong>C3. Alumnes nascuts en part m\u00faltiple. <\/strong><\/span><strong>Barem: 10 punts<\/strong><\/p>\n<ul>\n<li style=\"list-style-type: none;\">\n<ul>\n<li><strong>Documentaci\u00f3:\u00a0<\/strong>Fotoc\u00f2pia del llibre de fam\u00edlia o la certificaci\u00f3 electr\u00f2nica de la inscripci\u00f3 de naixement.<\/li>\n<\/ul>\n<\/li>\n<\/ul>\n<p><span style=\"color: #800000;\"><strong>C4. Situaci\u00f3 d\u2019acolliment familiar<\/strong>. <\/span><strong>Barem: 10 punts<\/strong><\/p>\n<ul>\n<li style=\"list-style-type: none;\">\n<ul>\n<li><strong>Documentaci\u00f3: <\/strong>Resoluci\u00f3 d&#8217;acolliment del Departament de Drets Socials<\/li>\n<\/ul>\n<\/li>\n<\/ul>\n<p><span style=\"color: #800000;\"><strong>C5. Discapacitat (igual o superior al 33%) de l&#8217;alumne<\/strong><strong> o del <\/strong><strong>seu pare<\/strong><strong>, mare, ger<\/strong><strong>mans o german<\/strong><strong>es. <\/strong><\/span><strong>Barem:\u00a015 punts<\/strong><\/p>\n<ul>\n<li style=\"list-style-type: none;\">\n<ul>\n<li><strong>Documentaci\u00f3:\u00a0<\/strong>\n<ul>\n<li>Fotoc\u00f2pia de la targeta acreditativa de la discapacitat o del certificat de discapacitat de la persona que al\u00b7lega aquesta condici\u00f3.<\/li>\n<li>Si \u00e9s el cas, fotoc\u00f2pia del document acreditatiu de ser beneficiari d&#8217;una pensi\u00f3 d&#8217;incapacitat permanent de grau total o de gran invalidesa i els de les classes passives que tenen reconeguda una pensi\u00f3 de jubilaci\u00f3 o de retir per incapacitat permanent per al servei o inutilitat.<\/li>\n<\/ul>\n<\/li>\n<\/ul>\n<\/li>\n<\/ul>\n<p><span style=\"color: #800000;\"><strong>C6. V\u00edctima de viol\u00e8ncia<\/strong><strong> de g\u00e8nere o de terrorisme.<\/strong> <\/span><strong>Barem: 10 punts<\/strong><\/p>\n<ul>\n<li style=\"list-style-type: none;\">\n<ul>\n<li><strong>Documentaci\u00f3: <\/strong>Sent\u00e8ncia judicial de qualsevol ordre jurisdiccional, l&#8217;ordre de protecci\u00f3 vigent, o l&#8217;informe dels serveis socials o el certificat que acredita la condici\u00f3 de v\u00edctima de terrorisme que emet la Subdirecci\u00f3n General de Apoyo a V\u00edctimas del Terrorismo del Ministeri de l&#8217;Interior.<\/li>\n<\/ul>\n<\/li>\n<\/ul>\n<p><span style=\"color: #800000;\"><strong>C7. Domicili en una poblaci\u00f3 sense escola de m\u00fasica. <\/strong><\/span><strong>Barem: 15 punts<\/strong><\/p>\n<ul>\n<li style=\"list-style-type: none;\">\n<ul>\n<li><strong>Documentaci\u00f3:\u00a0<\/strong>Certificat o volant municipal de conviv\u00e8ncia de l&#8217;alumne, on ha de constar que conviu amb la persona sol\u00b7licitant.<\/li>\n<\/ul>\n<\/li>\n<\/ul>\n<p>&nbsp;<\/p>\n<hr \/>\n<p style=\"font-weight: 400;\"><strong>INFORMACIO SOBRE EL TRACTAMENT DE DADES PERSONALS<\/strong><\/p>\n<p style=\"font-weight: 400;\">FUNDACI\u00d3 L\u2019ATL\u00c0NTIDA \u00e9s Responsable del Tractament de les seves dades personals de conformitat amb el RGPD i la LOPDGDD amb la finalitat de gestionar el proc\u00e9s de preinscripci\u00f3 en la present convocat\u00f2ria i conservades durant no m\u00e9s temps del necessari per a aix\u00f2. En el cas que completi la inscripci\u00f3, la seves dades i la documentaci\u00f3 aportada seran conservades mentre hi hagi inter\u00e8s mutu o obligaci\u00f3 legal. No es comunicaran les dades a tercers excepte per obligaci\u00f3 legal. Pot exercir els drets d\u2019acc\u00e9s, rectificaci\u00f3, portabilitat, supressi\u00f3, limitaci\u00f3 i oposici\u00f3 a C\/Torres i Bages, 6, \u2013 08500 VIC (Barcelona). Email:\u00a0<a href=\"mailto:info@latlantidavic.cat\">info@latlantidavic.cat<\/a>\u00a0i el de reclamaci\u00f3 a <a href=\"http:\/\/www.agpd.es\/\">www.agpd.es<\/a>.<\/p>\n","protected":false},"excerpt":{"rendered":"<p>CRITERIS D\u2019ACC\u00c9S<br \/>\nQuan el nombre de sol\u00b7licituds d&#8217;admissi\u00f3 \u00e9s superior a l&#8217;oferta de places s&#8217;apliquen, per ordre, els\u00a0criteris d&#8217;acc\u00e9s espec\u00edfics,\u00a0els criteris prioritaris\u00a0i els\u00a0criteris complementaris. El compliment d&#8217;aquests criteris s&#8217;ha d&#8217;acreditar amb la documentaci\u00f3 especificada.<br \/>\nEl barem de punts que tenen associats\u00a0els criteris d&#8217;acc\u00e9s permeten ordenar totes les&hellip;  <a href=\"https:\/\/agora.xtec.cat\/escmusicavic\/serveis\/criteris-dacces-i-barems\/\" title=\"Read Criteris d&#8217;acc\u00e9s i barems\">Llegeix m\u00e9s\u00bb<\/a><\/p>\n","protected":false},"author":11,"featured_media":0,"parent":63,"menu_order":0,"comment_status":"closed","ping_status":"closed","template":"","meta":{"_bbp_topic_count":0,"_bbp_reply_count":0,"_bbp_total_topic_count":0,"_bbp_total_reply_count":0,"_bbp_voice_count":0,"_bbp_anonymous_reply_count":0,"_bbp_topic_count_hidden":0,"_bbp_reply_count_hidden":0,"_bbp_forum_subforum_count":0,"footnotes":""},"class_list":["post-7008","page","type-page","status-publish","hentry"],"post_mailing_queue_ids":[],"_links":{"self":[{"href":"https:\/\/agora.xtec.cat\/escmusicavic\/wp-json\/wp\/v2\/pages\/7008","targetHints":{"allow":["GET"]}}],"collection":[{"href":"https:\/\/agora.xtec.cat\/escmusicavic\/wp-json\/wp\/v2\/pages"}],"about":[{"href":"https:\/\/agora.xtec.cat\/escmusicavic\/wp-json\/wp\/v2\/types\/page"}],"author":[{"embeddable":true,"href":"https:\/\/agora.xtec.cat\/escmusicavic\/wp-json\/wp\/v2\/users\/11"}],"replies":[{"embeddable":true,"href":"https:\/\/agora.xtec.cat\/escmusicavic\/wp-json\/wp\/v2\/comments?post=7008"}],"version-history":[{"count":7,"href":"https:\/\/agora.xtec.cat\/escmusicavic\/wp-json\/wp\/v2\/pages\/7008\/revisions"}],"predecessor-version":[{"id":7507,"href":"https:\/\/agora.xtec.cat\/escmusicavic\/wp-json\/wp\/v2\/pages\/7008\/revisions\/7507"}],"up":[{"embeddable":true,"href":"https:\/\/agora.xtec.cat\/escmusicavic\/wp-json\/wp\/v2\/pages\/63"}],"wp:attachment":[{"href":"https:\/\/agora.xtec.cat\/escmusicavic\/wp-json\/wp\/v2\/media?parent=7008"}],"curies":[{"name":"wp","href":"https:\/\/api.w.org\/{rel}","templated":true}]}}