{"id":6892,"date":"2024-10-16T18:20:49","date_gmt":"2024-10-16T16:20:49","guid":{"rendered":"https:\/\/agora.xtec.cat\/escmusicavic\/?page_id=6892"},"modified":"2024-10-16T18:20:49","modified_gmt":"2024-10-16T16:20:49","slug":"memoria-anual-curs-2023-24","status":"publish","type":"page","link":"https:\/\/agora.xtec.cat\/escmusicavic\/transparencia\/memoria-anual-curs-2023-24\/","title":{"rendered":"Mem\u00f2ria Anual curs 2023-24"},"content":{"rendered":"<p>Al seg\u00fcent document hi trobareu la Mem\u00f2ria Anual del curs 2023-24 a l&#8217;EMVIC.<\/p>\n<p><a href=\"https:\/\/agora.xtec.cat\/escmusicavic\/wp-content\/uploads\/usu1071\/2024\/10\/MemoriaGeneralCentre2023-24.pdf\">Mem\u00f2riaGeneralCentre2023-24<\/a><\/p>\n","protected":false},"excerpt":{"rendered":"<p>Al seg\u00fcent document hi trobareu la Mem\u00f2ria Anual del curs 2023-24 a l&#8217;EMVIC.<br \/>\n<a href=\"https:\/\/agora.xtec.cat\/escmusicavic\/wp-content\/uploads\/usu1071\/2024\/10\/MemoriaGeneralCentre2023-24.pdf\">Mem\u00f2riaGeneralCentre2023-24<\/a><\/p>\n","protected":false},"author":11,"featured_media":0,"parent":584,"menu_order":0,"comment_status":"closed","ping_status":"closed","template":"","meta":{"_bbp_topic_count":0,"_bbp_reply_count":0,"_bbp_total_topic_count":0,"_bbp_total_reply_count":0,"_bbp_voice_count":0,"_bbp_anonymous_reply_count":0,"_bbp_topic_count_hidden":0,"_bbp_reply_count_hidden":0,"_bbp_forum_subforum_count":0,"footnotes":""},"class_list":["post-6892","page","type-page","status-publish","hentry"],"post_mailing_queue_ids":[],"_links":{"self":[{"href":"https:\/\/agora.xtec.cat\/escmusicavic\/wp-json\/wp\/v2\/pages\/6892","targetHints":{"allow":["GET"]}}],"collection":[{"href":"https:\/\/agora.xtec.cat\/escmusicavic\/wp-json\/wp\/v2\/pages"}],"about":[{"href":"https:\/\/agora.xtec.cat\/escmusicavic\/wp-json\/wp\/v2\/types\/page"}],"author":[{"embeddable":true,"href":"https:\/\/agora.xtec.cat\/escmusicavic\/wp-json\/wp\/v2\/users\/11"}],"replies":[{"embeddable":true,"href":"https:\/\/agora.xtec.cat\/escmusicavic\/wp-json\/wp\/v2\/comments?post=6892"}],"version-history":[{"count":1,"href":"https:\/\/agora.xtec.cat\/escmusicavic\/wp-json\/wp\/v2\/pages\/6892\/revisions"}],"predecessor-version":[{"id":6894,"href":"https:\/\/agora.xtec.cat\/escmusicavic\/wp-json\/wp\/v2\/pages\/6892\/revisions\/6894"}],"up":[{"embeddable":true,"href":"https:\/\/agora.xtec.cat\/escmusicavic\/wp-json\/wp\/v2\/pages\/584"}],"wp:attachment":[{"href":"https:\/\/agora.xtec.cat\/escmusicavic\/wp-json\/wp\/v2\/media?parent=6892"}],"curies":[{"name":"wp","href":"https:\/\/api.w.org\/{rel}","templated":true}]}}