{"id":681,"date":"2018-09-30T08:40:21","date_gmt":"2018-09-30T06:40:21","guid":{"rendered":"http:\/\/agora.xtec.cat\/escmusicavic\/?page_id=681"},"modified":"2022-11-24T13:15:24","modified_gmt":"2022-11-24T12:15:24","slug":"premi-neus-miralpeix-anglada","status":"publish","type":"page","link":"https:\/\/agora.xtec.cat\/escmusicavic\/transparencia\/beques-i-ajuts\/premi-neus-miralpeix-anglada\/","title":{"rendered":"Premi Neus Miralpeix Anglada"},"content":{"rendered":"<p style=\"text-align: justify;\"><span style=\"color: #008080;\">El PREMI NEUS MIRALPEIX ANGLADA \u00e9s una donaci\u00f3 que familiars i amics de la Neus fan a l&#8217;Escola de M\u00fasica a la seva mem\u00f2ria.<\/span><\/p>\n<p style=\"text-align: justify;\"><span style=\"color: #800000;\">\u00c9s un Premi a l&#8217;excel\u00b7l\u00e8ncia i s&#8217;atorga anualment als alumnes de primer curs de Grau Professional que obtenen la major qualificaci\u00f3 de cada Comissi\u00f3 a la Prova d&#8217;Acc\u00e9s al Conservatori, sempre que aquesta superi el 8.<\/span><\/p>\n<p style=\"text-align: justify;\"><span style=\"color: #008080;\">El Premi consisteix en una beca equivalent al 50% del cost del primer curs al\u00a0 Conservatori.<\/span><\/p>\n<p style=\"text-align: justify;\"><span style=\"color: #800000;\">Els guanyadors s&#8217;anuncien ofialment durant el Concert de Santa Cec\u00edlia de l&#8217;Escola de M\u00fasica i intervenen en el concert.<\/span><\/p>\n<hr \/>\n<h4><strong><span style=\"color: #800000;\">EDICI\u00d3 2022<\/span><\/strong><\/h4>\n<p style=\"text-align: justify;\">A l&#8217;edici\u00f3 2022 del PREMI NEUS MIRALPEIX ANGLADA han estat premiats els alumnes:<\/p>\n<ul>\n<li>\n<div>Elisenda Trabal Raurell, guitarra el\u00e8ctrica<\/div>\n<\/li>\n<li>\n<div>Alba Sol\u00e9 Ausi\u00f3, trompeta<\/div>\n<\/li>\n<li>\n<div>Aina Navarro Beltran, piano<\/div>\n<\/li>\n<\/ul>\n<p style=\"text-align: justify;\">El passat 22 de novembre vam poder gaudir del concert de Santa Cec\u00edlia i del lliurament del premi, a on van tocar els alumnes guanyadors d&#8217;aquest curs.<\/p>\n<p style=\"text-align: justify;\">Moltes felicitats a tots!<\/p>\n<p>&nbsp;<\/p>\n","protected":false},"excerpt":{"rendered":"<p>El PREMI NEUS MIRALPEIX ANGLADA \u00e9s una donaci\u00f3 que familiars i amics de la Neus fan a l&#8217;Escola de M\u00fasica a la seva mem\u00f2ria.<br \/>\n\u00c9s un Premi a l&#8217;excel\u00b7l\u00e8ncia i s&#8217;atorga anualment als alumnes de primer curs de Grau Professional que obtenen la major qualificaci\u00f3 de&hellip;  <a href=\"https:\/\/agora.xtec.cat\/escmusicavic\/transparencia\/beques-i-ajuts\/premi-neus-miralpeix-anglada\/\" title=\"Read Premi Neus Miralpeix Anglada\">Llegeix m\u00e9s\u00bb<\/a><\/p>\n","protected":false},"author":1,"featured_media":0,"parent":588,"menu_order":20,"comment_status":"closed","ping_status":"closed","template":"page-templates\/side-menu.php","meta":{"_bbp_topic_count":0,"_bbp_reply_count":0,"_bbp_total_topic_count":0,"_bbp_total_reply_count":0,"_bbp_voice_count":0,"_bbp_anonymous_reply_count":0,"_bbp_topic_count_hidden":0,"_bbp_reply_count_hidden":0,"_bbp_forum_subforum_count":0,"footnotes":""},"class_list":["post-681","page","type-page","status-publish","hentry"],"post_mailing_queue_ids":[],"_links":{"self":[{"href":"https:\/\/agora.xtec.cat\/escmusicavic\/wp-json\/wp\/v2\/pages\/681","targetHints":{"allow":["GET"]}}],"collection":[{"href":"https:\/\/agora.xtec.cat\/escmusicavic\/wp-json\/wp\/v2\/pages"}],"about":[{"href":"https:\/\/agora.xtec.cat\/escmusicavic\/wp-json\/wp\/v2\/types\/page"}],"author":[{"embeddable":true,"href":"https:\/\/agora.xtec.cat\/escmusicavic\/wp-json\/wp\/v2\/users\/1"}],"replies":[{"embeddable":true,"href":"https:\/\/agora.xtec.cat\/escmusicavic\/wp-json\/wp\/v2\/comments?post=681"}],"version-history":[{"count":4,"href":"https:\/\/agora.xtec.cat\/escmusicavic\/wp-json\/wp\/v2\/pages\/681\/revisions"}],"predecessor-version":[{"id":5584,"href":"https:\/\/agora.xtec.cat\/escmusicavic\/wp-json\/wp\/v2\/pages\/681\/revisions\/5584"}],"up":[{"embeddable":true,"href":"https:\/\/agora.xtec.cat\/escmusicavic\/wp-json\/wp\/v2\/pages\/588"}],"wp:attachment":[{"href":"https:\/\/agora.xtec.cat\/escmusicavic\/wp-json\/wp\/v2\/media?parent=681"}],"curies":[{"name":"wp","href":"https:\/\/api.w.org\/{rel}","templated":true}]}}