{"id":6630,"date":"2024-06-07T13:52:32","date_gmt":"2024-06-07T11:52:32","guid":{"rendered":"https:\/\/agora.xtec.cat\/escmusicavic\/?page_id=6630"},"modified":"2024-09-24T14:21:02","modified_gmt":"2024-09-24T12:21:02","slug":"tarifacio-social","status":"publish","type":"page","link":"https:\/\/agora.xtec.cat\/escmusicavic\/transparencia\/tarifacio-social\/","title":{"rendered":"Tarifaci\u00f3 social"},"content":{"rendered":"<p>Nou sistema de tarifaci\u00f3 social per a l\u2019alumat matriculat a l\u2019Escola de M\u00fasica de Vic.<\/p>\n<hr \/>\n<h5><strong>Convocat\u00f2ria curs 2024-2025<\/strong><\/h5>\n<p>La convocat\u00f2ria per sol\u00b7licitar la tarificaci\u00f3 social estar\u00e0 <strong>oberta de l&#8217;1 al 4 de juliol<\/strong>. En cas de l&#8217;alumnat que obtingui pla\u00e7a m\u00e9s tard t&#8217;aquesta data hauran de fer la sol\u00b7licitud en el moment que es matriculin.<\/p>\n<hr \/>\n<h5><strong>RESULTAT CONVOCAT\u00d2RIA CURS 24-25<\/strong><\/h5>\n<p>Accediu al seg\u00fcent enlla\u00e7 per veure la taula de bonificacions. Els vostres fills\/es estan identificats amb el seu Id d&#8217;alumne (expedient de Gwido):<\/p>\n<h5><a href=\"https:\/\/agora.xtec.cat\/escmusicavic\/wp-content\/uploads\/usu1071\/2024\/09\/Resultat-tarifacio-social-24-25.pdf\">Resultat tarifaci\u00f3 social 24-25<\/a><\/h5>\n<p>Per veure la quota mensual amb la bonificaci\u00f3 podeu accedir a Gwido a l&#8217;apartat de quotes.<\/p>\n<p>Tingueu en compte que tot l&#8217;alumnat que <strong>no pugui accedir a les bonificacions de tarificaci\u00f3 social, <\/strong>podr\u00e0 obtar al 10% de bonificaci\u00f3 sobre les quotes per segon germ\u00e0 al centre. El germ\u00e0 menor \u00e9s qui obtindr\u00e0 la bonificaci\u00f3 del 10% sobre les quotes i no cal fer cap gesti\u00f3 per obtenir-lo (\u00fanicament v\u00e0lid per alumnat matriculat a Vic).<\/p>\n<hr \/>\n<h5><strong>Bases<\/strong><\/h5>\n<p>Podeu consultar les bases de la convoct\u00f2ria en el seg\u00fcent enlla\u00e7:<\/p>\n<p><a href=\"https:\/\/agora.xtec.cat\/escmusicavic\/wp-content\/uploads\/usu1071\/2024\/07\/2024-2025_taula_tarifacio_social-generica-preus-nous-1.pdf\">Bases curs 2024-2025<\/a><\/p>\n<hr \/>\n<h5><strong>Formulari de sol\u00b7licitud<\/strong><\/h5>\n<p>Al seg\u00fcent enlla\u00e7 hi trobareu el full de sol\u00b7licitud que haureu d&#8217;entregar per demanar que se us apliqui la tarifaci\u00f3 social (reviseu les bases per veure com entregar la sol\u00b7licitud):<\/p>\n<p><a href=\"https:\/\/agora.xtec.cat\/escmusicavic\/wp-content\/uploads\/usu1071\/2024\/06\/sol.-tarifacio-social_2024-2025.pdf\">Formulari de sol\u00b7licitud<\/a><\/p>\n<hr \/>\n<p>Si teniu qualsevol dubte sobre la tarifaci\u00f3 social ens podeu escriure a <a href=\"mailto:emvic@emvic.cat\">emvic@emvic.cat\u00a0<\/a><\/p>\n","protected":false},"excerpt":{"rendered":"<p>Nou sistema de tarifaci\u00f3 social per a l\u2019alumat matriculat a l\u2019Escola de M\u00fasica de Vic.<\/p>\n<p>Convocat\u00f2ria curs 2024-2025<br \/>\nLa convocat\u00f2ria per sol\u00b7licitar la tarificaci\u00f3 social estar\u00e0 oberta de l&#8217;1 al 4 de juliol. En cas de l&#8217;alumnat que obtingui pla\u00e7a m\u00e9s tard t&#8217;aquesta data hauran de fer&hellip;  <a href=\"https:\/\/agora.xtec.cat\/escmusicavic\/transparencia\/tarifacio-social\/\" title=\"Read Tarifaci\u00f3 social\">Llegeix m\u00e9s\u00bb<\/a><\/p>\n","protected":false},"author":11,"featured_media":0,"parent":584,"menu_order":0,"comment_status":"closed","ping_status":"closed","template":"","meta":{"_bbp_topic_count":0,"_bbp_reply_count":0,"_bbp_total_topic_count":0,"_bbp_total_reply_count":0,"_bbp_voice_count":0,"_bbp_anonymous_reply_count":0,"_bbp_topic_count_hidden":0,"_bbp_reply_count_hidden":0,"_bbp_forum_subforum_count":0,"footnotes":""},"class_list":["post-6630","page","type-page","status-publish","hentry"],"post_mailing_queue_ids":[],"_links":{"self":[{"href":"https:\/\/agora.xtec.cat\/escmusicavic\/wp-json\/wp\/v2\/pages\/6630","targetHints":{"allow":["GET"]}}],"collection":[{"href":"https:\/\/agora.xtec.cat\/escmusicavic\/wp-json\/wp\/v2\/pages"}],"about":[{"href":"https:\/\/agora.xtec.cat\/escmusicavic\/wp-json\/wp\/v2\/types\/page"}],"author":[{"embeddable":true,"href":"https:\/\/agora.xtec.cat\/escmusicavic\/wp-json\/wp\/v2\/users\/11"}],"replies":[{"embeddable":true,"href":"https:\/\/agora.xtec.cat\/escmusicavic\/wp-json\/wp\/v2\/comments?post=6630"}],"version-history":[{"count":6,"href":"https:\/\/agora.xtec.cat\/escmusicavic\/wp-json\/wp\/v2\/pages\/6630\/revisions"}],"predecessor-version":[{"id":6839,"href":"https:\/\/agora.xtec.cat\/escmusicavic\/wp-json\/wp\/v2\/pages\/6630\/revisions\/6839"}],"up":[{"embeddable":true,"href":"https:\/\/agora.xtec.cat\/escmusicavic\/wp-json\/wp\/v2\/pages\/584"}],"wp:attachment":[{"href":"https:\/\/agora.xtec.cat\/escmusicavic\/wp-json\/wp\/v2\/media?parent=6630"}],"curies":[{"name":"wp","href":"https:\/\/api.w.org\/{rel}","templated":true}]}}